{"id":1067,"date":"2025-03-28T16:18:17","date_gmt":"2025-03-28T08:18:17","guid":{"rendered":"https:\/\/uwin-vape.com\/?page_id=1067"},"modified":"2025-03-28T16:20:38","modified_gmt":"2025-03-28T08:20:38","slug":"about-us","status":"publish","type":"page","link":"https:\/\/uwin-shop.com\/de\/about-us\/","title":{"rendered":"\u00dcber uns"},"content":{"rendered":"<h1 class=\"main-page-title page-title h0 scroll-trigger animate--fade-in\" style=\"text-align: center;\">\u00dcber uns<\/h1>\n<div class=\"rte scroll-trigger animate--slide-in\">\n<h2><strong>WIR SIND\u00a0<\/strong><strong>UwinVape<\/strong><\/h2>\n<p>Mit jedem Einatmen antworten mir die Echos der Welt<\/p>\n<p><img loading=\"lazy\" decoding=\"async\" src=\"https:\/\/cdn.shopify.com\/s\/files\/1\/0709\/4511\/2306\/files\/1-2-scaled_480x480.jpg?v=1728724089\" alt=\"\" width=\"576\" height=\"180\" \/><\/p>\n<h4><strong>UNSERE GESCHICHTE<\/strong><\/h4>\n<p>UwinVape wurde 2013 von dem technikbegeisterten Victor Yang gegr\u00fcndet, der aktiv nach besseren Alternativen zum Rauchen gesucht hat. UwinVape hat sich zu einer innovativen Marke entwickelt, die von jungen Menschen f\u00fcr ihre einzigartigen und leistungsstarken Produkte geliebt wird. Wir streben danach, eine positive Kraft zu sein, die alles Sch\u00f6ne feiert und Menschen dazu inspiriert, ihren Leidenschaften nachzugehen. Wir sind UwinVape, und die Produkte, die wir herstellen, sind ein Spiegelbild unserer Leidenschaft.<\/p>\n<h4><strong>FREUDE UND BEDEUTUNG<\/strong><\/h4>\n<p>Bei UwinVape sind wir leidenschaftlich vereint durch ein gemeinsames Ziel - ein einzigartiges Raucherlebnis zu schaffen, das mehr Sinn und Freude ins Leben bringt. Kunden aus aller Welt kommen mit uns zusammen, um gemeinsam eine neue Art des Rauchens zu definieren. Unsere Mission ist es, die Vielfalt der Raucher mit Enthusiasmus und Zur\u00fcckhaltung zu zelebrieren und jedem Einzelnen ein unverwechselbares Erlebnis zu bieten. UwinVape ist nicht nur eine E-Zigarettenmarke, sondern eine k\u00fchne Abkehr von traditionellen Lebensstilen. Wir stellen Konventionen in Frage und bieten Rauchern eine Auswahl jenseits des Gew\u00f6hnlichen und machen das Rauchen zu einem Symbol f\u00fcr Individualit\u00e4t und Innovation.<\/p>\n<h4><strong>VORAUSSCHAUEND<\/strong><\/h4>\n<p>UwinVape stellt sich eine Zukunft vor, in der jeder den Reiz der elektronischen Zigaretten genie\u00dft. Wir arbeiten mit Pionieren der Branche zusammen, um das Dampferlebnis zu revolutionieren. Unser Engagement f\u00fcr un\u00fcbertroffene Qualit\u00e4t und erfinderische Standards treibt uns voran, mit dem Ziel, die Wahrnehmung des Dampfens in der Welt neu zu gestalten. Mit Auszeichnungen von Nordamerika bis Europa und dar\u00fcber hinaus hat UwinVape eine weltweite Fangemeinde von mehr als 4 Millionen engagierten Enthusiasten.<\/p>\n<\/div>","protected":false},"excerpt":{"rendered":"","protected":false},"author":1,"featured_media":0,"parent":0,"menu_order":0,"comment_status":"closed","ping_status":"closed","template":"","meta":{"footnotes":""},"class_list":["post-1067","page","type-page","status-publish","hentry"],"_links":{"self":[{"href":"https:\/\/uwin-shop.com\/de\/wp-json\/wp\/v2\/pages\/1067","targetHints":{"allow":["GET"]}}],"collection":[{"href":"https:\/\/uwin-shop.com\/de\/wp-json\/wp\/v2\/pages"}],"about":[{"href":"https:\/\/uwin-shop.com\/de\/wp-json\/wp\/v2\/types\/page"}],"author":[{"embeddable":true,"href":"https:\/\/uwin-shop.com\/de\/wp-json\/wp\/v2\/users\/1"}],"replies":[{"embeddable":true,"href":"https:\/\/uwin-shop.com\/de\/wp-json\/wp\/v2\/comments?post=1067"}],"version-history":[{"count":2,"href":"https:\/\/uwin-shop.com\/de\/wp-json\/wp\/v2\/pages\/1067\/revisions"}],"predecessor-version":[{"id":1069,"href":"https:\/\/uwin-shop.com\/de\/wp-json\/wp\/v2\/pages\/1067\/revisions\/1069"}],"wp:attachment":[{"href":"https:\/\/uwin-shop.com\/de\/wp-json\/wp\/v2\/media?parent=1067"}],"curies":[{"name":"wp","href":"https:\/\/api.w.org\/{rel}","templated":true}]}}