{"id":1075,"date":"2025-03-28T16:31:02","date_gmt":"2025-03-28T08:31:02","guid":{"rendered":"https:\/\/uwin-vape.com\/?page_id=1075"},"modified":"2025-07-15T19:56:08","modified_gmt":"2025-07-15T11:56:08","slug":"shipping-policy","status":"publish","type":"page","link":"https:\/\/uwin-shop.com\/de\/shipping-policy\/","title":{"rendered":"Versandpolitik"},"content":{"rendered":"<p data-sanitized-data-mce-fragment=\"1\"><strong data-sanitized-data-mce-fragment=\"1\">1. wann kann ich mit dem Erhalt meiner Sendung rechnen?<\/strong><\/p>\n<p data-sanitized-data-mce-fragment=\"1\">Alle Bestellungen werden innerhalb von 1 Werktag nach Auftragserteilung von unserem Lager versandt. Die Lieferung wird zwischen 3-8 Werktagen nach dem Versanddatum ankommen, abh\u00e4ngig von der Verf\u00fcgbarkeit des Spediteurs und des Standorts. Wir entschuldigen uns daf\u00fcr, dass es zu Verz\u00f6gerungen beim Versand kommen kann, wenn die Sendung eine Zollabfertigung oder Inspektion erfordert, oder wenn der Transport durch den Spediteur verz\u00f6gert wird.<\/p>\n<p data-sanitized-data-mce-fragment=\"1\"><strong data-sanitized-data-mce-fragment=\"1\">2. wie kann ich meine Bestellung verfolgen?<\/strong><\/p>\n<p data-sanitized-data-mce-fragment=\"1\">In Ihrer Versandbest\u00e4tigungs-E-Mail wird Ihnen eine Tracking-Nummer mitgeteilt. Sie k\u00f6nnen die Nummer verwenden und Ihre Bestellung verfolgen unter<strong><a href=\"http:\/\/www.17track.net\/\" data-sanitized-data-mce-fragment=\"1\" data-sanitized-data-mce-href=\"http:\/\/www.17track.net\/\">www.17track.net<\/a>.<\/strong><\/p>\n<p data-sanitized-data-mce-fragment=\"1\"><strong data-sanitized-data-mce-fragment=\"1\">3. wie hoch sind Ihre Versandkosten?<\/strong><\/p>\n<p data-sanitized-data-mce-fragment=\"1\">Wir haben eine feste Versandkostenpauschale von \u20ac5,98 EUR f\u00fcr alle Ziele weltweit.<\/p>\n<div class=\"rte scroll-trigger animate--slide-in\">\n<p>Wenn Sie Ihre Bestellung \u00e4ndern oder stornieren m\u00f6chten, setzen Sie sich bitte umgehend mit uns in Verbindung. Bitte beachten Sie, dass bereits ausgelieferte Bestellungen nicht mehr storniert werden k\u00f6nnen. E-Mail: <a>support@uwin-vape.com<\/a><u><br \/><\/u><br \/>Wir erheben keine Umsatz- oder Exportsteuer. Wenn Ihr Paket bei der Ankunft vom Zoll in Ihrem Land\/Ihrer Region kontrolliert wird, \u00fcbernimmt uwinvape die Einfuhrz\u00f6lle, Tarife und Steuern. Im Falle einer Beschlagnahmung des Produkts durch den Zoll in Ihrem Land\/Ihrer Region \u00fcbernimmt uwinvape die entsprechende Verantwortung.<\/p>\n<p>Wenn Sie viele Produkte bestellen, kann Ihre Bestellung in mehrere Pakete mit verschiedenen Tracking-Nummern aufgeteilt werden. Wenn Sie das Paket aus logistischen Gr\u00fcnden am Ende nicht erhalten, \u00fcbernehmen wir die Verantwortung f\u00fcr alle Verluste und Sie k\u00f6nnen eine volle R\u00fcckerstattung erhalten.<\/p>\n<p>Die auf der uwinvape-Website angebotenen Produkte sind f\u00fcr den internationalen Markt bestimmt. In der Regel werden Standardversionen ausgeliefert. Wenn Sie spezielle Anforderungen haben, hinterlassen Sie uns bitte eine Nachricht.<\/p>\n<p>Sollte Ihr Paket nicht innerhalb von 25 Arbeitstagen nach Versand zugestellt werden, wenden Sie sich bitte an unser Support-Team unter <a>support@uwin-vape.com<\/a> entweder f\u00fcr eine erneute Sendung eines anderen Pakets oder eine R\u00fcckerstattung.<\/p>\n<p>Wenn Ihre Artikel besch\u00e4digt, verloren oder falsch sind, m\u00fcssen Sie uns innerhalb von 48 Stunden nach Zustellung des Pakets eine E-Mail schicken. Sobald Ihre Reklamation eingereicht, gepr\u00fcft und genehmigt wurde, werden wir Ihnen bei der Behebung des Problems helfen. Leider k\u00f6nnen wir international keinen R\u00fcckversand oder Ersatz anbieten.<\/p>\n<\/div>","protected":false},"excerpt":{"rendered":"","protected":false},"author":1,"featured_media":0,"parent":0,"menu_order":0,"comment_status":"closed","ping_status":"closed","template":"","meta":{"footnotes":""},"class_list":["post-1075","page","type-page","status-publish","hentry"],"_links":{"self":[{"href":"https:\/\/uwin-shop.com\/de\/wp-json\/wp\/v2\/pages\/1075","targetHints":{"allow":["GET"]}}],"collection":[{"href":"https:\/\/uwin-shop.com\/de\/wp-json\/wp\/v2\/pages"}],"about":[{"href":"https:\/\/uwin-shop.com\/de\/wp-json\/wp\/v2\/types\/page"}],"author":[{"embeddable":true,"href":"https:\/\/uwin-shop.com\/de\/wp-json\/wp\/v2\/users\/1"}],"replies":[{"embeddable":true,"href":"https:\/\/uwin-shop.com\/de\/wp-json\/wp\/v2\/comments?post=1075"}],"version-history":[{"count":8,"href":"https:\/\/uwin-shop.com\/de\/wp-json\/wp\/v2\/pages\/1075\/revisions"}],"predecessor-version":[{"id":2499,"href":"https:\/\/uwin-shop.com\/de\/wp-json\/wp\/v2\/pages\/1075\/revisions\/2499"}],"wp:attachment":[{"href":"https:\/\/uwin-shop.com\/de\/wp-json\/wp\/v2\/media?parent=1075"}],"curies":[{"name":"wp","href":"https:\/\/api.w.org\/{rel}","templated":true}]}}