{"id":982,"date":"2025-03-27T18:50:16","date_gmt":"2025-03-27T10:50:16","guid":{"rendered":"https:\/\/uwin-vape.com\/?page_id=982"},"modified":"2025-03-27T18:56:40","modified_gmt":"2025-03-27T10:56:40","slug":"privacy-policy","status":"publish","type":"page","link":"https:\/\/uwin-shop.com\/de\/privacy-policy\/","title":{"rendered":"Datenschutzbestimmungen"},"content":{"rendered":"<p><strong>Uwin Vape<\/strong> (\"wir\", \"uns\" oder \"unser\") respektiert Ihre Privatsph\u00e4re und verpflichtet sich zum Schutz Ihrer pers\u00f6nlichen Daten. In dieser Datenschutzerkl\u00e4rung wird erl\u00e4utert, wie wir Ihre Daten erfassen, verwenden, weitergeben und sch\u00fctzen, wenn Sie folgende Seiten besuchen <strong><a class=\"\" href=\"https:\/\/uwin-vape.com\/\">https:\/\/uwin-vape.com\/<\/a><\/strong> (die \"Website\").<\/p>\n\n\n\n<h3 class=\"wp-block-heading\"><strong>1. Informationen, die wir sammeln<\/strong><\/h3>\n\n\n\n<p>Wir k\u00f6nnen die folgenden Arten von personenbezogenen Daten erfassen:<\/p>\n\n\n\n<ul class=\"wp-block-list\">\n<li><strong>Pers\u00f6nliche Informationen<\/strong>: Wenn Sie eine Bestellung aufgeben, k\u00f6nnen wir Ihren Namen, Ihre E-Mail-Adresse, Telefonnummer, Lieferadresse und Rechnungsadresse erfassen.<\/li>\n\n\n\n<li><strong>Zahlungsinformationen<\/strong>: Ihre Zahlungsdaten werden von Drittanbietern sicher verarbeitet; wir speichern keine vollst\u00e4ndigen Zahlungsinformationen.<\/li>\n\n\n\n<li><strong>Konto-Informationen<\/strong>: Wenn Sie ein Konto erstellen, speichern wir Ihre Anmeldedaten und Ihre Bestellhistorie.<\/li>\n\n\n\n<li><strong>Daten durchsuchen<\/strong>: Dazu geh\u00f6ren IP-Adresse, Browsertyp, Ger\u00e4teinformationen und besuchte Seiten, um Ihr Einkaufserlebnis zu verbessern.<\/li>\n\n\n\n<li><strong>Cookies und Tracking-Technologien<\/strong>: Wir verwenden Cookies und \u00e4hnliche Technologien, um die Nutzung der Website zu analysieren und die Funktionalit\u00e4t zu verbessern.<\/li>\n<\/ul>\n\n\n\n<h3 class=\"wp-block-heading\"><strong>2. Wie wir Ihre Informationen verwenden<\/strong><\/h3>\n\n\n\n<p>Die von uns gesammelten Informationen k\u00f6nnen f\u00fcr die folgenden Zwecke verwendet werden:<\/p>\n\n\n\n<ul class=\"wp-block-list\">\n<li>Um Bestellungen zu bearbeiten und auszuf\u00fchren, einschlie\u00dflich Zahlung und Versand.<\/li>\n\n\n\n<li>Kundenbetreuung und Beantwortung von Anfragen.<\/li>\n\n\n\n<li>Um die Funktionalit\u00e4t der Website zu verbessern und die Benutzerfreundlichkeit zu erh\u00f6hen.<\/li>\n\n\n\n<li>Zum Versenden von Werbe-E-Mails oder Newslettern (nur wenn Sie sich daf\u00fcr entscheiden).<\/li>\n\n\n\n<li>Zur Verhinderung von Betrug, zur Einhaltung gesetzlicher Vorschriften und zur Durchsetzung von Richtlinien.<\/li>\n<\/ul>\n\n\n\n<h3 class=\"wp-block-heading\"><strong>3. Wie wir Ihre Informationen weitergeben<\/strong><\/h3>\n\n\n\n<p>Wir <strong>nicht<\/strong> Ihre pers\u00f6nlichen Daten weder verkaufen noch vermieten. Wir k\u00f6nnen sie jedoch in den folgenden Situationen weitergeben:<\/p>\n\n\n\n<ul class=\"wp-block-list\">\n<li><strong>Anbieter von Dienstleistungen<\/strong>: Zahlungsabwickler, Versandpartner und technische Supportteams, um den Gesch\u00e4ftsbetrieb zu gew\u00e4hrleisten.<\/li>\n\n\n\n<li><strong>Rechtliche Anforderungen<\/strong>: Wir k\u00f6nnen Informationen weitergeben, wenn dies gesetzlich vorgeschrieben ist.<\/li>\n\n\n\n<li><strong>Unternehmens\u00fcbertragungen<\/strong>: Wenn Uwin Vape fusioniert oder \u00fcbernommen wird, k\u00f6nnen die Benutzerdaten \u00fcbertragen werden.<\/li>\n<\/ul>\n\n\n\n<h3 class=\"wp-block-heading\"><strong>4. Cookies und Tracking-Technologien<\/strong><\/h3>\n\n\n\n<p>Wir verwenden Cookies f\u00fcr die folgenden Zwecke:<\/p>\n\n\n\n<ul class=\"wp-block-list\">\n<li>Um die Leistung der Website zu verbessern und Ihr Erlebnis zu personalisieren.<\/li>\n\n\n\n<li>Zur Analyse des Website-Verkehrs durch Dienste wie Google Analytics.<\/li>\n\n\n\n<li>Zur Bereitstellung gezielter Werbung auf Plattformen Dritter.<\/li>\n<\/ul>\n\n\n\n<p>Sie k\u00f6nnen Ihre Cookie-Pr\u00e4ferenzen \u00fcber Ihre Browser-Einstellungen verwalten.<\/p>\n\n\n\n<h3 class=\"wp-block-heading\"><strong>5. Datensicherheit<\/strong><\/h3>\n\n\n\n<p>Wir setzen branchen\u00fcbliche Sicherheitsma\u00dfnahmen ein, um Ihre Daten zu sch\u00fctzen. Allerdings ist keine Online-Plattform 100% sicher. Wir empfehlen, sichere Passw\u00f6rter zu verwenden und Ihre Kontodaten sicher aufzubewahren.<\/p>\n\n\n\n<h3 class=\"wp-block-heading\"><strong>6. Ihre Rechte und Wahlm\u00f6glichkeiten<\/strong><\/h3>\n\n\n\n<p>Je nach Ihrem Wohnort haben Sie unter Umst\u00e4nden die folgenden Rechte:<\/p>\n\n\n\n<ul class=\"wp-block-list\">\n<li>Um auf Ihre pers\u00f6nlichen Daten zuzugreifen, sie zu aktualisieren oder zu l\u00f6schen.<\/li>\n\n\n\n<li>Abmeldung von Marketing-E-Mails (\u00fcber den Link \"Abmelden\" in E-Mails).<\/li>\n\n\n\n<li>Sie k\u00f6nnen eine Kopie Ihrer pers\u00f6nlichen Daten anfordern.<\/li>\n<\/ul>\n\n\n\n<p>Um Ihre Rechte auszu\u00fcben, kontaktieren Sie uns bitte unter <strong><a>support@uwin-vape.com<\/a><\/strong>.<\/p>\n\n\n\n<h3 class=\"wp-block-heading\"><strong>7. Links von Drittanbietern<\/strong><\/h3>\n\n\n\n<p>Die Website kann Links zu Websites Dritter enthalten. Wir sind nicht verantwortlich f\u00fcr deren Datenschutzrichtlinien und empfehlen, diese zu \u00fcberpr\u00fcfen, bevor Sie pers\u00f6nliche Daten weitergeben.<\/p>\n\n\n\n<h3 class=\"wp-block-heading\"><strong>8. Aktualisierungen der Datenschutzrichtlinie<\/strong><\/h3>\n\n\n\n<p>Wir k\u00f6nnen diese Datenschutzrichtlinie von Zeit zu Zeit aktualisieren. Alle \u00c4nderungen werden auf dieser Seite mit den neuesten Updates ver\u00f6ffentlicht.<\/p>\n\n\n\n<h3 class=\"wp-block-heading\"><strong>9. Kontakt<\/strong><\/h3>\n\n\n\n<p>Wenn Sie Fragen zu dieser Datenschutzrichtlinie haben, wenden Sie sich bitte an uns:<br><strong>E-Mail:<\/strong> <a>support@uwin-vape.com<\/a><br><strong>WhatsApp:<\/strong>\u00a0<a href=\"https:\/\/wa.me\/+64204871919\" target=\"_blank\" rel=\"noreferrer noopener\">+64 20 487 1919<\/a><\/p>\n\n\n\n<p>Durch die Verwendung von <strong><a class=\"\" href=\"https:\/\/uwin-vape.com\/\">https:\/\/uwin-vape.com\/<\/a><\/strong>erkl\u00e4ren Sie sich mit den Bedingungen dieser Datenschutzrichtlinie einverstanden.<\/p>","protected":false},"excerpt":{"rendered":"<p>Uwin Vape (\u201cwe,\u201d \u201cus,\u201d or \u201cour\u201d) respects your privacy and is committed to protecting your personal information. This Privacy Policy explains how we collect, use, disclose, and safeguard your information when you visit https:\/\/uwin-vape.com\/ (the \u201cWebsite\u201d). 1. Information We Collect We may collect the following types of personal information: 2. How We Use Your Information [&#8230;]","protected":false},"author":1,"featured_media":0,"parent":0,"menu_order":0,"comment_status":"closed","ping_status":"closed","template":"","meta":{"footnotes":""},"class_list":["post-982","page","type-page","status-publish","hentry"],"_links":{"self":[{"href":"https:\/\/uwin-shop.com\/de\/wp-json\/wp\/v2\/pages\/982","targetHints":{"allow":["GET"]}}],"collection":[{"href":"https:\/\/uwin-shop.com\/de\/wp-json\/wp\/v2\/pages"}],"about":[{"href":"https:\/\/uwin-shop.com\/de\/wp-json\/wp\/v2\/types\/page"}],"author":[{"embeddable":true,"href":"https:\/\/uwin-shop.com\/de\/wp-json\/wp\/v2\/users\/1"}],"replies":[{"embeddable":true,"href":"https:\/\/uwin-shop.com\/de\/wp-json\/wp\/v2\/comments?post=982"}],"version-history":[{"count":1,"href":"https:\/\/uwin-shop.com\/de\/wp-json\/wp\/v2\/pages\/982\/revisions"}],"predecessor-version":[{"id":989,"href":"https:\/\/uwin-shop.com\/de\/wp-json\/wp\/v2\/pages\/982\/revisions\/989"}],"wp:attachment":[{"href":"https:\/\/uwin-shop.com\/de\/wp-json\/wp\/v2\/media?parent=982"}],"curies":[{"name":"wp","href":"https:\/\/api.w.org\/{rel}","templated":true}]}}