{"id":992,"date":"2025-03-27T19:06:21","date_gmt":"2025-03-27T11:06:21","guid":{"rendered":"https:\/\/uwin-vape.com\/?page_id=992"},"modified":"2025-03-27T19:06:21","modified_gmt":"2025-03-27T11:06:21","slug":"return-refund-policy","status":"publish","type":"page","link":"https:\/\/uwin-shop.com\/de\/return-refund-policy\/","title":{"rendered":"R\u00fcckgabe- und Erstattungsbedingungen"},"content":{"rendered":"<p><\/p>\n\n\n\n<p>Unter <strong><a class=\"\" href=\"https:\/\/uwin-vape.com\/\">Uwin-Vape.com<\/a><\/strong>sind wir verpflichtet, qualitativ hochwertige Produkte und ein zufriedenstellendes Einkaufserlebnis zu bieten. Wenn Sie mit Ihrem Kauf nicht zufrieden sind, bieten wir einen bequemen R\u00fcckgabe- und Erstattungsservice, um Ihre Rechte zu sch\u00fctzen.<\/p>\n\n\n\n<h3 class=\"wp-block-heading\"><strong>1. Versandorte<\/strong><\/h3>\n\n\n\n<p>Wir versenden von <strong>Polen und Deutschland<\/strong>Dadurch wird eine schnellere Zustellung in ganz Europa gew\u00e4hrleistet.<\/p>\n\n\n\n<h3 class=\"wp-block-heading\"><strong>2. R\u00fcckgabepolitik<\/strong><\/h3>\n\n\n\n<p>Wenn Sie ein Produkt mit Qualit\u00e4tsproblemen, Versandsch\u00e4den oder einer falschen Bestellung erhalten haben, k\u00f6nnen Sie innerhalb der folgenden Frist eine R\u00fcckgabe beantragen <strong>7 Tage<\/strong> nach Erhalt des Pakets. R\u00fccksendungen m\u00fcssen die folgenden Bedingungen erf\u00fcllen:<\/p>\n\n\n\n<ul class=\"wp-block-list\">\n<li>Das Produkt <strong>muss unbenutzt sein<\/strong> und <strong>in ihrer Originalverpackung bleiben<\/strong> ohne Schaden.<\/li>\n\n\n\n<li>A <strong>g\u00fcltige Bestellnummer<\/strong> und <strong>Foto- oder Videobeweise<\/strong> muss zur \u00dcberpr\u00fcfung des Problems vorgelegt werden.<\/li>\n\n\n\n<li>R\u00fccksendungen aufgrund von <strong>pers\u00f6nliche Gr\u00fcnde<\/strong> (z. B. Meinungs\u00e4nderung) muss der K\u00e4ufer die Kosten f\u00fcr die R\u00fccksendung tragen.<\/li>\n<\/ul>\n\n\n\n<h3 class=\"wp-block-heading\"><strong>3. Erstattungspolitik<\/strong><\/h3>\n\n\n\n<p>Sobald wir den zur\u00fcckgegebenen Artikel erhalten und gepr\u00fcft haben, werden wir die R\u00fcckerstattung innerhalb von <strong>5-7 Arbeitstage<\/strong>. Die Erstattungsoptionen umfassen:<\/p>\n\n\n\n<ul class=\"wp-block-list\">\n<li><strong>Urspr\u00fcngliche Zahlungsmethode Erstattung<\/strong>: Die Erstattung wird auf Ihr urspr\u00fcngliches Zahlungskonto zur\u00fcck\u00fcberwiesen.<\/li>\n\n\n\n<li><strong>Austauschdienst<\/strong>: Wenn Sie einen Umtausch anstelle einer R\u00fcckerstattung bevorzugen, kontaktieren Sie uns bitte, um den Vorgang zu arrangieren.<\/li>\n<\/ul>\n\n\n\n<h3 class=\"wp-block-heading\"><strong>4. R\u00fcckgabe- und Erstattungsprozess<\/strong><\/h3>\n\n\n\n<ol class=\"wp-block-list\">\n<li><strong>Kontakt Kundenbetreuung<\/strong>: Senden Sie einen R\u00fcckgabeantrag \u00fcber <strong><a>support@uwin-vape.com<\/a><\/strong> oder im Live-Chat mit Ihrer Bestellnummer und Ihren Problemdetails.<\/li>\n\n\n\n<li><strong>Genehmigung und Anweisungen<\/strong>: Unser Team wird Ihre Anfrage innerhalb von <strong>2 Arbeitstage<\/strong> und geben Sie Anweisungen f\u00fcr die R\u00fccksendung.<\/li>\n\n\n\n<li><strong>R\u00fcckgabe des Artikels<\/strong>: Schicken Sie den Artikel an die angegebene Adresse zur\u00fcck und teilen Sie die Tracking-Nummer mit.<\/li>\n\n\n\n<li><strong>R\u00fcckerstattung oder Umtausch<\/strong>: Nachdem wir den Artikel erhalten und \u00fcberpr\u00fcft haben, werden wir Ihre R\u00fcckerstattung bearbeiten oder einen Ersatz schicken.<\/li>\n<\/ol>\n\n\n\n<h3 class=\"wp-block-heading\"><strong>5. Besondere Hinweise<\/strong><\/h3>\n\n\n\n<ul class=\"wp-block-list\">\n<li>Verz\u00f6gerungen oder Sch\u00e4den verursacht durch <strong>Zollstopps, Ereignisse h\u00f6herer Gewalt oder Feiertage<\/strong> haben keinen Anspruch auf Erstattung.<\/li>\n\n\n\n<li><strong>Werbeartikel oder erm\u00e4\u00dfigte Artikel<\/strong> sind nicht erstattungsf\u00e4hig, es sei denn, sie haben Qualit\u00e4tsprobleme.<\/li>\n\n\n\n<li>Aufgrund der Beschaffenheit von Vaping-Produkten, <strong>gebrauchte oder entsiegelte Artikel<\/strong> werden nicht zur\u00fcckgenommen.<\/li>\n<\/ul>\n\n\n\n<h3 class=\"wp-block-heading\"><strong>6. Kontakt<\/strong><\/h3>\n\n\n\n<p>F\u00fcr Anfragen zur R\u00fcckgabe oder R\u00fcckerstattung kontaktieren Sie uns bitte:<br><strong>E-Mail:<\/strong> <a>support@uwin-vape.com<\/a><br><strong>WhatsApp:<\/strong>\u00a0<a href=\"https:\/\/wa.me\/+64204871919\" target=\"_blank\" rel=\"noreferrer noopener\">+64 20 487 1919<\/a><\/p>\n\n\n\n<p>Ihre Zufriedenheit steht f\u00fcr uns an erster Stelle, und wir sind bestrebt, Ihnen einen zuverl\u00e4ssigen und effizienten Service zu bieten!<\/p>","protected":false},"excerpt":{"rendered":"<p>At Uwin-Vape.com, we are committed to providing high-quality products and a satisfying shopping experience. If you are not satisfied with your purchase, we offer a convenient return and refund service to protect your rights. 1. Shipping Locations We ship from Poland and Germany, ensuring faster delivery across Europe. 2. Return Policy If you receive a [&#8230;]","protected":false},"author":1,"featured_media":0,"parent":0,"menu_order":0,"comment_status":"closed","ping_status":"closed","template":"","meta":{"footnotes":""},"class_list":["post-992","page","type-page","status-publish","hentry"],"_links":{"self":[{"href":"https:\/\/uwin-shop.com\/de\/wp-json\/wp\/v2\/pages\/992","targetHints":{"allow":["GET"]}}],"collection":[{"href":"https:\/\/uwin-shop.com\/de\/wp-json\/wp\/v2\/pages"}],"about":[{"href":"https:\/\/uwin-shop.com\/de\/wp-json\/wp\/v2\/types\/page"}],"author":[{"embeddable":true,"href":"https:\/\/uwin-shop.com\/de\/wp-json\/wp\/v2\/users\/1"}],"replies":[{"embeddable":true,"href":"https:\/\/uwin-shop.com\/de\/wp-json\/wp\/v2\/comments?post=992"}],"version-history":[{"count":1,"href":"https:\/\/uwin-shop.com\/de\/wp-json\/wp\/v2\/pages\/992\/revisions"}],"predecessor-version":[{"id":1005,"href":"https:\/\/uwin-shop.com\/de\/wp-json\/wp\/v2\/pages\/992\/revisions\/1005"}],"wp:attachment":[{"href":"https:\/\/uwin-shop.com\/de\/wp-json\/wp\/v2\/media?parent=992"}],"curies":[{"name":"wp","href":"https:\/\/api.w.org\/{rel}","templated":true}]}}