{"id":1308,"date":"2025-05-14T17:48:01","date_gmt":"2025-05-14T09:48:01","guid":{"rendered":"https:\/\/uwin-shop.com\/?post_type=product&#038;p=1308"},"modified":"2025-07-02T17:10:43","modified_gmt":"2025-07-02T09:10:43","slug":"uwin-shisha-crystal-20000-puffs-copy","status":"publish","type":"product","link":"https:\/\/uwin-shop.com\/de\/produkt\/uwin-shisha-crystal-20000-puffs-copy\/","title":{"rendered":"Uwin Shisha Kristall 20000 Z\u00fcge\uff0812 Geschmacksrichtungen\uff09"},"content":{"rendered":"<p><strong><span style=\"color: #555555; font-size: 14.4px;\">\ud83c\udf1fErleben Sie die Uwin Shisha Crystal 20000 Puffs: Die ultimative Vaping-L\u00f6sung<\/span><\/strong><\/p>\n<p><a style=\"font-size: 25.92px;\" href=\"https:\/\/uwin-shop.com\/wp-content\/uploads\/2025\/05\/b5618ff658e660f1136e77ff5c3f49c.jpg\"><img loading=\"lazy\" decoding=\"async\" class=\"alignnone size-medium wp-image-1774\" src=\"https:\/\/uwin-shop.com\/wp-content\/uploads\/2025\/05\/b5618ff658e660f1136e77ff5c3f49c-600x400.jpg\" alt=\"\" width=\"600\" height=\"400\" srcset=\"https:\/\/uwin-shop.com\/wp-content\/uploads\/2025\/05\/b5618ff658e660f1136e77ff5c3f49c-600x400.jpg 600w, https:\/\/uwin-shop.com\/wp-content\/uploads\/2025\/05\/b5618ff658e660f1136e77ff5c3f49c-1200x800.jpg 1200w, https:\/\/uwin-shop.com\/wp-content\/uploads\/2025\/05\/b5618ff658e660f1136e77ff5c3f49c-768x512.jpg 768w, https:\/\/uwin-shop.com\/wp-content\/uploads\/2025\/05\/b5618ff658e660f1136e77ff5c3f49c-1536x1024.jpg 1536w, https:\/\/uwin-shop.com\/wp-content\/uploads\/2025\/05\/b5618ff658e660f1136e77ff5c3f49c-18x12.jpg 18w, https:\/\/uwin-shop.com\/wp-content\/uploads\/2025\/05\/b5618ff658e660f1136e77ff5c3f49c-60x40.jpg 60w, https:\/\/uwin-shop.com\/wp-content\/uploads\/2025\/05\/b5618ff658e660f1136e77ff5c3f49c-800x533.jpg 800w, https:\/\/uwin-shop.com\/wp-content\/uploads\/2025\/05\/b5618ff658e660f1136e77ff5c3f49c.jpg 1800w\" sizes=\"auto, (max-width: 600px) 100vw, 600px\" \/><\/a><\/p>\n<div class=\"product-desc-item-content mce-content\">\n<h3><strong>\ud83d\ude80Entdecke die Uwin Shisha Crystal 20000 Puffs Einweg Vape<\/strong><\/h3>\n<p>Einf\u00fchrung in die <strong>Uwin Shisha Kristall 20000 Z\u00fcge Einweg Vape<\/strong>Die Zigarette wurde f\u00fcr hohe Leistung und maximale Zufriedenheit bei jedem Zug entwickelt. Verf\u00fcgbar f\u00fcr den Gro\u00dfhandel bei <strong>uwin-shop.de<\/strong>, der f\u00fchrenden Online-Plattform in den Niederlanden, Deutschland, Belgien und Spanien, ist dieser elegante und hochwertige Einweg-Vape Pen perfekt f\u00fcr erfahrene Vaper und Anf\u00e4nger gleicherma\u00dfen. Mit seinen lang anhaltenden F\u00e4higkeiten, lebendigen <strong>RGB-Lichter<\/strong>Die Uwin Shisha Crystal 20000 Puffs setzt einen neuen Standard in der Welt der Einwegverdampfer und bietet eine Vielzahl von Nikotinoptionen.<\/p>\n<h2><strong>\ud83d\udca1Impressive Funktionen f\u00fcr un\u00fcbertroffene Leistung<\/strong><\/h2>\n<p>Die <strong>Uwin Shisha Kristall 20000<\/strong> ist ein echter Wendepunkt und bietet eine beeindruckende <strong>20.000 Z\u00fcge<\/strong> pro Ger\u00e4t. Dieser Vape Pen enth\u00e4lt einen wiederaufladbaren <strong>650mAh-Akku<\/strong>Dadurch wird eine l\u00e4ngere Nutzung ohne l\u00e4stiges Aufladen gew\u00e4hrleistet. Dank seiner praktischen <strong>Typ-C-Ladeanschluss<\/strong>k\u00f6nnen Sie Ihr Ger\u00e4t schnell wieder aufladen, damit Sie weiterhin ein reibungsloses Dampferlebnis genie\u00dfen k\u00f6nnen. Mit einer <strong>22ml e-Fl\u00fcssigkeit Kapazit\u00e4t<\/strong>Die Uwin Shisha reduziert den Bedarf an Nachf\u00fcllfl\u00fcssigkeit erheblich, was sie ideal f\u00fcr das Dampfen unterwegs macht.<\/p>\n<p><a href=\"https:\/\/uwin-shop.com\/wp-content\/uploads\/2025\/05\/3ca7e02af733acff03c08460cd036c8-scaled.jpg\"><img loading=\"lazy\" decoding=\"async\" class=\"alignnone size-medium wp-image-1770\" src=\"https:\/\/uwin-shop.com\/wp-content\/uploads\/2025\/05\/3ca7e02af733acff03c08460cd036c8-500x400.jpg\" alt=\"\" width=\"500\" height=\"400\" srcset=\"https:\/\/uwin-shop.com\/wp-content\/uploads\/2025\/05\/3ca7e02af733acff03c08460cd036c8-500x400.jpg 500w, https:\/\/uwin-shop.com\/wp-content\/uploads\/2025\/05\/3ca7e02af733acff03c08460cd036c8-1000x800.jpg 1000w, https:\/\/uwin-shop.com\/wp-content\/uploads\/2025\/05\/3ca7e02af733acff03c08460cd036c8-768x614.jpg 768w, https:\/\/uwin-shop.com\/wp-content\/uploads\/2025\/05\/3ca7e02af733acff03c08460cd036c8-1536x1228.jpg 1536w, https:\/\/uwin-shop.com\/wp-content\/uploads\/2025\/05\/3ca7e02af733acff03c08460cd036c8-2048x1638.jpg 2048w, https:\/\/uwin-shop.com\/wp-content\/uploads\/2025\/05\/3ca7e02af733acff03c08460cd036c8-15x12.jpg 15w, https:\/\/uwin-shop.com\/wp-content\/uploads\/2025\/05\/3ca7e02af733acff03c08460cd036c8-60x48.jpg 60w, https:\/\/uwin-shop.com\/wp-content\/uploads\/2025\/05\/3ca7e02af733acff03c08460cd036c8-800x640.jpg 800w\" sizes=\"auto, (max-width: 500px) 100vw, 500px\" \/><\/a><\/p>\n<h3><strong>\u2699\ufe0fCutting-Kantenspulen-Technologie<\/strong><\/h3>\n<h4>Was die Uwin Shisha wirklich auszeichnet, ist ihre fortschrittliche <strong>0,8-Ohm-Mesh-Spulen-Technologie<\/strong>. Diese Innovation verbessert sowohl den Geschmack als auch die Dampfproduktion. Ob Sie bevorzugen \u00a0<strong>2%<\/strong>,\u00a0<strong>5%<\/strong> Nikotinst\u00e4rke passt sich dieser Vape Pen einer Reihe von Vorlieben an und erm\u00f6glicht es Ihnen, Ihr Erlebnis individuell zu gestalten. Plus, die lebendige <strong>RGB-Lichter<\/strong> verleihen ihm einen modernen Touch und machen es optisch ansprechend, w\u00e4hrend Sie dampfen. Leicht und tragbar, ist dieses Produkt f\u00fcr Dampfer, die sowohl Stil als auch Komfort sch\u00e4tzen.<\/h4>\n<h2><strong>\ud83c\udf70Ein Geschmacksparadies erwartet Sie<\/strong><\/h2>\n<p><a href=\"https:\/\/uwin-shop.com\/wp-content\/uploads\/2025\/05\/4e9321a0a7354b4a404b6edee9438cb-scaled.jpg\"><img loading=\"lazy\" decoding=\"async\" class=\"alignnone size-medium wp-image-1771\" src=\"https:\/\/uwin-shop.com\/wp-content\/uploads\/2025\/05\/4e9321a0a7354b4a404b6edee9438cb-500x400.jpg\" alt=\"\" width=\"500\" height=\"400\" srcset=\"https:\/\/uwin-shop.com\/wp-content\/uploads\/2025\/05\/4e9321a0a7354b4a404b6edee9438cb-500x400.jpg 500w, https:\/\/uwin-shop.com\/wp-content\/uploads\/2025\/05\/4e9321a0a7354b4a404b6edee9438cb-1000x800.jpg 1000w, https:\/\/uwin-shop.com\/wp-content\/uploads\/2025\/05\/4e9321a0a7354b4a404b6edee9438cb-768x614.jpg 768w, https:\/\/uwin-shop.com\/wp-content\/uploads\/2025\/05\/4e9321a0a7354b4a404b6edee9438cb-1536x1228.jpg 1536w, https:\/\/uwin-shop.com\/wp-content\/uploads\/2025\/05\/4e9321a0a7354b4a404b6edee9438cb-2048x1638.jpg 2048w, https:\/\/uwin-shop.com\/wp-content\/uploads\/2025\/05\/4e9321a0a7354b4a404b6edee9438cb-15x12.jpg 15w, https:\/\/uwin-shop.com\/wp-content\/uploads\/2025\/05\/4e9321a0a7354b4a404b6edee9438cb-60x48.jpg 60w, https:\/\/uwin-shop.com\/wp-content\/uploads\/2025\/05\/4e9321a0a7354b4a404b6edee9438cb-800x640.jpg 800w\" sizes=\"auto, (max-width: 500px) 100vw, 500px\" \/><\/a><\/p>\n<p>Die <strong>Uwin Shisha Kristall 20000 Z\u00fcge<\/strong> bietet eine verlockende Auswahl an <strong>15 k\u00f6stliche Geschmacksrichtungen<\/strong>Jedes dieser Produkte ist perfekt verarbeitet, um mit jedem Zug ein einzigartiges und befriedigendes Erlebnis zu bieten. Hier ein kleiner Einblick in einige aufregende Geschmacksrichtungen, die Sie sich g\u00f6nnen k\u00f6nnen:<\/p>\n<p><strong>\ud83c\udf6c 1. Fruit Burst Serie - Echter Fruchtgeschmack wiederhergestellt<\/strong><br \/>\n<strong>\ud83e\uded0\ud83c\udf53<\/strong>Heidelbeer-Himbeeren: Eine Mischung aus s\u00fc\u00dfem und saurem Geschmack, mit einem reichhaltigen Fruchtaroma<\/p>\n<p><strong>\ud83c\udf49\u2744\ufe0f<\/strong>Wassermelonen-Eis: Die erfrischende Wassermelone gepaart mit einer k\u00fchlen Textur sorgt f\u00fcr die perfekte Sommerstimmung<\/p>\n<p><strong>\ud83c\udf47\u2744\ufe0f<\/strong>Traubeneis: Reichhaltiger Traubensaftgeschmack und eisiges Gef\u00fchl, mit einem lang anhaltenden Nachgeschmack<\/p>\n<p><strong>\ud83e\udd5d\ud83c\udf48\ud83c\udf51<\/strong>Passionsfrucht, Kiwi, Guave: Eine tropische Mischung aus mehreren Fr\u00fcchten mit reichhaltigen Schichten<\/p>\n<p><strong>\ud83c\udf53\ud83c\udf49<\/strong>Erdbeere-Wassermelone: Eine klassische Kombination, frisch, s\u00fc\u00df und sauer, perfekt f\u00fcr t\u00e4gliche Raucher<\/p>\n<p>Eigenschaften: Echter Saft, m\u00e4\u00dfig kalt, nicht fettig, nicht s\u00fc\u00df, genau richtig!<\/p>\n<p><strong>\ud83e\uddca 2. Cool Ice Sensation Serie - Eis-Power, genial<\/strong><br \/>\nBlaubeereis\/Wassermeloneneis\/Kirscheneis\/Pfirsicheis<\/p>\n<p>Frische Fr\u00fcchte + erfrischende K\u00fchle, k\u00fchl und belebend, ein Biss nach Herzenslust!<\/p>\n<p>Eigenschaften: K\u00fchl, aber nicht hart, geeignet f\u00fcr diejenigen, die einen erfrischenden Geschmack bevorzugen<\/p>\n<p><strong>\ud83c\udf52 3. Serie mit gemischtem Beerengeschmack - vielschichtig und reich an Textur<\/strong><br \/>\nDer Geschmack von Erdbeere + Himbeere + Kirsche<\/p>\n<p>Dreifachbeeren, s\u00fc\u00df, aber nicht fettig, mit einem klaren und erfrischenden Aroma, sind der Favorit derjenigen, die k\u00f6stliche Aromen lieben!<\/p>\n<h2><strong>\ud83e\udd1dGro\u00dfhandelsm\u00f6glichkeiten und Vorteile<\/strong><\/h2>\n<p><a href=\"https:\/\/uwin-shop.com\/wp-content\/uploads\/2025\/05\/0d61067a60e129249e23b1dc103ef4d.jpg\"><img loading=\"lazy\" decoding=\"async\" class=\"alignnone size-medium wp-image-1768\" src=\"https:\/\/uwin-shop.com\/wp-content\/uploads\/2025\/05\/0d61067a60e129249e23b1dc103ef4d-400x400.jpg\" alt=\"\" width=\"400\" height=\"400\" srcset=\"https:\/\/uwin-shop.com\/wp-content\/uploads\/2025\/05\/0d61067a60e129249e23b1dc103ef4d-400x400.jpg 400w, https:\/\/uwin-shop.com\/wp-content\/uploads\/2025\/05\/0d61067a60e129249e23b1dc103ef4d-800x800.jpg 800w, https:\/\/uwin-shop.com\/wp-content\/uploads\/2025\/05\/0d61067a60e129249e23b1dc103ef4d-280x280.jpg 280w, https:\/\/uwin-shop.com\/wp-content\/uploads\/2025\/05\/0d61067a60e129249e23b1dc103ef4d-768x768.jpg 768w, https:\/\/uwin-shop.com\/wp-content\/uploads\/2025\/05\/0d61067a60e129249e23b1dc103ef4d-12x12.jpg 12w, https:\/\/uwin-shop.com\/wp-content\/uploads\/2025\/05\/0d61067a60e129249e23b1dc103ef4d-60x60.jpg 60w, https:\/\/uwin-shop.com\/wp-content\/uploads\/2025\/05\/0d61067a60e129249e23b1dc103ef4d-100x100.jpg 100w, https:\/\/uwin-shop.com\/wp-content\/uploads\/2025\/05\/0d61067a60e129249e23b1dc103ef4d.jpg 1200w\" sizes=\"auto, (max-width: 400px) 100vw, 400px\" \/><\/a><\/p>\n<p>Die <strong>Uwin Shisha Kristall 20000<\/strong> ist nicht nur ideal f\u00fcr den pers\u00f6nlichen Gebrauch, sondern auch f\u00fcr den Gro\u00dfhandel erh\u00e4ltlich. Einzelh\u00e4ndler und Distributoren k\u00f6nnen dieses innovative Produkt in gr\u00f6\u00dferen Mengen vorr\u00e4tig halten und ihren Kunden ein erstklassiges Dampferlebnis bieten, das sie immer wieder aufs Neue begeistert.<\/p>\n<p><strong>\u2705 1. Markt hot-selling Kapazit\u00e4tssegment: 20.000-Puffs, wesentliche Gold Mundvoll<\/strong><\/p>\n<p>Er geh\u00f6rt zu den beliebtesten Ger\u00e4ten im mittleren bis oberen Leistungsbereich auf dem Markt, <strong>Die Anzahl der Mundst\u00fccke ist genau richtig, der Preis ist angemessen, und die Akzeptanz bei den Benutzern ist hoch, <\/strong>Durch die Ausgewogenheit von Erfahrung und Kosteneffizienz ist es f\u00fcr die meisten Verbraucher geeignet, <strong>leicht zu verkaufen und zu vermarkten, mit stabilen R\u00fcckk\u00e4ufen.<\/strong><\/p>\n<p>\u2705 <strong>2. Hohe Qualit\u00e4t + hohes Erscheinungsbild, Mundpropaganda f\u00f6rdert den Umsatz<\/strong><br \/>\nDie hochmoderne Zerst\u00e4ubungskerntechnologie sorgt f\u00fcr einen stabilen Geschmack und ein ausgezeichnetes Erlebnis<\/p>\n<p>Das exquisite Design zieht die junge Benutzergruppe an.<br \/>\nLeicht zu zeichnen + gut aussehend = nat\u00fcrlich leicht zu verkaufen!<\/p>\n<p><strong>\u2705 3. Der Markttrend ist hei\u00df, legen Sie im Voraus, um die Dividenden zu ergreifen<\/strong><br \/>\nMit der Versch\u00e4rfung der herk\u00f6mmlichen Ma\u00dfnahmen zur Eind\u00e4mmung des Tabakkonsums w\u00e4chst die Gruppe der E-Zigaretten-Konsumenten weiter an. Das Produkt mit 20.000 Z\u00fcgen ist die erste Wahl f\u00fcr die breite Masse. <strong>Die Wahl des richtigen Produkts = die Marktchance ergreifen<\/strong> zuerst!<\/p>\n<p><a href=\"https:\/\/uwin-shop.com\/wp-content\/uploads\/2025\/05\/ed173a915cfdf8bc70d19fbd2e13ee0.jpg\"><img loading=\"lazy\" decoding=\"async\" class=\"alignnone size-medium wp-image-1775\" src=\"https:\/\/uwin-shop.com\/wp-content\/uploads\/2025\/05\/ed173a915cfdf8bc70d19fbd2e13ee0-400x400.jpg\" alt=\"\" width=\"400\" height=\"400\" srcset=\"https:\/\/uwin-shop.com\/wp-content\/uploads\/2025\/05\/ed173a915cfdf8bc70d19fbd2e13ee0-400x400.jpg 400w, https:\/\/uwin-shop.com\/wp-content\/uploads\/2025\/05\/ed173a915cfdf8bc70d19fbd2e13ee0-800x800.jpg 800w, https:\/\/uwin-shop.com\/wp-content\/uploads\/2025\/05\/ed173a915cfdf8bc70d19fbd2e13ee0-280x280.jpg 280w, https:\/\/uwin-shop.com\/wp-content\/uploads\/2025\/05\/ed173a915cfdf8bc70d19fbd2e13ee0-768x768.jpg 768w, https:\/\/uwin-shop.com\/wp-content\/uploads\/2025\/05\/ed173a915cfdf8bc70d19fbd2e13ee0-12x12.jpg 12w, https:\/\/uwin-shop.com\/wp-content\/uploads\/2025\/05\/ed173a915cfdf8bc70d19fbd2e13ee0-60x60.jpg 60w, https:\/\/uwin-shop.com\/wp-content\/uploads\/2025\/05\/ed173a915cfdf8bc70d19fbd2e13ee0-100x100.jpg 100w, https:\/\/uwin-shop.com\/wp-content\/uploads\/2025\/05\/ed173a915cfdf8bc70d19fbd2e13ee0.jpg 1200w\" sizes=\"auto, (max-width: 400px) 100vw, 400px\" \/><\/a><\/p>\n<h3><strong>\ud83c\udfafWarum UWIN Vape w\u00e4hlen?<\/strong><\/h3>\n<p>Wenn Sie sich f\u00fcr einen Kauf bei <strong>uwin-shop.de<\/strong>erhalten Sie Zugang zu einer Vielzahl von Vorteilen:<\/p>\n<p>\u2705 Hohes Niveau der Erscheinung - EYE-CATCHING auf den ersten Blick: Kristallschale, leichter Rhythmus, trendiges Design, beliebt bei jungen Leuten!<br \/>\n\u2705 Hohe Kapazit\u00e4t - Superleistung: von 10.000 bis 35.000 Anschl\u00fcssen, um den Bed\u00fcrfnissen verschiedener Kunden gerecht zu werden, ein Kauf, lang anhaltendes Pumpen!<br \/>\n\u2705 Hoher Geschmack - Kerntechnologie: Die neue Generation der Zerst\u00e4ubung Kern, mit gro\u00dfem Volumen und stabilen Geschmack, Raucher die Zufriedenheit \u00fcbersteigt 90% +!<br \/>\nMehrere Konzentrationsm\u00f6glichkeiten (0% bis 5%): Genau das Richtige f\u00fcr eine breite Palette von Kunden, von leichten Geschmacksliebhabern bis zu starken Rauchern!<\/p>\n<h2><strong>\ud83c\udfc6Elevate Your Business mit Uwin Shisha Crystal 20000 Puffs<\/strong><\/h2>\n<p>Die <strong>Uwin Shisha Kristall 20000 Z\u00fcge Einweg Vape<\/strong> ist perfekt f\u00fcr Gro\u00dfh\u00e4ndler, die ein zuverl\u00e4ssiges, hochwertiges Produkt suchen, das die wachsende Nachfrage nach hochwertigen Einwegdampfern befriedigt. Ganz gleich, ob Sie einen Vape-Shop oder einen Convenience-Store besitzen oder einfach nur ein beliebtes Produkt in gro\u00dfen Mengen vorr\u00e4tig haben m\u00f6chten, dieser Vape ist ein Topseller. Seine ausgezeichnete Geschmackspalette, die einstellbaren Nikotinoptionen und die lang anhaltende Leistung machen ihn zu einer attraktiven Wahl.<\/p>\n<p><a href=\"https:\/\/uwin-shop.com\/wp-content\/uploads\/2025\/05\/39948ca286284486a3d10e94e64a3f3.jpg\"><img loading=\"lazy\" decoding=\"async\" class=\"alignnone size-medium wp-image-1773\" src=\"https:\/\/uwin-shop.com\/wp-content\/uploads\/2025\/05\/39948ca286284486a3d10e94e64a3f3-400x400.jpg\" alt=\"\" width=\"400\" height=\"400\" srcset=\"https:\/\/uwin-shop.com\/wp-content\/uploads\/2025\/05\/39948ca286284486a3d10e94e64a3f3-400x400.jpg 400w, https:\/\/uwin-shop.com\/wp-content\/uploads\/2025\/05\/39948ca286284486a3d10e94e64a3f3-800x800.jpg 800w, https:\/\/uwin-shop.com\/wp-content\/uploads\/2025\/05\/39948ca286284486a3d10e94e64a3f3-280x280.jpg 280w, https:\/\/uwin-shop.com\/wp-content\/uploads\/2025\/05\/39948ca286284486a3d10e94e64a3f3-768x768.jpg 768w, https:\/\/uwin-shop.com\/wp-content\/uploads\/2025\/05\/39948ca286284486a3d10e94e64a3f3-12x12.jpg 12w, https:\/\/uwin-shop.com\/wp-content\/uploads\/2025\/05\/39948ca286284486a3d10e94e64a3f3-60x60.jpg 60w, https:\/\/uwin-shop.com\/wp-content\/uploads\/2025\/05\/39948ca286284486a3d10e94e64a3f3-100x100.jpg 100w, https:\/\/uwin-shop.com\/wp-content\/uploads\/2025\/05\/39948ca286284486a3d10e94e64a3f3.jpg 1200w\" sizes=\"auto, (max-width: 400px) 100vw, 400px\" \/><\/a><\/p>\n<h3><strong>\ud83d\udd25Schl\u00fcsselmerkmale zur Maximierung Ihres Angebots<\/strong><\/h3>\n<ul>\n<li><strong>Kosteng\u00fcnstig<\/strong>: Gro\u00dfeink\u00e4ufe senken die Gesamtkosten pro Einheit, was sie zu einer idealen Wahl f\u00fcr Einzelh\u00e4ndler macht.<\/li>\n<li><strong>Kundenzufriedenheit<\/strong>: Mit 15 Geschmacksrichtungen und anpassbaren Nikotinwerten k\u00f6nnen Sie eine Vielzahl von Kundenw\u00fcnschen erf\u00fcllen.<\/li>\n<li><strong>Markenvertrauen<\/strong>: Uwin Shisha ist bekannt f\u00fcr seine erstklassige Qualit\u00e4t, die f\u00fcr Kundentreue und Wiederholungsk\u00e4ufe sorgt.<\/li>\n<\/ul>\n<h2><strong>\u2728Sind Sie bereit, Ihre Produktpalette zu erweitern?<\/strong><\/h2>\n<p>Die <strong>Uwin Shisha Kristall 20000 Z\u00fcge Einweg Vape<\/strong> ist als Gro\u00dfeinkauf erh\u00e4ltlich bei <strong>uwin-shop.de<\/strong>. Erh\u00f6hen Sie Ihr Vape-Gesch\u00e4ft, indem Sie Ihren Kunden die neueste Vaping-Technologie und Geschmacksinnovation anbieten. Besuchen Sie uns unter <strong>uwin-shop.de<\/strong>\u00a0und geben Sie Ihre Bestellung noch heute auf!<\/p>\n<\/div>","protected":false},"excerpt":{"rendered":"<ul>\n<li data-start=\"180\" data-end=\"216\"><span style=\"color: #ff6600;\"><strong>Alle Preise sind pro St\u00fcck angegeben<\/strong><\/span><\/li>\n<li data-start=\"217\" data-end=\"257\">\n<p data-start=\"219\" data-end=\"257\"><span style=\"color: #ff6600;\"><strong>Mindestbestellmenge: 3 St\u00fcck<\/strong><\/span><\/p>\n<\/li>\n<\/ul>\n<p data-start=\"329\" data-end=\"466\"><strong><span style=\"color: #000000;\">\ud83d\ude9a Diese Politik hilft uns, bessere Preise und einen schnelleren Versand anzubieten.<\/span><\/strong><br data-start=\"394\" data-end=\"397\" \/><strong><span style=\"color: #000000;\">\ud83d\udcac Fragen? Wir helfen Ihnen gerne weiter!<\/span><\/strong><br data-start=\"431\" data-end=\"434\" \/><strong><span style=\"color: #000000;\">\ud83d\udcf2 WhatsApp: <a style=\"color: #000000;\" href=\"https:\/\/wa.me\/+64204871919\" target=\"_blank\" rel=\"noreferrer noopener\">+64 20 487 1919<\/a><\/span><\/strong><\/p>","protected":false},"featured_media":531,"template":"","meta":[],"product_brand":[],"product_cat":[86],"product_tag":[],"class_list":{"0":"post-1308","1":"product","2":"type-product","3":"status-publish","4":"has-post-thumbnail","6":"product_cat-uwin","8":"first","9":"instock","10":"shipping-taxable","11":"purchasable","12":"product-type-variable","13":"has-default-attributes"},"tiered_pricing_type":"fixed","tiered_pricing_fixed_rules":[],"tiered_pricing_product_settings":{"layout":"default","base_unit_name":{"singular":null,"plural":null},"default_variation":null},"tiered_pricing_minimum_quantity":null,"tiered_pricing_roles_data":[],"tiered_pricing_percentage_rules":[],"tiered_pricing_maximum_quantity":null,"tiered_pricing_quantity_step":null,"_links":{"self":[{"href":"https:\/\/uwin-shop.com\/de\/wp-json\/wp\/v2\/product\/1308","targetHints":{"allow":["GET"]}}],"collection":[{"href":"https:\/\/uwin-shop.com\/de\/wp-json\/wp\/v2\/product"}],"about":[{"href":"https:\/\/uwin-shop.com\/de\/wp-json\/wp\/v2\/types\/product"}],"wp:featuredmedia":[{"embeddable":true,"href":"https:\/\/uwin-shop.com\/de\/wp-json\/wp\/v2\/media\/531"}],"wp:attachment":[{"href":"https:\/\/uwin-shop.com\/de\/wp-json\/wp\/v2\/media?parent=1308"}],"wp:term":[{"taxonomy":"product_brand","embeddable":true,"href":"https:\/\/uwin-shop.com\/de\/wp-json\/wp\/v2\/product_brand?post=1308"},{"taxonomy":"product_cat","embeddable":true,"href":"https:\/\/uwin-shop.com\/de\/wp-json\/wp\/v2\/product_cat?post=1308"},{"taxonomy":"product_tag","embeddable":true,"href":"https:\/\/uwin-shop.com\/de\/wp-json\/wp\/v2\/product_tag?post=1308"}],"curies":[{"name":"wp","href":"https:\/\/api.w.org\/{rel}","templated":true}]}}