{"id":1495,"date":"2025-05-15T09:17:47","date_gmt":"2025-05-15T01:17:47","guid":{"rendered":"https:\/\/uwin-shop.com\/?post_type=product&#038;p=1495"},"modified":"2025-07-02T17:10:35","modified_gmt":"2025-07-02T09:10:35","slug":"uwin-crystal-10000-puffs","status":"publish","type":"product","link":"https:\/\/uwin-shop.com\/de\/produkt\/uwin-crystal-10000-puffs\/","title":{"rendered":"Uwin Crystal 10000 Puffs\uff0830 Geschmacksrichtungen\uff09"},"content":{"rendered":"<h1><strong><span style=\"font-size: 25.92px; color: #333333;\">Erleben Sie den Uwin Crystal 10000 Puffs: Die ultimative Vaping-L\u00f6sung<\/span><\/strong><\/h1>\n<p><a href=\"https:\/\/uwin-shop.com\/wp-content\/uploads\/2025\/05\/\u6d77\u62a51.jpg\"><img loading=\"lazy\" decoding=\"async\" class=\"alignnone size-medium wp-image-1764\" src=\"https:\/\/uwin-shop.com\/wp-content\/uploads\/2025\/05\/\u6d77\u62a51-281x400.jpg\" alt=\"\" width=\"281\" height=\"400\" srcset=\"https:\/\/uwin-shop.com\/wp-content\/uploads\/2025\/05\/\u6d77\u62a51-281x400.jpg 281w, https:\/\/uwin-shop.com\/wp-content\/uploads\/2025\/05\/\u6d77\u62a51-563x800.jpg 563w, https:\/\/uwin-shop.com\/wp-content\/uploads\/2025\/05\/\u6d77\u62a51-768x1091.jpg 768w, https:\/\/uwin-shop.com\/wp-content\/uploads\/2025\/05\/\u6d77\u62a51-8x12.jpg 8w, https:\/\/uwin-shop.com\/wp-content\/uploads\/2025\/05\/\u6d77\u62a51-60x85.jpg 60w, https:\/\/uwin-shop.com\/wp-content\/uploads\/2025\/05\/\u6d77\u62a51-800x1137.jpg 800w, https:\/\/uwin-shop.com\/wp-content\/uploads\/2025\/05\/\u6d77\u62a51.jpg 912w\" sizes=\"auto, (max-width: 281px) 100vw, 281px\" \/><\/a><\/p>\n<section class=\"relative\">\n<div class=\"product-desc-item-content mce-content\">\n<h2><strong>\ud83d\udca1Entdecke den Uwin Crystal 10000 Puffs Einweg-Vape<\/strong><\/h2>\n<p>Einf\u00fchrung in die <strong>Uwin Crystal 10000 Puffs Einweg Vape<\/strong>-entwickelt, um hohe Leistung und Zufriedenheit mit jedem Zug zu liefern. Erh\u00e4ltlich f\u00fcr den Gro\u00dfhandel bei <strong>UWINCAPES<\/strong>Der Uwin Crystal 10000 Puffs, die f\u00fchrende Online-Plattform in den Niederlanden, Deutschland, Belgien und Spanien, ist ein eleganter und qualitativ hochwertiger Einweg-Vape Pen, der sowohl f\u00fcr erfahrene Raucher als auch f\u00fcr Anf\u00e4nger geeignet ist. Mit seiner langen Lebensdauer, den leuchtenden RGB-Lichtern und einer Vielzahl von Nikotinoptionen setzt der Uwin Crystal 10000 Puffs einen neuen Standard in der Welt der Einwegverdampfer.<\/p>\n<p><a href=\"https:\/\/uwin-shop.com\/wp-content\/uploads\/2025\/05\/AA-2.jpg\"><img loading=\"lazy\" decoding=\"async\" class=\"alignnone size-medium wp-image-1740\" src=\"https:\/\/uwin-shop.com\/wp-content\/uploads\/2025\/05\/AA-2-400x400.jpg\" alt=\"\" width=\"400\" height=\"400\" srcset=\"https:\/\/uwin-shop.com\/wp-content\/uploads\/2025\/05\/AA-2-400x400.jpg 400w, https:\/\/uwin-shop.com\/wp-content\/uploads\/2025\/05\/AA-2-800x800.jpg 800w, https:\/\/uwin-shop.com\/wp-content\/uploads\/2025\/05\/AA-2-280x280.jpg 280w, https:\/\/uwin-shop.com\/wp-content\/uploads\/2025\/05\/AA-2-768x768.jpg 768w, https:\/\/uwin-shop.com\/wp-content\/uploads\/2025\/05\/AA-2-12x12.jpg 12w, https:\/\/uwin-shop.com\/wp-content\/uploads\/2025\/05\/AA-2-60x60.jpg 60w, https:\/\/uwin-shop.com\/wp-content\/uploads\/2025\/05\/AA-2-100x100.jpg 100w, https:\/\/uwin-shop.com\/wp-content\/uploads\/2025\/05\/AA-2.jpg 1200w\" sizes=\"auto, (max-width: 400px) 100vw, 400px\" \/><\/a><\/p>\n<h2><strong>\ud83d\udd01 Beeindruckende Funktionen f\u00fcr un\u00fcbertroffene Leistung<\/strong><\/h2>\n<p>Die <strong>Uwin-Kristall 10000<\/strong> ist eine echte Neuerung und bietet eine beeindruckende <strong>10.000 Z\u00fcge<\/strong> pro Ger\u00e4t. Dieser Vape Pen ist mit einem wiederaufladbaren <strong>650mAh-Akku<\/strong>Dadurch wird eine l\u00e4ngere Nutzung ohne l\u00e4stiges Aufladen gew\u00e4hrleistet. Dank seiner <strong>Typ-C-Ladeanschluss<\/strong>k\u00f6nnen Sie Ihr Ger\u00e4t schnell wieder aufladen, damit Sie weiterhin ein reibungsloses Dampferlebnis genie\u00dfen k\u00f6nnen. Mit einer <strong>18ml e-Fl\u00fcssigkeit Kapazit\u00e4t<\/strong>Dieser Vape reduziert den Bedarf an Nachf\u00fcllungen erheblich, was ihn ideal f\u00fcr Vaper unterwegs macht.<\/p>\n<p><a href=\"https:\/\/uwin-shop.com\/wp-content\/uploads\/2025\/05\/Uwin-crystal-10000-poster-2-scaled.jpg\"><img loading=\"lazy\" decoding=\"async\" class=\"alignnone size-medium wp-image-1754\" src=\"https:\/\/uwin-shop.com\/wp-content\/uploads\/2025\/05\/Uwin-crystal-10000-poster-2-640x400.jpg\" alt=\"\" width=\"640\" height=\"400\" srcset=\"https:\/\/uwin-shop.com\/wp-content\/uploads\/2025\/05\/Uwin-crystal-10000-poster-2-640x400.jpg 640w, https:\/\/uwin-shop.com\/wp-content\/uploads\/2025\/05\/Uwin-crystal-10000-poster-2-1280x800.jpg 1280w, https:\/\/uwin-shop.com\/wp-content\/uploads\/2025\/05\/Uwin-crystal-10000-poster-2-768x480.jpg 768w, https:\/\/uwin-shop.com\/wp-content\/uploads\/2025\/05\/Uwin-crystal-10000-poster-2-1536x960.jpg 1536w, https:\/\/uwin-shop.com\/wp-content\/uploads\/2025\/05\/Uwin-crystal-10000-poster-2-2048x1280.jpg 2048w, https:\/\/uwin-shop.com\/wp-content\/uploads\/2025\/05\/Uwin-crystal-10000-poster-2-18x12.jpg 18w, https:\/\/uwin-shop.com\/wp-content\/uploads\/2025\/05\/Uwin-crystal-10000-poster-2-60x38.jpg 60w, https:\/\/uwin-shop.com\/wp-content\/uploads\/2025\/05\/Uwin-crystal-10000-poster-2-800x500.jpg 800w\" sizes=\"auto, (max-width: 640px) 100vw, 640px\" \/><\/a><\/p>\n<h3><strong>\u2699\ufe0fCutting-Kantenspulen-Technologie<\/strong><\/h3>\n<p>Das Besondere am Uwin Crystal ist seine fortschrittliche <strong>0,8-Ohm-Mesh-Spulen-Technologie<\/strong>was sowohl den Geschmack als auch die Dampfproduktion verbessert. Ob Sie bevorzugen <strong>0%<\/strong>, <strong>2%<\/strong>, <strong>3%<\/strong>, oder <strong>5%<\/strong> Nikotinst\u00e4rke passt sich dieser Vape Pen einer Reihe von Vorlieben an, so dass die Nutzer ihre Erfahrung individuell gestalten k\u00f6nnen. Dar\u00fcber hinaus ist die lebendige <strong>RGB-Lichter<\/strong> verleihen ihm einen modernen Touch und machen es optisch ansprechend, w\u00e4hrend Sie dampfen. Leicht und tragbar, ist dieses Produkt f\u00fcr Dampfer, die sowohl Stil als auch Komfort sch\u00e4tzen.<\/p>\n<h3><strong><span style=\"font-size: 23.04px; color: #333333;\">\ud83c\udfa8Ein Geschmacksparadies erwartet Sie<\/span><\/strong><\/h3>\n<p><a href=\"https:\/\/uwin-shop.com\/wp-content\/uploads\/2025\/05\/Uwin-crystal-10000-poster-9-\u62f7\u8d1d-scaled.png\"><img loading=\"lazy\" decoding=\"async\" class=\"alignnone size-medium wp-image-1761\" src=\"https:\/\/uwin-shop.com\/wp-content\/uploads\/2025\/05\/Uwin-crystal-10000-poster-9-\u62f7\u8d1d-546x400.png\" alt=\"\" width=\"546\" height=\"400\" srcset=\"https:\/\/uwin-shop.com\/wp-content\/uploads\/2025\/05\/Uwin-crystal-10000-poster-9-\u62f7\u8d1d-546x400.png 546w, https:\/\/uwin-shop.com\/wp-content\/uploads\/2025\/05\/Uwin-crystal-10000-poster-9-\u62f7\u8d1d-1093x800.png 1093w, https:\/\/uwin-shop.com\/wp-content\/uploads\/2025\/05\/Uwin-crystal-10000-poster-9-\u62f7\u8d1d-768x562.png 768w, https:\/\/uwin-shop.com\/wp-content\/uploads\/2025\/05\/Uwin-crystal-10000-poster-9-\u62f7\u8d1d-1536x1124.png 1536w, https:\/\/uwin-shop.com\/wp-content\/uploads\/2025\/05\/Uwin-crystal-10000-poster-9-\u62f7\u8d1d-2048x1499.png 2048w, https:\/\/uwin-shop.com\/wp-content\/uploads\/2025\/05\/Uwin-crystal-10000-poster-9-\u62f7\u8d1d-16x12.png 16w, https:\/\/uwin-shop.com\/wp-content\/uploads\/2025\/05\/Uwin-crystal-10000-poster-9-\u62f7\u8d1d-60x44.png 60w, https:\/\/uwin-shop.com\/wp-content\/uploads\/2025\/05\/Uwin-crystal-10000-poster-9-\u62f7\u8d1d-800x586.png 800w\" sizes=\"auto, (max-width: 546px) 100vw, 546px\" \/><\/a><\/p>\n<p>Die <strong>Uwin Kristall 10000 Puffs<\/strong> bietet eine atemberaubende Auswahl an <strong>15 k\u00f6stliche Geschmacksrichtungen<\/strong>Jedes dieser Produkte ist perfekt verarbeitet, um mit jedem Zug ein einzigartiges und befriedigendes Erlebnis zu bieten. Hier ist ein Blick auf einige der aufregenden Geschmacksrichtungen, die Sie genie\u00dfen k\u00f6nnen:<\/p>\n<ul>\n<li><strong>\ud83e\uded0\ud83c\udf53Blaubeere-Himbeere<\/strong>: Eine verlockende Mischung aus s\u00fc\u00dfen Blaubeeren und spritzigen Himbeeren f\u00fcr einen ausgewogenen fruchtigen Genuss.<\/li>\n<li><strong>\ud83c\udf47\u2744\ufe0fGrape Eis<\/strong>: Erleben Sie ein reichhaltiges, saftiges Traubenaroma mit einem k\u00fchlen, eisigen Abgang f\u00fcr ein erfrischendes Vape.<\/li>\n<li><strong>\ud83c\udf53\ud83c\udf49Erdbeere Wassermelone<\/strong>: S\u00fc\u00dfe Erdbeeren mischen sich nahtlos mit dem frischen Geschmack der Wassermelone und ergeben ein k\u00f6stliches Fruchtmedley.<\/li>\n<li><strong>\ud83e\uded0\u2744\ufe0fBlueberry auf Eis<\/strong>: Eine frostige Variante der reifen Blaubeere, die ein erfrischendes und k\u00fchles Gef\u00fchl vermittelt.<\/li>\n<li><strong>\ud83c\udf49\u2744\ufe0fWatermelon Eis<\/strong>: Genie\u00dfen Sie einen s\u00fc\u00dfen Ausbruch von Wassermelone, gefolgt von einem k\u00fchlen Ausatmen, perfekt f\u00fcr hei\u00dfe Tage.<\/li>\n<\/ul>\n<h3><strong>\ud83c\udf08Mehr Geschmacksoptionen zum Erkunden<\/strong><\/h3>\n<p>Neben diesen Fan-Favoriten bietet das Uwin Crystal weitere aufregende Geschmacksrichtungen:<\/p>\n<ul>\n<li><strong>\ud83c\udf52\u2744\ufe0fCherry Eis<\/strong>: Ein saftiger Kirschgeschmack gemischt mit einem eisigen Abgang f\u00fcr einen weichen, befriedigenden Vape.<\/li>\n<li><strong>\ud83c\udf53\ud83c\udf47\ud83c\udf52Erdbeere-Himbeere-Kirsche<\/strong>: Ein Beeren-Trio aus s\u00fc\u00dfen Erdbeeren, herben Himbeeren und saftigen Kirschen.<\/li>\n<li><strong>\ud83e\udd5d\ud83c\udf48\ud83c\udf51Kiwi Passionsfrucht Guave<\/strong>: Eine tropische Verschmelzung von spritziger Kiwi, exotischer Passionsfrucht und s\u00fc\u00dfer Guave f\u00fcr einen Urlaub in einem Vape.<\/li>\n<li><strong>\ud83c\udf53\u2744\ufe0fStrawberry Eis<\/strong>: Klassischer Erdbeergeschmack mit einem Menthol-Kick f\u00fcr ein knackiges, erfrischendes Erlebnis.<\/li>\n<li><strong>\ud83c\udf51\u2744\ufe0fPeach Eis<\/strong>: S\u00fc\u00dfer, saftiger Pfirsich gepaart mit einem frostigen Abgang f\u00fcr einen perfekt ausgewogenen Vape.<\/li>\n<\/ul>\n<h2><strong>\ud83e\udd1dGro\u00dfhandelsm\u00f6glichkeiten und Vorteile<\/strong><\/h2>\n<p>Die <strong>Uwin-Kristall 10000<\/strong> ist nicht nur ideal f\u00fcr den pers\u00f6nlichen Gebrauch, sondern auch f\u00fcr den Gro\u00dfhandel erh\u00e4ltlich. Einzelh\u00e4ndler und Distributoren k\u00f6nnen dieses innovative Produkt in gr\u00f6\u00dferen Mengen vorr\u00e4tig halten und ihren Kunden ein erstklassiges Dampferlebnis bieten, das sie zufriedenstellt.<\/p>\n<p><a href=\"https:\/\/uwin-shop.com\/wp-content\/uploads\/2025\/05\/Uwin-crystal-10000-poster-6-\u62f7\u8d1d-scaled.png\"><img loading=\"lazy\" decoding=\"async\" class=\"alignnone size-medium wp-image-1758\" src=\"https:\/\/uwin-shop.com\/wp-content\/uploads\/2025\/05\/Uwin-crystal-10000-poster-6-\u62f7\u8d1d-533x400.png\" alt=\"\" width=\"533\" height=\"400\" srcset=\"https:\/\/uwin-shop.com\/wp-content\/uploads\/2025\/05\/Uwin-crystal-10000-poster-6-\u62f7\u8d1d-533x400.png 533w, https:\/\/uwin-shop.com\/wp-content\/uploads\/2025\/05\/Uwin-crystal-10000-poster-6-\u62f7\u8d1d-1066x800.png 1066w, https:\/\/uwin-shop.com\/wp-content\/uploads\/2025\/05\/Uwin-crystal-10000-poster-6-\u62f7\u8d1d-768x577.png 768w, https:\/\/uwin-shop.com\/wp-content\/uploads\/2025\/05\/Uwin-crystal-10000-poster-6-\u62f7\u8d1d-1536x1153.png 1536w, https:\/\/uwin-shop.com\/wp-content\/uploads\/2025\/05\/Uwin-crystal-10000-poster-6-\u62f7\u8d1d-2048x1537.png 2048w, https:\/\/uwin-shop.com\/wp-content\/uploads\/2025\/05\/Uwin-crystal-10000-poster-6-\u62f7\u8d1d-16x12.png 16w, https:\/\/uwin-shop.com\/wp-content\/uploads\/2025\/05\/Uwin-crystal-10000-poster-6-\u62f7\u8d1d-60x45.png 60w, https:\/\/uwin-shop.com\/wp-content\/uploads\/2025\/05\/Uwin-crystal-10000-poster-6-\u62f7\u8d1d-800x601.png 800w\" sizes=\"auto, (max-width: 533px) 100vw, 533px\" \/><\/a><\/p>\n<\/div>\n<\/section>\n<section class=\"relative\">\n<div class=\"product-desc-item-content mce-content\">\n<h3><strong>\ud83d\udc8eWarum Uwin w\u00e4hlen\u00a0<\/strong><strong>Vape<\/strong><strong>?<\/strong><\/h3>\n<p><strong>\u2705 Starke Marke, garantierte Qualit\u00e4t<\/strong><br \/>\nUWIN h\u00e4lt sich an die hohen Standards der Herstellungsverfahren, w\u00e4hlt die Rohstoffe sorgf\u00e4ltig aus und f\u00fchrt strenge Qualit\u00e4tskontrollen durch. Es gew\u00e4hrleistet <strong>stabile Qualit\u00e4t, authentischer Geschmack und hohe Benutzerzufriedenheit,<\/strong> mit dem Ziel, eine vertrauensw\u00fcrdige professionelle E-Zigarettenmarke aufzubauen.<\/p>\n<p><strong>\u2705 Hochmoderne Technologie, \u00fcberragende Erfahrung<\/strong><br \/>\nDer Einsatz der neuen Generation von Keramik-\/Mesh-Zerst\u00e4ubungskernen gew\u00e4hrleistet eine gleichm\u00e4\u00dfige Zerst\u00e4ubung und eine feine Textur<\/p>\n<p>Unterst\u00fctzt <strong>mehrere Nikotinkonzentrationen ( 2%, 5%),<\/strong> geeignet f\u00fcr verschiedene Personengruppen<\/p>\n<p>Design mit hoher Portanzahl (10.000 Ports, 35.000 Ports, etc.), lange Batterielebensdauer und seltener Austausch<\/p>\n<p><strong>\u2705 UWIN, nicht nur E-Zigaretten<\/strong><br \/>\nEs hat einen besseren Geschmack, ein h\u00f6heres Erscheinungsbild und eine stabilere Qualit\u00e4t.<br \/>\nSie ist auch ein hervorragendes Sprungbrett f\u00fcr Ihre Karriere!<\/p>\n<p><a href=\"https:\/\/uwin-shop.com\/wp-content\/uploads\/2025\/05\/Uwin-crystal-10000-poster-5\u62f7\u8d1d.png\"><img loading=\"lazy\" decoding=\"async\" class=\"alignnone size-medium wp-image-1757\" src=\"https:\/\/uwin-shop.com\/wp-content\/uploads\/2025\/05\/Uwin-crystal-10000-poster-5\u62f7\u8d1d-604x400.png\" alt=\"\" width=\"604\" height=\"400\" srcset=\"https:\/\/uwin-shop.com\/wp-content\/uploads\/2025\/05\/Uwin-crystal-10000-poster-5\u62f7\u8d1d-604x400.png 604w, https:\/\/uwin-shop.com\/wp-content\/uploads\/2025\/05\/Uwin-crystal-10000-poster-5\u62f7\u8d1d-1209x800.png 1209w, https:\/\/uwin-shop.com\/wp-content\/uploads\/2025\/05\/Uwin-crystal-10000-poster-5\u62f7\u8d1d-768x508.png 768w, https:\/\/uwin-shop.com\/wp-content\/uploads\/2025\/05\/Uwin-crystal-10000-poster-5\u62f7\u8d1d-1536x1017.png 1536w, https:\/\/uwin-shop.com\/wp-content\/uploads\/2025\/05\/Uwin-crystal-10000-poster-5\u62f7\u8d1d-18x12.png 18w, https:\/\/uwin-shop.com\/wp-content\/uploads\/2025\/05\/Uwin-crystal-10000-poster-5\u62f7\u8d1d-60x40.png 60w, https:\/\/uwin-shop.com\/wp-content\/uploads\/2025\/05\/Uwin-crystal-10000-poster-5\u62f7\u8d1d-800x530.png 800w, https:\/\/uwin-shop.com\/wp-content\/uploads\/2025\/05\/Uwin-crystal-10000-poster-5\u62f7\u8d1d.png 1970w\" sizes=\"auto, (max-width: 604px) 100vw, 604px\" \/><\/a><\/p>\n<h2><strong>\ud83d\udcbcElevate Your Business mit Uwin Crystal 10000 Puffs<\/strong><\/h2>\n<p>Die <strong>Uwin Crystal 10000 Puffs Einweg Vape<\/strong> ist perfekt f\u00fcr Gro\u00dfh\u00e4ndler, die ein zuverl\u00e4ssiges, hochwertiges Produkt suchen, um die wachsende Nachfrage nach hochwertigen Einwegdampfern zu befriedigen. Egal, ob Sie einen Vape-Shop oder einen Convenience-Store besitzen oder einfach ein beliebtes Produkt in gro\u00dfen Mengen vorr\u00e4tig haben m\u00f6chten, dieser Vape ist ein Topseller aufgrund seiner hervorragenden <strong>Geschmacksspektrum, einstellbare Nikotinoptionen<\/strong>und lang anhaltende Leistung.<\/p>\n<h3><strong>\ud83d\udd11Schl\u00fcsselmerkmale zur Maximierung Ihres Angebots<\/strong><\/h3>\n<p><a href=\"https:\/\/uwin-shop.com\/wp-content\/uploads\/2025\/05\/\u6d77\u62a54.jpg\"><img loading=\"lazy\" decoding=\"async\" class=\"alignnone size-medium wp-image-1765\" src=\"https:\/\/uwin-shop.com\/wp-content\/uploads\/2025\/05\/\u6d77\u62a54-563x400.jpg\" alt=\"\" width=\"563\" height=\"400\" srcset=\"https:\/\/uwin-shop.com\/wp-content\/uploads\/2025\/05\/\u6d77\u62a54-563x400.jpg 563w, https:\/\/uwin-shop.com\/wp-content\/uploads\/2025\/05\/\u6d77\u62a54-1125x800.jpg 1125w, https:\/\/uwin-shop.com\/wp-content\/uploads\/2025\/05\/\u6d77\u62a54-768x546.jpg 768w, https:\/\/uwin-shop.com\/wp-content\/uploads\/2025\/05\/\u6d77\u62a54-1536x1092.jpg 1536w, https:\/\/uwin-shop.com\/wp-content\/uploads\/2025\/05\/\u6d77\u62a54-18x12.jpg 18w, https:\/\/uwin-shop.com\/wp-content\/uploads\/2025\/05\/\u6d77\u62a54-60x43.jpg 60w, https:\/\/uwin-shop.com\/wp-content\/uploads\/2025\/05\/\u6d77\u62a54-800x569.jpg 800w, https:\/\/uwin-shop.com\/wp-content\/uploads\/2025\/05\/\u6d77\u62a54.jpg 1800w\" sizes=\"auto, (max-width: 563px) 100vw, 563px\" \/><\/a><\/p>\n<ul>\n<li><strong>Kosteng\u00fcnstig<\/strong>: Gro\u00dfeink\u00e4ufe senken die Gesamtkosten pro Einheit, was sie zu einer idealen Wahl f\u00fcr Einzelh\u00e4ndler macht.<\/li>\n<li><strong>Kundenzufriedenheit<\/strong>: Mit 30 Geschmacksrichtungen und anpassbaren Nikotinwerten k\u00f6nnen Sie eine Vielzahl von Kundenw\u00fcnschen erf\u00fcllen.<\/li>\n<li><strong>Markenvertrauen<\/strong>: Uwin Crystal ist bekannt f\u00fcr seine erstklassige Qualit\u00e4t, die f\u00fcr Kundentreue und Wiederholungsk\u00e4ufe sorgt.<\/li>\n<\/ul>\n<h2><strong>\ud83d\udd25Sind Sie bereit, Ihre Produktpalette zu erweitern?<\/strong><\/h2>\n<p>Die <strong>Uwin Crystal 10000 Puffs Einweg Vape<\/strong> ist als Gro\u00dfeinkauf erh\u00e4ltlich bei <strong>uwin-shop.de<\/strong>. Erh\u00f6hen Sie Ihr Vape-Gesch\u00e4ft, indem Sie Ihren Kunden die neueste Vaping-Technologie und Geschmacksinnovation anbieten. Besuchen Sie uns unter <strong>uwin-shop.de\u00a0<\/strong>und geben Sie Ihre Bestellung noch heute auf!<\/p>\n<\/div>\n<\/section>\n<p>&nbsp;<\/p>","protected":false},"excerpt":{"rendered":"<ul>\n<li data-start=\"180\" data-end=\"216\"><span style=\"color: #ff6600;\"><strong>Alle Preise sind pro St\u00fcck angegeben<\/strong><\/span><\/li>\n<li data-start=\"217\" data-end=\"257\">\n<p data-start=\"219\" data-end=\"257\"><span style=\"color: #ff6600;\"><strong>Mindestbestellmenge: 3 St\u00fcck<\/strong><\/span><\/p>\n<\/li>\n<\/ul>\n<p data-start=\"329\" data-end=\"466\"><strong><span style=\"color: #000000;\">\ud83d\ude9a Diese Politik hilft uns, bessere Preise und einen schnelleren Versand anzubieten.<\/span><\/strong><br data-start=\"394\" data-end=\"397\" \/><strong><span style=\"color: #000000;\">\ud83d\udcac Fragen? Wir helfen Ihnen gerne weiter!<\/span><\/strong><br data-start=\"431\" data-end=\"434\" \/><strong><span style=\"color: #000000;\">\ud83d\udcf2 WhatsApp: <a style=\"color: #000000;\" href=\"https:\/\/wa.me\/+64204871919\" target=\"_blank\" rel=\"noreferrer noopener\">+64 20 487 1919<\/a><\/span><\/strong><\/p>","protected":false},"featured_media":1701,"template":"","meta":[],"product_brand":[],"product_cat":[86],"product_tag":[],"class_list":{"0":"post-1495","1":"product","2":"type-product","3":"status-publish","4":"has-post-thumbnail","6":"product_cat-uwin","8":"first","9":"instock","10":"shipping-taxable","11":"purchasable","12":"product-type-variable","13":"has-default-attributes"},"tiered_pricing_type":"fixed","tiered_pricing_fixed_rules":[],"tiered_pricing_product_settings":{"layout":"default","base_unit_name":{"singular":null,"plural":null},"default_variation":null},"tiered_pricing_minimum_quantity":null,"tiered_pricing_roles_data":[],"tiered_pricing_percentage_rules":[],"tiered_pricing_maximum_quantity":null,"tiered_pricing_quantity_step":null,"_links":{"self":[{"href":"https:\/\/uwin-shop.com\/de\/wp-json\/wp\/v2\/product\/1495","targetHints":{"allow":["GET"]}}],"collection":[{"href":"https:\/\/uwin-shop.com\/de\/wp-json\/wp\/v2\/product"}],"about":[{"href":"https:\/\/uwin-shop.com\/de\/wp-json\/wp\/v2\/types\/product"}],"wp:featuredmedia":[{"embeddable":true,"href":"https:\/\/uwin-shop.com\/de\/wp-json\/wp\/v2\/media\/1701"}],"wp:attachment":[{"href":"https:\/\/uwin-shop.com\/de\/wp-json\/wp\/v2\/media?parent=1495"}],"wp:term":[{"taxonomy":"product_brand","embeddable":true,"href":"https:\/\/uwin-shop.com\/de\/wp-json\/wp\/v2\/product_brand?post=1495"},{"taxonomy":"product_cat","embeddable":true,"href":"https:\/\/uwin-shop.com\/de\/wp-json\/wp\/v2\/product_cat?post=1495"},{"taxonomy":"product_tag","embeddable":true,"href":"https:\/\/uwin-shop.com\/de\/wp-json\/wp\/v2\/product_tag?post=1495"}],"curies":[{"name":"wp","href":"https:\/\/api.w.org\/{rel}","templated":true}]}}