{"id":2134,"date":"2025-06-13T17:48:11","date_gmt":"2025-06-13T09:48:11","guid":{"rendered":"https:\/\/uwin-shop.com\/?post_type=product&#038;p=2134"},"modified":"2025-06-13T19:05:33","modified_gmt":"2025-06-13T11:05:33","slug":"randm-uwin-tornado-music-35000-puffs%ef%bc%88ships-by-full-box-min-10-pcs%ef%bc%89","status":"publish","type":"product","link":"https:\/\/uwin-shop.com\/de\/produkt\/randm-uwin-tornado-music-35000-puffs%ef%bc%88ships-by-full-box-min-10-pcs%ef%bc%89\/","title":{"rendered":"RandM UWIN Tornado Music 35000 Puffs\uff08Ships by Full Box - Min. 10 St\u00fcck\uff09"},"content":{"rendered":"<h1><strong>\ud83c\udf1f UWIN 35.000-Z\u00fcge E-Zigarette - Smart Rhythm, man ist zu Hause!<\/strong><\/h1>\n<p><a href=\"https:\/\/uwin-shop.com\/wp-content\/uploads\/2025\/05\/4-1.webp\"><img loading=\"lazy\" decoding=\"async\" class=\"alignnone size-medium wp-image-1711\" src=\"https:\/\/uwin-shop.com\/wp-content\/uploads\/2025\/05\/4-1-600x400.webp\" alt=\"\" width=\"600\" height=\"400\" srcset=\"https:\/\/uwin-shop.com\/wp-content\/uploads\/2025\/05\/4-1-600x400.webp 600w, https:\/\/uwin-shop.com\/wp-content\/uploads\/2025\/05\/4-1-1200x800.webp 1200w, https:\/\/uwin-shop.com\/wp-content\/uploads\/2025\/05\/4-1-768x512.webp 768w, https:\/\/uwin-shop.com\/wp-content\/uploads\/2025\/05\/4-1-1536x1024.webp 1536w, https:\/\/uwin-shop.com\/wp-content\/uploads\/2025\/05\/4-1-18x12.webp 18w, https:\/\/uwin-shop.com\/wp-content\/uploads\/2025\/05\/4-1-60x40.webp 60w, https:\/\/uwin-shop.com\/wp-content\/uploads\/2025\/05\/4-1-800x533.webp 800w, https:\/\/uwin-shop.com\/wp-content\/uploads\/2025\/05\/4-1.webp 1800w\" sizes=\"auto, (max-width: 600px) 100vw, 600px\" \/><\/a><\/p>\n<h2><strong>\ud83d\ude80 super lange Akkulaufzeit,<\/strong><strong>\u00a035.000 Puffs<\/strong><strong>\u00a0super gro\u00dfe Kapazit\u00e4t<\/strong><\/h2>\n<h4>Ein UWIN entspricht mehreren herk\u00f6mmlichen E-Zigaretten! Mit einer ultra-langen Akkulaufzeit von\u00a0<strong>35.000 Puffs<\/strong>Er h\u00e4lt nicht nur l\u00e4nger, sondern spart auch eine Menge Geld, was ihn zur idealen Wahl f\u00fcr Vielnutzer macht.<\/h4>\n<h2><strong>\ud83c\udfb5 Die Lichter bewegen sich im Rhythmus der Musik, das exklusive Stimmungsger\u00e4t der Trendsetter<\/strong><\/h2>\n<h4>Dr\u00fccken Sie einfach die untere Taste, um die <strong>Blendender Lichteffekt-Modus<\/strong>. Mit dem eingebauten Audio-Sensor-Chip, <strong>die Lichter tanzen im Rhythmus der Musik<\/strong>und brachte den ganzen Saal zum Toben!<\/h4>\n<h4>Ob auf einer Party, in einer Bar oder nachts auf der Stra\u00dfe, <strong>die Lichter tanzen im Rhythmus, sind cool und du bist der Mittelpunkt der ganzen Szene!<\/strong><\/h4>\n<p><a href=\"https:\/\/uwin-shop.com\/wp-content\/uploads\/2025\/05\/5-1.webp\"><img loading=\"lazy\" decoding=\"async\" class=\"alignnone size-medium wp-image-1712\" src=\"https:\/\/uwin-shop.com\/wp-content\/uploads\/2025\/05\/5-1-400x400.webp\" alt=\"\" width=\"400\" height=\"400\" srcset=\"https:\/\/uwin-shop.com\/wp-content\/uploads\/2025\/05\/5-1-400x400.webp 400w, https:\/\/uwin-shop.com\/wp-content\/uploads\/2025\/05\/5-1-280x280.webp 280w, https:\/\/uwin-shop.com\/wp-content\/uploads\/2025\/05\/5-1-768x768.webp 768w, https:\/\/uwin-shop.com\/wp-content\/uploads\/2025\/05\/5-1-12x12.webp 12w, https:\/\/uwin-shop.com\/wp-content\/uploads\/2025\/05\/5-1-60x60.webp 60w, https:\/\/uwin-shop.com\/wp-content\/uploads\/2025\/05\/5-1-100x100.webp 100w, https:\/\/uwin-shop.com\/wp-content\/uploads\/2025\/05\/5-1.webp 800w\" sizes=\"auto, (max-width: 400px) 100vw, 400px\" \/><\/a><\/p>\n<h2><strong>\ud83d\udd18 Die coolen Tasten an der Unterseite sind einfach zu bedienen<\/strong><\/h2>\n<h4>Ausgestattet mit einem unabh\u00e4ngigen\u00a0<strong>Multifunktionstaste unten<\/strong>Wenn Sie den Lichteffektmodus umschalten, das Ger\u00e4t aktivieren oder den Status \u00fcberpr\u00fcfen m\u00f6chten, k\u00f6nnen Sie dies ganz einfach tun und so Technologie und Kontrolle in einem erleben.<\/h4>\n<h2><strong>\ud83d\udca8 Hohe Rauchmenge, erfrischend f\u00fcr die Lunge<\/strong><\/h2>\n<h4>Das Ger\u00e4t verf\u00fcgt \u00fcber einen gro\u00dfen Rauchaussto\u00df und erf\u00fcllt die hohen Anforderungen von Langzeitrauchern an eine<strong>\u00a0\"Ein echtes Raucherlebnis\"<\/strong>und sorgt f\u00fcr ein erfrischendes Gef\u00fchl, das bis in die Kehle reicht!<\/h4>\n<h2><strong>\ud83d\udd0b Typ-C Schnellladung, eine Ladung f\u00fcr mehrere Tage<\/strong><\/h2>\n<h4>Ausgestattet mit\u00a0<strong>Hochgeschwindigkeits-Schnellladeschnittstelle Typ-C<\/strong>Die Ladegeschwindigkeit ist schneller, und der 850-mAh-Akku h\u00e4lt die Batterieleistung f\u00fcr eine lange Zeit aufrecht!<\/h4>\n<p><a href=\"https:\/\/uwin-shop.com\/wp-content\/uploads\/2025\/05\/%E6%A8%AA%E5%B9%85.jpg\"><img loading=\"lazy\" decoding=\"async\" class=\"alignnone size-medium wp-image-1652\" src=\"https:\/\/uwin-shop.com\/wp-content\/uploads\/2025\/05\/%E6%A8%AA%E5%B9%85-732x400.jpg\" sizes=\"auto, (max-width: 732px) 100vw, 732px\" srcset=\"https:\/\/uwin-shop.com\/wp-content\/uploads\/2025\/05\/\u6a2a\u5e45-732x400.jpg 732w, https:\/\/uwin-shop.com\/wp-content\/uploads\/2025\/05\/\u6a2a\u5e45-768x420.jpg 768w, https:\/\/uwin-shop.com\/wp-content\/uploads\/2025\/05\/\u6a2a\u5e45-18x10.jpg 18w, https:\/\/uwin-shop.com\/wp-content\/uploads\/2025\/05\/\u6a2a\u5e45-60x33.jpg 60w, https:\/\/uwin-shop.com\/wp-content\/uploads\/2025\/05\/\u6a2a\u5e45-800x437.jpg 800w, https:\/\/uwin-shop.com\/wp-content\/uploads\/2025\/05\/\u6a2a\u5e45.jpg 1330w\" alt=\"\" width=\"732\" height=\"400\" \/><\/a><\/p>\n<h2><strong>\ud83c\udfa8Eine Vielzahl von beliebten Geschmacksrichtungen stehen zur Auswahl<\/strong><\/h2>\n<h4>Heidelbeere Himbeere Sommer Pfirsich Eis Kirsche Eis Kiwi Passionsfrucht Guave Gemischte Beeren......<\/h4>\n<h4>Jeder Bissen ist erstaunlich, und die Aromen sind nie gleich!<\/h4>\n<h4>Jeder Schluck ist wie ein Saft, mit einem echten und authentischen Geschmack, der am Gaumen haften bleibt.<\/h4>\n<p><a href=\"https:\/\/uwin-shop.com\/wp-content\/uploads\/2025\/05\/%E5%8F%A3%E5%91%B3%E6%B5%B7%E6%8A%A5-1-scaled.jpg\"><img loading=\"lazy\" decoding=\"async\" class=\"alignnone size-medium wp-image-1663\" src=\"https:\/\/uwin-shop.com\/wp-content\/uploads\/2025\/05\/%E5%8F%A3%E5%91%B3%E6%B5%B7%E6%8A%A5-1-500x400.jpg\" sizes=\"auto, (max-width: 500px) 100vw, 500px\" srcset=\"https:\/\/uwin-shop.com\/wp-content\/uploads\/2025\/05\/\u53e3\u5473\u6d77\u62a5-1-500x400.jpg 500w, https:\/\/uwin-shop.com\/wp-content\/uploads\/2025\/05\/\u53e3\u5473\u6d77\u62a5-1-1000x800.jpg 1000w, https:\/\/uwin-shop.com\/wp-content\/uploads\/2025\/05\/\u53e3\u5473\u6d77\u62a5-1-768x614.jpg 768w, https:\/\/uwin-shop.com\/wp-content\/uploads\/2025\/05\/\u53e3\u5473\u6d77\u62a5-1-1536x1228.jpg 1536w, https:\/\/uwin-shop.com\/wp-content\/uploads\/2025\/05\/\u53e3\u5473\u6d77\u62a5-1-2048x1638.jpg 2048w, https:\/\/uwin-shop.com\/wp-content\/uploads\/2025\/05\/\u53e3\u5473\u6d77\u62a5-1-15x12.jpg 15w, https:\/\/uwin-shop.com\/wp-content\/uploads\/2025\/05\/\u53e3\u5473\u6d77\u62a5-1-60x48.jpg 60w, https:\/\/uwin-shop.com\/wp-content\/uploads\/2025\/05\/\u53e3\u5473\u6d77\u62a5-1-800x640.jpg 800w\" alt=\"\" width=\"500\" height=\"400\" \/><\/a><\/p>\n<h2><strong>\u2728Uwin Crystal 35000 Puffs Music Hauptmerkmale<\/strong><\/h2>\n<h4><strong>Puff-Kapazit\u00e4t:<\/strong>\u00a0Bis zu 30.000 Z\u00fcge f\u00fcr eine lange Nutzungsdauer.<br \/>\n<strong>Nikotin-Optionen:<\/strong>\u00a0Erh\u00e4ltlich in den Nikotinkonzentrationen 0%, 2%, 3% und 5%, um verschiedenen Vorlieben gerecht zu werden.<br \/>\n<strong>Wiederaufladbare Batterie:\u00a0<\/strong>600-mAh-Akku, der \u00fcber einen Typ-C-Anschluss zum schnellen Aufladen aufgeladen werden kann.<br \/>\n<strong>Mesh-Spule:\u00a0<\/strong>1.0\u03a9 Widerstandsspule f\u00fcr \u00fcberlegenen Geschmack und glatte Dampfproduktion.<br \/>\n<strong>Musiksynchronisierte LED-Lichter:<\/strong>\u00a0Lichter, die Farbe und Muster mit Ihrer Musik f\u00fcr eine visuell spannende vaping Erfahrung \u00e4ndern.<br \/>\n<strong>Geschmacksvielfalt:\u00a0<\/strong>Erh\u00e4ltlich in 30 k\u00f6stlichen Geschmacksrichtungen, die jedem Gaumen schmeicheln.<br \/>\n<strong>Leicht und tragbar:<\/strong>\u00a0Leicht zu transportieren und damit eine ausgezeichnete Wahl f\u00fcr das Vaping unterwegs.<\/h4>\n<p><a href=\"https:\/\/uwin-shop.com\/wp-content\/uploads\/2025\/05\/7-1.webp\"><img loading=\"lazy\" decoding=\"async\" class=\"alignnone size-medium wp-image-1713\" src=\"https:\/\/uwin-shop.com\/wp-content\/uploads\/2025\/05\/7-1-400x400.webp\" alt=\"\" width=\"400\" height=\"400\" srcset=\"https:\/\/uwin-shop.com\/wp-content\/uploads\/2025\/05\/7-1-400x400.webp 400w, https:\/\/uwin-shop.com\/wp-content\/uploads\/2025\/05\/7-1-280x280.webp 280w, https:\/\/uwin-shop.com\/wp-content\/uploads\/2025\/05\/7-1-768x768.webp 768w, https:\/\/uwin-shop.com\/wp-content\/uploads\/2025\/05\/7-1-12x12.webp 12w, https:\/\/uwin-shop.com\/wp-content\/uploads\/2025\/05\/7-1-60x60.webp 60w, https:\/\/uwin-shop.com\/wp-content\/uploads\/2025\/05\/7-1-100x100.webp 100w, https:\/\/uwin-shop.com\/wp-content\/uploads\/2025\/05\/7-1.webp 800w\" sizes=\"auto, (max-width: 400px) 100vw, 400px\" \/><\/a><\/p>\n<h2><strong>\ud83d\udd25 UWIN 35.000 Puffs E-Zigarette, WILL es Ihnen passen?<\/strong><\/h2>\n<h4>\u2705 Sie lieben trendige Technik?<br \/>\n\u2705 Sie wollen eine besonders lange Akkulaufzeit?<br \/>\n\u2705 Sie lieben leichte Atmosph\u00e4ren und einzigartige Erlebnisse?<br \/>\nDann m\u00fcssen Sie eine\u00a0<strong>UWIN<\/strong>!<\/h4>\n<h4>Die <strong>Uwin Tornado 35K Musik Einweg-Vape<\/strong> ist als Gro\u00dfeinkauf erh\u00e4ltlich bei <strong>uwin-shop.de<\/strong>. Erh\u00f6hen Sie Ihr Vape-Gesch\u00e4ft, indem Sie Ihren Kunden die neueste Vaping-Technologie und innovative Aromen anbieten. Besuchen Sie <strong>uwin-shop.de<\/strong>\u00a0um Ihre Bestellung aufzugeben und unsere gesamte Produktpalette zu entdecken!<\/h4>","protected":false},"excerpt":{"rendered":"<ul>\n<li data-start=\"180\" data-end=\"216\"><span style=\"color: #ff6600;\"><strong>Alle Preise sind pro St\u00fcck angegeben<\/strong><\/span><\/li>\n<li data-start=\"217\" data-end=\"257\">\n<p data-start=\"219\" data-end=\"257\"><span style=\"color: #ff6600;\"><strong>Mindestbestellmenge: 10 St\u00fcck<\/strong><\/span><\/p>\n<\/li>\n<\/ul>\n<p data-start=\"329\" data-end=\"466\"><strong><span style=\"color: #000000;\">\ud83d\ude9a Diese Politik hilft uns, bessere Preise und einen schnelleren Versand anzubieten.<\/span><\/strong><br data-start=\"394\" data-end=\"397\" \/><strong><span style=\"color: #000000;\">\ud83d\udcac Fragen? Wir helfen Ihnen gerne weiter!<\/span><\/strong><br data-start=\"431\" data-end=\"434\" \/><strong><span style=\"color: #000000;\">\ud83d\udcf2 WhatsApp: <a style=\"color: #000000;\" href=\"https:\/\/wa.me\/+64204871919\" target=\"_blank\" rel=\"noreferrer noopener\">+64 20 487 1919<\/a><\/span><\/strong><\/p>","protected":false},"featured_media":1650,"template":"","meta":[],"product_brand":[],"product_cat":[92],"product_tag":[],"class_list":{"0":"post-2134","1":"product","2":"type-product","3":"status-publish","4":"has-post-thumbnail","6":"product_cat-uwin-de","8":"first","9":"instock","10":"shipping-taxable","11":"purchasable","12":"product-type-variable","13":"has-default-attributes"},"tiered_pricing_type":"fixed","tiered_pricing_fixed_rules":[],"tiered_pricing_product_settings":{"layout":"default","base_unit_name":{"singular":null,"plural":null},"default_variation":null},"tiered_pricing_minimum_quantity":null,"tiered_pricing_roles_data":[],"tiered_pricing_percentage_rules":[],"tiered_pricing_maximum_quantity":null,"tiered_pricing_quantity_step":null,"_links":{"self":[{"href":"https:\/\/uwin-shop.com\/de\/wp-json\/wp\/v2\/product\/2134","targetHints":{"allow":["GET"]}}],"collection":[{"href":"https:\/\/uwin-shop.com\/de\/wp-json\/wp\/v2\/product"}],"about":[{"href":"https:\/\/uwin-shop.com\/de\/wp-json\/wp\/v2\/types\/product"}],"wp:featuredmedia":[{"embeddable":true,"href":"https:\/\/uwin-shop.com\/de\/wp-json\/wp\/v2\/media\/1650"}],"wp:attachment":[{"href":"https:\/\/uwin-shop.com\/de\/wp-json\/wp\/v2\/media?parent=2134"}],"wp:term":[{"taxonomy":"product_brand","embeddable":true,"href":"https:\/\/uwin-shop.com\/de\/wp-json\/wp\/v2\/product_brand?post=2134"},{"taxonomy":"product_cat","embeddable":true,"href":"https:\/\/uwin-shop.com\/de\/wp-json\/wp\/v2\/product_cat?post=2134"},{"taxonomy":"product_tag","embeddable":true,"href":"https:\/\/uwin-shop.com\/de\/wp-json\/wp\/v2\/product_tag?post=2134"}],"curies":[{"name":"wp","href":"https:\/\/api.w.org\/{rel}","templated":true}]}}