{"id":2288,"date":"2025-07-02T16:33:16","date_gmt":"2025-07-02T08:33:16","guid":{"rendered":"https:\/\/uwin-shop.com\/?post_type=product&#038;p=2288"},"modified":"2026-03-15T07:51:49","modified_gmt":"2026-03-14T23:51:49","slug":"uwin-crystal-twins-40000-puffs","status":"publish","type":"product","link":"https:\/\/uwin-shop.com\/de\/produkt\/uwin-crystal-twins-40000-puffs\/","title":{"rendered":"Uwin Crystal Twins 40000 Puffs\uff08Versand aus Polen\uff09"},"content":{"rendered":"<div id=\"tab-description\" class=\"woocommerce-Tabs-panel woocommerce-Tabs-panel--description panel entry-content active\" role=\"tabpanel\" aria-labelledby=\"tab-title-description\">\n<p><strong>\ud83d\udca5Entdecke die Uwin Crystal Twins 40000 Puffs Dual Flavor Vape<\/strong><\/p>\n<section class=\"relative\">\n<h2><strong>\ud83c\udf00Erleben Sie un\u00fcbertroffene Vielseitigkeit beim Dampfen<\/strong><\/h2>\n<p>Einf\u00fchrung in die\u00a0<strong>Uwin Kristallzwillinge 40000 Puffs<\/strong>. ein hochmoderner Einweg- und wiederaufladbarer Vaporizer mit zwei Geschmacksrichtungen. Mit diesem innovativen Ger\u00e4t. k\u00f6nnen Sie bis zu\u00a0<strong>40.000 Z\u00fcge<\/strong>\u00a0mit zwei verschiedenen Geschmacksrichtungen, die jede Dampferfahrung zu einem wunderbaren Erlebnis machen. Dieser Verdampfer zeichnet sich durch seine beeindruckenden Eigenschaften aus, die sowohl auf Komfort als auch auf Leistung ausgelegt sind.<\/p>\n<h2><strong>\ud83d\udd27Wichtige Spezifikationen der Uwin Crystal Twins<\/strong><\/h2>\n<h3><strong>\ud83d\udee2\ufe0fHigh E-Liquid Kapazit\u00e4t<\/strong><\/h3>\n<p>Die Uwin Crystal Twins sind vorgef\u00fcllt mit\u00a0<strong>32ml e-Fl\u00fcssigkeit<\/strong>. Diese gro\u00dfe Kapazit\u00e4t erm\u00f6glicht es Ihnen, bis zu\u00a0<strong>40.000 Z\u00fcge<\/strong>\u00a0ohne den \u00c4rger des h\u00e4ufigen Nachf\u00fcllens. Du kannst l\u00e4nger dampfen und mehr ohne Unterbrechung genie\u00dfen. Das macht ihn perfekt f\u00fcr diejenigen, die ihre Erfahrung auskosten wollen.<\/p>\n<h3><strong>\ud83d\udd0bLeistungsf\u00e4hige wiederaufladbare Batterie<\/strong><\/h3>\n<p>Ausgestattet mit einem\u00a0<strong>650 mAh.<\/strong>\u00a0Dieses Ger\u00e4t stellt sicher, dass Sie gen\u00fcgend Strom f\u00fcr eine l\u00e4ngere Nutzung haben. Die\u00a0<strong>Typ-C-Ladeanschluss<\/strong>\u00a0erm\u00f6glicht ein schnelles Aufladen, so dass Sie das Ger\u00e4t schnell wieder aufladen k\u00f6nnen, um Ihr Dampfen zu genie\u00dfen. Diese Funktion macht den Uwin Crystal Twins zu einer zuverl\u00e4ssigen Wahl f\u00fcr Nutzer, die unterwegs sind.<\/p>\n<h2><strong>\ud83d\udca1Dual Flavor Experience<\/strong><\/h2>\n<p>Das Doppeltanksystem erm\u00f6glicht eine Vielzahl von Geschmackskombinationen und verbessert so Ihr Dampferlebnis. Sie k\u00f6nnen m\u00fchelos zwischen zwei Geschmacksrichtungen wechseln, um unterschiedliche Geschmacksvorlieben zu bedienen. Diese Vielseitigkeit ist ein gro\u00dfer Vorteil f\u00fcr Dampfer, die gerne neue Geschmacksrichtungen entdecken.<\/p>\n<p><strong>\ud83e\uddca\ud83c\udf53 1. Zwei Geschmacksrichtungen in einer. Wechseln Sie nach Belieben<\/strong><br \/>\nDurchbrechen Sie die traditionelle Ein-Geschmacks-Erfahrung. Jedes Ger\u00e4t verf\u00fcgt \u00fcber zwei unabh\u00e4ngige Geschmacksrichtungen, die einen einfachen Wechsel erm\u00f6glichen. Sie k\u00f6nnen jederzeit wechseln, was Sie rauchen m\u00f6chten, ohne beim Ausgehen zwei Ger\u00e4te mit sich f\u00fchren zu m\u00fcssen.<\/p>\n<p>\ud83d\udc49 Ein Ger\u00e4t = das Vergn\u00fcgen von zwei E-Zigaretten<\/p>\n<p><strong>\ud83c\udf08 2. Separater \u00d6ltank. reines Aroma ohne Fremdgeschmack<\/strong><br \/>\nEs verwendet ein duales, unabh\u00e4ngiges \u00d6l-Lagerungssystem, um sicherzustellen, dass jedes Aroma rein und ohne Vermischung pr\u00e4sentiert wird.<\/p>\n<p>\ud83d\udc49 Mit erfrischenden Fr\u00fcchten auf der linken Seite und eisigem Nervenkitzel auf der rechten Seite hat jede ihren eigenen Charme<\/p>\n<p><strong>\ud83d\udca8 3. Viele Kombinationen. Tausende von Variationen, die nicht gleich sind<\/strong><br \/>\nEine Vielzahl beliebter Geschmacksrichtungen wird kombiniert, darunter beliebte Fruchtaromen wie Obst und funktionelle Getr\u00e4nke, um Ihre eigene, einzigartige Kombination von zwei Geschmacksrichtungen zu kreieren.<\/p>\n<p>\ud83d\udc49 Seltene Geschmackskombinationen, die auf dem Markt erh\u00e4ltlich sind, um individuelle Bed\u00fcrfnisse zu erf\u00fcllen und Stammkunden anzuziehen<\/p>\n<p><strong>\ud83d\udd0b 4. Eine Maschine. zwei Geschmacksrichtungen = h\u00f6here Kostenleistung<\/strong><br \/>\nEin Ger\u00e4t. Zwei Geschmacksrichtungen. 40.000 Bissen mit ultralanger Batterielebensdauer. So k\u00f6nnen Sie mehr Geschmacksvariationen zu einem geringeren Preis erleben.<\/p>\n<p>\ud83d\udc49 Mehr Zugfestigkeit. billiger und mehr Spa\u00df<\/p>\n<h2><strong>\ud83c\udf1fErweiterte Vaping-Technologie<\/strong><\/h2>\n<h2><strong>\u2699\ufe0fAdvanced Maschenspule<\/strong><\/h2>\n<p>Die Uwin Crystal Twins haben ein\u00a0<strong>0,6\u03a9*2 Maschen Spule<\/strong>. Diese fortschrittliche Technologie garantiert ein reibungsloses und zuverl\u00e4ssiges Dampferlebnis mit jedem Zug. Sie werden reichhaltigen Geschmack und befriedigende Dampfproduktion genie\u00dfen. Das macht ihn ideal f\u00fcr neue und erfahrene Dampfer gleicherma\u00dfen.<\/p>\n<h3><strong>\ud83e\uddeaNikotin-Optionen<\/strong><\/h3>\n<p>Die Nutzer k\u00f6nnen ihre bevorzugte Nikotinst\u00e4rke w\u00e4hlen aus\u00a0<strong>2%<\/strong>\u00a0und\u00a0<strong>5%<\/strong>. Diese Flexibilit\u00e4t erm\u00f6glicht es Ihnen, Ihr Dampferlebnis individuell zu gestalten und sorgt f\u00fcr Zufriedenheit ohne \u00fcberw\u00e4ltigende Intensit\u00e4t. Die Anpassung des Nikotingehalts an Ihren Geschmack steigert Ihren Gesamtgenuss.<\/p>\n<p>\ud83d\udd39 2% (leichtes Nikotin)<br \/>\n\u2705<strong>\u00a0Ein sanfter Schlag in die Kehle<\/strong>. weich, aber nicht zu hart<\/p>\n<p>\u2705 ist f\u00fcr Benutzer geeignet, die gerade erst mit dem Gebrauch von E-Zigaretten beginnen oder auf hohe Konzentrationen umsteigen<\/p>\n<p>\u2705 Ausgewogener Geschmack mit milder S\u00e4ttigung<\/p>\n<p>\ud83d\udd39 5% (hohe Nikotinkonzentration)<br \/>\n\u2705\u00a0<strong>Starkes Gef\u00fchl in der Kehle. Befriedigt starke Raucher<\/strong><\/p>\n<p>\u2705 ist anregender als herk\u00f6mmliche Zigaretten<\/p>\n<p>\u2705 wird f\u00fcr Personen mit Erfahrung empfohlen, aber Anf\u00e4nger sollten mit Vorsicht vorgehen<\/p>\n<p><strong>\ud83e\udde0 Warme Erinnerung:<\/strong><br \/>\nDie Wahl der richtigen Nikotinkonzentration ist sehr wichtig: Anf\u00e4ngern wird empfohlen, mit 2% zu beginnen.<\/p>\n<h2><strong>\ud83d\ude80Smart Display und Luftstromsteuerung<\/strong><\/h2>\n<p><strong>\ud83d\udcf1Echtzeit-\u00dcberwachung<\/strong><\/p>\n<p>Das integrierte Smart-Display zeigt die Akkulaufzeit und die Anzahl der Puffs in Echtzeit an. Diese Funktion h\u00e4lt Dich \u00fcber Deine Nutzung auf dem Laufenden, sodass Du Deine Vaping-Sessions effektiv verwalten kannst. Wenn Sie wissen, wie viele Z\u00fcge Sie noch haben, k\u00f6nnen Sie Ihren Tag besser planen.<\/p>\n<p><strong>\ud83d\udca8Einstellbarer Luftstrom<\/strong><\/p>\n<p>Mit dem Airflow-Kontrollsystem k\u00f6nnen Sie Ihr Dampferlebnis ganz nach Ihren W\u00fcnschen gestalten. Egal, ob Sie einen festeren Zug oder einen luftigeren Zug bevorzugen, der Uwin Crystal Twins passt sich Ihren Vorlieben an und sorgt f\u00fcr ein individuelles Erlebnis.<\/p>\n<h2><strong>\ud83e\udd1d Benutzerfreundliches Design | UWIN. denkt wirklich an jedes Detail f\u00fcr den Benutzer.<\/strong><\/h2>\n<p>Der Uwin Crystal Twins 40000 ist unglaublich einfach zu bedienen, dank seiner\u00a0<strong>Ziehharmonikamechanismus<\/strong>. Diese Funktion macht es perfekt f\u00fcr Anf\u00e4nger und erfahrene Verdampfer. Sie einfach inhalieren, um das Ger\u00e4t zu aktivieren. so dass es intuitiv und problemlos.<\/p>\n<p><strong>\ud83d\udd0b Smart Display. Informationen auf einen Blick<\/strong><br \/>\nAusgestattet mit einem intelligenten LED-Bildschirm f\u00fcr die Echtzeitanzeige:<\/p>\n<p>\ud83d\udd0b Batteriekapazit\u00e4t<\/p>\n<p>\ud83d\udca7 \u00dcbriggebliebenes E-Liquid<\/p>\n<p>Verabschieden Sie sich von\u00a0<strong>\"Angst vor blindem Saugen\"<\/strong>\u00a0und nehmen Sie jeden Schluck mit ruhigem Gewissen.<\/p>\n<p><strong>\ud83d\udd0c Typ-C-Schnellladeschnittstelle<\/strong><br \/>\nStandardm\u00e4\u00dfig ausgestattet mit\u00a0<strong>Typ-C<\/strong>\u00a0Schnittstelle. Es l\u00e4dt schneller und bequemer. Es kann innerhalb von 30 Minuten schnell aufgeladen werden und Sie k\u00f6nnen jederzeit ohne Druck losfahren.<\/p>\n<p><strong>\ud83d\udd07 Ger\u00e4uscharme Zerst\u00e4ubung<\/strong><br \/>\nDie neue Generation des Netzkerns und die optimierte Luftstromstruktur\u00a0<strong>Verringerung von L\u00e4rm und St\u00f6rungen des Luftstroms<\/strong>. macht das Rauchen leiser und komfortabler. und eignet sich f\u00fcr verschiedene Szenarien.<\/p>\n<p><strong>\ud83e\uddca Verbesserung der Dichtheit der Struktur<\/strong><br \/>\nDurch die Verwendung mehrerer Technologien zur Verhinderung von \u00d6lleckagen und einer unabh\u00e4ngigen \u00d6ltankstruktur wird das Auslaufen von E-Liquid wirksam verhindert, was die Sicherheit f\u00fcr den Benutzer erh\u00f6ht.\u00a0<strong>zu tragen und sorgenfrei zu verwenden.<\/strong><\/p>\n<p><strong>\ud83d\udc4b Ergonomischer Griff<\/strong><br \/>\nDie UWIN Crystal-Serie zeichnet sich durch ein abgerundetes Design und ein leichtes Geh\u00e4use aus. Sie\u00a0<strong>passt sich der Handfl\u00e4che an. bietet einen bequemen Griff. und ist sowohl f\u00fcr M\u00e4nner als auch f\u00fcr Frauen geeignet.<\/strong>\u00a0Damit haben Sie immer den richtigen Griff.<\/p>\n<h2><strong>\ud83d\udc46Warum die Uwin Crystal Twins 40000 Puffs w\u00e4hlen?<\/strong><\/h2>\n<h3><strong>\ud83d\udd39Ideal f\u00fcr anspruchsvolle Vaper<\/strong><\/h3>\n<p>Dieses Ger\u00e4t ist eine fantastische Option f\u00fcr diejenigen, die Komfort und Leistung suchen. Mit seiner gro\u00dfen Auswahl an Aromen und seinem innovativen Design erf\u00fcllt der Uwin Crystal Twins die Vorlieben anspruchsvoller Dampfer und stellt sicher, dass jeder etwas findet, das ihm gef\u00e4llt.<\/p>\n<h3><strong>\ud83d\udd39Perfekt f\u00fcr Gro\u00dfhandelschancen<\/strong><\/h3>\n<p>Wenn Sie Einzelh\u00e4ndler oder Distributor sind, ist der Uwin Crystal Twins eine gro\u00dfartige Erg\u00e4nzung f\u00fcr Ihren Bestand. Die hohe Puffzahl, die vielf\u00e4ltigen Geschmacksoptionen und die wettbewerbsf\u00e4higen\u00a0<strong>Preis<\/strong>\u00a0machen ihn zu einem attraktiven Produkt f\u00fcr Kunden. Dieser Verdampfer ist sicher, die wachsende Nachfrage nach hochwertigen Einwegverdampfern zu befriedigen.<\/p>\n<h3><strong>\ud83d\udd39Exzellente Bewertungen und Leistungen<\/strong><\/h3>\n<p>Die Uwin-Kristallzwillinge haben positive Kritiken erhalten\u00a0<strong>Bewertungen<\/strong>\u00a0von Benutzern, die seine Leistung und Vielseitigkeit sch\u00e4tzen. Seine Kombination aus leistungsstarken Funktionen und benutzerfreundlichem Design macht ihn zu einer Ausnahmeerscheinung auf dem Markt und damit zu einem Muss f\u00fcr jeden Vaping-Enthusiasten.<\/p>\n<h2><strong>\ud83c\udfaf Ideal. auch w\u00e4hlerisch E-Zigarette-- UWIN Crystal Twins 40000<\/strong><\/h2>\n<h3><strong>Es geht nicht nur um E-Zigaretten, sondern auch um eine gewisse Akribie.<\/strong><\/h3>\n<p>Als ein f\u00fchrender Anbieter von Einweg-Vapes.\u00a0<strong>uwin-vpae.com<\/strong>\u00a0bietet die\u00a0<strong>Uwin Kristallzwillinge 40000 Puffs<\/strong>\u00a0zu wettbewerbsf\u00e4higen Preisen. Egal, ob Sie Ihre Verkaufsregale auff\u00fcllen oder einfach nur ein gro\u00dfartiges Dampferlebnis genie\u00dfen m\u00f6chten, dieses Ger\u00e4t ist die perfekte Wahl. Verpassen Sie nicht die Gelegenheit, Ihr Vaping-Spiel zu verbessern. Besuchen Sie\u00a0<strong>uwin-vape.com<\/strong>\u00a0um Ihre Bestellung aufzugeben und unsere gesamte Produktpalette zu entdecken!<\/p>\n<\/section>\n<\/div>","protected":false},"excerpt":{"rendered":"<ul>\n<li data-start=\"180\" data-end=\"216\"><span style=\"color: #ff6600;\"><strong>Alle Preise sind pro St\u00fcck angegeben<\/strong><\/span><\/li>\n<li data-start=\"217\" data-end=\"257\">\n<p data-start=\"219\" data-end=\"257\"><span style=\"color: #ff6600;\"><strong>Mindestbestellmenge: 3 St\u00fcck<\/strong><\/span><\/p>\n<\/li>\n<\/ul>\n<p data-start=\"329\" data-end=\"466\"><strong><span style=\"color: #000000;\">\ud83d\ude9a Diese Politik hilft uns, bessere Preise und einen schnelleren Versand anzubieten.<\/span><\/strong><br data-start=\"394\" data-end=\"397\" \/><strong><span style=\"color: #000000;\">\ud83d\udcac Fragen? Wir helfen Ihnen gerne weiter!<\/span><\/strong><br data-start=\"431\" data-end=\"434\" \/><strong><span style=\"color: #000000;\">\ud83d\udcf2 WhatsApp: <a style=\"color: #000000;\" href=\"https:\/\/wa.me\/+64204871919\" target=\"_blank\" rel=\"noreferrer noopener\">+64 20 487 1919<\/a><\/span><\/strong><\/p>","protected":false},"featured_media":2289,"template":"","meta":[],"product_brand":[],"product_cat":[114],"product_tag":[],"class_list":{"0":"post-2288","1":"product","2":"type-product","3":"status-publish","4":"has-post-thumbnail","6":"product_cat-uwin-pl","8":"first","9":"instock","10":"shipping-taxable","11":"purchasable","12":"product-type-variable","13":"has-default-attributes"},"tiered_pricing_type":"fixed","tiered_pricing_fixed_rules":[],"tiered_pricing_product_settings":{"layout":"default","base_unit_name":{"singular":null,"plural":null},"default_variation":null},"tiered_pricing_minimum_quantity":null,"tiered_pricing_roles_data":[],"tiered_pricing_percentage_rules":[],"tiered_pricing_maximum_quantity":null,"tiered_pricing_quantity_step":null,"_links":{"self":[{"href":"https:\/\/uwin-shop.com\/de\/wp-json\/wp\/v2\/product\/2288","targetHints":{"allow":["GET"]}}],"collection":[{"href":"https:\/\/uwin-shop.com\/de\/wp-json\/wp\/v2\/product"}],"about":[{"href":"https:\/\/uwin-shop.com\/de\/wp-json\/wp\/v2\/types\/product"}],"wp:featuredmedia":[{"embeddable":true,"href":"https:\/\/uwin-shop.com\/de\/wp-json\/wp\/v2\/media\/2289"}],"wp:attachment":[{"href":"https:\/\/uwin-shop.com\/de\/wp-json\/wp\/v2\/media?parent=2288"}],"wp:term":[{"taxonomy":"product_brand","embeddable":true,"href":"https:\/\/uwin-shop.com\/de\/wp-json\/wp\/v2\/product_brand?post=2288"},{"taxonomy":"product_cat","embeddable":true,"href":"https:\/\/uwin-shop.com\/de\/wp-json\/wp\/v2\/product_cat?post=2288"},{"taxonomy":"product_tag","embeddable":true,"href":"https:\/\/uwin-shop.com\/de\/wp-json\/wp\/v2\/product_tag?post=2288"}],"curies":[{"name":"wp","href":"https:\/\/api.w.org\/{rel}","templated":true}]}}