{"id":2554,"date":"2025-07-16T12:46:23","date_gmt":"2025-07-16T04:46:23","guid":{"rendered":"https:\/\/uwin-shop.com\/?post_type=product&#038;p=2554"},"modified":"2025-08-21T04:48:18","modified_gmt":"2025-08-20T20:48:18","slug":"randm-uwin-tornado-music-35000-puffs%ef%bc%88shipping-from-poland%ef%bc%89-1","status":"publish","type":"product","link":"https:\/\/uwin-shop.com\/de\/produkt\/randm-uwin-tornado-music-35000-puffs%ef%bc%88shipping-from-poland%ef%bc%89-1\/","title":{"rendered":"RandM UWIN Tornado Music 35000 Puffs\uff08Versand aus Polen\uff09"},"content":{"rendered":"<div id=\"tab-description\" class=\"woocommerce-Tabs-panel woocommerce-Tabs-panel--description panel entry-content active\" role=\"tabpanel\" aria-labelledby=\"tab-title-description\">\n<h1><strong>\ud83c\udf1f UWIN 35.000-Z\u00fcge E-Zigarette - Smart Rhythm. man ist zu Hause!<\/strong><\/h1>\n<h2><strong>\ud83d\ude80 super lange Akkulaufzeit.<\/strong><strong>\u00a035.000 Puffs<\/strong><strong>\u00a0super gro\u00dfe Kapazit\u00e4t<\/strong><\/h2>\n<h4>Ein UWIN entspricht mehreren herk\u00f6mmlichen E-Zigaretten! Mit einer ultra-langen Akkulaufzeit von\u00a0<strong>35.000 Puffs<\/strong>. er h\u00e4lt nicht nur l\u00e4nger, sondern spart auch eine Menge Geld, was ihn zur idealen Wahl f\u00fcr Vielnutzer macht.<\/h4>\n<h2><strong>\ud83c\udfb5 Die Lichter bewegen sich im Rhythmus der Musik. Das exklusive Stimmungsger\u00e4t der Trendsetter<\/strong><\/h2>\n<h4>Dr\u00fccken Sie einfach die untere Taste, um die\u00a0<strong>Blendender Lichteffekt-Modus<\/strong>. Mit dem eingebauten Audio-Sensor-Chip.\u00a0<strong>die Lichter tanzen im Rhythmus der Musik<\/strong>. die den ganzen Saal zum Toben bringen!<\/h4>\n<h4>Ob auf einer Party, in einer Bar oder nachts auf der Stra\u00dfe.\u00a0<strong>die lichter tanzen im rhythmus. cool bis zum abwinken. und du bist der Mittelpunkt der ganzen szene!<\/strong><\/h4>\n<h2><strong>\ud83d\udd18 Die coolen Tasten an der Unterseite sind einfach zu bedienen<\/strong><\/h2>\n<h4>Ausgestattet mit einem unabh\u00e4ngigen\u00a0<strong>Multifunktionstaste unten<\/strong>. es ist einfach, den Lichteffekt-Modus zu wechseln, das Ger\u00e4t zu aktivieren oder den Status zu \u00fcberpr\u00fcfen. bietet eine doppelte Erfahrung von Technologie und Kontrolle.<\/h4>\n<h2><strong>\ud83d\udca8 Hohe Rauchmenge. Erfrischend f\u00fcr die Lunge<\/strong><\/h2>\n<h4>Das Ger\u00e4t verf\u00fcgt \u00fcber einen gro\u00dfen Rauchaussto\u00df und erf\u00fcllt die hohen Anforderungen von Langzeitrauchern an eine<strong>\u00a0\"Ein echtes Raucherlebnis\"<\/strong>. ein erfrischendes Gef\u00fchl, das bis in die Kehle reicht!<\/h4>\n<h2><strong>\ud83d\udd0b Typ-C Schnellladung. eine Ladung f\u00fcr mehrere Tage<\/strong><\/h2>\n<h4>Ausgestattet mit\u00a0<strong>Hochgeschwindigkeits-Schnellladeschnittstelle Typ-C<\/strong>. die Ladegeschwindigkeit ist schneller. und der 850-mAh-Akku h\u00e4lt die Akkuleistung kontinuierlich f\u00fcr eine lange Zeit!<\/h4>\n<h2><strong>\ud83e\uddeaUWIN\u00a0<\/strong><strong>35.000 Puffs\u00a0<\/strong><strong>E-Zigarette - Auswahl des Nikotingehalts<\/strong><\/h2>\n<h4>Die UWIN 35.000-Puffs E-Zigarette verwendet hochwertige Materialien und fortschrittliche Zerst\u00e4ubungstechnologie, um den Nutzern ein lang anhaltendes und sanftes Raucherlebnis zu bieten. Je nach den Bed\u00fcrfnissen der verschiedenen Benutzer. UWIN bietet die folgenden Optionen f\u00fcr den Nikotingehalt:<\/h4>\n<h3><strong>\ud83d\udfe1 2% Nikotin (leichtes Nikotin)<\/strong><br \/>\nGeeignet f\u00fcr: Benutzer, die ihre Nikotinzufuhr reduzieren und ihre Rauchsucht kontrollieren wollen<\/h3>\n<h4>Eigenschaften: Leichte S\u00e4ttigung. Geeignet f\u00fcr schrittweise Reduzierung<\/h4>\n<h4>Erfahrung: Geschmeidig, ohne zu w\u00fcrgen. f\u00fcr den leichten t\u00e4glichen Gebrauch geeignet<\/h4>\n<h3><strong>\ud83d\udd34 5% Nikotin (hoher Nikotingehalt)<\/strong><br \/>\nGeeignet f\u00fcr: starke Raucher oder Personen mit einem hohen Nikotinbedarf<\/h3>\n<h4>Eigenschaften: Starkes Gef\u00fchl in der Kehle. Hohe Zufriedenheit<\/h4>\n<h4>Erfahrung: Ein Erlebnis, das dem von herk\u00f6mmlichen Zigaretten nahe kommt. Lindert schnell das Verlangen nach Zigaretten<\/h4>\n<h2><strong>\ud83c\udfa8Eine Vielzahl von beliebten Geschmacksrichtungen stehen zur Auswahl<\/strong><\/h2>\n<h4>Heidelbeere Himbeere Sommer Pfirsich Eis Kirsche Eis Kiwi Passionsfrucht Guave Gemischte Beeren......<\/h4>\n<h4>Jeder Bissen ist erstaunlich, und die Aromen sind nie gleich!<\/h4>\n<h4>Jeder Schluck ist wie ein Saft. mit einem echten und authentischen Geschmack, der am Gaumen verbleibt.<\/h4>\n<h2><strong>\u2728Uwin Crystal 35000 Puffs Music Hauptmerkmale<\/strong><\/h2>\n<h4><strong>Puff-Kapazit\u00e4t:<\/strong>\u00a0Bis zu 30.000 Z\u00fcge f\u00fcr eine l\u00e4ngere Nutzung.<br \/>\n<strong>Nikotin-Optionen:<\/strong>\u00a0Erh\u00e4ltlich in 0%. 2%. 3%. und 5% Nikotinkonzentrationen, um verschiedenen Vorlieben gerecht zu werden.<br \/>\n<strong>Wiederaufladbare Batterie:\u00a0<\/strong>600-mAh-Akku, der \u00fcber einen Typ-C-Anschluss zum schnellen Aufladen aufgeladen werden kann.<br \/>\n<strong>Mesh-Spule:\u00a0<\/strong>1.0\u03a9 Widerstandsspule f\u00fcr \u00fcberlegenen Geschmack und glatte Dampfproduktion.<br \/>\n<strong>Musiksynchronisierte LED-Lichter:<\/strong>\u00a0Lichter, die Farbe und Muster mit Ihrer Musik f\u00fcr eine visuell spannende vaping Erfahrung \u00e4ndern.<br \/>\n<strong>Geschmacksvielfalt:\u00a0<\/strong>Erh\u00e4ltlich in 30 k\u00f6stlichen Geschmacksrichtungen, die jedem Gaumen schmeicheln.<br \/>\n<strong>Leicht und tragbar:<\/strong>\u00a0Leicht zu transportieren und damit eine ausgezeichnete Wahl f\u00fcr das Vaping unterwegs.<\/h4>\n<h2><strong>\ud83d\udd25 UWIN 35.000 Puffs E-Zigarette. Wird sie Ihnen passen?<\/strong><\/h2>\n<h4>\u2705 Sie lieben trendige Technik?<br \/>\n\u2705 Sie wollen eine besonders lange Akkulaufzeit?<br \/>\n\u2705 Sie lieben leichte Atmosph\u00e4ren und einzigartige Erlebnisse?<br \/>\nDann m\u00fcssen Sie eine\u00a0<strong>UWIN<\/strong>!<\/h4>\n<h4>Die\u00a0<strong>Uwin Tornado 35K Musik Einweg-Vape<\/strong>\u00a0ist als Gro\u00dfeinkauf erh\u00e4ltlich bei\u00a0<strong>uwin-vape.com<\/strong>. Erh\u00f6hen Sie Ihr Vape-Gesch\u00e4ft, indem Sie Ihren Kunden die neueste Vaping-Technologie und innovative Aromen anbieten. Besuchen Sie\u00a0<strong>uwin-vape.com<\/strong>\u00a0um Ihre Bestellung aufzugeben und unsere gesamte Produktpalette zu entdecken!<\/h4>\n<\/div>","protected":false},"excerpt":{"rendered":"<ul>\n<li data-start=\"180\" data-end=\"216\"><span style=\"color: #ff6600;\"><strong>Alle Preise sind pro St\u00fcck angegeben<\/strong><\/span><\/li>\n<li data-start=\"217\" data-end=\"257\">\n<p data-start=\"219\" data-end=\"257\"><span style=\"color: #ff6600;\"><strong>Mindestbestellmenge: 3 St\u00fcck<\/strong><\/span><\/p>\n<\/li>\n<\/ul>\n<p data-start=\"329\" data-end=\"466\"><strong><span style=\"color: #000000;\">\ud83d\ude9a Diese Politik hilft uns, bessere Preise und einen schnelleren Versand anzubieten.<\/span><\/strong><br data-start=\"394\" data-end=\"397\" \/><strong><span style=\"color: #000000;\">\ud83d\udcac Fragen? Wir helfen Ihnen gerne weiter!<\/span><\/strong><br data-start=\"431\" data-end=\"434\" \/><strong><span style=\"color: #000000;\">\ud83d\udcf2 WhatsApp: <a style=\"color: #000000;\" href=\"https:\/\/wa.me\/+64204871919\" target=\"_blank\" rel=\"noreferrer noopener\">+64 20 487 1919<\/a><\/span><\/strong><\/p>","protected":false},"featured_media":2312,"template":"","meta":[],"product_brand":[],"product_cat":[15],"product_tag":[],"class_list":{"0":"post-2554","1":"product","2":"type-product","3":"status-publish","4":"has-post-thumbnail","6":"product_cat-uncategorized","8":"first","9":"instock","10":"shipping-taxable","11":"purchasable","12":"product-type-variable","13":"has-default-attributes"},"tiered_pricing_type":"fixed","tiered_pricing_fixed_rules":[],"tiered_pricing_product_settings":{"layout":"default","base_unit_name":{"singular":null,"plural":null},"default_variation":null},"tiered_pricing_minimum_quantity":null,"tiered_pricing_roles_data":[],"tiered_pricing_percentage_rules":[],"tiered_pricing_maximum_quantity":null,"tiered_pricing_quantity_step":null,"_links":{"self":[{"href":"https:\/\/uwin-shop.com\/de\/wp-json\/wp\/v2\/product\/2554","targetHints":{"allow":["GET"]}}],"collection":[{"href":"https:\/\/uwin-shop.com\/de\/wp-json\/wp\/v2\/product"}],"about":[{"href":"https:\/\/uwin-shop.com\/de\/wp-json\/wp\/v2\/types\/product"}],"wp:featuredmedia":[{"embeddable":true,"href":"https:\/\/uwin-shop.com\/de\/wp-json\/wp\/v2\/media\/2312"}],"wp:attachment":[{"href":"https:\/\/uwin-shop.com\/de\/wp-json\/wp\/v2\/media?parent=2554"}],"wp:term":[{"taxonomy":"product_brand","embeddable":true,"href":"https:\/\/uwin-shop.com\/de\/wp-json\/wp\/v2\/product_brand?post=2554"},{"taxonomy":"product_cat","embeddable":true,"href":"https:\/\/uwin-shop.com\/de\/wp-json\/wp\/v2\/product_cat?post=2554"},{"taxonomy":"product_tag","embeddable":true,"href":"https:\/\/uwin-shop.com\/de\/wp-json\/wp\/v2\/product_tag?post=2554"}],"curies":[{"name":"wp","href":"https:\/\/api.w.org\/{rel}","templated":true}]}}