{"id":1046,"date":"2025-03-27T20:28:59","date_gmt":"2025-03-27T12:28:59","guid":{"rendered":"https:\/\/uwin-vape.com\/?page_id=1046"},"modified":"2025-03-27T20:28:59","modified_gmt":"2025-03-27T12:28:59","slug":"terms-of-service","status":"publish","type":"page","link":"https:\/\/uwin-shop.com\/es_es\/terms-of-service\/","title":{"rendered":"CONDICIONES DEL SERVICIO"},"content":{"rendered":"<p>Bienvenido a <strong><a class=\"\" href=\"https:\/\/uwin-vape.com\/\">Uwin-Vape.com<\/a><\/strong>. Al utilizar nuestro sitio web y nuestros servicios, usted acepta cumplir lo siguiente <strong>Condiciones de uso<\/strong>. Lea atentamente estas condiciones antes de realizar cualquier compra o utilizar nuestro sitio.<\/p>\n\n\n\n<h3 class=\"wp-block-heading\"><strong>1. ACEPTACI\u00d3N DE LAS CONDICIONES<\/strong><\/h3>\n\n\n\n<p>Al acceder o utilizar <strong>Uwin-Vape.com<\/strong>acepta quedar vinculado por las presentes <strong>Condiciones de uso<\/strong> y nuestro <strong>Pol\u00edtica de privacidad<\/strong>. Si no est\u00e1 de acuerdo con estas condiciones, debe dejar de utilizar inmediatamente nuestro sitio web.<\/p>\n\n\n\n<h3 class=\"wp-block-heading\"><strong>2. REGISTRO DE CUENTAS<\/strong><\/h3>\n\n\n\n<p>Para realizar compras en nuestro sitio, es posible que deba crear una cuenta. Usted se compromete a facilitar informaci\u00f3n exacta, actual y completa durante el registro y a mantener actualizados los datos de su cuenta. Usted es responsable de mantener la confidencialidad de las credenciales de su cuenta y de todas las actividades que se realicen con ella.<\/p>\n\n\n\n<h3 class=\"wp-block-heading\"><strong>3. PRODUCTOS Y PRECIOS<\/strong><\/h3>\n\n\n\n<ul class=\"wp-block-list\">\n<li>Todos los productos y servicios est\u00e1n sujetos a disponibilidad. Nos reservamos el derecho a limitar la cantidad de productos adquiridos o a rechazar pedidos en caso necesario.<\/li>\n\n\n\n<li>Los precios indicados en el sitio web est\u00e1n sujetos a cambios sin previo aviso.<\/li>\n\n\n\n<li><strong>Uwin-Vape.com<\/strong> hace todo lo posible por ofrecer descripciones de productos y precios precisos, pero ocasionalmente pueden producirse errores. Si descubrimos un error, se lo notificaremos y le daremos la opci\u00f3n de cancelar o ajustar su pedido.<\/li>\n<\/ul>\n\n\n\n<h3 class=\"wp-block-heading\"><strong>4. PAGO<\/strong><\/h3>\n\n\n\n<p>Aceptamos varios m\u00e9todos de pago, incluidas tarjetas de cr\u00e9dito\/d\u00e9bito y otras formas de pago en l\u00ednea. Al realizar un pedido, usted confirma que la informaci\u00f3n de pago facilitada es exacta y que nos autoriza a cargar el importe aplicable a su m\u00e9todo de pago.<\/p>\n\n\n\n<h3 class=\"wp-block-heading\"><strong>5. ENV\u00cdO Y ENTREGA<\/strong><\/h3>\n\n\n\n<p>Enviamos productos desde <strong>Polonia y Alemania<\/strong>. Los plazos y gastos de env\u00edo variar\u00e1n en funci\u00f3n de su ubicaci\u00f3n. Nuestro objetivo es entregar su pedido dentro del plazo estimado, pero la entrega puede retrasarse debido a factores fuera de nuestro control (por ejemplo, retrasos en aduanas, condiciones meteorol\u00f3gicas).<\/p>\n\n\n\n<p>Consulte nuestra <strong>Pol\u00edtica de env\u00edos<\/strong> para m\u00e1s detalles sobre env\u00edos, aduanas y plazos de entrega.<\/p>\n\n\n\n<h3 class=\"wp-block-heading\"><strong>6. DEVOLUCIONES Y REEMBOLSOS<\/strong><\/h3>\n\n\n\n<p>Si no est\u00e1 satisfecho con su compra, le ofrecemos devoluciones y reembolsos de acuerdo con nuestro <strong>Pol\u00edtica de devoluciones y reembolsos<\/strong>. Para iniciar una devoluci\u00f3n, p\u00f3ngase en contacto con nuestro equipo de atenci\u00f3n al cliente en el plazo de <strong>7 d\u00edas<\/strong> de recibir su pedido.<\/p>\n\n\n\n<p>Los productos devueltos deben estar sin usar y en su estado original. Consulte nuestra <strong>Pol\u00edtica de devoluciones y reembolsos<\/strong> para obtener instrucciones y condiciones detalladas.<\/p>\n\n\n\n<h3 class=\"wp-block-heading\"><strong>7. CONDUCTA DEL USUARIO<\/strong><\/h3>\n\n\n\n<p>Usted se compromete a utilizar nuestro sitio web \u00fanicamente con fines l\u00edcitos y a abstenerse de toda conducta que:<\/p>\n\n\n\n<ul class=\"wp-block-list\">\n<li>Viole cualquier ley o normativa local, nacional o internacional.<\/li>\n\n\n\n<li>Perjudique, amenace o interrumpa el funcionamiento del sitio web o de sus usuarios.<\/li>\n\n\n\n<li>Implique la transmisi\u00f3n de contenidos da\u00f1inos, difamatorios o ilegales.<\/li>\n<\/ul>\n\n\n\n<h3 class=\"wp-block-heading\"><strong>8. PROPIEDAD INTELECTUAL<\/strong><\/h3>\n\n\n\n<p>Todos los contenidos de <strong>Uwin-Vape.com<\/strong>incluyendo descripciones de productos, im\u00e1genes, marcas registradas y logotipos, es propiedad de <strong>Uwin-Vape.com<\/strong> o sus socios y est\u00e1 protegido por las leyes de derechos de autor y propiedad intelectual. Queda prohibido utilizar, reproducir o distribuir cualquier contenido de este sitio sin autorizaci\u00f3n previa por escrito.<\/p>\n\n\n\n<h3 class=\"wp-block-heading\"><strong>9. LIMITACI\u00d3N DE RESPONSABILIDAD<\/strong><\/h3>\n\n\n\n<p>No nos hacemos responsables de ning\u00fan da\u00f1o directo, indirecto, incidental, especial o consecuente que resulte de:<\/p>\n\n\n\n<ul class=\"wp-block-list\">\n<li>El uso o la imposibilidad de usar nuestro sitio web o nuestros servicios.<\/li>\n\n\n\n<li>Errores u omisiones en el contenido del sitio web.<\/li>\n\n\n\n<li>Todos los productos adquiridos a trav\u00e9s de <strong>Uwin-Vape.com<\/strong>.<\/li>\n<\/ul>\n\n\n\n<h3 class=\"wp-block-heading\"><strong>10. INDEMNIZACI\u00d3N<\/strong><\/h3>\n\n\n\n<p>Usted acepta indemnizar y mantener <strong>Uwin-Vape.com<\/strong> de cualquier reclamaci\u00f3n, p\u00e9rdida, da\u00f1o o responsabilidad derivada de su uso del sitio web, incluida cualquier infracci\u00f3n de estas Condiciones de servicio.<\/p>\n\n\n\n<h3 class=\"wp-block-heading\"><strong>11. CAMBIOS EN LAS CONDICIONES<\/strong><\/h3>\n\n\n\n<p>Nos reservamos el derecho a actualizar o modificar estos <strong>Condiciones de uso<\/strong> en cualquier momento sin previo aviso. La versi\u00f3n actualizada se publicar\u00e1 en nuestro sitio web y los cambios entrar\u00e1n en vigor inmediatamente despu\u00e9s de su publicaci\u00f3n.<\/p>\n\n\n\n<h3 class=\"wp-block-heading\"><strong>12. LEGISLACI\u00d3N APLICABLE<\/strong><\/h3>\n\n\n\n<p>Estos <strong>Condiciones de uso<\/strong> se rigen e interpretan de acuerdo con las leyes de <strong>[Su jurisdicci\u00f3n]<\/strong>sin tener en cuenta los principios de conflicto de leyes. Cualquier disputa que surja del uso de <strong>Uwin-Vape.com<\/strong> se resolver\u00e1n en los tribunales de <strong>[Su jurisdicci\u00f3n]<\/strong>.<\/p>\n\n\n\n<h3 class=\"wp-block-heading\"><strong>13. CONTACTO<\/strong><\/h3>\n\n\n\n<p>Para cualquier pregunta o duda sobre estos <strong>Condiciones de uso<\/strong>p\u00f3ngase en contacto con nosotros:<br><strong>Correo electr\u00f3nico:<\/strong> <a>support@uwin-vape.com<\/a><br><strong>WhatsApp:<\/strong>\u00a0<a href=\"https:\/\/wa.me\/+64204871919\" target=\"_blank\" rel=\"noreferrer noopener\">+64 20 487 1919<\/a><\/p>\n\n\n\n<p>Al utilizar este sitio web, usted se compromete a respetar las siguientes condiciones <strong>Condiciones de uso<\/strong>. Gracias por elegir <strong>Uwin-Vape.com<\/strong>!<\/p>\n\n\n\n<p>4o mini<\/p>","protected":false},"excerpt":{"rendered":"<p>Welcome to Uwin-Vape.com. By using our website and services, you agree to comply with the following Terms of Service. Please read these terms carefully before making any purchases or using our site. 1. ACCEPTANCE OF TERMS By accessing or using Uwin-Vape.com, you agree to be bound by these Terms of Service and our Privacy Policy. [&#8230;]","protected":false},"author":1,"featured_media":0,"parent":0,"menu_order":0,"comment_status":"closed","ping_status":"closed","template":"","meta":{"footnotes":""},"class_list":["post-1046","page","type-page","status-publish","hentry"],"_links":{"self":[{"href":"https:\/\/uwin-shop.com\/es_es\/wp-json\/wp\/v2\/pages\/1046","targetHints":{"allow":["GET"]}}],"collection":[{"href":"https:\/\/uwin-shop.com\/es_es\/wp-json\/wp\/v2\/pages"}],"about":[{"href":"https:\/\/uwin-shop.com\/es_es\/wp-json\/wp\/v2\/types\/page"}],"author":[{"embeddable":true,"href":"https:\/\/uwin-shop.com\/es_es\/wp-json\/wp\/v2\/users\/1"}],"replies":[{"embeddable":true,"href":"https:\/\/uwin-shop.com\/es_es\/wp-json\/wp\/v2\/comments?post=1046"}],"version-history":[{"count":1,"href":"https:\/\/uwin-shop.com\/es_es\/wp-json\/wp\/v2\/pages\/1046\/revisions"}],"predecessor-version":[{"id":1047,"href":"https:\/\/uwin-shop.com\/es_es\/wp-json\/wp\/v2\/pages\/1046\/revisions\/1047"}],"wp:attachment":[{"href":"https:\/\/uwin-shop.com\/es_es\/wp-json\/wp\/v2\/media?parent=1046"}],"curies":[{"name":"wp","href":"https:\/\/api.w.org\/{rel}","templated":true}]}}