{"id":1067,"date":"2025-03-28T16:18:17","date_gmt":"2025-03-28T08:18:17","guid":{"rendered":"https:\/\/uwin-vape.com\/?page_id=1067"},"modified":"2025-03-28T16:20:38","modified_gmt":"2025-03-28T08:20:38","slug":"about-us","status":"publish","type":"page","link":"https:\/\/uwin-shop.com\/es_es\/about-us\/","title":{"rendered":"Qui\u00e9nes somos"},"content":{"rendered":"<h1 class=\"main-page-title page-title h0 scroll-trigger animate--fade-in\" style=\"text-align: center;\">Qui\u00e9nes somos<\/h1>\n<div class=\"rte scroll-trigger animate--slide-in\">\n<h2><strong>SOMOS\u00a0<\/strong><strong>UwinVape<\/strong><\/h2>\n<p>En cada inhalaci\u00f3n, los ecos del mundo me responden<\/p>\n<p><img loading=\"lazy\" decoding=\"async\" src=\"https:\/\/cdn.shopify.com\/s\/files\/1\/0709\/4511\/2306\/files\/1-2-scaled_480x480.jpg?v=1728724089\" alt=\"\" width=\"576\" height=\"180\" \/><\/p>\n<h4><strong>NUESTRA HISTORIA<\/strong><\/h4>\n<p>UwinVape fue fundada en 2013 por el entusiasta de la tecnolog\u00eda Victor Yang, que ha estado buscando activamente mejores alternativas al tabaquismo. UwinVape se ha convertido en una marca innovadora, querida por los j\u00f3venes por sus productos \u00fanicos y potentes. Nos esforzamos por ser una fuerza positiva que celebra todas las cosas bellas mientras inspira a la gente a perseguir sus pasiones. Somos UwinVape y los productos que creamos son un reflejo de nuestra pasi\u00f3n.<\/p>\n<h4><strong>ALEGR\u00cdA Y SENTIDO<\/strong><\/h4>\n<p>En UwinVape, estamos apasionadamente unidos por un objetivo com\u00fan: crear una experiencia \u00fanica de fumar que inyecte m\u00e1s sentido y alegr\u00eda a la vida. Clientes de todo el mundo se unen a nosotros, definiendo colectivamente una nueva forma de fumar. Nuestra misi\u00f3n es celebrar la diversidad de los fumadores con entusiasmo y moderaci\u00f3n, ofreciendo a cada individuo una experiencia \u00fanica. UwinVape no es s\u00f3lo una marca de cigarrillos electr\u00f3nicos; es una audaz salida de los estilos de vida tradicionales. Desafiamos las convenciones, proporcionando a los fumadores opciones m\u00e1s all\u00e1 de lo ordinario, convirtiendo el fumar en un s\u00edmbolo de individualidad e innovaci\u00f3n.<\/p>\n<h4><strong>MIRANDO HACIA DELANTE<\/strong><\/h4>\n<p>UwinVape imagina un futuro en el que todo el mundo abrace el encanto de los cigarrillos electr\u00f3nicos. En colaboraci\u00f3n con los pioneros del sector, nos hemos propuesto revolucionar la experiencia de vapear. Nuestro compromiso con una calidad inigualable y unos est\u00e1ndares inventivos nos impulsa hacia adelante, con el objetivo de remodelar la percepci\u00f3n mundial del vapeo. Con elogios que van desde Norteam\u00e9rica a Europa y m\u00e1s all\u00e1, UwinVape cuenta con una base mundial de fans de m\u00e1s de 4 millones de entusiastas dedicados.<\/p>\n<\/div>","protected":false},"excerpt":{"rendered":"","protected":false},"author":1,"featured_media":0,"parent":0,"menu_order":0,"comment_status":"closed","ping_status":"closed","template":"","meta":{"footnotes":""},"class_list":["post-1067","page","type-page","status-publish","hentry"],"_links":{"self":[{"href":"https:\/\/uwin-shop.com\/es_es\/wp-json\/wp\/v2\/pages\/1067","targetHints":{"allow":["GET"]}}],"collection":[{"href":"https:\/\/uwin-shop.com\/es_es\/wp-json\/wp\/v2\/pages"}],"about":[{"href":"https:\/\/uwin-shop.com\/es_es\/wp-json\/wp\/v2\/types\/page"}],"author":[{"embeddable":true,"href":"https:\/\/uwin-shop.com\/es_es\/wp-json\/wp\/v2\/users\/1"}],"replies":[{"embeddable":true,"href":"https:\/\/uwin-shop.com\/es_es\/wp-json\/wp\/v2\/comments?post=1067"}],"version-history":[{"count":2,"href":"https:\/\/uwin-shop.com\/es_es\/wp-json\/wp\/v2\/pages\/1067\/revisions"}],"predecessor-version":[{"id":1069,"href":"https:\/\/uwin-shop.com\/es_es\/wp-json\/wp\/v2\/pages\/1067\/revisions\/1069"}],"wp:attachment":[{"href":"https:\/\/uwin-shop.com\/es_es\/wp-json\/wp\/v2\/media?parent=1067"}],"curies":[{"name":"wp","href":"https:\/\/api.w.org\/{rel}","templated":true}]}}