{"id":1075,"date":"2025-03-28T16:31:02","date_gmt":"2025-03-28T08:31:02","guid":{"rendered":"https:\/\/uwin-vape.com\/?page_id=1075"},"modified":"2025-07-15T19:56:08","modified_gmt":"2025-07-15T11:56:08","slug":"shipping-policy","status":"publish","type":"page","link":"https:\/\/uwin-shop.com\/es_es\/shipping-policy\/","title":{"rendered":"Pol\u00edtica de env\u00edos"},"content":{"rendered":"<p data-sanitized-data-mce-fragment=\"1\"><strong data-sanitized-data-mce-fragment=\"1\">1.\u00bfCu\u00e1ndo recibir\u00e9 mi env\u00edo?<\/strong><\/p>\n<p data-sanitized-data-mce-fragment=\"1\">Todos los pedidos se env\u00edan desde nuestro almac\u00e9n en el plazo de 1 d\u00eda laborable desde la realizaci\u00f3n del pedido. El env\u00edo llegar\u00e1 entre 3 y 8 d\u00edas laborables despu\u00e9s de la fecha de env\u00edo, dependiendo de la disponibilidad del proveedor de transporte y de la ubicaci\u00f3n. Le pedimos disculpas por los retrasos que puedan producirse si el env\u00edo requiere un despacho de aduanas o una inspecci\u00f3n, o si el transporte sufre retrasos causados por el servicio del transportista.<\/p>\n<p data-sanitized-data-mce-fragment=\"1\"><strong data-sanitized-data-mce-fragment=\"1\">2.\u00bfC\u00f3mo puedo hacer el seguimiento de mi pedido?<\/strong><\/p>\n<p data-sanitized-data-mce-fragment=\"1\">Se le proporcionar\u00e1 un n\u00famero de seguimiento en su correo electr\u00f3nico de confirmaci\u00f3n de env\u00edo. Puede utilizar el n\u00famero y realizar el seguimiento de su pedido en<strong><a href=\"http:\/\/www.17track.net\/\" data-sanitized-data-mce-fragment=\"1\" data-sanitized-data-mce-href=\"http:\/\/www.17track.net\/\">www.17track.net<\/a>.<\/strong><\/p>\n<p data-sanitized-data-mce-fragment=\"1\"><strong data-sanitized-data-mce-fragment=\"1\">3.\u00bfCu\u00e1les son sus tarifas de env\u00edo?<\/strong><\/p>\n<p data-sanitized-data-mce-fragment=\"1\">Tenemos una tarifa de env\u00edo fija de 5,98 EUR a todos los destinos del mundo.<\/p>\n<div class=\"rte scroll-trigger animate--slide-in\">\n<p>Si necesita modificar o cancelar su pedido, p\u00f3ngase en contacto con nosotros inmediatamente. Tenga en cuenta que los pedidos ya enviados no pueden cancelarse. Correo electr\u00f3nico: <a>support@uwin-vape.com<\/a><u><br \/><\/u><br \/>No cobramos ning\u00fan impuesto de venta ni de exportaci\u00f3n. Si su paquete es inspeccionado por el departamento de aduanas de su pa\u00eds\/regi\u00f3n a su llegada, uwinvape se har\u00e1 cargo de los derechos de importaci\u00f3n, aranceles e impuestos. En caso de confiscaci\u00f3n del producto por la aduana de su pa\u00eds\/regi\u00f3n, uwinvape asumir\u00e1 la responsabilidad asociada.<\/p>\n<p>Si pide muchos productos, es posible que su pedido se divida en varios paquetes con distintos n\u00fameros de seguimiento. Si, por motivos log\u00edsticos, al final no recibe el paquete, nos haremos responsables de todas las p\u00e9rdidas y podr\u00e1 recibir un reembolso completo.<\/p>\n<p>Los productos expuestos en el sitio web de uwinvape est\u00e1n destinados al mercado internacional. Generalmente se env\u00edan versiones est\u00e1ndar. Si tiene requisitos especiales, d\u00e9jenos un mensaje.<\/p>\n<p>Si su paquete no se entrega en un plazo de 25 d\u00edas laborables tras el env\u00edo, p\u00f3ngase en contacto con nuestro equipo de asistencia en <a>support@uwin-vape.com<\/a> para el reenv\u00edo de otro paquete o el reembolso.<\/p>\n<p>Si sus art\u00edculos est\u00e1n da\u00f1ados, perdidos o son incorrectos, debe enviarnos un correo electr\u00f3nico en las 48 horas siguientes a la entrega del paquete. Una vez enviada, revisada y aprobada su reclamaci\u00f3n, le ayudaremos a rectificar el problema. Lamentablemente, no podemos ofrecer servicios de reenv\u00edo o sustituci\u00f3n a nivel internacional.<\/p>\n<\/div>","protected":false},"excerpt":{"rendered":"","protected":false},"author":1,"featured_media":0,"parent":0,"menu_order":0,"comment_status":"closed","ping_status":"closed","template":"","meta":{"footnotes":""},"class_list":["post-1075","page","type-page","status-publish","hentry"],"_links":{"self":[{"href":"https:\/\/uwin-shop.com\/es_es\/wp-json\/wp\/v2\/pages\/1075","targetHints":{"allow":["GET"]}}],"collection":[{"href":"https:\/\/uwin-shop.com\/es_es\/wp-json\/wp\/v2\/pages"}],"about":[{"href":"https:\/\/uwin-shop.com\/es_es\/wp-json\/wp\/v2\/types\/page"}],"author":[{"embeddable":true,"href":"https:\/\/uwin-shop.com\/es_es\/wp-json\/wp\/v2\/users\/1"}],"replies":[{"embeddable":true,"href":"https:\/\/uwin-shop.com\/es_es\/wp-json\/wp\/v2\/comments?post=1075"}],"version-history":[{"count":8,"href":"https:\/\/uwin-shop.com\/es_es\/wp-json\/wp\/v2\/pages\/1075\/revisions"}],"predecessor-version":[{"id":2499,"href":"https:\/\/uwin-shop.com\/es_es\/wp-json\/wp\/v2\/pages\/1075\/revisions\/2499"}],"wp:attachment":[{"href":"https:\/\/uwin-shop.com\/es_es\/wp-json\/wp\/v2\/media?parent=1075"}],"curies":[{"name":"wp","href":"https:\/\/api.w.org\/{rel}","templated":true}]}}