{"id":982,"date":"2025-03-27T18:50:16","date_gmt":"2025-03-27T10:50:16","guid":{"rendered":"https:\/\/uwin-vape.com\/?page_id=982"},"modified":"2025-03-27T18:56:40","modified_gmt":"2025-03-27T10:56:40","slug":"privacy-policy","status":"publish","type":"page","link":"https:\/\/uwin-shop.com\/es_es\/privacy-policy\/","title":{"rendered":"Pol\u00edtica de privacidad"},"content":{"rendered":"<p><strong>Uwin Vape<\/strong> (\"nosotros\", \"nos\" o \"nuestro\") respeta su privacidad y se compromete a proteger su informaci\u00f3n personal. La presente Pol\u00edtica de Privacidad explica c\u00f3mo recopilamos, utilizamos, divulgamos y protegemos su informaci\u00f3n cuando usted visita <strong><a class=\"\" href=\"https:\/\/uwin-vape.com\/\">https:\/\/uwin-vape.com\/<\/a><\/strong> (el \"Sitio web\").<\/p>\n\n\n\n<h3 class=\"wp-block-heading\"><strong>1. Informaci\u00f3n que recopilamos<\/strong><\/h3>\n\n\n\n<p>Podemos recopilar los siguientes tipos de informaci\u00f3n personal:<\/p>\n\n\n\n<ul class=\"wp-block-list\">\n<li><strong>Informaci\u00f3n personal<\/strong>: Cuando realiza un pedido, podemos recopilar su nombre, direcci\u00f3n de correo electr\u00f3nico, n\u00famero de tel\u00e9fono, direcci\u00f3n de env\u00edo y direcci\u00f3n de facturaci\u00f3n.<\/li>\n\n\n\n<li><strong>Informaci\u00f3n de pago<\/strong>: Sus datos de pago son procesados de forma segura por proveedores de pago externos; no almacenamos la informaci\u00f3n completa del pago.<\/li>\n\n\n\n<li><strong>Informaci\u00f3n sobre la cuenta<\/strong>: Si crea una cuenta, almacenamos sus credenciales de acceso y su historial de pedidos.<\/li>\n\n\n\n<li><strong>Datos de navegaci\u00f3n<\/strong>: Incluye direcci\u00f3n IP, tipo de navegador, informaci\u00f3n del dispositivo y p\u00e1ginas visitadas para mejorar su experiencia de compra.<\/li>\n\n\n\n<li><strong>Cookies y tecnolog\u00edas de seguimiento<\/strong>: Utilizamos cookies y tecnolog\u00edas similares para analizar el uso del sitio y mejorar su funcionalidad.<\/li>\n<\/ul>\n\n\n\n<h3 class=\"wp-block-heading\"><strong>2. C\u00f3mo utilizamos su informaci\u00f3n<\/strong><\/h3>\n\n\n\n<p>La informaci\u00f3n que recopilamos puede utilizarse para los siguientes fines:<\/p>\n\n\n\n<ul class=\"wp-block-list\">\n<li>Procesar y tramitar pedidos, incluidos el pago y el env\u00edo.<\/li>\n\n\n\n<li>Prestar asistencia al cliente y responder a sus consultas.<\/li>\n\n\n\n<li>Para mejorar la funcionalidad del sitio web y la experiencia del usuario.<\/li>\n\n\n\n<li>Para enviar correos electr\u00f3nicos promocionales o boletines informativos (s\u00f3lo si usted acepta).<\/li>\n\n\n\n<li>Para prevenir el fraude, cumplir los requisitos legales y hacer cumplir las pol\u00edticas.<\/li>\n<\/ul>\n\n\n\n<h3 class=\"wp-block-heading\"><strong>3. C\u00f3mo compartimos su informaci\u00f3n<\/strong><\/h3>\n\n\n\n<p>Nosotros <strong>no<\/strong> vender o alquilar su informaci\u00f3n personal. Sin embargo, podemos compartirla en las siguientes situaciones:<\/p>\n\n\n\n<ul class=\"wp-block-list\">\n<li><strong>Proveedores de servicios<\/strong>: Procesadores de pagos, socios de env\u00edo y equipos de asistencia t\u00e9cnica para garantizar las operaciones comerciales.<\/li>\n\n\n\n<li><strong>Requisitos legales<\/strong>: Podemos revelar informaci\u00f3n si as\u00ed lo exige la ley.<\/li>\n\n\n\n<li><strong>Transferencia de empresas<\/strong>: En caso de fusi\u00f3n o adquisici\u00f3n de Uwin Vape, los datos de los usuarios podr\u00e1n ser transferidos.<\/li>\n<\/ul>\n\n\n\n<h3 class=\"wp-block-heading\"><strong>4. Cookies y tecnolog\u00edas de seguimiento<\/strong><\/h3>\n\n\n\n<p>Utilizamos cookies para los siguientes fines:<\/p>\n\n\n\n<ul class=\"wp-block-list\">\n<li>Para mejorar el rendimiento del sitio web y personalizar su experiencia.<\/li>\n\n\n\n<li>Para analizar el tr\u00e1fico del sitio a trav\u00e9s de servicios como Google Analytics.<\/li>\n\n\n\n<li>Para ofrecer anuncios espec\u00edficos en plataformas de terceros.<\/li>\n<\/ul>\n\n\n\n<p>Puede gestionar sus preferencias de cookies a trav\u00e9s de la configuraci\u00f3n de su navegador.<\/p>\n\n\n\n<h3 class=\"wp-block-heading\"><strong>5. 5. Seguridad de los datos<\/strong><\/h3>\n\n\n\n<p>Aplicamos las medidas de seguridad est\u00e1ndar del sector para proteger su informaci\u00f3n. Sin embargo, ninguna plataforma en l\u00ednea es 100% segura. Te recomendamos que utilices contrase\u00f1as seguras y que mantengas a salvo los datos de tu cuenta.<\/p>\n\n\n\n<h3 class=\"wp-block-heading\"><strong>6. Sus derechos y opciones<\/strong><\/h3>\n\n\n\n<p>Dependiendo de su ubicaci\u00f3n, puede tener los siguientes derechos:<\/p>\n\n\n\n<ul class=\"wp-block-list\">\n<li>Para acceder a su informaci\u00f3n personal, actualizarla o eliminarla.<\/li>\n\n\n\n<li>Para darse de baja de los correos electr\u00f3nicos de marketing (a trav\u00e9s del enlace \"darse de baja\" de los correos electr\u00f3nicos).<\/li>\n\n\n\n<li>Para solicitar una copia de sus datos personales.<\/li>\n<\/ul>\n\n\n\n<p>Para ejercer sus derechos, p\u00f3ngase en contacto con nosotros en <strong><a>support@uwin-vape.com<\/a><\/strong>.<\/p>\n\n\n\n<h3 class=\"wp-block-heading\"><strong>7. Enlaces de terceros<\/strong><\/h3>\n\n\n\n<p>El Sitio Web puede contener enlaces a sitios web de terceros. No somos responsables de sus pol\u00edticas de privacidad y recomendamos revisarlas antes de compartir informaci\u00f3n personal.<\/p>\n\n\n\n<h3 class=\"wp-block-heading\"><strong>8. Actualizaciones de la pol\u00edtica de privacidad<\/strong><\/h3>\n\n\n\n<p>Podemos actualizar esta Pol\u00edtica de Privacidad de vez en cuando. Cualquier cambio se publicar\u00e1 en esta p\u00e1gina con las \u00faltimas actualizaciones.<\/p>\n\n\n\n<h3 class=\"wp-block-heading\"><strong>9. Contacto<\/strong><\/h3>\n\n\n\n<p>Si tiene alguna pregunta sobre esta Pol\u00edtica de privacidad, p\u00f3ngase en contacto con nosotros:<br><strong>Correo electr\u00f3nico:<\/strong> <a>support@uwin-vape.com<\/a><br><strong>WhatsApp:<\/strong>\u00a0<a href=\"https:\/\/wa.me\/+64204871919\" target=\"_blank\" rel=\"noreferrer noopener\">+64 20 487 1919<\/a><\/p>\n\n\n\n<p>Utilizando <strong><a class=\"\" href=\"https:\/\/uwin-vape.com\/\">https:\/\/uwin-vape.com\/<\/a><\/strong>acepta los t\u00e9rminos de esta Pol\u00edtica de privacidad.<\/p>","protected":false},"excerpt":{"rendered":"<p>Uwin Vape (\u201cwe,\u201d \u201cus,\u201d or \u201cour\u201d) respects your privacy and is committed to protecting your personal information. This Privacy Policy explains how we collect, use, disclose, and safeguard your information when you visit https:\/\/uwin-vape.com\/ (the \u201cWebsite\u201d). 1. Information We Collect We may collect the following types of personal information: 2. How We Use Your Information [&#8230;]","protected":false},"author":1,"featured_media":0,"parent":0,"menu_order":0,"comment_status":"closed","ping_status":"closed","template":"","meta":{"footnotes":""},"class_list":["post-982","page","type-page","status-publish","hentry"],"_links":{"self":[{"href":"https:\/\/uwin-shop.com\/es_es\/wp-json\/wp\/v2\/pages\/982","targetHints":{"allow":["GET"]}}],"collection":[{"href":"https:\/\/uwin-shop.com\/es_es\/wp-json\/wp\/v2\/pages"}],"about":[{"href":"https:\/\/uwin-shop.com\/es_es\/wp-json\/wp\/v2\/types\/page"}],"author":[{"embeddable":true,"href":"https:\/\/uwin-shop.com\/es_es\/wp-json\/wp\/v2\/users\/1"}],"replies":[{"embeddable":true,"href":"https:\/\/uwin-shop.com\/es_es\/wp-json\/wp\/v2\/comments?post=982"}],"version-history":[{"count":1,"href":"https:\/\/uwin-shop.com\/es_es\/wp-json\/wp\/v2\/pages\/982\/revisions"}],"predecessor-version":[{"id":989,"href":"https:\/\/uwin-shop.com\/es_es\/wp-json\/wp\/v2\/pages\/982\/revisions\/989"}],"wp:attachment":[{"href":"https:\/\/uwin-shop.com\/es_es\/wp-json\/wp\/v2\/media?parent=982"}],"curies":[{"name":"wp","href":"https:\/\/api.w.org\/{rel}","templated":true}]}}