{"id":1308,"date":"2025-05-14T17:48:01","date_gmt":"2025-05-14T09:48:01","guid":{"rendered":"https:\/\/uwin-shop.com\/?post_type=product&#038;p=1308"},"modified":"2025-07-02T17:10:43","modified_gmt":"2025-07-02T09:10:43","slug":"uwin-shisha-crystal-20000-puffs-copy","status":"publish","type":"product","link":"https:\/\/uwin-shop.com\/es_es\/producto\/uwin-shisha-crystal-20000-puffs-copy\/","title":{"rendered":"Uwin Shisha Crystal 20000 Puffs\uff0812 sabores\uff09"},"content":{"rendered":"<p><strong><span style=\"color: #555555; font-size: 14.4px;\">\ud83c\udf1fExperimenta la Uwin Shisha Crystal 20000 Puffs: La soluci\u00f3n definitiva para vapear<\/span><\/strong><\/p>\n<p><a style=\"font-size: 25.92px;\" href=\"https:\/\/uwin-shop.com\/wp-content\/uploads\/2025\/05\/b5618ff658e660f1136e77ff5c3f49c.jpg\"><img loading=\"lazy\" decoding=\"async\" class=\"alignnone size-medium wp-image-1774\" src=\"https:\/\/uwin-shop.com\/wp-content\/uploads\/2025\/05\/b5618ff658e660f1136e77ff5c3f49c-600x400.jpg\" alt=\"\" width=\"600\" height=\"400\" srcset=\"https:\/\/uwin-shop.com\/wp-content\/uploads\/2025\/05\/b5618ff658e660f1136e77ff5c3f49c-600x400.jpg 600w, https:\/\/uwin-shop.com\/wp-content\/uploads\/2025\/05\/b5618ff658e660f1136e77ff5c3f49c-1200x800.jpg 1200w, https:\/\/uwin-shop.com\/wp-content\/uploads\/2025\/05\/b5618ff658e660f1136e77ff5c3f49c-768x512.jpg 768w, https:\/\/uwin-shop.com\/wp-content\/uploads\/2025\/05\/b5618ff658e660f1136e77ff5c3f49c-1536x1024.jpg 1536w, https:\/\/uwin-shop.com\/wp-content\/uploads\/2025\/05\/b5618ff658e660f1136e77ff5c3f49c-18x12.jpg 18w, https:\/\/uwin-shop.com\/wp-content\/uploads\/2025\/05\/b5618ff658e660f1136e77ff5c3f49c-60x40.jpg 60w, https:\/\/uwin-shop.com\/wp-content\/uploads\/2025\/05\/b5618ff658e660f1136e77ff5c3f49c-800x533.jpg 800w, https:\/\/uwin-shop.com\/wp-content\/uploads\/2025\/05\/b5618ff658e660f1136e77ff5c3f49c.jpg 1800w\" sizes=\"auto, (max-width: 600px) 100vw, 600px\" \/><\/a><\/p>\n<div class=\"product-desc-item-content mce-content\">\n<h3><strong>\ud83d\ude80Descubre la Uwin Shisha Crystal 20000 Puffs Vape Desechable<\/strong><\/h3>\n<p>Presentaci\u00f3n de la <strong>Uwin Shisha Cristal 20000 Puffs Vape Desechable<\/strong>Dise\u00f1ado para un alto rendimiento y la m\u00e1xima satisfacci\u00f3n con cada calada. Disponible para mayoristas en <strong>uwin-shop.com<\/strong>Este elegante vaporizador desechable de alta calidad es perfecto tanto para vapeadores experimentados como para principiantes. Con sus capacidades de larga duraci\u00f3n, vibrante <strong>Luces RGB<\/strong>y una variedad de opciones de nicotina, la Uwin Shisha Crystal 20000 Puffs establece un nuevo est\u00e1ndar en el mundo de los vaporizadores desechables.<\/p>\n<h2><strong>\ud83d\udca1Impresionantes prestaciones para un rendimiento inigualable<\/strong><\/h2>\n<p>En <strong>Uwin Shisha Cristal 20000<\/strong> es un aut\u00e9ntico cambio de juego, ya que ofrece una impresionante <strong>20.000 bocanadas<\/strong> por dispositivo. Este vaporizador-bol\u00edgrafo incluye un <strong>Bater\u00eda de 650 mAh<\/strong>El uso prolongado sin tener que recargarlo constantemente. Gracias a su c\u00f3moda <strong>Puerto de carga Tipo-C<\/strong>Con la funci\u00f3n de recarga, puede recargar r\u00e1pidamente su dispositivo, lo que le permite seguir disfrutando de una experiencia de vapeo sin problemas. Con un <strong>Capacidad de 22 ml de e-l\u00edquido<\/strong>La Uwin Shisha reduce significativamente la necesidad de recargas, por lo que es ideal para vapers en movimiento.<\/p>\n<p><a href=\"https:\/\/uwin-shop.com\/wp-content\/uploads\/2025\/05\/3ca7e02af733acff03c08460cd036c8-scaled.jpg\"><img loading=\"lazy\" decoding=\"async\" class=\"alignnone size-medium wp-image-1770\" src=\"https:\/\/uwin-shop.com\/wp-content\/uploads\/2025\/05\/3ca7e02af733acff03c08460cd036c8-500x400.jpg\" alt=\"\" width=\"500\" height=\"400\" srcset=\"https:\/\/uwin-shop.com\/wp-content\/uploads\/2025\/05\/3ca7e02af733acff03c08460cd036c8-500x400.jpg 500w, https:\/\/uwin-shop.com\/wp-content\/uploads\/2025\/05\/3ca7e02af733acff03c08460cd036c8-1000x800.jpg 1000w, https:\/\/uwin-shop.com\/wp-content\/uploads\/2025\/05\/3ca7e02af733acff03c08460cd036c8-768x614.jpg 768w, https:\/\/uwin-shop.com\/wp-content\/uploads\/2025\/05\/3ca7e02af733acff03c08460cd036c8-1536x1228.jpg 1536w, https:\/\/uwin-shop.com\/wp-content\/uploads\/2025\/05\/3ca7e02af733acff03c08460cd036c8-2048x1638.jpg 2048w, https:\/\/uwin-shop.com\/wp-content\/uploads\/2025\/05\/3ca7e02af733acff03c08460cd036c8-15x12.jpg 15w, https:\/\/uwin-shop.com\/wp-content\/uploads\/2025\/05\/3ca7e02af733acff03c08460cd036c8-60x48.jpg 60w, https:\/\/uwin-shop.com\/wp-content\/uploads\/2025\/05\/3ca7e02af733acff03c08460cd036c8-800x640.jpg 800w\" sizes=\"auto, (max-width: 500px) 100vw, 500px\" \/><\/a><\/p>\n<h3><strong>\u2699\ufe0fCutting Tecnolog\u00eda de bobina<\/strong><\/h3>\n<h4>Lo que realmente diferencia a la Uwin Shisha es su avanzada <strong>Tecnolog\u00eda de bobina de malla de 0,8 ohmios<\/strong>. Esta innovaci\u00f3n mejora tanto el sabor como la producci\u00f3n de vapor. Tanto si prefiere \u00a0<strong>2%<\/strong>,\u00a0<strong>5%<\/strong> de nicotina, este vaporizador se adapta a una amplia gama de preferencias, permiti\u00e9ndote personalizar tu experiencia. Adem\u00e1s, el vibrante <strong>Luces RGB<\/strong> a\u00f1aden un toque moderno, haci\u00e9ndolo visualmente atractivo mientras vapeas. Ligero y port\u00e1til, este producto est\u00e1 dise\u00f1ado para vapeadores que valoran tanto el estilo como la comodidad.<\/h4>\n<h2><strong>\ud83c\udf70Un para\u00edso de sabores te espera<\/strong><\/h2>\n<p><a href=\"https:\/\/uwin-shop.com\/wp-content\/uploads\/2025\/05\/4e9321a0a7354b4a404b6edee9438cb-scaled.jpg\"><img loading=\"lazy\" decoding=\"async\" class=\"alignnone size-medium wp-image-1771\" src=\"https:\/\/uwin-shop.com\/wp-content\/uploads\/2025\/05\/4e9321a0a7354b4a404b6edee9438cb-500x400.jpg\" alt=\"\" width=\"500\" height=\"400\" srcset=\"https:\/\/uwin-shop.com\/wp-content\/uploads\/2025\/05\/4e9321a0a7354b4a404b6edee9438cb-500x400.jpg 500w, https:\/\/uwin-shop.com\/wp-content\/uploads\/2025\/05\/4e9321a0a7354b4a404b6edee9438cb-1000x800.jpg 1000w, https:\/\/uwin-shop.com\/wp-content\/uploads\/2025\/05\/4e9321a0a7354b4a404b6edee9438cb-768x614.jpg 768w, https:\/\/uwin-shop.com\/wp-content\/uploads\/2025\/05\/4e9321a0a7354b4a404b6edee9438cb-1536x1228.jpg 1536w, https:\/\/uwin-shop.com\/wp-content\/uploads\/2025\/05\/4e9321a0a7354b4a404b6edee9438cb-2048x1638.jpg 2048w, https:\/\/uwin-shop.com\/wp-content\/uploads\/2025\/05\/4e9321a0a7354b4a404b6edee9438cb-15x12.jpg 15w, https:\/\/uwin-shop.com\/wp-content\/uploads\/2025\/05\/4e9321a0a7354b4a404b6edee9438cb-60x48.jpg 60w, https:\/\/uwin-shop.com\/wp-content\/uploads\/2025\/05\/4e9321a0a7354b4a404b6edee9438cb-800x640.jpg 800w\" sizes=\"auto, (max-width: 500px) 100vw, 500px\" \/><\/a><\/p>\n<p>En <strong>Uwin Shisha Cristal 20000 Puffs<\/strong> ofrece una tentadora gama de <strong>15 deliciosos sabores<\/strong>cada uno de ellos elaborado a la perfecci\u00f3n para ofrecer una experiencia \u00fanica y satisfactoria en cada calada. A continuaci\u00f3n te mostramos algunos de los sabores que puedes probar:<\/p>\n<p><strong>\ud83c\udf6c 1. Serie Fruit Burst - Verdadero sabor a fruta restaurado.<\/strong><br \/>\n<strong>\ud83e\uded0\ud83c\udf53<\/strong>Frambuesas con ar\u00e1ndanos: Una mezcla de sabores dulces y \u00e1cidos, con un rico aroma afrutado<\/p>\n<p><strong>\ud83c\udf49\u2744\ufe0f<\/strong>Hielo de sand\u00eda: La refrescante sand\u00eda combinada con una textura fresca le da un toque veraniego perfecto.<\/p>\n<p><strong>\ud83c\udf47\u2744\ufe0f<\/strong>Hielo de uva: Rico sabor a zumo de uva y sensaci\u00f3n de hielo, con un regusto duradero<\/p>\n<p><strong>\ud83e\udd5d\ud83c\udf48\ud83c\udf51<\/strong>Fruta de la pasi\u00f3n, kiwi, guayaba: Una mezcla tropical de m\u00faltiples frutas con ricas capas<\/p>\n<p><strong>\ud83c\udf53\ud83c\udf49<\/strong>Sand\u00eda con fresas: Una combinaci\u00f3n cl\u00e1sica, fresca, dulce y \u00e1cida, perfecta para los fumadores diarios<\/p>\n<p>Caracter\u00edsticas: Verdadero zumo, fr\u00edo moderado, no graso, no dulce, \u00a1en su punto!<\/p>\n<p><strong>\ud83e\uddca 2. Cool Ice Sensation serie - el poder de hielo, impresionante.<\/strong><br \/>\nHielo de ar\u00e1ndano\/hielo de sand\u00eda\/hielo de cereza\/hielo de melocot\u00f3n<\/p>\n<p>Frutas frescas + frescor refrescante, fresco y tonificante, \u00a1un bocado para saciarse!<\/p>\n<p>Caracter\u00edsticas: Fresco pero no \u00e1spero, adecuado para los que prefieren un sabor refrescante<\/p>\n<p><strong>\ud83c\udf52 3. Serie Mixed Berry Flavor: llena de capas y rica en textura.<\/strong><br \/>\nEl sabor de la fresa + frambuesa + cereza<\/p>\n<p>Las bayas triples, dulces pero no grasientas, con un aroma claro y refrescante, \u00a1son las favoritas de los amantes de los sabores deliciosos!<\/p>\n<h2><strong>\ud83e\udd1dOportunidades y ventajas de la venta al por mayor<\/strong><\/h2>\n<p><a href=\"https:\/\/uwin-shop.com\/wp-content\/uploads\/2025\/05\/0d61067a60e129249e23b1dc103ef4d.jpg\"><img loading=\"lazy\" decoding=\"async\" class=\"alignnone size-medium wp-image-1768\" src=\"https:\/\/uwin-shop.com\/wp-content\/uploads\/2025\/05\/0d61067a60e129249e23b1dc103ef4d-400x400.jpg\" alt=\"\" width=\"400\" height=\"400\" srcset=\"https:\/\/uwin-shop.com\/wp-content\/uploads\/2025\/05\/0d61067a60e129249e23b1dc103ef4d-400x400.jpg 400w, https:\/\/uwin-shop.com\/wp-content\/uploads\/2025\/05\/0d61067a60e129249e23b1dc103ef4d-800x800.jpg 800w, https:\/\/uwin-shop.com\/wp-content\/uploads\/2025\/05\/0d61067a60e129249e23b1dc103ef4d-280x280.jpg 280w, https:\/\/uwin-shop.com\/wp-content\/uploads\/2025\/05\/0d61067a60e129249e23b1dc103ef4d-768x768.jpg 768w, https:\/\/uwin-shop.com\/wp-content\/uploads\/2025\/05\/0d61067a60e129249e23b1dc103ef4d-12x12.jpg 12w, https:\/\/uwin-shop.com\/wp-content\/uploads\/2025\/05\/0d61067a60e129249e23b1dc103ef4d-60x60.jpg 60w, https:\/\/uwin-shop.com\/wp-content\/uploads\/2025\/05\/0d61067a60e129249e23b1dc103ef4d-100x100.jpg 100w, https:\/\/uwin-shop.com\/wp-content\/uploads\/2025\/05\/0d61067a60e129249e23b1dc103ef4d.jpg 1200w\" sizes=\"auto, (max-width: 400px) 100vw, 400px\" \/><\/a><\/p>\n<p>En <strong>Uwin Shisha Cristal 20000<\/strong> no s\u00f3lo es ideal para uso personal, sino que tambi\u00e9n est\u00e1 disponible para compras al por mayor. Los minoristas y distribuidores pueden almacenar este innovador producto en grandes cantidades, proporcionando a los clientes una experiencia de vapeo premium que les hace volver a por m\u00e1s.<\/p>\n<p><strong>\u2705 1. Segmento de capacidad de venta caliente del mercado: 20.000 bocanadas, bocanadas de oro esenciales.<\/strong><\/p>\n<p>Se encuentra en la gama de capacidad media-alta m\u00e1s popular del mercado, <strong>el n\u00famero de boquillas es el adecuado, el precio es razonable y la aceptaci\u00f3n de los usuarios es alta, <\/strong>El equilibrio entre experiencia y rentabilidad es adecuado para la mayor\u00eda de los consumidores, <strong>f\u00e1cil de vender y promocionar, con recompra estable.<\/strong><\/p>\n<p>\u2705 <strong>2. Alta calidad + alto nivel de apariencia, el boca a boca favorece la conversi\u00f3n<\/strong><br \/>\nLa tecnolog\u00eda punta del n\u00facleo de atomizaci\u00f3n garantiza un sabor estable y una experiencia excelente<\/p>\n<p>El dise\u00f1o de aspecto exquisito atrae al grupo de usuarios j\u00f3venes<br \/>\nF\u00e1cil de dibujar + atractivo = \u00a1naturalmente f\u00e1cil de vender!<\/p>\n<p><strong>\u2705 3. La tendencia del mercado es caliente, lay out de antemano para aprovechar los dividendos<\/strong><br \/>\nCon el endurecimiento de las medidas tradicionales de control del tabaco, el grupo de consumidores de cigarrillos electr\u00f3nicos sigue creciendo. El producto de 20.000 caladas es la opci\u00f3n mayoritaria. <strong>Elegir el producto adecuado = aprovechar la oportunidad de mercado<\/strong> \u00a1primero!<\/p>\n<p><a href=\"https:\/\/uwin-shop.com\/wp-content\/uploads\/2025\/05\/ed173a915cfdf8bc70d19fbd2e13ee0.jpg\"><img loading=\"lazy\" decoding=\"async\" class=\"alignnone size-medium wp-image-1775\" src=\"https:\/\/uwin-shop.com\/wp-content\/uploads\/2025\/05\/ed173a915cfdf8bc70d19fbd2e13ee0-400x400.jpg\" alt=\"\" width=\"400\" height=\"400\" srcset=\"https:\/\/uwin-shop.com\/wp-content\/uploads\/2025\/05\/ed173a915cfdf8bc70d19fbd2e13ee0-400x400.jpg 400w, https:\/\/uwin-shop.com\/wp-content\/uploads\/2025\/05\/ed173a915cfdf8bc70d19fbd2e13ee0-800x800.jpg 800w, https:\/\/uwin-shop.com\/wp-content\/uploads\/2025\/05\/ed173a915cfdf8bc70d19fbd2e13ee0-280x280.jpg 280w, https:\/\/uwin-shop.com\/wp-content\/uploads\/2025\/05\/ed173a915cfdf8bc70d19fbd2e13ee0-768x768.jpg 768w, https:\/\/uwin-shop.com\/wp-content\/uploads\/2025\/05\/ed173a915cfdf8bc70d19fbd2e13ee0-12x12.jpg 12w, https:\/\/uwin-shop.com\/wp-content\/uploads\/2025\/05\/ed173a915cfdf8bc70d19fbd2e13ee0-60x60.jpg 60w, https:\/\/uwin-shop.com\/wp-content\/uploads\/2025\/05\/ed173a915cfdf8bc70d19fbd2e13ee0-100x100.jpg 100w, https:\/\/uwin-shop.com\/wp-content\/uploads\/2025\/05\/ed173a915cfdf8bc70d19fbd2e13ee0.jpg 1200w\" sizes=\"auto, (max-width: 400px) 100vw, 400px\" \/><\/a><\/p>\n<h3><strong>\ud83c\udfaf\u00bfPor qu\u00e9 elegir UWIN Vape?<\/strong><\/h3>\n<p>Si decide comprar en <strong>uwin-shop.com<\/strong>tendr\u00e1 acceso a un sinf\u00edn de ventajas:<\/p>\n<p>\u2705 Alto nivel de apariencia - EYE-CATCHING a primera vista: Concha de cristal, ritmo ligero, dise\u00f1o de moda, \u00a1amado por los j\u00f3venes!<br \/>\n\u2705 Alta capacidad - superpotencia: de 10.000 a 35.000 puertos, para satisfacer las necesidades de diferentes clientes, una sola compra, \u00a1bombeo duradero!<br \/>\n\u2705 Alto sabor - Tecnolog\u00eda de n\u00facleo: \u00a1La nueva generaci\u00f3n de n\u00facleo atomizador, con gran volumen y sabor estable, la satisfacci\u00f3n de los fumadores supera 90%+!<br \/>\n\u2705 M\u00faltiples opciones de concentraci\u00f3n (de 0% a 5%) : Para satisfacer con precisi\u00f3n a una amplia gama de clientes, \u00a1desde los entusiastas del sabor ligero hasta los fumadores empedernidos!<\/p>\n<h2><strong>\ud83c\udfc6Eleve su negocio con Uwin Shisha Crystal 20000 Puffs.<\/strong><\/h2>\n<p>En <strong>Uwin Shisha Cristal 20000 Puffs Vape Desechable<\/strong> es perfecto para mayoristas que buscan un producto fiable y de alta calidad que satisfaga la creciente demanda de vapeadores desechables de primera calidad. Si usted es due\u00f1o de una tienda de vapeo, una tienda de conveniencia, o simplemente quiere almacenar un producto popular a granel, este vape es un \u00e9xito de ventas. Su excelente gama de sabores, sus opciones de nicotina ajustables y su rendimiento duradero lo convierten en una opci\u00f3n atractiva.<\/p>\n<p><a href=\"https:\/\/uwin-shop.com\/wp-content\/uploads\/2025\/05\/39948ca286284486a3d10e94e64a3f3.jpg\"><img loading=\"lazy\" decoding=\"async\" class=\"alignnone size-medium wp-image-1773\" src=\"https:\/\/uwin-shop.com\/wp-content\/uploads\/2025\/05\/39948ca286284486a3d10e94e64a3f3-400x400.jpg\" alt=\"\" width=\"400\" height=\"400\" srcset=\"https:\/\/uwin-shop.com\/wp-content\/uploads\/2025\/05\/39948ca286284486a3d10e94e64a3f3-400x400.jpg 400w, https:\/\/uwin-shop.com\/wp-content\/uploads\/2025\/05\/39948ca286284486a3d10e94e64a3f3-800x800.jpg 800w, https:\/\/uwin-shop.com\/wp-content\/uploads\/2025\/05\/39948ca286284486a3d10e94e64a3f3-280x280.jpg 280w, https:\/\/uwin-shop.com\/wp-content\/uploads\/2025\/05\/39948ca286284486a3d10e94e64a3f3-768x768.jpg 768w, https:\/\/uwin-shop.com\/wp-content\/uploads\/2025\/05\/39948ca286284486a3d10e94e64a3f3-12x12.jpg 12w, https:\/\/uwin-shop.com\/wp-content\/uploads\/2025\/05\/39948ca286284486a3d10e94e64a3f3-60x60.jpg 60w, https:\/\/uwin-shop.com\/wp-content\/uploads\/2025\/05\/39948ca286284486a3d10e94e64a3f3-100x100.jpg 100w, https:\/\/uwin-shop.com\/wp-content\/uploads\/2025\/05\/39948ca286284486a3d10e94e64a3f3.jpg 1200w\" sizes=\"auto, (max-width: 400px) 100vw, 400px\" \/><\/a><\/p>\n<h3><strong>\ud83d\udd25Caracter\u00edsticas clave para maximizar su oferta<\/strong><\/h3>\n<ul>\n<li><strong>Rentable<\/strong>: Las compras a granel reducen el coste global por unidad, por lo que es una opci\u00f3n ideal para los minoristas.<\/li>\n<li><strong>Satisfacci\u00f3n del cliente<\/strong>: Con 15 sabores y niveles de nicotina personalizables, puede satisfacer una amplia variedad de preferencias de los clientes.<\/li>\n<li><strong>Confianza de marca<\/strong>: Uwin Shisha es conocida por su calidad superior, que garantiza la fidelidad del cliente y la repetici\u00f3n de las compras.<\/li>\n<\/ul>\n<h2><strong>\u2728 \u00bfEst\u00e1 listo para mejorar su gama de productos?<\/strong><\/h2>\n<p>En <strong>Uwin Shisha Cristal 20000 Puffs Vape Desechable<\/strong> se puede comprar al por mayor en <strong>uwin-shop.com<\/strong>. Eleve su negocio de vapeo ofreciendo a sus clientes lo \u00faltimo en tecnolog\u00eda de vapeo e innovaci\u00f3n de sabores. Vis\u00edtenos en <strong>uwin-shop.com<\/strong>\u00a0y haga su pedido hoy mismo.<\/p>\n<\/div>","protected":false},"excerpt":{"rendered":"<ul>\n<li data-start=\"180\" data-end=\"216\"><span style=\"color: #ff6600;\"><strong>Todos los precios se indican por unidad<\/strong><\/span><\/li>\n<li data-start=\"217\" data-end=\"257\">\n<p data-start=\"219\" data-end=\"257\"><span style=\"color: #ff6600;\"><strong>Cantidad m\u00ednima de pedido: 3 unidades<\/strong><\/span><\/p>\n<\/li>\n<\/ul>\n<p data-start=\"329\" data-end=\"466\"><strong><span style=\"color: #000000;\">\ud83d\ude9a Esta pol\u00edtica nos ayuda a ofrecer mejores precios y env\u00edos m\u00e1s r\u00e1pidos.<\/span><\/strong><br data-start=\"394\" data-end=\"397\" \/><strong><span style=\"color: #000000;\">\ud83d\udcac \u00bfPreguntas? \u00a1Estaremos encantados de ayudarte!<\/span><\/strong><br data-start=\"431\" data-end=\"434\" \/><strong><span style=\"color: #000000;\">\ud83d\udcf2 WhatsApp: <a style=\"color: #000000;\" href=\"https:\/\/wa.me\/+64204871919\" target=\"_blank\" rel=\"noreferrer noopener\">+64 20 487 1919<\/a><\/span><\/strong><\/p>","protected":false},"featured_media":531,"template":"","meta":[],"product_brand":[],"product_cat":[86],"product_tag":[],"class_list":{"0":"post-1308","1":"product","2":"type-product","3":"status-publish","4":"has-post-thumbnail","6":"product_cat-uwin","8":"first","9":"instock","10":"shipping-taxable","11":"purchasable","12":"product-type-variable","13":"has-default-attributes"},"tiered_pricing_type":"fixed","tiered_pricing_fixed_rules":[],"tiered_pricing_product_settings":{"layout":"default","base_unit_name":{"singular":null,"plural":null},"default_variation":null},"tiered_pricing_minimum_quantity":null,"tiered_pricing_roles_data":[],"tiered_pricing_percentage_rules":[],"tiered_pricing_maximum_quantity":null,"tiered_pricing_quantity_step":null,"_links":{"self":[{"href":"https:\/\/uwin-shop.com\/es_es\/wp-json\/wp\/v2\/product\/1308","targetHints":{"allow":["GET"]}}],"collection":[{"href":"https:\/\/uwin-shop.com\/es_es\/wp-json\/wp\/v2\/product"}],"about":[{"href":"https:\/\/uwin-shop.com\/es_es\/wp-json\/wp\/v2\/types\/product"}],"wp:featuredmedia":[{"embeddable":true,"href":"https:\/\/uwin-shop.com\/es_es\/wp-json\/wp\/v2\/media\/531"}],"wp:attachment":[{"href":"https:\/\/uwin-shop.com\/es_es\/wp-json\/wp\/v2\/media?parent=1308"}],"wp:term":[{"taxonomy":"product_brand","embeddable":true,"href":"https:\/\/uwin-shop.com\/es_es\/wp-json\/wp\/v2\/product_brand?post=1308"},{"taxonomy":"product_cat","embeddable":true,"href":"https:\/\/uwin-shop.com\/es_es\/wp-json\/wp\/v2\/product_cat?post=1308"},{"taxonomy":"product_tag","embeddable":true,"href":"https:\/\/uwin-shop.com\/es_es\/wp-json\/wp\/v2\/product_tag?post=1308"}],"curies":[{"name":"wp","href":"https:\/\/api.w.org\/{rel}","templated":true}]}}