{"id":1495,"date":"2025-05-15T09:17:47","date_gmt":"2025-05-15T01:17:47","guid":{"rendered":"https:\/\/uwin-shop.com\/?post_type=product&#038;p=1495"},"modified":"2025-07-02T17:10:35","modified_gmt":"2025-07-02T09:10:35","slug":"uwin-crystal-10000-puffs","status":"publish","type":"product","link":"https:\/\/uwin-shop.com\/es_es\/producto\/uwin-crystal-10000-puffs\/","title":{"rendered":"Uwin Crystal 10000 Puffs\uff0830 sabores\uff09"},"content":{"rendered":"<h1><strong><span style=\"font-size: 25.92px; color: #333333;\">Experimente el Uwin Crystal 10000 Puffs: La soluci\u00f3n definitiva para vapear<\/span><\/strong><\/h1>\n<p><a href=\"https:\/\/uwin-shop.com\/wp-content\/uploads\/2025\/05\/\u6d77\u62a51.jpg\"><img loading=\"lazy\" decoding=\"async\" class=\"alignnone size-medium wp-image-1764\" src=\"https:\/\/uwin-shop.com\/wp-content\/uploads\/2025\/05\/\u6d77\u62a51-281x400.jpg\" alt=\"\" width=\"281\" height=\"400\" srcset=\"https:\/\/uwin-shop.com\/wp-content\/uploads\/2025\/05\/\u6d77\u62a51-281x400.jpg 281w, https:\/\/uwin-shop.com\/wp-content\/uploads\/2025\/05\/\u6d77\u62a51-563x800.jpg 563w, https:\/\/uwin-shop.com\/wp-content\/uploads\/2025\/05\/\u6d77\u62a51-768x1091.jpg 768w, https:\/\/uwin-shop.com\/wp-content\/uploads\/2025\/05\/\u6d77\u62a51-8x12.jpg 8w, https:\/\/uwin-shop.com\/wp-content\/uploads\/2025\/05\/\u6d77\u62a51-60x85.jpg 60w, https:\/\/uwin-shop.com\/wp-content\/uploads\/2025\/05\/\u6d77\u62a51-800x1137.jpg 800w, https:\/\/uwin-shop.com\/wp-content\/uploads\/2025\/05\/\u6d77\u62a51.jpg 912w\" sizes=\"auto, (max-width: 281px) 100vw, 281px\" \/><\/a><\/p>\n<section class=\"relative\">\n<div class=\"product-desc-item-content mce-content\">\n<h2><strong>\ud83d\udca1Descubre el vaporizador desechable Uwin Crystal 10000 Puffs<\/strong><\/h2>\n<p>Presentaci\u00f3n de la <strong>Uwin Crystal 10000 Puffs Vape Desechable<\/strong>-dise\u00f1ados para ofrecer un alto rendimiento y satisfacci\u00f3n con cada calada. Disponible para mayoristas en <strong>UWINCAPES<\/strong>Uwin Crystal 10000 Puffs, la plataforma en l\u00ednea l\u00edder en los Pa\u00edses Bajos, Alemania, B\u00e9lgica y Espa\u00f1a, este vaporizador desechable elegante y de alta calidad es perfecto tanto para vapeadores experimentados como para principiantes. Con sus capacidades de larga duraci\u00f3n, vibrantes luces RGB, y una variedad de opciones de nicotina, el Uwin Crystal 10000 Puffs establece un nuevo est\u00e1ndar en el mundo de los vapeadores desechables.<\/p>\n<p><a href=\"https:\/\/uwin-shop.com\/wp-content\/uploads\/2025\/05\/AA-2.jpg\"><img loading=\"lazy\" decoding=\"async\" class=\"alignnone size-medium wp-image-1740\" src=\"https:\/\/uwin-shop.com\/wp-content\/uploads\/2025\/05\/AA-2-400x400.jpg\" alt=\"\" width=\"400\" height=\"400\" srcset=\"https:\/\/uwin-shop.com\/wp-content\/uploads\/2025\/05\/AA-2-400x400.jpg 400w, https:\/\/uwin-shop.com\/wp-content\/uploads\/2025\/05\/AA-2-800x800.jpg 800w, https:\/\/uwin-shop.com\/wp-content\/uploads\/2025\/05\/AA-2-280x280.jpg 280w, https:\/\/uwin-shop.com\/wp-content\/uploads\/2025\/05\/AA-2-768x768.jpg 768w, https:\/\/uwin-shop.com\/wp-content\/uploads\/2025\/05\/AA-2-12x12.jpg 12w, https:\/\/uwin-shop.com\/wp-content\/uploads\/2025\/05\/AA-2-60x60.jpg 60w, https:\/\/uwin-shop.com\/wp-content\/uploads\/2025\/05\/AA-2-100x100.jpg 100w, https:\/\/uwin-shop.com\/wp-content\/uploads\/2025\/05\/AA-2.jpg 1200w\" sizes=\"auto, (max-width: 400px) 100vw, 400px\" \/><\/a><\/p>\n<h2><strong>\ud83d\udd01Impresionantes prestaciones para un rendimiento inigualable<\/strong><\/h2>\n<p>En <strong>Uwin Cristal 10000<\/strong> es un verdadero cambio de juego, que ofrece un impresionante <strong>10.000 bocanadas<\/strong> por dispositivo. Este vaporizador-bol\u00edgrafo viene equipado con una bater\u00eda recargable. <strong>Bater\u00eda de 650 mAh<\/strong>El uso prolongado sin tener que recargarlo constantemente. Gracias a su <strong>Puerto de carga Tipo-C<\/strong>Con la funci\u00f3n de recarga, puede recargar r\u00e1pidamente su dispositivo, lo que le permite seguir disfrutando de una experiencia de vapeo sin problemas. Con un <strong>Capacidad de 18 ml de e-l\u00edquido<\/strong>Este vape reduce significativamente la necesidad de recargas, por lo que es ideal para los vapeadores en movimiento.<\/p>\n<p><a href=\"https:\/\/uwin-shop.com\/wp-content\/uploads\/2025\/05\/Uwin-crystal-10000-poster-2-scaled.jpg\"><img loading=\"lazy\" decoding=\"async\" class=\"alignnone size-medium wp-image-1754\" src=\"https:\/\/uwin-shop.com\/wp-content\/uploads\/2025\/05\/Uwin-crystal-10000-poster-2-640x400.jpg\" alt=\"\" width=\"640\" height=\"400\" srcset=\"https:\/\/uwin-shop.com\/wp-content\/uploads\/2025\/05\/Uwin-crystal-10000-poster-2-640x400.jpg 640w, https:\/\/uwin-shop.com\/wp-content\/uploads\/2025\/05\/Uwin-crystal-10000-poster-2-1280x800.jpg 1280w, https:\/\/uwin-shop.com\/wp-content\/uploads\/2025\/05\/Uwin-crystal-10000-poster-2-768x480.jpg 768w, https:\/\/uwin-shop.com\/wp-content\/uploads\/2025\/05\/Uwin-crystal-10000-poster-2-1536x960.jpg 1536w, https:\/\/uwin-shop.com\/wp-content\/uploads\/2025\/05\/Uwin-crystal-10000-poster-2-2048x1280.jpg 2048w, https:\/\/uwin-shop.com\/wp-content\/uploads\/2025\/05\/Uwin-crystal-10000-poster-2-18x12.jpg 18w, https:\/\/uwin-shop.com\/wp-content\/uploads\/2025\/05\/Uwin-crystal-10000-poster-2-60x38.jpg 60w, https:\/\/uwin-shop.com\/wp-content\/uploads\/2025\/05\/Uwin-crystal-10000-poster-2-800x500.jpg 800w\" sizes=\"auto, (max-width: 640px) 100vw, 640px\" \/><\/a><\/p>\n<h3><strong>\u2699\ufe0fCutting Tecnolog\u00eda de bobina<\/strong><\/h3>\n<p>Lo que diferencia al Uwin Crystal es su avanzada <strong>Tecnolog\u00eda de bobina de malla de 0,8 ohmios<\/strong>que mejora tanto el sabor como la producci\u00f3n de vapor. Tanto si prefiere <strong>0%<\/strong>, <strong>2%<\/strong>, <strong>3%<\/strong>o <strong>5%<\/strong> de nicotina, este vaporizador se adapta a una amplia gama de preferencias, permitiendo a los usuarios personalizar su experiencia. Adem\u00e1s, el vibrante <strong>Luces RGB<\/strong> a\u00f1aden un toque moderno, haci\u00e9ndolo visualmente atractivo mientras vapeas. Ligero y port\u00e1til, este producto est\u00e1 dise\u00f1ado para vapeadores que valoran tanto el estilo como la comodidad.<\/p>\n<h3><strong><span style=\"font-size: 23.04px; color: #333333;\">\ud83c\udfa8Aqu\u00ed te espera el para\u00edso del sabor<\/span><\/strong><\/h3>\n<p><a href=\"https:\/\/uwin-shop.com\/wp-content\/uploads\/2025\/05\/Uwin-crystal-10000-poster-9-\u62f7\u8d1d-scaled.png\"><img loading=\"lazy\" decoding=\"async\" class=\"alignnone size-medium wp-image-1761\" src=\"https:\/\/uwin-shop.com\/wp-content\/uploads\/2025\/05\/Uwin-crystal-10000-poster-9-\u62f7\u8d1d-546x400.png\" alt=\"\" width=\"546\" height=\"400\" srcset=\"https:\/\/uwin-shop.com\/wp-content\/uploads\/2025\/05\/Uwin-crystal-10000-poster-9-\u62f7\u8d1d-546x400.png 546w, https:\/\/uwin-shop.com\/wp-content\/uploads\/2025\/05\/Uwin-crystal-10000-poster-9-\u62f7\u8d1d-1093x800.png 1093w, https:\/\/uwin-shop.com\/wp-content\/uploads\/2025\/05\/Uwin-crystal-10000-poster-9-\u62f7\u8d1d-768x562.png 768w, https:\/\/uwin-shop.com\/wp-content\/uploads\/2025\/05\/Uwin-crystal-10000-poster-9-\u62f7\u8d1d-1536x1124.png 1536w, https:\/\/uwin-shop.com\/wp-content\/uploads\/2025\/05\/Uwin-crystal-10000-poster-9-\u62f7\u8d1d-2048x1499.png 2048w, https:\/\/uwin-shop.com\/wp-content\/uploads\/2025\/05\/Uwin-crystal-10000-poster-9-\u62f7\u8d1d-16x12.png 16w, https:\/\/uwin-shop.com\/wp-content\/uploads\/2025\/05\/Uwin-crystal-10000-poster-9-\u62f7\u8d1d-60x44.png 60w, https:\/\/uwin-shop.com\/wp-content\/uploads\/2025\/05\/Uwin-crystal-10000-poster-9-\u62f7\u8d1d-800x586.png 800w\" sizes=\"auto, (max-width: 546px) 100vw, 546px\" \/><\/a><\/p>\n<p>En <strong>Uwin Cristal 10000 Puffs<\/strong> ofrece una impresionante gama de <strong>15 deliciosos sabores<\/strong>cada uno de ellos elaborado a la perfecci\u00f3n para ofrecer una experiencia \u00fanica y satisfactoria en cada calada. He aqu\u00ed algunos de los excitantes sabores con los que puedes deleitarte:<\/p>\n<ul>\n<li><strong>\ud83e\uded0\ud83c\udf53Azul Frambuesa<\/strong>: Una tentadora mezcla de ar\u00e1ndanos dulces y frambuesas \u00e1cidas para una delicia afrutada equilibrada.<\/li>\n<li><strong>\ud83c\udf47\u2744\ufe0fGrape Hielo<\/strong>: Experimenta un rico y jugoso sabor a uva con un fresco final helado para un vapeo refrescante.<\/li>\n<li><strong>\ud83c\udf53\ud83c\udf49Sand\u00eda con fresas<\/strong>: Las fresas dulces se mezclan a la perfecci\u00f3n con el sabor fresco de la sand\u00eda, creando una deliciosa mezcla de frutas.<\/li>\n<li><strong>\ud83e\uded0\u2744\ufe0fBlueberry sobre hielo<\/strong>: Un toque helado de ar\u00e1ndanos maduros, que proporciona una sensaci\u00f3n refrescante y fresca.<\/li>\n<li><strong>\ud83c\udf49\u2744\ufe0fWatermelon Hielo<\/strong>: Disfrute de una dulce explosi\u00f3n de sand\u00eda seguida de una fresca exhalaci\u00f3n, perfecta para los d\u00edas calurosos.<\/li>\n<\/ul>\n<h3><strong>\ud83c\udf08 M\u00e1s opciones de sabor para explorar<\/strong><\/h3>\n<p>Adem\u00e1s de estos favoritos de los fans, la Uwin Crystal ofrece m\u00e1s sabores excitantes:<\/p>\n<ul>\n<li><strong>\ud83c\udf52\u2744\ufe0fCherry Hielo<\/strong>: Un suculento sabor a cereza mezclado con un acabado helado para un vapeo suave y satisfactorio.<\/li>\n<li><strong>\ud83c\udf53\ud83c\udf47\ud83c\udf52Frambuesa Frambuesa Cereza<\/strong>: Un tr\u00edo de bayas que combina fresas dulces, frambuesas \u00e1cidas y cerezas jugosas.<\/li>\n<li><strong>\ud83e\udd5d\ud83c\udf48\ud83c\udf51Kiwi Maracuy\u00e1 Guayaba<\/strong>: Una fusi\u00f3n tropical de kiwi \u00e1cido, fruta de la pasi\u00f3n ex\u00f3tica y guayaba dulce para unas vacaciones en un vape.<\/li>\n<li><strong>\ud83c\udf53\u2744\ufe0fStrawberry Hielo<\/strong>: Sabor cl\u00e1sico a fresa con un toque mentolado para una experiencia crujiente y refrescante.<\/li>\n<li><strong>\ud83c\udf51\u2744\ufe0fPeach Hielo<\/strong>: Dulce y jugoso melocot\u00f3n combinado con un acabado helado para un vape perfectamente equilibrado.<\/li>\n<\/ul>\n<h2><strong>\ud83e\udd1dOportunidades y ventajas de la venta al por mayor<\/strong><\/h2>\n<p>En <strong>Uwin Cristal 10000<\/strong> no s\u00f3lo es ideal para uso personal, sino que tambi\u00e9n est\u00e1 disponible para compras al por mayor. Los minoristas y distribuidores pueden almacenar este innovador producto en grandes cantidades, proporcionando a los clientes una experiencia de vapeo premium que los mantiene satisfechos.<\/p>\n<p><a href=\"https:\/\/uwin-shop.com\/wp-content\/uploads\/2025\/05\/Uwin-crystal-10000-poster-6-\u62f7\u8d1d-scaled.png\"><img loading=\"lazy\" decoding=\"async\" class=\"alignnone size-medium wp-image-1758\" src=\"https:\/\/uwin-shop.com\/wp-content\/uploads\/2025\/05\/Uwin-crystal-10000-poster-6-\u62f7\u8d1d-533x400.png\" alt=\"\" width=\"533\" height=\"400\" srcset=\"https:\/\/uwin-shop.com\/wp-content\/uploads\/2025\/05\/Uwin-crystal-10000-poster-6-\u62f7\u8d1d-533x400.png 533w, https:\/\/uwin-shop.com\/wp-content\/uploads\/2025\/05\/Uwin-crystal-10000-poster-6-\u62f7\u8d1d-1066x800.png 1066w, https:\/\/uwin-shop.com\/wp-content\/uploads\/2025\/05\/Uwin-crystal-10000-poster-6-\u62f7\u8d1d-768x577.png 768w, https:\/\/uwin-shop.com\/wp-content\/uploads\/2025\/05\/Uwin-crystal-10000-poster-6-\u62f7\u8d1d-1536x1153.png 1536w, https:\/\/uwin-shop.com\/wp-content\/uploads\/2025\/05\/Uwin-crystal-10000-poster-6-\u62f7\u8d1d-2048x1537.png 2048w, https:\/\/uwin-shop.com\/wp-content\/uploads\/2025\/05\/Uwin-crystal-10000-poster-6-\u62f7\u8d1d-16x12.png 16w, https:\/\/uwin-shop.com\/wp-content\/uploads\/2025\/05\/Uwin-crystal-10000-poster-6-\u62f7\u8d1d-60x45.png 60w, https:\/\/uwin-shop.com\/wp-content\/uploads\/2025\/05\/Uwin-crystal-10000-poster-6-\u62f7\u8d1d-800x601.png 800w\" sizes=\"auto, (max-width: 533px) 100vw, 533px\" \/><\/a><\/p>\n<\/div>\n<\/section>\n<section class=\"relative\">\n<div class=\"product-desc-item-content mce-content\">\n<h3><strong>\ud83d\udc8e\u00bfPor qu\u00e9 elegir Uwin?\u00a0<\/strong><strong>Vape<\/strong><strong>?<\/strong><\/h3>\n<p><strong>\u2705 Marca fuerte, calidad garantizada.<\/strong><br \/>\nUWIN sigue procesos de fabricaci\u00f3n de alto nivel, selecciona cuidadosamente las materias primas y realiza estrictas inspecciones de calidad. Garantiza <strong>calidad estable, sabor aut\u00e9ntico y gran satisfacci\u00f3n del usuario,<\/strong> con el objetivo de construir una marca profesional de cigarrillos electr\u00f3nicos de confianza.<\/p>\n<p><strong>\u2705 Tecnolog\u00eda punta, experiencia superior<\/strong><br \/>\nLa aplicaci\u00f3n de la nueva generaci\u00f3n de n\u00facleo de atomizaci\u00f3n de cer\u00e1mica\/malla garantiza una atomizaci\u00f3n uniforme y una textura fina<\/p>\n<p>Admite <strong>m\u00faltiples concentraciones de nicotina ( 2%, 5%),<\/strong> adecuado para diferentes grupos de personas<\/p>\n<p>Dise\u00f1o de gran n\u00famero de puertos (10.000 puertos, 35.000 puertos, etc.), bater\u00eda de larga duraci\u00f3n y sustituci\u00f3n poco frecuente<\/p>\n<p><strong>\u2705 UWIN, no s\u00f3lo cigarrillos electr\u00f3nicos.<\/strong><br \/>\nTiene un mejor sabor, un mayor nivel de apariencia y una calidad m\u00e1s estable.<br \/>\nTambi\u00e9n es un excelente trampol\u00edn para el despegue de tu carrera.<\/p>\n<p><a href=\"https:\/\/uwin-shop.com\/wp-content\/uploads\/2025\/05\/Uwin-crystal-10000-poster-5\u62f7\u8d1d.png\"><img loading=\"lazy\" decoding=\"async\" class=\"alignnone size-medium wp-image-1757\" src=\"https:\/\/uwin-shop.com\/wp-content\/uploads\/2025\/05\/Uwin-crystal-10000-poster-5\u62f7\u8d1d-604x400.png\" alt=\"\" width=\"604\" height=\"400\" srcset=\"https:\/\/uwin-shop.com\/wp-content\/uploads\/2025\/05\/Uwin-crystal-10000-poster-5\u62f7\u8d1d-604x400.png 604w, https:\/\/uwin-shop.com\/wp-content\/uploads\/2025\/05\/Uwin-crystal-10000-poster-5\u62f7\u8d1d-1209x800.png 1209w, https:\/\/uwin-shop.com\/wp-content\/uploads\/2025\/05\/Uwin-crystal-10000-poster-5\u62f7\u8d1d-768x508.png 768w, https:\/\/uwin-shop.com\/wp-content\/uploads\/2025\/05\/Uwin-crystal-10000-poster-5\u62f7\u8d1d-1536x1017.png 1536w, https:\/\/uwin-shop.com\/wp-content\/uploads\/2025\/05\/Uwin-crystal-10000-poster-5\u62f7\u8d1d-18x12.png 18w, https:\/\/uwin-shop.com\/wp-content\/uploads\/2025\/05\/Uwin-crystal-10000-poster-5\u62f7\u8d1d-60x40.png 60w, https:\/\/uwin-shop.com\/wp-content\/uploads\/2025\/05\/Uwin-crystal-10000-poster-5\u62f7\u8d1d-800x530.png 800w, https:\/\/uwin-shop.com\/wp-content\/uploads\/2025\/05\/Uwin-crystal-10000-poster-5\u62f7\u8d1d.png 1970w\" sizes=\"auto, (max-width: 604px) 100vw, 604px\" \/><\/a><\/p>\n<h2><strong>\ud83d\udcbcEleve su negocio con Uwin Crystal 10000 Puffs<\/strong><\/h2>\n<p>En <strong>Uwin Crystal 10000 Puffs Vape Desechable<\/strong> es perfecto para mayoristas que buscan un producto fiable y de alta calidad para satisfacer la creciente demanda de vapeadores desechables premium. Si usted es due\u00f1o de una tienda de vapeo, una tienda de conveniencia, o simplemente quiere almacenar un producto popular a granel, este vape es un \u00e9xito de ventas debido a su excelente... <strong>gama de sabores, opciones de nicotina ajustables<\/strong>y un rendimiento duradero.<\/p>\n<h3><strong>\ud83d\udd11 Caracter\u00edsticas clave para maximizar su oferta<\/strong><\/h3>\n<p><a href=\"https:\/\/uwin-shop.com\/wp-content\/uploads\/2025\/05\/\u6d77\u62a54.jpg\"><img loading=\"lazy\" decoding=\"async\" class=\"alignnone size-medium wp-image-1765\" src=\"https:\/\/uwin-shop.com\/wp-content\/uploads\/2025\/05\/\u6d77\u62a54-563x400.jpg\" alt=\"\" width=\"563\" height=\"400\" srcset=\"https:\/\/uwin-shop.com\/wp-content\/uploads\/2025\/05\/\u6d77\u62a54-563x400.jpg 563w, https:\/\/uwin-shop.com\/wp-content\/uploads\/2025\/05\/\u6d77\u62a54-1125x800.jpg 1125w, https:\/\/uwin-shop.com\/wp-content\/uploads\/2025\/05\/\u6d77\u62a54-768x546.jpg 768w, https:\/\/uwin-shop.com\/wp-content\/uploads\/2025\/05\/\u6d77\u62a54-1536x1092.jpg 1536w, https:\/\/uwin-shop.com\/wp-content\/uploads\/2025\/05\/\u6d77\u62a54-18x12.jpg 18w, https:\/\/uwin-shop.com\/wp-content\/uploads\/2025\/05\/\u6d77\u62a54-60x43.jpg 60w, https:\/\/uwin-shop.com\/wp-content\/uploads\/2025\/05\/\u6d77\u62a54-800x569.jpg 800w, https:\/\/uwin-shop.com\/wp-content\/uploads\/2025\/05\/\u6d77\u62a54.jpg 1800w\" sizes=\"auto, (max-width: 563px) 100vw, 563px\" \/><\/a><\/p>\n<ul>\n<li><strong>Rentable<\/strong>: Las compras a granel reducen el coste global por unidad, por lo que es una opci\u00f3n ideal para los minoristas.<\/li>\n<li><strong>Satisfacci\u00f3n del cliente<\/strong>: Con 30 sabores y niveles de nicotina personalizables, puede satisfacer una amplia variedad de preferencias de los clientes.<\/li>\n<li><strong>Confianza de marca<\/strong>: Uwin Crystal es conocida por su calidad superior, que garantiza la fidelidad del cliente y la repetici\u00f3n de las compras.<\/li>\n<\/ul>\n<h2><strong>\ud83d\udd25 \u00bfListo para mejorar su gama de productos?<\/strong><\/h2>\n<p>En <strong>Uwin Crystal 10000 Puffs Vape Desechable<\/strong> se puede comprar al por mayor en <strong>uwin-shop.com<\/strong>. Eleve su negocio de vapeo ofreciendo a sus clientes lo \u00faltimo en tecnolog\u00eda de vapeo e innovaci\u00f3n de sabores. Vis\u00edtenos en <strong>uwin-shop.com\u00a0<\/strong>y haga su pedido hoy mismo.<\/p>\n<\/div>\n<\/section>\n<p>&nbsp;<\/p>","protected":false},"excerpt":{"rendered":"<ul>\n<li data-start=\"180\" data-end=\"216\"><span style=\"color: #ff6600;\"><strong>Todos los precios se indican por unidad<\/strong><\/span><\/li>\n<li data-start=\"217\" data-end=\"257\">\n<p data-start=\"219\" data-end=\"257\"><span style=\"color: #ff6600;\"><strong>Cantidad m\u00ednima de pedido: 3 unidades<\/strong><\/span><\/p>\n<\/li>\n<\/ul>\n<p data-start=\"329\" data-end=\"466\"><strong><span style=\"color: #000000;\">\ud83d\ude9a Esta pol\u00edtica nos ayuda a ofrecer mejores precios y env\u00edos m\u00e1s r\u00e1pidos.<\/span><\/strong><br data-start=\"394\" data-end=\"397\" \/><strong><span style=\"color: #000000;\">\ud83d\udcac \u00bfPreguntas? \u00a1Estaremos encantados de ayudarte!<\/span><\/strong><br data-start=\"431\" data-end=\"434\" \/><strong><span style=\"color: #000000;\">\ud83d\udcf2 WhatsApp: <a style=\"color: #000000;\" href=\"https:\/\/wa.me\/+64204871919\" target=\"_blank\" rel=\"noreferrer noopener\">+64 20 487 1919<\/a><\/span><\/strong><\/p>","protected":false},"featured_media":1701,"template":"","meta":[],"product_brand":[],"product_cat":[86],"product_tag":[],"class_list":{"0":"post-1495","1":"product","2":"type-product","3":"status-publish","4":"has-post-thumbnail","6":"product_cat-uwin","8":"first","9":"instock","10":"shipping-taxable","11":"purchasable","12":"product-type-variable","13":"has-default-attributes"},"tiered_pricing_type":"fixed","tiered_pricing_fixed_rules":[],"tiered_pricing_product_settings":{"layout":"default","base_unit_name":{"singular":null,"plural":null},"default_variation":null},"tiered_pricing_minimum_quantity":null,"tiered_pricing_roles_data":[],"tiered_pricing_percentage_rules":[],"tiered_pricing_maximum_quantity":null,"tiered_pricing_quantity_step":null,"_links":{"self":[{"href":"https:\/\/uwin-shop.com\/es_es\/wp-json\/wp\/v2\/product\/1495","targetHints":{"allow":["GET"]}}],"collection":[{"href":"https:\/\/uwin-shop.com\/es_es\/wp-json\/wp\/v2\/product"}],"about":[{"href":"https:\/\/uwin-shop.com\/es_es\/wp-json\/wp\/v2\/types\/product"}],"wp:featuredmedia":[{"embeddable":true,"href":"https:\/\/uwin-shop.com\/es_es\/wp-json\/wp\/v2\/media\/1701"}],"wp:attachment":[{"href":"https:\/\/uwin-shop.com\/es_es\/wp-json\/wp\/v2\/media?parent=1495"}],"wp:term":[{"taxonomy":"product_brand","embeddable":true,"href":"https:\/\/uwin-shop.com\/es_es\/wp-json\/wp\/v2\/product_brand?post=1495"},{"taxonomy":"product_cat","embeddable":true,"href":"https:\/\/uwin-shop.com\/es_es\/wp-json\/wp\/v2\/product_cat?post=1495"},{"taxonomy":"product_tag","embeddable":true,"href":"https:\/\/uwin-shop.com\/es_es\/wp-json\/wp\/v2\/product_tag?post=1495"}],"curies":[{"name":"wp","href":"https:\/\/api.w.org\/{rel}","templated":true}]}}