{"id":2134,"date":"2025-06-13T17:48:11","date_gmt":"2025-06-13T09:48:11","guid":{"rendered":"https:\/\/uwin-shop.com\/?post_type=product&#038;p=2134"},"modified":"2025-06-13T19:05:33","modified_gmt":"2025-06-13T11:05:33","slug":"randm-uwin-tornado-music-35000-puffs%ef%bc%88ships-by-full-box-min-10-pcs%ef%bc%89","status":"publish","type":"product","link":"https:\/\/uwin-shop.com\/es_es\/producto\/randm-uwin-tornado-music-35000-puffs%ef%bc%88ships-by-full-box-min-10-pcs%ef%bc%89\/","title":{"rendered":"RandM UWIN Tornado Music 35000 Puffs\uff08Se env\u00eda por caja completa - Min. 10 piezas\uff09"},"content":{"rendered":"<h1><strong>\u00a1\ud83c\udf1f UWIN 35.000-puffs E-cigarrillo - Ritmo inteligente, uno est\u00e1 en casa!<\/strong><\/h1>\n<p><a href=\"https:\/\/uwin-shop.com\/wp-content\/uploads\/2025\/05\/4-1.webp\"><img loading=\"lazy\" decoding=\"async\" class=\"alignnone size-medium wp-image-1711\" src=\"https:\/\/uwin-shop.com\/wp-content\/uploads\/2025\/05\/4-1-600x400.webp\" alt=\"\" width=\"600\" height=\"400\" srcset=\"https:\/\/uwin-shop.com\/wp-content\/uploads\/2025\/05\/4-1-600x400.webp 600w, https:\/\/uwin-shop.com\/wp-content\/uploads\/2025\/05\/4-1-1200x800.webp 1200w, https:\/\/uwin-shop.com\/wp-content\/uploads\/2025\/05\/4-1-768x512.webp 768w, https:\/\/uwin-shop.com\/wp-content\/uploads\/2025\/05\/4-1-1536x1024.webp 1536w, https:\/\/uwin-shop.com\/wp-content\/uploads\/2025\/05\/4-1-18x12.webp 18w, https:\/\/uwin-shop.com\/wp-content\/uploads\/2025\/05\/4-1-60x40.webp 60w, https:\/\/uwin-shop.com\/wp-content\/uploads\/2025\/05\/4-1-800x533.webp 800w, https:\/\/uwin-shop.com\/wp-content\/uploads\/2025\/05\/4-1.webp 1800w\" sizes=\"auto, (max-width: 600px) 100vw, 600px\" \/><\/a><\/p>\n<h2><strong>\ud83d\ude80 Bater\u00eda de duraci\u00f3n superlarga,<\/strong><strong>\u00a035.000 bocanadas<\/strong><strong>\u00a0capacidad supergrande<\/strong><\/h2>\n<h4>Un UWIN equivale a varios cigarrillos electr\u00f3nicos normales. Con una bater\u00eda de larga duraci\u00f3n de\u00a0<strong>35.000 Puffs<\/strong>, no s\u00f3lo dura m\u00e1s, sino que tambi\u00e9n ahorra mucho, lo que la convierte en la opci\u00f3n ideal para usuarios intensivos.<\/h4>\n<h2><strong>\ud83c\udfb5 Las luces se mueven al ritmo de la m\u00fasica, el dispositivo de ambiente exclusivo de los trendsetters<\/strong><\/h2>\n<h4>Basta con pulsar el bot\u00f3n inferior para activar el <strong>modo de efecto de luz deslumbrante<\/strong>. Con el chip sensor de audio incorporado, <strong>las luces bailar\u00e1n al ritmo de la m\u00fasica<\/strong>...\u00a1haciendo enloquecer a todo el recinto!<\/h4>\n<h4>Ya sea en una fiesta, en un bar o en la calle por la noche, <strong>las luces bailan al ritmo, refrescan al m\u00e1ximo, \u00a1y t\u00fa eres el centro de toda la escena!<\/strong><\/h4>\n<p><a href=\"https:\/\/uwin-shop.com\/wp-content\/uploads\/2025\/05\/5-1.webp\"><img loading=\"lazy\" decoding=\"async\" class=\"alignnone size-medium wp-image-1712\" src=\"https:\/\/uwin-shop.com\/wp-content\/uploads\/2025\/05\/5-1-400x400.webp\" alt=\"\" width=\"400\" height=\"400\" srcset=\"https:\/\/uwin-shop.com\/wp-content\/uploads\/2025\/05\/5-1-400x400.webp 400w, https:\/\/uwin-shop.com\/wp-content\/uploads\/2025\/05\/5-1-280x280.webp 280w, https:\/\/uwin-shop.com\/wp-content\/uploads\/2025\/05\/5-1-768x768.webp 768w, https:\/\/uwin-shop.com\/wp-content\/uploads\/2025\/05\/5-1-12x12.webp 12w, https:\/\/uwin-shop.com\/wp-content\/uploads\/2025\/05\/5-1-60x60.webp 60w, https:\/\/uwin-shop.com\/wp-content\/uploads\/2025\/05\/5-1-100x100.webp 100w, https:\/\/uwin-shop.com\/wp-content\/uploads\/2025\/05\/5-1.webp 800w\" sizes=\"auto, (max-width: 400px) 100vw, 400px\" \/><\/a><\/p>\n<h2><strong>\ud83d\udd18Los botones fr\u00edos de la parte inferior son f\u00e1ciles de controlar<\/strong><\/h2>\n<h4>Equipado con un\u00a0<strong>bot\u00f3n inferior multifuncional<\/strong>, es f\u00e1cil cambiar el modo de efecto luminoso, activar el dispositivo o comprobar el estado, lo que ofrece una doble experiencia de tecnolog\u00eda y control.<\/h4>\n<h2><strong>\ud83d\udca8 Gran volumen de humo, refrescante para los pulmones<\/strong><\/h2>\n<h4>Adopta un dise\u00f1o de gran salida de humo, cumpliendo con los altos est\u00e1ndares de los fumadores de largo plazo para una<strong>\u00a0\"aut\u00e9ntica experiencia de fumar\"<\/strong>, proporcionando una sensaci\u00f3n refrescante que llega hasta el fondo de la garganta.<\/h4>\n<h2><strong>\ud83d\udd0b Carga r\u00e1pida Tipo-C, una carga para varios d\u00edas<\/strong><\/h2>\n<h4>Equipado con\u00a0<strong>Interfaz de carga r\u00e1pida de alta velocidad Tipo-C<\/strong>La velocidad de carga es m\u00e1s r\u00e1pida, y la bater\u00eda de 850 mAh mantiene la energ\u00eda de la bater\u00eda funcionando continuamente durante mucho tiempo.<\/h4>\n<p><a href=\"https:\/\/uwin-shop.com\/wp-content\/uploads\/2025\/05\/%E6%A8%AA%E5%B9%85.jpg\"><img loading=\"lazy\" decoding=\"async\" class=\"alignnone size-medium wp-image-1652\" src=\"https:\/\/uwin-shop.com\/wp-content\/uploads\/2025\/05\/%E6%A8%AA%E5%B9%85-732x400.jpg\" sizes=\"auto, (max-width: 732px) 100vw, 732px\" srcset=\"https:\/\/uwin-shop.com\/wp-content\/uploads\/2025\/05\/\u6a2a\u5e45-732x400.jpg 732w, https:\/\/uwin-shop.com\/wp-content\/uploads\/2025\/05\/\u6a2a\u5e45-768x420.jpg 768w, https:\/\/uwin-shop.com\/wp-content\/uploads\/2025\/05\/\u6a2a\u5e45-18x10.jpg 18w, https:\/\/uwin-shop.com\/wp-content\/uploads\/2025\/05\/\u6a2a\u5e45-60x33.jpg 60w, https:\/\/uwin-shop.com\/wp-content\/uploads\/2025\/05\/\u6a2a\u5e45-800x437.jpg 800w, https:\/\/uwin-shop.com\/wp-content\/uploads\/2025\/05\/\u6a2a\u5e45.jpg 1330w\" alt=\"\" width=\"732\" height=\"400\" \/><\/a><\/p>\n<h2><strong>\ud83c\udfa8Una variedad de sabores populares est\u00e1n disponibles para la selecci\u00f3n<\/strong><\/h2>\n<h4>Ar\u00e1ndano Frambuesa Melocot\u00f3n de verano Cereza helada Kiwi Fruta de la pasi\u00f3n Guayaba Bayas mixtas......<\/h4>\n<h4>Cada bocado es incre\u00edble, \u00a1y los sabores nunca son los mismos!<\/h4>\n<h4>Cada sorbo es como beber zumo, con un sabor aut\u00e9ntico y verdadero que perdura en el paladar.<\/h4>\n<p><a href=\"https:\/\/uwin-shop.com\/wp-content\/uploads\/2025\/05\/%E5%8F%A3%E5%91%B3%E6%B5%B7%E6%8A%A5-1-scaled.jpg\"><img loading=\"lazy\" decoding=\"async\" class=\"alignnone size-medium wp-image-1663\" src=\"https:\/\/uwin-shop.com\/wp-content\/uploads\/2025\/05\/%E5%8F%A3%E5%91%B3%E6%B5%B7%E6%8A%A5-1-500x400.jpg\" sizes=\"auto, (max-width: 500px) 100vw, 500px\" srcset=\"https:\/\/uwin-shop.com\/wp-content\/uploads\/2025\/05\/\u53e3\u5473\u6d77\u62a5-1-500x400.jpg 500w, https:\/\/uwin-shop.com\/wp-content\/uploads\/2025\/05\/\u53e3\u5473\u6d77\u62a5-1-1000x800.jpg 1000w, https:\/\/uwin-shop.com\/wp-content\/uploads\/2025\/05\/\u53e3\u5473\u6d77\u62a5-1-768x614.jpg 768w, https:\/\/uwin-shop.com\/wp-content\/uploads\/2025\/05\/\u53e3\u5473\u6d77\u62a5-1-1536x1228.jpg 1536w, https:\/\/uwin-shop.com\/wp-content\/uploads\/2025\/05\/\u53e3\u5473\u6d77\u62a5-1-2048x1638.jpg 2048w, https:\/\/uwin-shop.com\/wp-content\/uploads\/2025\/05\/\u53e3\u5473\u6d77\u62a5-1-15x12.jpg 15w, https:\/\/uwin-shop.com\/wp-content\/uploads\/2025\/05\/\u53e3\u5473\u6d77\u62a5-1-60x48.jpg 60w, https:\/\/uwin-shop.com\/wp-content\/uploads\/2025\/05\/\u53e3\u5473\u6d77\u62a5-1-800x640.jpg 800w\" alt=\"\" width=\"500\" height=\"400\" \/><\/a><\/p>\n<h2><strong>\u2728Uwin Crystal 35000 Puffs Music Caracter\u00edsticas principales<\/strong><\/h2>\n<h4><strong>Capacidad de soplado:<\/strong>\u00a0Hasta 30.000 caladas, lo que garantiza un uso prolongado.<br \/>\n<strong>Opciones de nicotina:<\/strong>\u00a0Disponible en concentraciones de nicotina de 0%, 2%, 3% y 5% para satisfacer diferentes preferencias.<br \/>\n<strong>Bater\u00eda recargable:\u00a0<\/strong>Bater\u00eda de 600 mAh recargable a trav\u00e9s de un puerto Type-C de carga r\u00e1pida.<br \/>\n<strong>Bobina de malla:\u00a0<\/strong>Bobina de resistencia de 1,0\u03a9 para un sabor superior y una producci\u00f3n de vapor suave.<br \/>\n<strong>Luces LED sincronizadas con la m\u00fasica:<\/strong>\u00a0Luces que cambian de color y patr\u00f3n con tu m\u00fasica para una experiencia de vapeo visualmente emocionante.<br \/>\n<strong>Variedad de sabores:\u00a0<\/strong>30 deliciosos sabores para todos los paladares.<br \/>\n<strong>Ligero y port\u00e1til:<\/strong>\u00a0F\u00e1cil de transportar, por lo que es una excelente opci\u00f3n para vapear sobre la marcha.<\/h4>\n<p><a href=\"https:\/\/uwin-shop.com\/wp-content\/uploads\/2025\/05\/7-1.webp\"><img loading=\"lazy\" decoding=\"async\" class=\"alignnone size-medium wp-image-1713\" src=\"https:\/\/uwin-shop.com\/wp-content\/uploads\/2025\/05\/7-1-400x400.webp\" alt=\"\" width=\"400\" height=\"400\" srcset=\"https:\/\/uwin-shop.com\/wp-content\/uploads\/2025\/05\/7-1-400x400.webp 400w, https:\/\/uwin-shop.com\/wp-content\/uploads\/2025\/05\/7-1-280x280.webp 280w, https:\/\/uwin-shop.com\/wp-content\/uploads\/2025\/05\/7-1-768x768.webp 768w, https:\/\/uwin-shop.com\/wp-content\/uploads\/2025\/05\/7-1-12x12.webp 12w, https:\/\/uwin-shop.com\/wp-content\/uploads\/2025\/05\/7-1-60x60.webp 60w, https:\/\/uwin-shop.com\/wp-content\/uploads\/2025\/05\/7-1-100x100.webp 100w, https:\/\/uwin-shop.com\/wp-content\/uploads\/2025\/05\/7-1.webp 800w\" sizes=\"auto, (max-width: 400px) 100vw, 400px\" \/><\/a><\/p>\n<h2><strong>\ud83d\udd25 UWIN 35.000 Puffs E-cigarrillo, \u00bfle conviene?<\/strong><\/h2>\n<h4>\u2705 \u00bfTe gusta la tecnolog\u00eda de moda?<br \/>\n\u2705 \u00bfQuieres una bater\u00eda de duraci\u00f3n superlarga?<br \/>\n\u2705 \u00bfTe gustan los ambientes luminosos y las experiencias \u00fanicas?<br \/>\nEntonces debe tener un\u00a0<strong>UWIN<\/strong>!<\/h4>\n<h4>En <strong>Uwin Tornado 35K M\u00fasica Vape desechable<\/strong> se puede comprar al por mayor en <strong>uwin-shop.com<\/strong>. Eleve su negocio de vapeo ofreciendo a sus clientes lo \u00faltimo en tecnolog\u00eda de vapeo e innovaci\u00f3n de sabores. Visite <strong>uwin-shop.com<\/strong>\u00a0hoy mismo para hacer su pedido y explorar toda nuestra gama de productos.<\/h4>","protected":false},"excerpt":{"rendered":"<ul>\n<li data-start=\"180\" data-end=\"216\"><span style=\"color: #ff6600;\"><strong>Todos los precios se indican por unidad<\/strong><\/span><\/li>\n<li data-start=\"217\" data-end=\"257\">\n<p data-start=\"219\" data-end=\"257\"><span style=\"color: #ff6600;\"><strong>Cantidad m\u00ednima de pedido: 10 unidades<\/strong><\/span><\/p>\n<\/li>\n<\/ul>\n<p data-start=\"329\" data-end=\"466\"><strong><span style=\"color: #000000;\">\ud83d\ude9a Esta pol\u00edtica nos ayuda a ofrecer mejores precios y env\u00edos m\u00e1s r\u00e1pidos.<\/span><\/strong><br data-start=\"394\" data-end=\"397\" \/><strong><span style=\"color: #000000;\">\ud83d\udcac \u00bfPreguntas? \u00a1Estaremos encantados de ayudarte!<\/span><\/strong><br data-start=\"431\" data-end=\"434\" \/><strong><span style=\"color: #000000;\">\ud83d\udcf2 WhatsApp: <a style=\"color: #000000;\" href=\"https:\/\/wa.me\/+64204871919\" target=\"_blank\" rel=\"noreferrer noopener\">+64 20 487 1919<\/a><\/span><\/strong><\/p>","protected":false},"featured_media":1650,"template":"","meta":[],"product_brand":[],"product_cat":[92],"product_tag":[],"class_list":{"0":"post-2134","1":"product","2":"type-product","3":"status-publish","4":"has-post-thumbnail","6":"product_cat-uwin-de","8":"first","9":"instock","10":"shipping-taxable","11":"purchasable","12":"product-type-variable","13":"has-default-attributes"},"tiered_pricing_type":"fixed","tiered_pricing_fixed_rules":[],"tiered_pricing_product_settings":{"layout":"default","base_unit_name":{"singular":null,"plural":null},"default_variation":null},"tiered_pricing_minimum_quantity":null,"tiered_pricing_roles_data":[],"tiered_pricing_percentage_rules":[],"tiered_pricing_maximum_quantity":null,"tiered_pricing_quantity_step":null,"_links":{"self":[{"href":"https:\/\/uwin-shop.com\/es_es\/wp-json\/wp\/v2\/product\/2134","targetHints":{"allow":["GET"]}}],"collection":[{"href":"https:\/\/uwin-shop.com\/es_es\/wp-json\/wp\/v2\/product"}],"about":[{"href":"https:\/\/uwin-shop.com\/es_es\/wp-json\/wp\/v2\/types\/product"}],"wp:featuredmedia":[{"embeddable":true,"href":"https:\/\/uwin-shop.com\/es_es\/wp-json\/wp\/v2\/media\/1650"}],"wp:attachment":[{"href":"https:\/\/uwin-shop.com\/es_es\/wp-json\/wp\/v2\/media?parent=2134"}],"wp:term":[{"taxonomy":"product_brand","embeddable":true,"href":"https:\/\/uwin-shop.com\/es_es\/wp-json\/wp\/v2\/product_brand?post=2134"},{"taxonomy":"product_cat","embeddable":true,"href":"https:\/\/uwin-shop.com\/es_es\/wp-json\/wp\/v2\/product_cat?post=2134"},{"taxonomy":"product_tag","embeddable":true,"href":"https:\/\/uwin-shop.com\/es_es\/wp-json\/wp\/v2\/product_tag?post=2134"}],"curies":[{"name":"wp","href":"https:\/\/api.w.org\/{rel}","templated":true}]}}