{"id":2437,"date":"2025-07-15T10:16:52","date_gmt":"2025-07-15T02:16:52","guid":{"rendered":"https:\/\/uwin-shop.com\/?post_type=product&#038;p=2437"},"modified":"2025-07-18T18:18:56","modified_gmt":"2025-07-18T10:18:56","slug":"uwin-shisha-crystal-20000-puffs-2","status":"publish","type":"product","link":"https:\/\/uwin-shop.com\/es_es\/producto\/uwin-shisha-crystal-20000-puffs-2\/","title":{"rendered":"Cable de carga con luz de flujo LED 3 en 1: cable de carga r\u00e1pida con conectores USB-C, micro USB y Lightning, cable trenzado duradero de 1,2 m."},"content":{"rendered":"<p><img loading=\"lazy\" decoding=\"async\" src=\"https:\/\/img.shopshop.cloud\/uploader\/1e6f5cf85aefc39c2da3450be26220c1.gif\" alt=\"\" width=\"500\" height=\"889\" \/><\/p>\n<p>Cable multi-USB 3 en 1: Este cable cargador 3 en 1 LED Flowing Light Up tiene 3 puertos de carga diferentes, micro USB, enchufe USB tipo C y tel\u00e9fono, solo 1 cable para sus necesidades de carga diarias. Viaje, oficina, autom\u00f3vil o casa, haga su vida m\u00e1s conveniente y f\u00e1cil.<\/p>\n<p><img loading=\"lazy\" decoding=\"async\" src=\"https:\/\/img.shopshop.cloud\/uploader\/84d51ae390bb13c76a4187cbdda9ff64.jpg\" width=\"500\" height=\"816\" \/><\/p>\n<p>Cable con dise\u00f1o de luz LED que fluye\uff1aEste cable de carga m\u00faltiple con innovador efecto LED que fluye hace que la carga sea m\u00e1s divertida y con una bonita iluminaci\u00f3n. La luz que fluye suave que le ayuda a aliviar el estr\u00e9s mientras escucha canciones, beber caf\u00e9 o leer libros.el cable USB LED hace que sea m\u00e1s f\u00e1cil encontrar su tel\u00e9fono en la oscuridad.<\/p>\n<p><img loading=\"lazy\" decoding=\"async\" src=\"https:\/\/img.shopshop.cloud\/uploader\/d95f58beffedf65c7dca935c6468ed3f.jpg\" width=\"500\" height=\"968\" \/><\/p>\n<p>Calidad superior: puerto USB TPE de alta calidad. La longitud del cable es de aprox. 1,2 m de cable recto. Fabricado con materiales el\u00e1sticos de alta calidad, el cable flash sin enredos con carcasa de aluminio tiene una vida \u00fatil de m\u00e1s de 4000 curvas.<\/p>\n<p><img loading=\"lazy\" decoding=\"async\" src=\"https:\/\/img.shopshop.cloud\/uploader\/92bea587b1a934572151169bafed3810.jpg\" width=\"500\" height=\"883\" \/><\/p>\n<p>Perfectamente compatible: El cable de carga m\u00faltiple tiene tres interfaces diferentes, que es compatible con la mayor\u00eda de los tel\u00e9fonos inteligentes en el mercado. El multi en una l\u00ednea de carga port\u00e1til puede satisfacer las diferentes necesidades de las personas para la portabilidad y ahorrar dinero y tiempo.<\/p>\n<p><img loading=\"lazy\" decoding=\"async\" src=\"https:\/\/img.shopshop.cloud\/uploader\/a893c502b2c1199389d772fcbfab9ed9.jpg\" width=\"500\" height=\"500\" \/><\/p>\n<p><img loading=\"lazy\" decoding=\"async\" src=\"https:\/\/img.shopshop.cloud\/uploader\/ca4d49ae5de4f0f1e40dff1bbb365180.jpg\" width=\"501\" height=\"501\" \/><\/p>","protected":false},"excerpt":{"rendered":"<ul>\n<li data-start=\"180\" data-end=\"216\"><span style=\"color: #ff6600;\"><strong><span style=\"vertical-align: inherit;\"><span style=\"vertical-align: inherit;\"><span style=\"vertical-align: inherit;\"><span style=\"vertical-align: inherit;\"><span style=\"vertical-align: inherit;\"><span style=\"vertical-align: inherit;\"><span style=\"vertical-align: inherit;\"><span style=\"vertical-align: inherit;\"><span style=\"vertical-align: inherit;\"><span style=\"vertical-align: inherit;\"><span style=\"vertical-align: inherit;\"><span style=\"vertical-align: inherit;\"><span style=\"vertical-align: inherit;\"><span style=\"vertical-align: inherit;\"><span style=\"vertical-align: inherit;\"><span style=\"vertical-align: inherit;\">\u6240\u6709\u4ef7\u683c \u5355\u4ef6\u4ef7\u683c<\/span><\/span><\/span><\/span><\/span><\/span><\/span><\/span><\/span><\/span><\/span><\/span><\/span><\/span><\/span><\/span><\/strong><\/span><\/li>\n<li data-start=\"217\" data-end=\"257\">\n<p data-start=\"219\" data-end=\"257\"><span style=\"color: #ff6600;\"><strong><span style=\"vertical-align: inherit;\"><span style=\"vertical-align: inherit;\"><span style=\"vertical-align: inherit;\"><span style=\"vertical-align: inherit;\"><span style=\"vertical-align: inherit;\"><span style=\"vertical-align: inherit;\"><span style=\"vertical-align: inherit;\"><span style=\"vertical-align: inherit;\"><span style=\"vertical-align: inherit;\"><span style=\"vertical-align: inherit;\"><span style=\"vertical-align: inherit;\"><span style=\"vertical-align: inherit;\"><span style=\"vertical-align: inherit;\"><span style=\"vertical-align: inherit;\"><span style=\"vertical-align: inherit;\"><span style=\"vertical-align: inherit;\">\u6700\u4f4e\u8ba2\u8d2d\u6570\u91cf\uff1a3 \u4ef6<\/span><\/span><\/span><\/span><\/span><\/span><\/span><\/span><\/span><\/span><\/span><\/span><\/span><\/span><\/span><\/span><\/strong><\/span><\/p>\n<\/li>\n<\/ul>\n<p data-start=\"329\" data-end=\"466\"><strong><span style=\"color: #000000;\"><span style=\"vertical-align: inherit;\"><span style=\"vertical-align: inherit;\"><span style=\"vertical-align: inherit;\"><span style=\"vertical-align: inherit;\"><span style=\"vertical-align: inherit;\"><span style=\"vertical-align: inherit;\"><span style=\"vertical-align: inherit;\"><span style=\"vertical-align: inherit;\"><span style=\"vertical-align: inherit;\"><span style=\"vertical-align: inherit;\"><span style=\"vertical-align: inherit;\"><span style=\"vertical-align: inherit;\"><span style=\"vertical-align: inherit;\"><span style=\"vertical-align: inherit;\"><span style=\"vertical-align: inherit;\"><span style=\"vertical-align: inherit;\">\ud83d\ude9a\u6b64\u653f\u7b56\u6709\u52a9\u4e8e\u6211\u4eec\u63d0\u4f9b\u66f4\u4f18\u60e0\u7684\u4ef7\u683c\u548c\u66f4\u5feb\u7684\u4ea7\u54c1\u901f\u5ea6\u3002\ud83d\udcac<\/span><\/span><\/span><\/span><\/span><\/span><\/span><\/span><\/span><\/span><\/span><\/span><\/span><\/span><\/span><\/span><\/span><\/strong><br data-start=\"394\" data-end=\"397\" \/><strong><span style=\"color: #000000;\"><span style=\"vertical-align: inherit;\"><span style=\"vertical-align: inherit;\"><span style=\"vertical-align: inherit;\"><span style=\"vertical-align: inherit;\"><span style=\"vertical-align: inherit;\"><span style=\"vertical-align: inherit;\"><span style=\"vertical-align: inherit;\"><span style=\"vertical-align: inherit;\"><span style=\"vertical-align: inherit;\"><span style=\"vertical-align: inherit;\"><span style=\"vertical-align: inherit;\"><span style=\"vertical-align: inherit;\"><span style=\"vertical-align: inherit;\"><span style=\"vertical-align: inherit;\"><span style=\"vertical-align: inherit;\"><span style=\"vertical-align: inherit;\">\u6709\u7591\u95ee\u5417\uff1f\u6211\u4eec\u5f88\u4e50\u610f\u4e3a\u60a8\u6548\u52b3\uff01<\/span><\/span><\/span><\/span><\/span><\/span><\/span><\/span><\/span><\/span><\/span><\/span><\/span><\/span><\/span><\/span><\/span><\/strong><br data-start=\"431\" data-end=\"434\" \/><strong><span style=\"color: #000000;\"><span style=\"vertical-align: inherit;\"><span style=\"vertical-align: inherit;\"><span style=\"vertical-align: inherit;\"><span style=\"vertical-align: inherit;\"><span style=\"vertical-align: inherit;\"><span style=\"vertical-align: inherit;\"><span style=\"vertical-align: inherit;\"><span style=\"vertical-align: inherit;\"><span style=\"vertical-align: inherit;\"><span style=\"vertical-align: inherit;\"><span style=\"vertical-align: inherit;\"><span style=\"vertical-align: inherit;\"><span style=\"vertical-align: inherit;\"><span style=\"vertical-align: inherit;\"><span style=\"vertical-align: inherit;\"><span style=\"vertical-align: inherit;\">\ud83d\udcf2 WhatsApp\uff1a<\/span><\/span><\/span><\/span><\/span><\/span><\/span><\/span><\/span><\/span><\/span><\/span><\/span><\/span><\/span><\/span><a style=\"color: #000000;\" href=\"https:\/\/wa.me\/+64204871919\" target=\"_blank\" rel=\"noreferrer noopener\"><span style=\"vertical-align: inherit;\"><span style=\"vertical-align: inherit;\"><span style=\"vertical-align: inherit;\"><span style=\"vertical-align: inherit;\"><span style=\"vertical-align: inherit;\"><span style=\"vertical-align: inherit;\"><span style=\"vertical-align: inherit;\"><span style=\"vertical-align: inherit;\"><span style=\"vertical-align: inherit;\"><span style=\"vertical-align: inherit;\"><span style=\"vertical-align: inherit;\"><span style=\"vertical-align: inherit;\"><span style=\"vertical-align: inherit;\"><span style=\"vertical-align: inherit;\"><span style=\"vertical-align: inherit;\"><span style=\"vertical-align: inherit;\">+64 20 487 1919<\/span><\/span><\/span><\/span><\/span><\/span><\/span><\/span><\/span><\/span><\/span><\/span><\/span><\/span><\/span><\/span><\/a><\/span><\/strong><\/p>","protected":false},"featured_media":2448,"template":"","meta":[],"product_brand":[],"product_cat":[15],"product_tag":[],"class_list":{"0":"post-2437","1":"product","2":"type-product","3":"status-publish","4":"has-post-thumbnail","6":"product_cat-uncategorized","8":"first","9":"instock","10":"shipping-taxable","11":"purchasable","12":"product-type-variable","13":"has-default-attributes"},"tiered_pricing_type":"fixed","tiered_pricing_fixed_rules":[],"tiered_pricing_product_settings":{"layout":"default","base_unit_name":{"singular":null,"plural":null},"default_variation":null},"tiered_pricing_minimum_quantity":null,"tiered_pricing_roles_data":[],"tiered_pricing_percentage_rules":[],"tiered_pricing_maximum_quantity":null,"tiered_pricing_quantity_step":null,"_links":{"self":[{"href":"https:\/\/uwin-shop.com\/es_es\/wp-json\/wp\/v2\/product\/2437","targetHints":{"allow":["GET"]}}],"collection":[{"href":"https:\/\/uwin-shop.com\/es_es\/wp-json\/wp\/v2\/product"}],"about":[{"href":"https:\/\/uwin-shop.com\/es_es\/wp-json\/wp\/v2\/types\/product"}],"wp:featuredmedia":[{"embeddable":true,"href":"https:\/\/uwin-shop.com\/es_es\/wp-json\/wp\/v2\/media\/2448"}],"wp:attachment":[{"href":"https:\/\/uwin-shop.com\/es_es\/wp-json\/wp\/v2\/media?parent=2437"}],"wp:term":[{"taxonomy":"product_brand","embeddable":true,"href":"https:\/\/uwin-shop.com\/es_es\/wp-json\/wp\/v2\/product_brand?post=2437"},{"taxonomy":"product_cat","embeddable":true,"href":"https:\/\/uwin-shop.com\/es_es\/wp-json\/wp\/v2\/product_cat?post=2437"},{"taxonomy":"product_tag","embeddable":true,"href":"https:\/\/uwin-shop.com\/es_es\/wp-json\/wp\/v2\/product_tag?post=2437"}],"curies":[{"name":"wp","href":"https:\/\/api.w.org\/{rel}","templated":true}]}}