{"id":2541,"date":"2025-07-16T12:44:35","date_gmt":"2025-07-16T04:44:35","guid":{"rendered":"https:\/\/uwin-shop.com\/?post_type=product&#038;p=2541"},"modified":"2026-04-10T17:20:35","modified_gmt":"2026-04-10T09:20:35","slug":"uwin-crystal-twins-40000-puffs%ef%bc%88shipping-from-poland%ef%bc%89-1","status":"publish","type":"product","link":"https:\/\/uwin-shop.com\/es_es\/producto\/uwin-crystal-twins-40000-puffs%ef%bc%88shipping-from-poland%ef%bc%89-1\/","title":{"rendered":"Uwin Crystal Twins 40000 Puffs\uff08Env\u00edo desde Polonia\uff09"},"content":{"rendered":"<div id=\"tab-description\" class=\"woocommerce-Tabs-panel woocommerce-Tabs-panel--description panel entry-content active\" role=\"tabpanel\" aria-labelledby=\"tab-title-description\">\n<p><strong>\ud83d\udca5Descubre el vaporizador Uwin Crystal Twins 40000 Puffs Dual Flavor Vape<\/strong><\/p>\n<section class=\"relative\">\n<h2><strong>\ud83c\udf00Experimenta una versatilidad inigualable al vapear.<\/strong><\/h2>\n<p>Presentaci\u00f3n de la\u00a0<strong>Uwin Crystal Twins 40000 Puffs<\/strong>. un vanguardista vaporizador desechable y recargable de doble sabor. Con este innovador dispositivo. podr\u00e1 disfrutar de hasta\u00a0<strong>40.000 bocanadas<\/strong>\u00a0de dos sabores distintos. haciendo de cada sesi\u00f3n de vapeo una experiencia deliciosa. Este vape destaca por sus impresionantes caracter\u00edsticas. dise\u00f1ado tanto para la comodidad y el rendimiento.<\/p>\n<h2><strong>Especificaciones principales de Uwin Crystal Twins<\/strong><\/h2>\n<h3><strong>\ud83d\udee2\ufe0fHigh Capacidad de E-l\u00edquido<\/strong><\/h3>\n<p>El Uwin Crystal Twins viene precargado con\u00a0<strong>32 ml de e-l\u00edquido<\/strong>. Esta gran capacidad le permite disfrutar de hasta\u00a0<strong>40.000 bocanadas<\/strong>\u00a0sin la molestia de tener que rellenarlo a menudo. Puede vapear durante m\u00e1s tiempo y disfrutar m\u00e1s sin interrupci\u00f3n. por lo que es perfecto para aquellos que quieren saborear su experiencia.<\/p>\n<h3><strong>\ud83d\udd0bPotente bater\u00eda recargable<\/strong><\/h3>\n<p>Equipado con un\u00a0<strong>650 mAh.<\/strong>\u00a0este dispositivo te garantiza energ\u00eda suficiente para un uso prolongado. El\u00a0<strong>Conexi\u00f3n de carga Tipo-C<\/strong>\u00a0proporciona una carga r\u00e1pida. lo que le permite recargar r\u00e1pidamente el dispositivo y volver a disfrutar de su vape. Esta caracter\u00edstica hace que el Uwin Crystal Twins una opci\u00f3n fiable para los usuarios en movimiento.<\/p>\n<h2><strong>\ud83d\udca1Experiencia de doble sabor<\/strong><\/h2>\n<p>El sistema de doble dep\u00f3sito permite una gran variedad de combinaciones de sabores, mejorando tu experiencia de vapeo. Usted puede cambiar entre dos sabores sin esfuerzo. atender a diferentes preferencias de sabor con facilidad. Esta versatilidad es una ventaja significativa para los vapers que aman explorar nuevos sabores.<\/p>\n<p><strong>\ud83e\uddca\ud83c\udf53 1. Dos sabores en uno. cambia a tu gusto<\/strong><br \/>\nRompe con la experiencia tradicional de un solo sabor. Cada uno viene con dos sabores independientes. lo que permite cambiar f\u00e1cilmente. Puedes cambiar lo que quieras fumar en cualquier momento sin tener que llevar dos dispositivos cuando salgas.<\/p>\n<p>\ud83d\udc49 Un dispositivo = el placer de dos cigarrillos electr\u00f3nicos<\/p>\n<p><strong>\ud83c\udf08 2. Tanque de aceite separado. sabor puro sin sabor cruzado.<\/strong><br \/>\nAdopta un doble sistema independiente de almacenamiento de aceite para garantizar que cada sabor se presente puro, sin mezclas, manteniendo un alto grado de restauraci\u00f3n y estratificaci\u00f3n del sabor.<\/p>\n<p>\ud83d\udc49 Con frutas refrescantes a la izquierda y emociones heladas a la derecha. cada uno tiene su propio encanto.<\/p>\n<p><strong>\ud83d\udca8 3. Muchas combinaciones. miles de variaciones no iguales<\/strong><br \/>\nUna variedad de sabores populares se combinan. cubriendo sabores de frutas populares como frutas y bebidas funcionales. para crear su propia combinaci\u00f3n \u00fanica de doble sabor.<\/p>\n<p>\ud83d\udc49 Combinaciones de sabores poco comunes disponibles en el mercado para satisfacer las necesidades personalizadas y atraer a clientes recurrentes.<\/p>\n<p><strong>\ud83d\udd0b 4. Una m\u00e1quina. dos sabores = mayor rendimiento de costes.<\/strong><br \/>\nUn dispositivo. Dos sabores. 40.000 bocados de bater\u00eda de duraci\u00f3n ultralarga. lo que le permite experimentar m\u00e1s variaciones de sabor a un menor coste.<\/p>\n<p>\ud83d\udc49 M\u00e1s resistente a los tirones. m\u00e1s barato y m\u00e1s divertido<\/p>\n<h2><strong>Tecnolog\u00eda Vaping mejorada<\/strong><\/h2>\n<h2><strong>\u2699\ufe0fAdvanced Bobina de malla<\/strong><\/h2>\n<p>El Uwin Crystal Twins cuenta con un\u00a0<strong>Bobina de malla 0,6\u03a9*2<\/strong>. Esta avanzada tecnolog\u00eda garantiza una experiencia de vapeo suave y fiable en cada calada. Disfrutar\u00e1s de un sabor intenso y una producci\u00f3n de vapor satisfactoria, por lo que es ideal tanto para vapeadores nuevos como experimentados.<\/p>\n<h3><strong>\ud83e\uddeaOpciones de nicotina<\/strong><\/h3>\n<p>Los usuarios pueden seleccionar su nivel de nicotina preferido entre\u00a0<strong>2%<\/strong>\u00a0y\u00a0<strong>5%<\/strong>. Esta flexibilidad le permite personalizar su experiencia de vapeo, garantizando la satisfacci\u00f3n sin una intensidad abrumadora. Ajustar el nivel de nicotina a su gusto aumenta su disfrute general.<\/p>\n<p>\ud83d\udd39 2% (nicotina ligera)<br \/>\n\u2705<strong>\u00a0Un suave golpecito en la garganta<\/strong>. suave pero no demasiado duro<\/p>\n<p>\u2705 es adecuado para usuarios que se inician en el uso de e-cigarrillos o est\u00e1n en transici\u00f3n a altas concentraciones.<\/p>\n<p>\u2705 Sabor equilibrado con suave satisfacci\u00f3n<\/p>\n<p>\ud83d\udd39 5% (nicotina de alta concentraci\u00f3n)<br \/>\n\u2705\u00a0<strong>Fuerte sensaci\u00f3n en la garganta. Satisface a los fumadores empedernidos<\/strong><\/p>\n<p>\u2705 es m\u00e1s estimulante que los cigarrillos tradicionales<\/p>\n<p>\u2705 se recomienda para aquellos con experiencia. pero los principiantes deben utilizar con precauci\u00f3n.<\/p>\n<p><strong>\ud83e\udde0 C\u00e1lido recordatorio:<\/strong><br \/>\nElegir la concentraci\u00f3n de nicotina adecuada es muy importante: a los principiantes se les recomienda empezar con 2%<\/p>\n<h2><strong>Pantalla inteligente y control del flujo de aire<\/strong><\/h2>\n<p><strong>\ud83d\udcf1Vigilancia en tiempo real<\/strong><\/p>\n<p>La pantalla inteligente integrada muestra la duraci\u00f3n de la bater\u00eda y el n\u00famero de caladas en tiempo real. Esta funci\u00f3n te mantiene informado sobre tu uso para que puedas gestionar tus sesiones de vapeo de forma eficaz. Saber cu\u00e1ntas caladas te quedan puede ayudarte a planificar mejor tu d\u00eda.<\/p>\n<p><strong>Flujo de aire ajustable<\/strong><\/p>\n<p>El sistema de control del flujo de aire te permite adaptar tu experiencia de vapeo a tu gusto. Tanto si prefieres una calada m\u00e1s cerrada como una m\u00e1s aireada, el Uwin Crystal Twins se adapta a tus preferencias para garantizarte una experiencia personalizada.<\/p>\n<h2><strong>\ud83e\udd1d Dise\u00f1o f\u00e1cil de usar | UWIN. pensando realmente en cada detalle para el usuario.<\/strong><\/h2>\n<p>El Uwin Crystal Twins 40000 es incre\u00edblemente f\u00e1cil de usar. gracias a su\u00a0<strong>mecanismo accionado por tracci\u00f3n<\/strong>. Esta caracter\u00edstica lo hace perfecto tanto para principiantes como para expertos. S\u00f3lo tienes que inhalar para activar el dispositivo. por lo que es intuitivo y sin complicaciones.<\/p>\n<p><strong>\ud83d\udd0b Pantalla inteligente. Informaci\u00f3n de un vistazo<\/strong><br \/>\nEquipado con una pantalla LED inteligente para la visualizaci\u00f3n en tiempo real:<\/p>\n<p>\ud83d\udd0b Capacidad de la bater\u00eda<\/p>\n<p>\ud83d\udca7 Restos de e-l\u00edquido<\/p>\n<p>Que te despidas de\u00a0<strong>\"ansiedad de succi\u00f3n ciega\"<\/strong>\u00a0y toma cada sorbo con tranquilidad.<\/p>\n<p><strong>\ud83d\udd0c Interfaz de carga r\u00e1pida Tipo-C<\/strong><br \/>\nEquipado de serie con\u00a0<strong>Tipo-C<\/strong>\u00a0Se carga m\u00e1s r\u00e1pida y c\u00f3modamente. Se puede recargar r\u00e1pidamente en 30 minutos y se puede poner en marcha en cualquier momento sin ning\u00fan tipo de presi\u00f3n.<\/p>\n<p><strong>\ud83d\udd07 Dise\u00f1o de atomizaci\u00f3n silencioso<\/strong><br \/>\nLa nueva generaci\u00f3n de n\u00facleo de malla y estructura de flujo de aire optimizada\u00a0<strong>reducir el ruido y las interferencias en el flujo de aire<\/strong>. haciendo que el proceso de fumar sea m\u00e1s silencioso y c\u00f3modo. y adecuado para diversos escenarios.<\/p>\n<p><strong>\ud83e\uddca mejora de la estructura a prueba de fugas<\/strong><br \/>\nAdopta m\u00faltiples tecnolog\u00edas contra las fugas de aceite y una estructura de dep\u00f3sito de aceite independiente. evita eficazmente las fugas de e-l\u00edquido. por lo que es m\u00e1s tranquilizador para\u00a0<strong>transportar y usar sin preocupaciones.<\/strong><\/p>\n<p><strong>Agarre ergon\u00f3mico<\/strong><br \/>\nLa serie UWIN Crystal adopta un dise\u00f1o de esquinas redondeadas y un cuerpo ligero. Se\u00a0<strong>se ajusta a la palma de la mano. proporciona un agarre c\u00f3modo. y es adecuado tanto para hombres como para mujeres.<\/strong>\u00a0asegurando siempre el agarre justo.<\/p>\n<h2><strong>\ud83d\udc46\u00bfPor qu\u00e9 elegir el Uwin Crystal Twins 40000 Puffs?<\/strong><\/h2>\n<h3><strong>\ud83d\udd39Ideal para vapers exigentes<\/strong><\/h3>\n<p>Este dispositivo es una opci\u00f3n fant\u00e1stica para aquellos que buscan comodidad y rendimiento. Con su amplia variedad de sabores y su dise\u00f1o innovador, el Uwin Crystal Twins satisface las preferencias de los vapeadores m\u00e1s exigentes, garantizando que todo el mundo encuentre algo que le guste.<\/p>\n<h3><strong>\ud83d\udd39Perfecto para oportunidades al por mayor<\/strong><\/h3>\n<p>Si usted es un minorista o un distribuidor, Uwin Crystal Twins es una gran adici\u00f3n a su inventario. Su elevado n\u00famero de caladas, sus diversas opciones de sabor y su precio competitivo hacen de Uwin Crystal Twins un gran complemento para su inventario.\u00a0<strong>precio<\/strong>\u00a0lo convierten en un producto atractivo para los clientes. Este vape seguro que satisfar\u00e1 la creciente demanda de vapeadores desechables de alta calidad.<\/p>\n<h3><strong>\ud83d\udd39Excelentes cr\u00edticas y rendimiento<\/strong><\/h3>\n<p>Los Gemelos de Cristal Uwin han cosechado positivos\u00a0<strong>rese\u00f1as<\/strong>\u00a0de usuarios que aprecian su rendimiento y versatilidad. Su combinaci\u00f3n de caracter\u00edsticas de gran alcance y dise\u00f1o f\u00e1cil de usar hace que sea un destacado en el mercado. por lo que es un deber-tener para cualquier entusiasta vaping.<\/p>\n<h2><strong>\ud83c\udfaf Ideal. incluso exigente e-cigarrillo-- UWIN Crystal Twins 40000<\/strong><\/h2>\n<h3><strong>No se trata s\u00f3lo de los cigarrillos electr\u00f3nicos, sino tambi\u00e9n de una especie de meticulosidad.<\/strong><\/h3>\n<p>Como proveedor l\u00edder de vapes desechables.\u00a0<strong>uwin-vpae.com<\/strong>\u00a0ofrece la\u00a0<strong>Uwin Crystal Twins 40000 Puffs<\/strong>\u00a0a precios competitivos. Ya sea para abastecer sus estanter\u00edas o simplemente para disfrutar de una gran experiencia de vapeo, este dispositivo es la elecci\u00f3n perfecta. No pierda la oportunidad de mejorar su experiencia de vapeo. Visite\u00a0<strong>uwin-vape.com<\/strong>\u00a0hoy mismo para hacer su pedido y explorar toda nuestra gama de productos.<\/p>\n<\/section>\n<\/div>","protected":false},"excerpt":{"rendered":"<ul>\n<li data-start=\"180\" data-end=\"216\"><span style=\"color: #ff6600;\"><strong>Todos los precios se indican por unidad<\/strong><\/span><\/li>\n<li data-start=\"217\" data-end=\"257\">\n<p data-start=\"219\" data-end=\"257\"><span style=\"color: #ff6600;\"><strong>Cantidad m\u00ednima de pedido: 3 unidades<\/strong><\/span><\/p>\n<\/li>\n<\/ul>\n<p data-start=\"329\" data-end=\"466\"><strong><span style=\"color: #000000;\">\ud83d\ude9a Esta pol\u00edtica nos ayuda a ofrecer mejores precios y env\u00edos m\u00e1s r\u00e1pidos.<\/span><\/strong><br data-start=\"394\" data-end=\"397\" \/><strong><span style=\"color: #000000;\">\ud83d\udcac \u00bfPreguntas? \u00a1Estaremos encantados de ayudarte!<\/span><\/strong><br data-start=\"431\" data-end=\"434\" \/><strong><span style=\"color: #000000;\">\ud83d\udcf2 WhatsApp: <a style=\"color: #000000;\" href=\"https:\/\/wa.me\/+64204871919\" target=\"_blank\" rel=\"noreferrer noopener\">+64 20 487 1919<\/a><\/span><\/strong><\/p>","protected":false},"featured_media":2289,"template":"","meta":[],"product_brand":[],"product_cat":[15],"product_tag":[],"class_list":{"0":"post-2541","1":"product","2":"type-product","3":"status-publish","4":"has-post-thumbnail","6":"product_cat-uncategorized","8":"first","9":"instock","10":"shipping-taxable","11":"purchasable","12":"product-type-variable","13":"has-default-attributes"},"tiered_pricing_type":"fixed","tiered_pricing_fixed_rules":[],"tiered_pricing_product_settings":{"layout":"default","base_unit_name":{"singular":null,"plural":null},"default_variation":null},"tiered_pricing_minimum_quantity":null,"tiered_pricing_roles_data":[],"tiered_pricing_percentage_rules":[],"tiered_pricing_maximum_quantity":null,"tiered_pricing_quantity_step":null,"_links":{"self":[{"href":"https:\/\/uwin-shop.com\/es_es\/wp-json\/wp\/v2\/product\/2541","targetHints":{"allow":["GET"]}}],"collection":[{"href":"https:\/\/uwin-shop.com\/es_es\/wp-json\/wp\/v2\/product"}],"about":[{"href":"https:\/\/uwin-shop.com\/es_es\/wp-json\/wp\/v2\/types\/product"}],"wp:featuredmedia":[{"embeddable":true,"href":"https:\/\/uwin-shop.com\/es_es\/wp-json\/wp\/v2\/media\/2289"}],"wp:attachment":[{"href":"https:\/\/uwin-shop.com\/es_es\/wp-json\/wp\/v2\/media?parent=2541"}],"wp:term":[{"taxonomy":"product_brand","embeddable":true,"href":"https:\/\/uwin-shop.com\/es_es\/wp-json\/wp\/v2\/product_brand?post=2541"},{"taxonomy":"product_cat","embeddable":true,"href":"https:\/\/uwin-shop.com\/es_es\/wp-json\/wp\/v2\/product_cat?post=2541"},{"taxonomy":"product_tag","embeddable":true,"href":"https:\/\/uwin-shop.com\/es_es\/wp-json\/wp\/v2\/product_tag?post=2541"}],"curies":[{"name":"wp","href":"https:\/\/api.w.org\/{rel}","templated":true}]}}