{"id":2554,"date":"2025-07-16T12:46:23","date_gmt":"2025-07-16T04:46:23","guid":{"rendered":"https:\/\/uwin-shop.com\/?post_type=product&#038;p=2554"},"modified":"2025-08-21T04:48:18","modified_gmt":"2025-08-20T20:48:18","slug":"randm-uwin-tornado-music-35000-puffs%ef%bc%88shipping-from-poland%ef%bc%89-1","status":"publish","type":"product","link":"https:\/\/uwin-shop.com\/es_es\/producto\/randm-uwin-tornado-music-35000-puffs%ef%bc%88shipping-from-poland%ef%bc%89-1\/","title":{"rendered":"RandM UWIN Tornado Music 35000 Puffs\uff08Env\u00edo desde Polonia\uff09"},"content":{"rendered":"<div id=\"tab-description\" class=\"woocommerce-Tabs-panel woocommerce-Tabs-panel--description panel entry-content active\" role=\"tabpanel\" aria-labelledby=\"tab-title-description\">\n<h1><strong>\u00a1\ud83c\udf1f UWIN 35.000-puffs E-cigarrillo - Smart Rhythm. uno est\u00e1 en casa!<\/strong><\/h1>\n<h2><strong>\ud83d\ude80 Bater\u00eda de duraci\u00f3n superlarga.<\/strong><strong>\u00a035.000 bocanadas<\/strong><strong>\u00a0capacidad supergrande<\/strong><\/h2>\n<h4>Un UWIN equivale a varios cigarrillos electr\u00f3nicos normales. Con una bater\u00eda de larga duraci\u00f3n de\u00a0<strong>35.000 Puffs<\/strong>. no s\u00f3lo dura m\u00e1s, sino que tambi\u00e9n ahorra mucho. lo que la convierte en la opci\u00f3n ideal para usuarios intensivos.<\/h4>\n<h2><strong>\ud83c\udfb5 Las luces se mueven al ritmo de la m\u00fasica. dispositivo de ambiente exclusivo de trendsetters.<\/strong><\/h2>\n<h4>Basta con pulsar el bot\u00f3n inferior para activar el\u00a0<strong>modo de efecto de luz deslumbrante<\/strong>. Con el chip sensor de audio incorporado.\u00a0<strong>las luces bailar\u00e1n al ritmo de la m\u00fasica<\/strong>. \u00a1haciendo enloquecer a todo el recinto!<\/h4>\n<h4>Ya sea en una fiesta, en un bar o en la calle por la noche.\u00a0<strong>las luces bailan al ritmo. genial al m\u00e1ximo. \u00a1y t\u00fa eres el centro de toda la escena!<\/strong><\/h4>\n<h2><strong>\ud83d\udd18Los botones fr\u00edos de la parte inferior son f\u00e1ciles de controlar<\/strong><\/h2>\n<h4>Equipado con un\u00a0<strong>bot\u00f3n inferior multifuncional<\/strong>. es f\u00e1cil cambiar el modo de efecto luminoso. activar el dispositivo o comprobar el estado. ofrece una doble experiencia de tecnolog\u00eda y control.<\/h4>\n<h2><strong>\ud83d\udca8 Alto volumen de humo. refrescante para los pulmones<\/strong><\/h2>\n<h4>Adopta un dise\u00f1o de gran salida de humo. cumpliendo con los altos est\u00e1ndares de los fumadores de largo plazo para un<strong>\u00a0\"aut\u00e9ntica experiencia de fumar\"<\/strong>. \u00a1proporcionando una sensaci\u00f3n refrescante que llega hasta el fondo de la garganta!<\/h4>\n<h2><strong>\ud83d\udd0b Carga r\u00e1pida Tipo-C. Una carga para varios d\u00edas<\/strong><\/h2>\n<h4>Equipado con\u00a0<strong>Interfaz de carga r\u00e1pida de alta velocidad Tipo-C<\/strong>\u00a1. la velocidad de carga es m\u00e1s r\u00e1pida. y la bater\u00eda de 850 mAh mantiene la energ\u00eda de la bater\u00eda funcionando continuamente durante mucho tiempo!<\/h4>\n<h2><strong>\ud83e\uddeaUWIN\u00a0<\/strong><strong>35.000 Puffs\u00a0<\/strong><strong>e-cigarette - Selecci\u00f3n del contenido de nicotina<\/strong><\/h2>\n<h4>El cigarrillo electr\u00f3nico UWIN 35.000-puffs adopta materiales de alta calidad y tecnolog\u00eda de atomizaci\u00f3n avanzada para proporcionar a los usuarios una experiencia de fumar duradera y suave. De acuerdo con las necesidades de los diferentes usuarios. UWIN ofrece las siguientes opciones de contenido de nicotina:<\/h4>\n<h3><strong>\ud83d\udfe1 2% nicotina (nicotina ligera)<\/strong><br \/>\nAdecuado para: Usuarios que desean reducir la ingesta de nicotina y controlar su adicci\u00f3n al tabaco.<\/h3>\n<h4>Caracter\u00edsticas: Ligera satisfacci\u00f3n. Adecuado para la reducci\u00f3n gradual<\/h4>\n<h4>Experiencia: Suave sin ahogos. apto para un uso diario ligero.<\/h4>\n<h3><strong>\ud83d\udd34 5% nicotina (alto contenido en nicotina)<\/strong><br \/>\nAdecuado para: fumadores empedernidos o con gran demanda de nicotina<\/h3>\n<h4>Caracter\u00edsticas: Fuerte sensaci\u00f3n de golpe en la garganta. Alta satisfacci\u00f3n<\/h4>\n<h4>La experiencia: Una experiencia parecida a la de los cigarrillos tradicionales. Alivia r\u00e1pidamente el ansia de fumar.<\/h4>\n<h2><strong>\ud83c\udfa8Una variedad de sabores populares est\u00e1n disponibles para la selecci\u00f3n<\/strong><\/h2>\n<h4>Ar\u00e1ndano Frambuesa Melocot\u00f3n de verano Cereza helada Kiwi Fruta de la pasi\u00f3n Guayaba Bayas mixtas......<\/h4>\n<h4>Cada bocado es incre\u00edble. \u00a1Y los sabores nunca son los mismos!<\/h4>\n<h4>Cada sorbo es como beber zumo. Con un sabor aut\u00e9ntico y verdadero que perdura en el paladar.<\/h4>\n<h2><strong>\u2728Uwin Crystal 35000 Puffs Music Caracter\u00edsticas principales<\/strong><\/h2>\n<h4><strong>Capacidad de soplado:<\/strong>\u00a0Hasta 30.000 caladas. garantizando un uso prolongado.<br \/>\n<strong>Opciones de nicotina:<\/strong>\u00a0Disponible en 0%. 2%. 3%. y 5% concentraciones de nicotina para satisfacer las diferentes preferencias.<br \/>\n<strong>Bater\u00eda recargable:\u00a0<\/strong>Bater\u00eda de 600 mAh recargable a trav\u00e9s de un puerto Type-C de carga r\u00e1pida.<br \/>\n<strong>Bobina de malla:\u00a0<\/strong>Bobina de resistencia de 1,0\u03a9 para un sabor superior y una producci\u00f3n de vapor suave.<br \/>\n<strong>Luces LED sincronizadas con la m\u00fasica:<\/strong>\u00a0Luces que cambian de color y patr\u00f3n con tu m\u00fasica para una experiencia de vapeo visualmente emocionante.<br \/>\n<strong>Variedad de sabores:\u00a0<\/strong>30 deliciosos sabores para todos los paladares.<br \/>\n<strong>Ligero y port\u00e1til:<\/strong>\u00a0F\u00e1cil de transportar, lo que la convierte en una excelente opci\u00f3n para vapear sobre la marcha.<\/h4>\n<h2><strong>\ud83d\udd25 UWIN 35.000 Puffs E-cigarrillo. \u00bfTe sirve?<\/strong><\/h2>\n<h4>\u2705 \u00bfTe gusta la tecnolog\u00eda de moda?<br \/>\n\u2705 \u00bfQuieres una bater\u00eda de duraci\u00f3n superlarga?<br \/>\n\u2705 \u00bfTe gustan los ambientes luminosos y las experiencias \u00fanicas?<br \/>\nEntonces debe tener un\u00a0<strong>UWIN<\/strong>!<\/h4>\n<h4>En\u00a0<strong>Uwin Tornado 35K M\u00fasica Vape desechable<\/strong>\u00a0se puede comprar al por mayor en\u00a0<strong>uwin-vape.com<\/strong>. Eleve su negocio de vapeo ofreciendo a sus clientes lo \u00faltimo en tecnolog\u00eda de vapeo e innovaci\u00f3n de sabores. Visite\u00a0<strong>uwin-vape.com<\/strong>\u00a0hoy mismo para hacer su pedido y explorar toda nuestra gama de productos.<\/h4>\n<\/div>","protected":false},"excerpt":{"rendered":"<ul>\n<li data-start=\"180\" data-end=\"216\"><span style=\"color: #ff6600;\"><strong>Todos los precios se indican por unidad<\/strong><\/span><\/li>\n<li data-start=\"217\" data-end=\"257\">\n<p data-start=\"219\" data-end=\"257\"><span style=\"color: #ff6600;\"><strong>Cantidad m\u00ednima de pedido: 3 unidades<\/strong><\/span><\/p>\n<\/li>\n<\/ul>\n<p data-start=\"329\" data-end=\"466\"><strong><span style=\"color: #000000;\">\ud83d\ude9a Esta pol\u00edtica nos ayuda a ofrecer mejores precios y env\u00edos m\u00e1s r\u00e1pidos.<\/span><\/strong><br data-start=\"394\" data-end=\"397\" \/><strong><span style=\"color: #000000;\">\ud83d\udcac \u00bfPreguntas? \u00a1Estaremos encantados de ayudarte!<\/span><\/strong><br data-start=\"431\" data-end=\"434\" \/><strong><span style=\"color: #000000;\">\ud83d\udcf2 WhatsApp: <a style=\"color: #000000;\" href=\"https:\/\/wa.me\/+64204871919\" target=\"_blank\" rel=\"noreferrer noopener\">+64 20 487 1919<\/a><\/span><\/strong><\/p>","protected":false},"featured_media":2312,"template":"","meta":[],"product_brand":[],"product_cat":[15],"product_tag":[],"class_list":{"0":"post-2554","1":"product","2":"type-product","3":"status-publish","4":"has-post-thumbnail","6":"product_cat-uncategorized","8":"first","9":"instock","10":"shipping-taxable","11":"purchasable","12":"product-type-variable","13":"has-default-attributes"},"tiered_pricing_type":"fixed","tiered_pricing_fixed_rules":[],"tiered_pricing_product_settings":{"layout":"default","base_unit_name":{"singular":null,"plural":null},"default_variation":null},"tiered_pricing_minimum_quantity":null,"tiered_pricing_roles_data":[],"tiered_pricing_percentage_rules":[],"tiered_pricing_maximum_quantity":null,"tiered_pricing_quantity_step":null,"_links":{"self":[{"href":"https:\/\/uwin-shop.com\/es_es\/wp-json\/wp\/v2\/product\/2554","targetHints":{"allow":["GET"]}}],"collection":[{"href":"https:\/\/uwin-shop.com\/es_es\/wp-json\/wp\/v2\/product"}],"about":[{"href":"https:\/\/uwin-shop.com\/es_es\/wp-json\/wp\/v2\/types\/product"}],"wp:featuredmedia":[{"embeddable":true,"href":"https:\/\/uwin-shop.com\/es_es\/wp-json\/wp\/v2\/media\/2312"}],"wp:attachment":[{"href":"https:\/\/uwin-shop.com\/es_es\/wp-json\/wp\/v2\/media?parent=2554"}],"wp:term":[{"taxonomy":"product_brand","embeddable":true,"href":"https:\/\/uwin-shop.com\/es_es\/wp-json\/wp\/v2\/product_brand?post=2554"},{"taxonomy":"product_cat","embeddable":true,"href":"https:\/\/uwin-shop.com\/es_es\/wp-json\/wp\/v2\/product_cat?post=2554"},{"taxonomy":"product_tag","embeddable":true,"href":"https:\/\/uwin-shop.com\/es_es\/wp-json\/wp\/v2\/product_tag?post=2554"}],"curies":[{"name":"wp","href":"https:\/\/api.w.org\/{rel}","templated":true}]}}