{"id":2565,"date":"2025-07-16T13:37:14","date_gmt":"2025-07-16T05:37:14","guid":{"rendered":"https:\/\/uwin-shop.com\/?post_type=product&#038;p=2565"},"modified":"2025-07-16T13:41:31","modified_gmt":"2025-07-16T05:41:31","slug":"uwin-shisha-crystal-20000-puffs-1","status":"publish","type":"product","link":"https:\/\/uwin-shop.com\/es_es\/producto\/uwin-shisha-crystal-20000-puffs-1\/","title":{"rendered":"Uwin Shisha Crystal 20000 Puffs\uff08Env\u00edo desde Polonia\uff09"},"content":{"rendered":"<div id=\"tab-description\" class=\"woocommerce-Tabs-panel woocommerce-Tabs-panel--description panel entry-content active\" role=\"tabpanel\" aria-labelledby=\"tab-title-description\">\n<section class=\"relative\">\n<div class=\"product-desc-item-header flex items-center justify-between\">\n<h3 class=\"m-0 mr-4 font-semibold leading-1.25 body-base lg:body-plus-2\"><span style=\"font-size: 25.92px;\">Experimenta la Uwin Shisha Crystal 20000 Puffs: La soluci\u00f3n definitiva para vapear<\/span><\/h3>\n<\/div>\n<div class=\"product-desc-item-content mce-content\">\n<h2>Descubre la Uwin Shisha Crystal 20000 Puffs Vape Desechable<\/h2>\n<p>Presentaci\u00f3n de la <strong>Uwin Shisha Cristal 20000 Puffs Vape Desechable<\/strong>. dise\u00f1ados para un alto rendimiento y la m\u00e1xima satisfacci\u00f3n con cada calada. Disponible para mayoristas en <strong>UWINCAPES<\/strong>. la plataforma en l\u00ednea l\u00edder en los Pa\u00edses Bajos. Alemania. Este elegante vaporizador desechable de alta calidad es perfecto tanto para vapeadores experimentados como para principiantes. Con sus capacidades de larga duraci\u00f3n, vibrantes luces RGB y una variedad de opciones de nicotina, el Uwin Shisha Crystal 20000 Puffs establece un nuevo est\u00e1ndar en el mundo de los vaporizadores desechables.<\/p>\n<h2>Funciones impresionantes para un rendimiento inigualable<\/h2>\n<p>En <strong>Uwin Shisha Cristal 20000<\/strong> es un verdadero cambio de juego. ofrece una impresionante <strong>20.000 bocanadas<\/strong> por dispositivo. Este vaporizador-bol\u00edgrafo incluye un <strong>Bater\u00eda de 650 mAh<\/strong>. lo que garantiza un uso prolongado sin la molestia de tener que recargarla constantemente. Gracias a su c\u00f3moda <strong>Puerto de carga Tipo-C<\/strong>. puede recargar r\u00e1pidamente su dispositivo. permiti\u00e9ndole seguir disfrutando de una experiencia de vapeo sin problemas. Con un <strong>Capacidad de 18 ml de e-l\u00edquido<\/strong>. la Uwin Shisha reduce significativamente la necesidad de recargas. por lo que es ideal para vapers en movimiento.<\/p>\n<h3>Tecnolog\u00eda de bobinas de vanguardia<\/h3>\n<p>Lo que realmente diferencia a la Uwin Shisha es su avanzada <strong>Tecnolog\u00eda de bobina de malla de 0,8 ohmios<\/strong>. Esta innovaci\u00f3n mejora tanto el sabor como la producci\u00f3n de vapor. Tanto si prefiere <strong>0%<\/strong>. <strong>2%<\/strong>. <strong>3%<\/strong>. o <strong>5%<\/strong> Adem\u00e1s, las vibrantes luces RGB a\u00f1aden un toque moderno, lo que resulta visualmente atractivo mientras vapeas. Adem\u00e1s, las vibrantes luces RGB a\u00f1aden un toque moderno, haci\u00e9ndolo visualmente atractivo mientras vapeas. Ligero y port\u00e1til, este producto est\u00e1 dise\u00f1ado para vapeadores que valoran tanto el estilo como la comodidad.<\/p>\n<h2>El para\u00edso de los sabores<\/h2>\n<p>En <strong>Uwin Shisha Cristal 20000 Puffs<\/strong> ofrece una tentadora gama de <strong>15 deliciosos sabores<\/strong>. cada uno elaborado a la perfecci\u00f3n para ofrecer una experiencia \u00fanica y satisfactoria en cada calada. A continuaci\u00f3n te mostramos algunos de los sabores que puedes probar:<\/p>\n<ul>\n<li><strong>Ar\u00e1ndano Frambuesa<\/strong>: Una tentadora mezcla de ar\u00e1ndanos dulces y frambuesas \u00e1cidas para una delicia afrutada equilibrada.<\/li>\n<li><strong>Hielo de uva<\/strong>: Experimenta un rico y jugoso sabor a uva con un final helado para un vapeo refrescante.<\/li>\n<li><strong>Sand\u00eda con fresa<\/strong>: Las fresas dulces se mezclan a la perfecci\u00f3n con el sabor fresco de la sand\u00eda, creando una deliciosa mezcla de frutas.<\/li>\n<li><strong>Ar\u00e1ndanos sobre hielo<\/strong>: Un toque helado de ar\u00e1ndanos maduros que proporciona una sensaci\u00f3n refrescante.<\/li>\n<li><strong>Hielo de sand\u00eda<\/strong>: Disfrute de una dulce explosi\u00f3n de sand\u00eda seguida de una fresca exhalaci\u00f3n. perfecto para los d\u00edas calurosos.<\/li>\n<\/ul>\n<h3>M\u00e1s opciones de sabores para explorar<\/h3>\n<p>Adem\u00e1s de estos favoritos de los fans, la Uwin Shisha ofrece sabores a\u00fan m\u00e1s excitantes:<\/p>\n<ul>\n<li><strong>Cereza helada<\/strong>: Un suculento sabor a cereza mezclado con un acabado helado para un vapeo suave y satisfactorio.<\/li>\n<li><strong>Fresa Frambuesa Cereza<\/strong>: Un tr\u00edo de bayas que combina fresas dulces, frambuesas \u00e1cidas y cerezas jugosas.<\/li>\n<li><strong>Kiwi Fruta de la pasi\u00f3n Guayaba<\/strong>: Una fusi\u00f3n tropical de kiwi \u00e1cido, fruta de la pasi\u00f3n ex\u00f3tica y guayaba dulce para unas vacaciones en un vape.<\/li>\n<li><strong>Fresa helada<\/strong>: Sabor cl\u00e1sico a fresa con un toque mentolado para una experiencia crujiente y refrescante.<\/li>\n<li><strong>Melocot\u00f3n helado<\/strong>: Dulce y jugoso melocot\u00f3n combinado con un final helado para un vape perfectamente equilibrado.<\/li>\n<\/ul>\n<h2>Oportunidades y ventajas de la venta al por mayor<\/h2>\n<p>En <strong>Uwin Shisha Cristal 20000<\/strong> no s\u00f3lo es ideal para uso personal, sino que tambi\u00e9n est\u00e1 disponible para compras al por mayor. Los minoristas y distribuidores pueden almacenar este innovador producto en grandes cantidades. proporcionando a los clientes una experiencia vaping premium que les hace volver a por m\u00e1s.<\/p>\n<h3>\u00bfPor qu\u00e9 elegir UWINCAPES?<\/h3>\n<p>Si decide comprar en <strong>UWINCAPES<\/strong>. tendr\u00e1 acceso a un sinf\u00edn de ventajas:<\/p>\n<ul>\n<li><strong>Productos de alta calidad<\/strong>: Nuestros vapes est\u00e1n dise\u00f1ados y fabricados con los m\u00e1s altos est\u00e1ndares de la industria. garantizando la fiabilidad y la satisfacci\u00f3n del cliente.<\/li>\n<li><strong>Precios competitivos<\/strong>: Aproveche nuestras opciones de precios al por mayor para maximizar sus m\u00e1rgenes de beneficio.<\/li>\n<li><strong>Atenci\u00f3n al cliente dedicada<\/strong>: Nuestro equipo est\u00e1 siempre dispuesto a ayudarle con sus pedidos y a proporcionarle la asistencia que necesite.<\/li>\n<li><strong>Env\u00edo r\u00e1pido y fiable<\/strong>: Ofrecemos opciones de env\u00edo r\u00e1pidas para garantizar que sus productos lleguen siempre a tiempo.<\/li>\n<\/ul>\n<h2>Eleve su negocio con Uwin Shisha Crystal 20000 Puffs<\/h2>\n<p>En <strong>Uwin Shisha Cristal 20000 Puffs Vape Desechable<\/strong> es perfecto para mayoristas que buscan un producto fiable y de alta calidad que satisfaga la creciente demanda de vapeadores desechables de alta calidad. Si usted es due\u00f1o de una tienda de vapeo, una tienda de conveniencia, o simplemente quiere almacenar un producto popular a granel, este vape es un \u00e9xito de ventas. Su excelente gama de sabores, sus opciones ajustables de nicotina y su rendimiento duradero lo convierten en una opci\u00f3n atractiva.<\/p>\n<h3>Caracter\u00edsticas clave para maximizar su oferta<\/h3>\n<ul>\n<li><strong>Rentable<\/strong>: Las compras a granel reducen el coste global por unidad, lo que la convierte en una opci\u00f3n ideal para los minoristas.<\/li>\n<li><strong>Satisfacci\u00f3n del cliente<\/strong>: Con 15 sabores y niveles de nicotina personalizables, puede satisfacer una amplia variedad de preferencias de los clientes.<\/li>\n<li><strong>Confianza de marca<\/strong>: Uwin Shisha es conocida por su calidad superior, que garantiza la fidelidad del cliente y la repetici\u00f3n de las compras.<\/li>\n<\/ul>\n<h2>\u00bfEst\u00e1 listo para mejorar su gama de productos?<\/h2>\n<p>En <strong>Uwin Shisha Cristal 20000 Puffs Vape Desechable<\/strong> se puede comprar al por mayor en <strong>UWINCAPES<\/strong>. Eleve su negocio de vapeo ofreciendo a sus clientes lo \u00faltimo en tecnolog\u00eda de vapeo e innovaci\u00f3n de sabores. Vis\u00edtenos en <strong>UWINCAPES<\/strong> y haga su pedido hoy mismo.<\/p>\n<\/div>\n<\/section>\n<\/div>","protected":false},"excerpt":{"rendered":"<ul>\n<li data-start=\"180\" data-end=\"216\"><span style=\"color: #ff6600;\"><strong>Todos los precios se indican por unidad<\/strong><\/span><\/li>\n<li data-start=\"217\" data-end=\"257\">\n<p data-start=\"219\" data-end=\"257\"><span style=\"color: #ff6600;\"><strong>Cantidad m\u00ednima de pedido: 3 unidades<\/strong><\/span><\/p>\n<\/li>\n<\/ul>\n<p data-start=\"329\" data-end=\"466\"><strong><span style=\"color: #000000;\">\ud83d\ude9a Esta pol\u00edtica nos ayuda a ofrecer mejores precios y env\u00edos m\u00e1s r\u00e1pidos.<\/span><\/strong><br data-start=\"394\" data-end=\"397\" \/><strong><span style=\"color: #000000;\">\ud83d\udcac \u00bfPreguntas? \u00a1Estaremos encantados de ayudarte!<\/span><\/strong><br data-start=\"431\" data-end=\"434\" \/><strong><span style=\"color: #000000;\">\ud83d\udcf2 WhatsApp: <a style=\"color: #000000;\" href=\"https:\/\/wa.me\/+64204871919\" target=\"_blank\" rel=\"noreferrer noopener\">+64 20 487 1919<\/a><\/span><\/strong><\/p>","protected":false},"featured_media":2330,"template":"","meta":[],"product_brand":[],"product_cat":[15],"product_tag":[],"class_list":{"0":"post-2565","1":"product","2":"type-product","3":"status-publish","4":"has-post-thumbnail","6":"product_cat-uncategorized","8":"first","9":"instock","10":"shipping-taxable","11":"purchasable","12":"product-type-variable","13":"has-default-attributes"},"tiered_pricing_type":"fixed","tiered_pricing_fixed_rules":[],"tiered_pricing_product_settings":{"layout":"default","base_unit_name":{"singular":null,"plural":null},"default_variation":null},"tiered_pricing_minimum_quantity":null,"tiered_pricing_roles_data":[],"tiered_pricing_percentage_rules":[],"tiered_pricing_maximum_quantity":null,"tiered_pricing_quantity_step":null,"_links":{"self":[{"href":"https:\/\/uwin-shop.com\/es_es\/wp-json\/wp\/v2\/product\/2565","targetHints":{"allow":["GET"]}}],"collection":[{"href":"https:\/\/uwin-shop.com\/es_es\/wp-json\/wp\/v2\/product"}],"about":[{"href":"https:\/\/uwin-shop.com\/es_es\/wp-json\/wp\/v2\/types\/product"}],"wp:featuredmedia":[{"embeddable":true,"href":"https:\/\/uwin-shop.com\/es_es\/wp-json\/wp\/v2\/media\/2330"}],"wp:attachment":[{"href":"https:\/\/uwin-shop.com\/es_es\/wp-json\/wp\/v2\/media?parent=2565"}],"wp:term":[{"taxonomy":"product_brand","embeddable":true,"href":"https:\/\/uwin-shop.com\/es_es\/wp-json\/wp\/v2\/product_brand?post=2565"},{"taxonomy":"product_cat","embeddable":true,"href":"https:\/\/uwin-shop.com\/es_es\/wp-json\/wp\/v2\/product_cat?post=2565"},{"taxonomy":"product_tag","embeddable":true,"href":"https:\/\/uwin-shop.com\/es_es\/wp-json\/wp\/v2\/product_tag?post=2565"}],"curies":[{"name":"wp","href":"https:\/\/api.w.org\/{rel}","templated":true}]}}