{"id":1067,"date":"2025-03-28T16:18:17","date_gmt":"2025-03-28T08:18:17","guid":{"rendered":"https:\/\/uwin-vape.com\/?page_id=1067"},"modified":"2025-03-28T16:20:38","modified_gmt":"2025-03-28T08:20:38","slug":"about-us","status":"publish","type":"page","link":"https:\/\/uwin-shop.com\/fr\/about-us\/","title":{"rendered":"\u00c0 propos de nous"},"content":{"rendered":"<h1 class=\"main-page-title page-title h0 scroll-trigger animate--fade-in\" style=\"text-align: center;\">\u00c0 propos de nous<\/h1>\n<div class=\"rte scroll-trigger animate--slide-in\">\n<h2><strong>NOUS SOMMES\u00a0<\/strong><strong>UwinVape<\/strong><\/h2>\n<p>\u00c0 chaque inspiration, les \u00e9chos du monde me r\u00e9pondent<\/p>\n<p><img loading=\"lazy\" decoding=\"async\" src=\"https:\/\/cdn.shopify.com\/s\/files\/1\/0709\/4511\/2306\/files\/1-2-scaled_480x480.jpg?v=1728724089\" alt=\"\" width=\"576\" height=\"180\" \/><\/p>\n<h4><strong>NOTRE HISTOIRE<\/strong><\/h4>\n<p>UwinVape a \u00e9t\u00e9 fond\u00e9e en 2013 par Victor Yang, un passionn\u00e9 de technologie qui cherchait activement de meilleures alternatives au tabagisme. UwinVape a \u00e9volu\u00e9 en une marque innovante, aim\u00e9e par les jeunes individus pour ses produits uniques et puissants. Nous nous effor\u00e7ons d'\u00eatre une force positive c\u00e9l\u00e9brant tout ce qui est beau tout en inspirant les gens \u00e0 poursuivre leurs passions. Nous sommes UwinVape, et les produits que nous cr\u00e9ons sont le reflet de notre passion.<\/p>\n<h4><strong>JOIE ET SENS<\/strong><\/h4>\n<p>Chez UwinVape, nous sommes passionn\u00e9ment unis par un objectif commun : cr\u00e9er une exp\u00e9rience unique de fumer qui donne plus de sens et de joie \u00e0 la vie. Des clients du monde entier nous rejoignent, d\u00e9finissant collectivement une nouvelle fa\u00e7on de fumer. Notre mission est de c\u00e9l\u00e9brer la diversit\u00e9 des fumeurs avec enthousiasme et retenue, en offrant \u00e0 chacun une exp\u00e9rience distinctive. UwinVape n'est pas seulement une marque d'e-cigarettes, c'est une rupture audacieuse avec les modes de vie traditionnels. Nous remettons en question les conventions, en offrant aux fumeurs des choix qui sortent de l'ordinaire et en faisant de la cigarette un symbole d'individualit\u00e9 et d'innovation.<\/p>\n<h4><strong>REGARDER VERS L'AVANT<\/strong><\/h4>\n<p>UwinVape imagine un avenir o\u00f9 tout le monde adoptera l'attrait des cigarettes \u00e9lectroniques. En collaborant avec les pionniers de l'industrie, nous sommes pr\u00eats \u00e0 r\u00e9volutionner l'exp\u00e9rience du vapotage. Notre engagement en faveur d'une qualit\u00e9 in\u00e9gal\u00e9e et de normes inventives nous propulse vers l'avant, dans le but de remodeler la perception du vapotage dans le monde. Avec des accolades qui r\u00e9sonnent de l'Am\u00e9rique du Nord \u00e0 l'Europe et au-del\u00e0, UwinVape se targue d'une base de fans mondiale de plus de 4 millions d'enthousiastes d\u00e9vou\u00e9s.<\/p>\n<\/div>","protected":false},"excerpt":{"rendered":"","protected":false},"author":1,"featured_media":0,"parent":0,"menu_order":0,"comment_status":"closed","ping_status":"closed","template":"","meta":{"footnotes":""},"class_list":["post-1067","page","type-page","status-publish","hentry"],"_links":{"self":[{"href":"https:\/\/uwin-shop.com\/fr\/wp-json\/wp\/v2\/pages\/1067","targetHints":{"allow":["GET"]}}],"collection":[{"href":"https:\/\/uwin-shop.com\/fr\/wp-json\/wp\/v2\/pages"}],"about":[{"href":"https:\/\/uwin-shop.com\/fr\/wp-json\/wp\/v2\/types\/page"}],"author":[{"embeddable":true,"href":"https:\/\/uwin-shop.com\/fr\/wp-json\/wp\/v2\/users\/1"}],"replies":[{"embeddable":true,"href":"https:\/\/uwin-shop.com\/fr\/wp-json\/wp\/v2\/comments?post=1067"}],"version-history":[{"count":2,"href":"https:\/\/uwin-shop.com\/fr\/wp-json\/wp\/v2\/pages\/1067\/revisions"}],"predecessor-version":[{"id":1069,"href":"https:\/\/uwin-shop.com\/fr\/wp-json\/wp\/v2\/pages\/1067\/revisions\/1069"}],"wp:attachment":[{"href":"https:\/\/uwin-shop.com\/fr\/wp-json\/wp\/v2\/media?parent=1067"}],"curies":[{"name":"wp","href":"https:\/\/api.w.org\/{rel}","templated":true}]}}