{"id":1075,"date":"2025-03-28T16:31:02","date_gmt":"2025-03-28T08:31:02","guid":{"rendered":"https:\/\/uwin-vape.com\/?page_id=1075"},"modified":"2025-07-15T19:56:08","modified_gmt":"2025-07-15T11:56:08","slug":"shipping-policy","status":"publish","type":"page","link":"https:\/\/uwin-shop.com\/fr\/shipping-policy\/","title":{"rendered":"Politique d'exp\u00e9dition"},"content":{"rendered":"<p data-sanitized-data-mce-fragment=\"1\"><strong data-sanitized-data-mce-fragment=\"1\">1) Quand puis-je esp\u00e9rer recevoir mon envoi ?<\/strong><\/p>\n<p data-sanitized-data-mce-fragment=\"1\">Toutes les commandes sont exp\u00e9di\u00e9es depuis notre entrep\u00f4t dans un d\u00e9lai d'un jour ouvrable \u00e0 compter de la date de la commande. L'envoi arrive entre 3 et 8 jours ouvrables apr\u00e8s la date d'exp\u00e9dition, en fonction de la disponibilit\u00e9 du transporteur et du lieu. Nous nous excusons que l'exp\u00e9dition puisse \u00eatre retard\u00e9e si l'envoi doit \u00eatre d\u00e9douan\u00e9 ou inspect\u00e9, ou si le transport est retard\u00e9 par le service du transporteur.<\/p>\n<p data-sanitized-data-mce-fragment=\"1\"><strong data-sanitized-data-mce-fragment=\"1\">2. comment puis-je suivre ma commande ?<\/strong><\/p>\n<p data-sanitized-data-mce-fragment=\"1\">Un num\u00e9ro de suivi vous sera fourni dans votre courriel de confirmation d'exp\u00e9dition. Vous pouvez utiliser ce num\u00e9ro et suivre votre commande \u00e0 l'adresse suivante<strong><a href=\"http:\/\/www.17track.net\/\" data-sanitized-data-mce-fragment=\"1\" data-sanitized-data-mce-href=\"http:\/\/www.17track.net\/\">www.17track.net<\/a>.<\/strong><\/p>\n<p data-sanitized-data-mce-fragment=\"1\"><strong data-sanitized-data-mce-fragment=\"1\">3. quels sont vos tarifs d'exp\u00e9dition ?<\/strong><\/p>\n<p data-sanitized-data-mce-fragment=\"1\">Les frais de port sont fix\u00e9s \u00e0 5,98 EUR pour toutes les destinations dans le monde.<\/p>\n<div class=\"rte scroll-trigger animate--slide-in\">\n<p>Si vous devez modifier ou annuler votre commande, veuillez nous contacter imm\u00e9diatement. Veuillez noter que les commandes d\u00e9j\u00e0 exp\u00e9di\u00e9es ne peuvent pas \u00eatre annul\u00e9es. Courriel : <a>support@uwin-vape.com<\/a><u><br \/><\/u><br \/>Nous ne facturons aucune taxe de vente ou d'exportation. Si votre colis est inspect\u00e9 par le service des douanes de votre pays\/r\u00e9gion \u00e0 l'arriv\u00e9e, uwinvape prendra en charge les droits d'importation, les tarifs et les taxes. En cas de confiscation du produit par les douanes de votre pays\/r\u00e9gion, uwinvape assumera la responsabilit\u00e9 associ\u00e9e.<\/p>\n<p>Si vous commandez plusieurs produits, votre commande peut \u00eatre divis\u00e9e en plusieurs colis avec des num\u00e9ros de suivi diff\u00e9rents. Si, pour des raisons logistiques, vous ne recevez pas le colis en fin de compte, nous assumerons la responsabilit\u00e9 de toutes les pertes et vous pourrez recevoir un remboursement complet.<\/p>\n<p>Les produits pr\u00e9sent\u00e9s sur le site uwinvape sont destin\u00e9s au march\u00e9 international. Les versions standard sont g\u00e9n\u00e9ralement exp\u00e9di\u00e9es. Si vous avez des exigences particuli\u00e8res, veuillez nous laisser un message.<\/p>\n<p>Si votre colis n'est pas livr\u00e9 dans les 25 jours ouvrables suivant l'exp\u00e9dition, veuillez contacter notre \u00e9quipe d'assistance \u00e0 l'adresse suivante <a>support@uwin-vape.com<\/a> pour une r\u00e9exp\u00e9dition d'un autre colis ou un remboursement.<\/p>\n<p>Si vos articles sont endommag\u00e9s, perdus ou incorrects, vous devez nous envoyer un courriel dans les 48 heures suivant la livraison du colis. Une fois votre r\u00e9clamation soumise, examin\u00e9e et approuv\u00e9e, nous vous aiderons \u00e0 r\u00e9soudre le probl\u00e8me. Malheureusement, nous ne sommes pas en mesure de fournir des services de r\u00e9exp\u00e9dition ou de remplacement \u00e0 l'\u00e9chelle internationale.<\/p>\n<\/div>","protected":false},"excerpt":{"rendered":"","protected":false},"author":1,"featured_media":0,"parent":0,"menu_order":0,"comment_status":"closed","ping_status":"closed","template":"","meta":{"footnotes":""},"class_list":["post-1075","page","type-page","status-publish","hentry"],"_links":{"self":[{"href":"https:\/\/uwin-shop.com\/fr\/wp-json\/wp\/v2\/pages\/1075","targetHints":{"allow":["GET"]}}],"collection":[{"href":"https:\/\/uwin-shop.com\/fr\/wp-json\/wp\/v2\/pages"}],"about":[{"href":"https:\/\/uwin-shop.com\/fr\/wp-json\/wp\/v2\/types\/page"}],"author":[{"embeddable":true,"href":"https:\/\/uwin-shop.com\/fr\/wp-json\/wp\/v2\/users\/1"}],"replies":[{"embeddable":true,"href":"https:\/\/uwin-shop.com\/fr\/wp-json\/wp\/v2\/comments?post=1075"}],"version-history":[{"count":8,"href":"https:\/\/uwin-shop.com\/fr\/wp-json\/wp\/v2\/pages\/1075\/revisions"}],"predecessor-version":[{"id":2499,"href":"https:\/\/uwin-shop.com\/fr\/wp-json\/wp\/v2\/pages\/1075\/revisions\/2499"}],"wp:attachment":[{"href":"https:\/\/uwin-shop.com\/fr\/wp-json\/wp\/v2\/media?parent=1075"}],"curies":[{"name":"wp","href":"https:\/\/api.w.org\/{rel}","templated":true}]}}