{"id":982,"date":"2025-03-27T18:50:16","date_gmt":"2025-03-27T10:50:16","guid":{"rendered":"https:\/\/uwin-vape.com\/?page_id=982"},"modified":"2025-03-27T18:56:40","modified_gmt":"2025-03-27T10:56:40","slug":"privacy-policy","status":"publish","type":"page","link":"https:\/\/uwin-shop.com\/fr\/privacy-policy\/","title":{"rendered":"Politique de confidentialit\u00e9"},"content":{"rendered":"<p><strong>Uwin Vape<\/strong> (\"nous\", \"notre\" ou \"nos\") respecte votre vie priv\u00e9e et s'engage \u00e0 prot\u00e9ger vos informations personnelles. La pr\u00e9sente politique de confidentialit\u00e9 explique comment nous recueillons, utilisons, divulguons et prot\u00e9geons vos informations lorsque vous visitez les sites suivants <strong><a class=\"\" href=\"https:\/\/uwin-vape.com\/\">https:\/\/uwin-vape.com\/<\/a><\/strong> (le \"site web\").<\/p>\n\n\n\n<h3 class=\"wp-block-heading\"><strong>1. Les informations que nous collectons<\/strong><\/h3>\n\n\n\n<p>Nous pouvons collecter les types d'informations personnelles suivants :<\/p>\n\n\n\n<ul class=\"wp-block-list\">\n<li><strong>Informations personnelles<\/strong>: Lorsque vous passez une commande, nous pouvons recueillir votre nom, votre adresse \u00e9lectronique, votre num\u00e9ro de t\u00e9l\u00e9phone, votre adresse de livraison et votre adresse de facturation.<\/li>\n\n\n\n<li><strong>Informations sur le paiement<\/strong>: Vos donn\u00e9es de paiement sont trait\u00e9es en toute s\u00e9curit\u00e9 par des prestataires de services de paiement tiers ; nous ne conservons pas l'int\u00e9gralit\u00e9 des informations relatives au paiement.<\/li>\n\n\n\n<li><strong>Informations sur le compte<\/strong>: Si vous cr\u00e9ez un compte, nous conservons vos identifiants de connexion et l'historique de vos commandes.<\/li>\n\n\n\n<li><strong>Donn\u00e9es de navigation<\/strong>: Inclut l'adresse IP, le type de navigateur, les informations sur l'appareil et les pages visit\u00e9es afin d'am\u00e9liorer votre exp\u00e9rience d'achat.<\/li>\n\n\n\n<li><strong>Cookies et technologies de suivi<\/strong>: Nous utilisons des cookies et des technologies similaires pour analyser l'utilisation du site et en am\u00e9liorer la fonctionnalit\u00e9.<\/li>\n<\/ul>\n\n\n\n<h3 class=\"wp-block-heading\"><strong>2. Comment nous utilisons vos informations<\/strong><\/h3>\n\n\n\n<p>Les informations que nous recueillons peuvent \u00eatre utilis\u00e9es aux fins suivantes :<\/p>\n\n\n\n<ul class=\"wp-block-list\">\n<li>Pour traiter et ex\u00e9cuter les commandes, y compris le paiement et l'exp\u00e9dition.<\/li>\n\n\n\n<li>Fournir une assistance \u00e0 la client\u00e8le et r\u00e9pondre aux demandes de renseignements.<\/li>\n\n\n\n<li>Am\u00e9liorer la fonctionnalit\u00e9 du site web et l'exp\u00e9rience de l'utilisateur.<\/li>\n\n\n\n<li>Pour envoyer des courriels promotionnels ou des bulletins d'information (uniquement si vous y consentez).<\/li>\n\n\n\n<li>Pr\u00e9venir la fraude, se conformer aux exigences l\u00e9gales et appliquer les politiques.<\/li>\n<\/ul>\n\n\n\n<h3 class=\"wp-block-heading\"><strong>3. Comment nous partageons vos informations<\/strong><\/h3>\n\n\n\n<p>Nous <strong>ne pas<\/strong> vendre ou louer vos informations personnelles. Toutefois, nous pouvons les partager dans les situations suivantes :<\/p>\n\n\n\n<ul class=\"wp-block-list\">\n<li><strong>Prestataires de services<\/strong>: Les processeurs de paiement, les partenaires d'exp\u00e9dition et les \u00e9quipes d'assistance technique pour assurer le bon fonctionnement de l'entreprise.<\/li>\n\n\n\n<li><strong>Exigences l\u00e9gales<\/strong>: Nous pouvons divulguer des informations si la loi l'exige.<\/li>\n\n\n\n<li><strong>Transferts d'entreprises<\/strong>: Si Uwin Vape fait l'objet d'une fusion ou d'une acquisition, les donn\u00e9es des utilisateurs peuvent \u00eatre transf\u00e9r\u00e9es.<\/li>\n<\/ul>\n\n\n\n<h3 class=\"wp-block-heading\"><strong>4. Cookies et technologies de suivi<\/strong><\/h3>\n\n\n\n<p>Nous utilisons des cookies aux fins suivantes :<\/p>\n\n\n\n<ul class=\"wp-block-list\">\n<li>Am\u00e9liorer les performances du site web et personnaliser votre exp\u00e9rience.<\/li>\n\n\n\n<li>Analyser le trafic du site par le biais de services tels que Google Analytics.<\/li>\n\n\n\n<li>Pour diffuser des publicit\u00e9s cibl\u00e9es sur des plateformes tierces.<\/li>\n<\/ul>\n\n\n\n<p>Vous pouvez g\u00e9rer vos pr\u00e9f\u00e9rences en mati\u00e8re de cookies par le biais des param\u00e8tres de votre navigateur.<\/p>\n\n\n\n<h3 class=\"wp-block-heading\"><strong>5. S\u00e9curit\u00e9 des donn\u00e9es<\/strong><\/h3>\n\n\n\n<p>Nous mettons en \u0153uvre des mesures de s\u00e9curit\u00e9 conformes aux normes industrielles pour prot\u00e9ger vos informations. Cependant, aucune plateforme en ligne n'est 100% s\u00e9curis\u00e9e. Nous vous recommandons d'utiliser des mots de passe forts et de conserver les d\u00e9tails de votre compte en toute s\u00e9curit\u00e9.<\/p>\n\n\n\n<h3 class=\"wp-block-heading\"><strong>6. Vos droits et vos choix<\/strong><\/h3>\n\n\n\n<p>En fonction de votre lieu de r\u00e9sidence, vous pouvez b\u00e9n\u00e9ficier des droits suivants :<\/p>\n\n\n\n<ul class=\"wp-block-list\">\n<li>Pour acc\u00e9der \u00e0 vos informations personnelles, les mettre \u00e0 jour ou les supprimer.<\/li>\n\n\n\n<li>Pour se d\u00e9sinscrire des courriels de marketing (via le lien \"unsubscribe\" dans les courriels).<\/li>\n\n\n\n<li>Pour demander une copie de vos donn\u00e9es personnelles.<\/li>\n<\/ul>\n\n\n\n<p>Pour exercer vos droits, veuillez nous contacter \u00e0 l'adresse suivante <strong><a>support@uwin-vape.com<\/a><\/strong>.<\/p>\n\n\n\n<h3 class=\"wp-block-heading\"><strong>7. Liens avec des tiers<\/strong><\/h3>\n\n\n\n<p>Le site web peut contenir des liens vers des sites web de tiers. Nous ne sommes pas responsables de leurs politiques de confidentialit\u00e9 et nous recommandons de les consulter avant de partager des informations personnelles.<\/p>\n\n\n\n<h3 class=\"wp-block-heading\"><strong>8. Mises \u00e0 jour de la politique de confidentialit\u00e9<\/strong><\/h3>\n\n\n\n<p>Nous pouvons mettre \u00e0 jour la pr\u00e9sente politique de confidentialit\u00e9 de temps \u00e0 autre. Toute modification sera publi\u00e9e sur cette page avec les derni\u00e8res mises \u00e0 jour.<\/p>\n\n\n\n<h3 class=\"wp-block-heading\"><strong>9. Nous contacter<\/strong><\/h3>\n\n\n\n<p>Si vous avez des questions concernant cette politique de confidentialit\u00e9, veuillez nous contacter :<br><strong>Courriel :<\/strong> <a>support@uwin-vape.com<\/a><br><strong>WhatsApp :<\/strong>\u00a0<a href=\"https:\/\/wa.me\/+64204871919\" target=\"_blank\" rel=\"noreferrer noopener\">+64 20 487 1919<\/a><\/p>\n\n\n\n<p>En utilisant <strong><a class=\"\" href=\"https:\/\/uwin-vape.com\/\">https:\/\/uwin-vape.com\/<\/a><\/strong>vous acceptez les termes de la pr\u00e9sente politique de confidentialit\u00e9.<\/p>","protected":false},"excerpt":{"rendered":"<p>Uwin Vape (\u201cwe,\u201d \u201cus,\u201d or \u201cour\u201d) respects your privacy and is committed to protecting your personal information. This Privacy Policy explains how we collect, use, disclose, and safeguard your information when you visit https:\/\/uwin-vape.com\/ (the \u201cWebsite\u201d). 1. Information We Collect We may collect the following types of personal information: 2. How We Use Your Information [&#8230;]","protected":false},"author":1,"featured_media":0,"parent":0,"menu_order":0,"comment_status":"closed","ping_status":"closed","template":"","meta":{"footnotes":""},"class_list":["post-982","page","type-page","status-publish","hentry"],"_links":{"self":[{"href":"https:\/\/uwin-shop.com\/fr\/wp-json\/wp\/v2\/pages\/982","targetHints":{"allow":["GET"]}}],"collection":[{"href":"https:\/\/uwin-shop.com\/fr\/wp-json\/wp\/v2\/pages"}],"about":[{"href":"https:\/\/uwin-shop.com\/fr\/wp-json\/wp\/v2\/types\/page"}],"author":[{"embeddable":true,"href":"https:\/\/uwin-shop.com\/fr\/wp-json\/wp\/v2\/users\/1"}],"replies":[{"embeddable":true,"href":"https:\/\/uwin-shop.com\/fr\/wp-json\/wp\/v2\/comments?post=982"}],"version-history":[{"count":1,"href":"https:\/\/uwin-shop.com\/fr\/wp-json\/wp\/v2\/pages\/982\/revisions"}],"predecessor-version":[{"id":989,"href":"https:\/\/uwin-shop.com\/fr\/wp-json\/wp\/v2\/pages\/982\/revisions\/989"}],"wp:attachment":[{"href":"https:\/\/uwin-shop.com\/fr\/wp-json\/wp\/v2\/media?parent=982"}],"curies":[{"name":"wp","href":"https:\/\/api.w.org\/{rel}","templated":true}]}}