{"id":992,"date":"2025-03-27T19:06:21","date_gmt":"2025-03-27T11:06:21","guid":{"rendered":"https:\/\/uwin-vape.com\/?page_id=992"},"modified":"2025-03-27T19:06:21","modified_gmt":"2025-03-27T11:06:21","slug":"return-refund-policy","status":"publish","type":"page","link":"https:\/\/uwin-shop.com\/fr\/return-refund-policy\/","title":{"rendered":"Politique de retour et de remboursement"},"content":{"rendered":"<p><\/p>\n\n\n\n<p>Au <strong><a class=\"\" href=\"https:\/\/uwin-vape.com\/\">Uwin-Vape.com<\/a><\/strong>Nous nous engageons \u00e0 fournir des produits de haute qualit\u00e9 et \u00e0 offrir une exp\u00e9rience d'achat satisfaisante. Si vous n'\u00eates pas satisfait de votre achat, nous vous proposons un service de retour et de remboursement pratique afin de prot\u00e9ger vos droits.<\/p>\n\n\n\n<h3 class=\"wp-block-heading\"><strong>1. Lieux d'exp\u00e9dition<\/strong><\/h3>\n\n\n\n<p>Nous exp\u00e9dions \u00e0 partir de <strong>Pologne et Allemagne<\/strong>Ce qui garantit une livraison plus rapide dans toute l'Europe.<\/p>\n\n\n\n<h3 class=\"wp-block-heading\"><strong>2. Politique de retour<\/strong><\/h3>\n\n\n\n<p>Si vous recevez un produit pr\u00e9sentant des probl\u00e8mes de qualit\u00e9, des dommages dus \u00e0 l'exp\u00e9dition ou une commande incorrecte, vous pouvez demander un retour dans les d\u00e9lais suivants <strong>7 jours<\/strong> de la r\u00e9ception du colis. Les retours doivent r\u00e9pondre aux conditions suivantes :<\/p>\n\n\n\n<ul class=\"wp-block-list\">\n<li>Le produit <strong>doit \u00eatre inutilis\u00e9<\/strong> et <strong>rester dans son emballage d'origine<\/strong> sans dommage.<\/li>\n\n\n\n<li>A <strong>num\u00e9ro de commande valide<\/strong> et <strong>preuve photographique ou vid\u00e9o<\/strong> doit \u00eatre fourni pour v\u00e9rifier le probl\u00e8me.<\/li>\n\n\n\n<li>Retours pour cause de <strong>raisons personnelles<\/strong> (par exemple, changement d'avis), les frais de retour sont \u00e0 la charge de l'acheteur.<\/li>\n<\/ul>\n\n\n\n<h3 class=\"wp-block-heading\"><strong>3. Politique de remboursement<\/strong><\/h3>\n\n\n\n<p>Une fois que nous aurons re\u00e7u et inspect\u00e9 l'article retourn\u00e9, nous proc\u00e9derons au remboursement dans les d\u00e9lais suivants <strong>5-7 jours ouvrables<\/strong>. Les options de remboursement comprennent<\/p>\n\n\n\n<ul class=\"wp-block-list\">\n<li><strong>Mode de paiement initial Remboursement<\/strong>: Le remboursement sera effectu\u00e9 sur votre compte de paiement initial.<\/li>\n\n\n\n<li><strong>Service d'\u00e9change<\/strong>: Si vous pr\u00e9f\u00e9rez un \u00e9change au lieu d'un remboursement, veuillez nous contacter pour organiser la proc\u00e9dure.<\/li>\n<\/ul>\n\n\n\n<h3 class=\"wp-block-heading\"><strong>4. Proc\u00e9dure de retour et de remboursement<\/strong><\/h3>\n\n\n\n<ol class=\"wp-block-list\">\n<li><strong>Contacter le service client\u00e8le<\/strong>: Soumettre une demande de retour via <strong><a>support@uwin-vape.com<\/a><\/strong> ou par chat en direct en indiquant votre num\u00e9ro de commande et les d\u00e9tails du probl\u00e8me.<\/li>\n\n\n\n<li><strong>Approbation et instructions<\/strong>: Notre \u00e9quipe examinera votre demande dans un d\u00e9lai de <strong>2 jours ouvrables<\/strong> et fournir les instructions de retour.<\/li>\n\n\n\n<li><strong>Renvoyer l'article<\/strong>: Renvoyez l'article \u00e0 l'adresse indiqu\u00e9e et communiquez le num\u00e9ro de suivi.<\/li>\n\n\n\n<li><strong>Remboursement ou \u00e9change<\/strong>: Apr\u00e8s r\u00e9ception et v\u00e9rification de l'article, nous proc\u00e9derons au remboursement ou \u00e0 l'envoi d'un article de remplacement.<\/li>\n<\/ol>\n\n\n\n<h3 class=\"wp-block-heading\"><strong>5. Notes sp\u00e9ciales<\/strong><\/h3>\n\n\n\n<ul class=\"wp-block-list\">\n<li>Retards ou dommages caus\u00e9s par <strong>les retenues douani\u00e8res, les cas de force majeure ou les jours f\u00e9ri\u00e9s<\/strong> ne sont pas \u00e9ligibles \u00e0 un remboursement.<\/li>\n\n\n\n<li><strong>Articles promotionnels ou \u00e0 prix r\u00e9duit<\/strong> ne sont pas remboursables, sauf en cas de probl\u00e8me de qualit\u00e9.<\/li>\n\n\n\n<li>En raison de la nature des produits de vapotage, <strong>les articles usag\u00e9s ou non scell\u00e9s<\/strong> ne sont pas retournables.<\/li>\n<\/ul>\n\n\n\n<h3 class=\"wp-block-heading\"><strong>6. Nous contacter<\/strong><\/h3>\n\n\n\n<p>Pour toute demande de retour ou de remboursement, veuillez nous contacter :<br><strong>Courriel :<\/strong> <a>support@uwin-vape.com<\/a><br><strong>WhatsApp :<\/strong>\u00a0<a href=\"https:\/\/wa.me\/+64204871919\" target=\"_blank\" rel=\"noreferrer noopener\">+64 20 487 1919<\/a><\/p>\n\n\n\n<p>Votre satisfaction est notre priorit\u00e9 et nous nous engageons \u00e0 vous fournir un service fiable et efficace !<\/p>","protected":false},"excerpt":{"rendered":"<p>At Uwin-Vape.com, we are committed to providing high-quality products and a satisfying shopping experience. If you are not satisfied with your purchase, we offer a convenient return and refund service to protect your rights. 1. Shipping Locations We ship from Poland and Germany, ensuring faster delivery across Europe. 2. Return Policy If you receive a [&#8230;]","protected":false},"author":1,"featured_media":0,"parent":0,"menu_order":0,"comment_status":"closed","ping_status":"closed","template":"","meta":{"footnotes":""},"class_list":["post-992","page","type-page","status-publish","hentry"],"_links":{"self":[{"href":"https:\/\/uwin-shop.com\/fr\/wp-json\/wp\/v2\/pages\/992","targetHints":{"allow":["GET"]}}],"collection":[{"href":"https:\/\/uwin-shop.com\/fr\/wp-json\/wp\/v2\/pages"}],"about":[{"href":"https:\/\/uwin-shop.com\/fr\/wp-json\/wp\/v2\/types\/page"}],"author":[{"embeddable":true,"href":"https:\/\/uwin-shop.com\/fr\/wp-json\/wp\/v2\/users\/1"}],"replies":[{"embeddable":true,"href":"https:\/\/uwin-shop.com\/fr\/wp-json\/wp\/v2\/comments?post=992"}],"version-history":[{"count":1,"href":"https:\/\/uwin-shop.com\/fr\/wp-json\/wp\/v2\/pages\/992\/revisions"}],"predecessor-version":[{"id":1005,"href":"https:\/\/uwin-shop.com\/fr\/wp-json\/wp\/v2\/pages\/992\/revisions\/1005"}],"wp:attachment":[{"href":"https:\/\/uwin-shop.com\/fr\/wp-json\/wp\/v2\/media?parent=992"}],"curies":[{"name":"wp","href":"https:\/\/api.w.org\/{rel}","templated":true}]}}