{"id":1251,"date":"2025-05-09T18:35:57","date_gmt":"2025-05-09T10:35:57","guid":{"rendered":"https:\/\/uwin-shop.com\/?post_type=product&#038;p=1251"},"modified":"2025-07-02T17:10:49","modified_gmt":"2025-07-02T09:10:49","slug":"uwin-randm-crystal-twins-40000-puffs","status":"publish","type":"product","link":"https:\/\/uwin-shop.com\/fr\/produit\/uwin-randm-crystal-twins-40000-puffs\/","title":{"rendered":"Uwin RandM Crystal Twins 40000 Puffs\uff0815 saveurs\uff09"},"content":{"rendered":"<p><strong><span style=\"font-size: 25.92px; color: #333333;\">\ud83d\udca5D\u00e9couvrez les Uwin Crystal Twins 40000 Puffs Dual Flavor Vape<\/span><\/strong><\/p>\n<p><a href=\"https:\/\/uwin-shop.com\/wp-content\/uploads\/2025\/05\/\u7f51\u7ad9-Banner-3.jpg\"><img loading=\"lazy\" decoding=\"async\" class=\"alignnone size-medium wp-image-1807\" src=\"https:\/\/uwin-shop.com\/wp-content\/uploads\/2025\/05\/\u7f51\u7ad9-Banner-3-800x273.jpg\" alt=\"\" width=\"800\" height=\"273\" srcset=\"https:\/\/uwin-shop.com\/wp-content\/uploads\/2025\/05\/\u7f51\u7ad9-Banner-3-800x273.jpg 800w, https:\/\/uwin-shop.com\/wp-content\/uploads\/2025\/05\/\u7f51\u7ad9-Banner-3-1400x478.jpg 1400w, https:\/\/uwin-shop.com\/wp-content\/uploads\/2025\/05\/\u7f51\u7ad9-Banner-3-768x262.jpg 768w, https:\/\/uwin-shop.com\/wp-content\/uploads\/2025\/05\/\u7f51\u7ad9-Banner-3-1536x525.jpg 1536w, https:\/\/uwin-shop.com\/wp-content\/uploads\/2025\/05\/\u7f51\u7ad9-Banner-3-2048x700.jpg 2048w, https:\/\/uwin-shop.com\/wp-content\/uploads\/2025\/05\/\u7f51\u7ad9-Banner-3-18x6.jpg 18w, https:\/\/uwin-shop.com\/wp-content\/uploads\/2025\/05\/\u7f51\u7ad9-Banner-3-60x21.jpg 60w\" sizes=\"auto, (max-width: 800px) 100vw, 800px\" \/><\/a><\/p>\n<section class=\"relative\">\n<h2><strong>\ud83c\udf00Exp\u00e9rimentez une polyvalence in\u00e9gal\u00e9e en mati\u00e8re de vapotage<\/strong><\/h2>\n<p>Pr\u00e9sentation de la <strong>Uwin Crystal Twins 40000 Puffs<\/strong>un vaporisateur jetable et rechargeable \u00e0 la pointe de la technologie, \u00e0 double ar\u00f4me. Avec cet appareil innovant, vous pouvez profiter de jusqu'\u00e0 <strong>40 000 bouff\u00e9es<\/strong> Cette vape offre deux go\u00fbts distincts, faisant de chaque session de vapotage une exp\u00e9rience d\u00e9licieuse. Cette vape se distingue par ses caract\u00e9ristiques impressionnantes, con\u00e7ues \u00e0 la fois pour la commodit\u00e9 et la performance.<\/p>\n<h2><strong>\ud83d\udd27Caract\u00e9ristiques principales des jumeaux de cristal Uwin<\/strong><\/h2>\n<p><a href=\"https:\/\/uwin-shop.com\/wp-content\/uploads\/2025\/05\/\u6d77\u62a5\u6a2a\u5e45.jpg\"><img loading=\"lazy\" decoding=\"async\" class=\"alignnone size-medium wp-image-1802\" src=\"https:\/\/uwin-shop.com\/wp-content\/uploads\/2025\/05\/\u6d77\u62a5\u6a2a\u5e45-800x400.jpg\" alt=\"\" width=\"800\" height=\"400\" srcset=\"https:\/\/uwin-shop.com\/wp-content\/uploads\/2025\/05\/\u6d77\u62a5\u6a2a\u5e45-800x400.jpg 800w, https:\/\/uwin-shop.com\/wp-content\/uploads\/2025\/05\/\u6d77\u62a5\u6a2a\u5e45-1400x700.jpg 1400w, https:\/\/uwin-shop.com\/wp-content\/uploads\/2025\/05\/\u6d77\u62a5\u6a2a\u5e45-768x384.jpg 768w, https:\/\/uwin-shop.com\/wp-content\/uploads\/2025\/05\/\u6d77\u62a5\u6a2a\u5e45-1536x768.jpg 1536w, https:\/\/uwin-shop.com\/wp-content\/uploads\/2025\/05\/\u6d77\u62a5\u6a2a\u5e45-2048x1024.jpg 2048w, https:\/\/uwin-shop.com\/wp-content\/uploads\/2025\/05\/\u6d77\u62a5\u6a2a\u5e45-18x9.jpg 18w, https:\/\/uwin-shop.com\/wp-content\/uploads\/2025\/05\/\u6d77\u62a5\u6a2a\u5e45-60x30.jpg 60w\" sizes=\"auto, (max-width: 800px) 100vw, 800px\" \/><\/a><\/p>\n<h3><strong>\ud83d\udee2\ufe0fHigh Capacit\u00e9 en E-Liquide<\/strong><\/h3>\n<p>L'Uwin Crystal Twins est livr\u00e9 pr\u00e9-rempli avec <strong>32ml de e-liquide<\/strong>. Cette capacit\u00e9 substantielle vous permet d'appr\u00e9cier jusqu'\u00e0 <strong>40 000 bouff\u00e9es<\/strong> sans avoir \u00e0 se pr\u00e9occuper des recharges fr\u00e9quentes. Vous pouvez vaper plus longtemps et profiter davantage sans interruption, ce qui est parfait pour ceux qui veulent savourer leur exp\u00e9rience.<\/p>\n<h3><strong>\ud83d\udd0bBatterie rechargeable puissante<\/strong><\/h3>\n<p>\u00c9quip\u00e9 d'un <strong>650 mAh,<\/strong> cet appareil vous assure une puissance suffisante pour une utilisation prolong\u00e9e. Les <strong>Connexion de charge de type C<\/strong> permet une charge rapide, ce qui vous permet de recharger rapidement l'appareil et de profiter \u00e0 nouveau de votre vape. Cette caract\u00e9ristique fait de l'Uwin Crystal Twins un choix fiable pour les utilisateurs en d\u00e9placement.<\/p>\n<h2><strong>\ud83d\udca1Dual Flavor Experience (Exp\u00e9rience de double saveur)<\/strong><\/h2>\n<p><a href=\"https:\/\/uwin-shop.com\/wp-content\/uploads\/2025\/05\/\u7f51\u7ad9-Banner-2-1.jpg\"><img loading=\"lazy\" decoding=\"async\" class=\"alignnone size-medium wp-image-1809\" src=\"https:\/\/uwin-shop.com\/wp-content\/uploads\/2025\/05\/\u7f51\u7ad9-Banner-2-1-800x273.jpg\" alt=\"\" width=\"800\" height=\"273\" srcset=\"https:\/\/uwin-shop.com\/wp-content\/uploads\/2025\/05\/\u7f51\u7ad9-Banner-2-1-800x273.jpg 800w, https:\/\/uwin-shop.com\/wp-content\/uploads\/2025\/05\/\u7f51\u7ad9-Banner-2-1-1400x478.jpg 1400w, https:\/\/uwin-shop.com\/wp-content\/uploads\/2025\/05\/\u7f51\u7ad9-Banner-2-1-768x262.jpg 768w, https:\/\/uwin-shop.com\/wp-content\/uploads\/2025\/05\/\u7f51\u7ad9-Banner-2-1-1536x525.jpg 1536w, https:\/\/uwin-shop.com\/wp-content\/uploads\/2025\/05\/\u7f51\u7ad9-Banner-2-1-2048x700.jpg 2048w, https:\/\/uwin-shop.com\/wp-content\/uploads\/2025\/05\/\u7f51\u7ad9-Banner-2-1-18x6.jpg 18w, https:\/\/uwin-shop.com\/wp-content\/uploads\/2025\/05\/\u7f51\u7ad9-Banner-2-1-60x21.jpg 60w\" sizes=\"auto, (max-width: 800px) 100vw, 800px\" \/><\/a><\/p>\n<p>Le syst\u00e8me \u00e0 deux r\u00e9servoirs permet une grande vari\u00e9t\u00e9 de combinaisons d'ar\u00f4mes, am\u00e9liorant ainsi votre exp\u00e9rience de vapotage. Vous pouvez passer d'un ar\u00f4me \u00e0 l'autre sans effort, en r\u00e9pondant facilement \u00e0 vos diff\u00e9rentes pr\u00e9f\u00e9rences gustatives. Cette polyvalence est un avantage significatif pour les vapoteurs qui aiment explorer de nouvelles saveurs.<\/p>\n<p><strong>\ud83e\uddca\ud83c\udf53 1. Deux saveurs en une, changez comme vous voulez<\/strong><br \/>\nRompre avec l'exp\u00e9rience traditionnelle de l'ar\u00f4me unique. Chaque cigarette est livr\u00e9e avec deux ar\u00f4mes ind\u00e9pendants, ce qui permet de changer facilement d'ar\u00f4me. Vous pouvez changer ce que vous voulez fumer \u00e0 tout moment sans avoir \u00e0 transporter deux appareils lorsque vous sortez.<\/p>\n<p>\ud83d\udc49 Un appareil = le plaisir de deux e-cigarettes<\/p>\n<p><strong>\ud83c\udf08 2. R\u00e9servoir d'huile s\u00e9par\u00e9, saveur pure sans saveur crois\u00e9e<\/strong><br \/>\nIl adopte un double syst\u00e8me ind\u00e9pendant de stockage de l'huile afin de garantir que chaque ar\u00f4me est pr\u00e9sent\u00e9 de mani\u00e8re pure, sans m\u00e9lange, ce qui permet de conserver un degr\u00e9 \u00e9lev\u00e9 de restitution et de stratification du go\u00fbt.<\/p>\n<p>\ud83d\udc49 Avec des fruits rafra\u00eechissants \u00e0 gauche et des sensations glaciales \u00e0 droite, chacun a son propre charme.<\/p>\n<p><strong>\ud83d\udca8 3. De nombreuses combinaisons, des milliers de variations pas les m\u00eames<\/strong><br \/>\nUne vari\u00e9t\u00e9 d'ar\u00f4mes populaires sont combin\u00e9s, couvrant les ar\u00f4mes de fruits populaires tels que les fruits et les boissons fonctionnelles, pour cr\u00e9er votre propre combinaison unique de deux ar\u00f4mes.<\/p>\n<p>\ud83d\udc49 Combinaisons de saveurs rares disponibles sur le march\u00e9 pour r\u00e9pondre \u00e0 des besoins personnalis\u00e9s et attirer des clients r\u00e9guliers.<\/p>\n<p><strong>\ud83d\udd0b 4. Une machine, deux saveurs = co\u00fbt de performance plus \u00e9lev\u00e9<\/strong><br \/>\nUn seul appareil, deux saveurs, 40 000 bouch\u00e9es d'une tr\u00e8s longue dur\u00e9e de vie de la batterie, vous permettant d'exp\u00e9rimenter plus de variations de go\u00fbt \u00e0 moindre co\u00fbt.<\/p>\n<p>\ud83d\udc49 Plus r\u00e9sistant au tirage, moins cher et plus amusant<\/p>\n<h2><strong>\ud83c\udf1fTechnologie de vapotage am\u00e9lior\u00e9e<\/strong><\/h2>\n<p><a href=\"https:\/\/uwin-shop.com\/wp-content\/uploads\/2025\/05\/AA\u5355\u54c1\u6d77\u62a5-3.jpg\"><img loading=\"lazy\" decoding=\"async\" class=\"alignnone size-medium wp-image-1798\" src=\"https:\/\/uwin-shop.com\/wp-content\/uploads\/2025\/05\/AA\u5355\u54c1\u6d77\u62a5-3-400x400.jpg\" alt=\"\" width=\"400\" height=\"400\" srcset=\"https:\/\/uwin-shop.com\/wp-content\/uploads\/2025\/05\/AA\u5355\u54c1\u6d77\u62a5-3-400x400.jpg 400w, https:\/\/uwin-shop.com\/wp-content\/uploads\/2025\/05\/AA\u5355\u54c1\u6d77\u62a5-3-800x800.jpg 800w, https:\/\/uwin-shop.com\/wp-content\/uploads\/2025\/05\/AA\u5355\u54c1\u6d77\u62a5-3-280x280.jpg 280w, https:\/\/uwin-shop.com\/wp-content\/uploads\/2025\/05\/AA\u5355\u54c1\u6d77\u62a5-3-768x768.jpg 768w, https:\/\/uwin-shop.com\/wp-content\/uploads\/2025\/05\/AA\u5355\u54c1\u6d77\u62a5-3-12x12.jpg 12w, https:\/\/uwin-shop.com\/wp-content\/uploads\/2025\/05\/AA\u5355\u54c1\u6d77\u62a5-3-60x60.jpg 60w, https:\/\/uwin-shop.com\/wp-content\/uploads\/2025\/05\/AA\u5355\u54c1\u6d77\u62a5-3-100x100.jpg 100w, https:\/\/uwin-shop.com\/wp-content\/uploads\/2025\/05\/AA\u5355\u54c1\u6d77\u62a5-3.jpg 1200w\" sizes=\"auto, (max-width: 400px) 100vw, 400px\" \/><\/a><\/p>\n<h2><strong>\u2699\ufe0fAdvanced Bobine de maille<\/strong><\/h2>\n<p>Le mod\u00e8le Uwin Crystal Twins est dot\u00e9 d'une <strong>Bobine de maille 0,6\u03a9*2<\/strong>. Cette technologie avanc\u00e9e garantit une exp\u00e9rience de vapotage fluide et fiable \u00e0 chaque bouff\u00e9e. Vous profiterez d'une saveur riche et d'une production de vapeur satisfaisante, ce qui en fait un produit id\u00e9al pour les nouveaux vapoteurs comme pour les plus exp\u00e9riment\u00e9s.<\/p>\n<h3><strong>\ud83e\uddeaNicotine Options<\/strong><\/h3>\n<p>Les utilisateurs peuvent choisir leur niveau de nicotine pr\u00e9f\u00e9r\u00e9 parmi les options suivantes <strong>2%<\/strong> et <strong>5%<\/strong>. Cette flexibilit\u00e9 vous permet de personnaliser votre exp\u00e9rience de vapotage, en vous assurant une satisfaction sans intensit\u00e9 excessive. L'ajustement du taux de nicotine \u00e0 votre convenance am\u00e9liore votre plaisir global.<\/p>\n<p>\ud83d\udd39 2% (nicotine l\u00e9g\u00e8re)<br \/>\n\u2705<strong> Une l\u00e9g\u00e8re tape dans la gorge<\/strong>souple, mais pas trop dur<\/p>\n<p>\u2705 convient aux utilisateurs qui commencent \u00e0 utiliser des e-cigarettes ou qui passent \u00e0 des concentrations \u00e9lev\u00e9es.<\/p>\n<p>\u2705 Go\u00fbt \u00e9quilibr\u00e9 avec une l\u00e9g\u00e8re satisfaction<\/p>\n<p>\ud83d\udd39 5% (haute concentration de nicotine)<br \/>\n\u2705 <strong>Sensation de gorge intense, satisfaisant les gros fumeurs<\/strong><\/p>\n<p>\u2705 est plus stimulant que les cigarettes traditionnelles<\/p>\n<p>\u2705 est recommand\u00e9 pour ceux qui ont de l'exp\u00e9rience, mais les d\u00e9butants devraient l'utiliser avec prudence.<\/p>\n<p><strong>\ud83e\udde0 Warm reminder :<\/strong><br \/>\nLe choix de la bonne concentration de nicotine est tr\u00e8s important : il est recommand\u00e9 aux d\u00e9butants de commencer par 2%.<\/p>\n<h2><strong>\ud83d\ude80Affichage intelligent et contr\u00f4le du flux d'air<\/strong><\/h2>\n<p><a href=\"https:\/\/uwin-shop.com\/wp-content\/uploads\/2025\/05\/AA\u5355\u54c1\u6d77\u62a5.jpg\"><img loading=\"lazy\" decoding=\"async\" class=\"alignnone size-medium wp-image-1800\" src=\"https:\/\/uwin-shop.com\/wp-content\/uploads\/2025\/05\/AA\u5355\u54c1\u6d77\u62a5-400x400.jpg\" alt=\"\" width=\"400\" height=\"400\" srcset=\"https:\/\/uwin-shop.com\/wp-content\/uploads\/2025\/05\/AA\u5355\u54c1\u6d77\u62a5-400x400.jpg 400w, https:\/\/uwin-shop.com\/wp-content\/uploads\/2025\/05\/AA\u5355\u54c1\u6d77\u62a5-800x800.jpg 800w, https:\/\/uwin-shop.com\/wp-content\/uploads\/2025\/05\/AA\u5355\u54c1\u6d77\u62a5-280x280.jpg 280w, https:\/\/uwin-shop.com\/wp-content\/uploads\/2025\/05\/AA\u5355\u54c1\u6d77\u62a5-768x768.jpg 768w, https:\/\/uwin-shop.com\/wp-content\/uploads\/2025\/05\/AA\u5355\u54c1\u6d77\u62a5-12x12.jpg 12w, https:\/\/uwin-shop.com\/wp-content\/uploads\/2025\/05\/AA\u5355\u54c1\u6d77\u62a5-60x60.jpg 60w, https:\/\/uwin-shop.com\/wp-content\/uploads\/2025\/05\/AA\u5355\u54c1\u6d77\u62a5-100x100.jpg 100w, https:\/\/uwin-shop.com\/wp-content\/uploads\/2025\/05\/AA\u5355\u54c1\u6d77\u62a5.jpg 1200w\" sizes=\"auto, (max-width: 400px) 100vw, 400px\" \/><\/a><\/p>\n<p><strong>\ud83d\udcf1Surveillance en temps r\u00e9el<\/strong><\/p>\n<p>L'\u00e9cran intelligent int\u00e9gr\u00e9 indique l'autonomie de la batterie et le nombre de bouff\u00e9es en temps r\u00e9el. Cette fonction vous permet d'\u00eatre inform\u00e9 de votre consommation et de g\u00e9rer efficacement vos sessions de vapotage. Savoir combien de bouff\u00e9es il vous reste peut vous aider \u00e0 mieux planifier votre journ\u00e9e.<\/p>\n<p><strong>\ud83d\udca8Adjustable Airflow<\/strong><\/p>\n<p>Le syst\u00e8me de contr\u00f4le du flux d'air vous permet d'adapter votre exp\u00e9rience de vapotage \u00e0 vos pr\u00e9f\u00e9rences. Que vous pr\u00e9f\u00e9riez un tirage plus serr\u00e9 ou une bouff\u00e9e plus a\u00e9r\u00e9e, l'Uwin Crystal Twins s'adapte \u00e0 vos pr\u00e9f\u00e9rences, vous garantissant une exp\u00e9rience personnalis\u00e9e.<\/p>\n<h2><strong>\ud83e\udd1d Conception conviviale | UWIN, qui a pens\u00e9 \u00e0 tous les d\u00e9tails pour l'utilisateur.<\/strong><\/h2>\n<p><a href=\"https:\/\/uwin-shop.com\/wp-content\/uploads\/2025\/05\/40K\u6d77\u62a5.jpg\"><img loading=\"lazy\" decoding=\"async\" class=\"alignnone size-medium wp-image-1795\" src=\"https:\/\/uwin-shop.com\/wp-content\/uploads\/2025\/05\/40K\u6d77\u62a5-600x400.jpg\" alt=\"\" width=\"600\" height=\"400\" srcset=\"https:\/\/uwin-shop.com\/wp-content\/uploads\/2025\/05\/40K\u6d77\u62a5-600x400.jpg 600w, https:\/\/uwin-shop.com\/wp-content\/uploads\/2025\/05\/40K\u6d77\u62a5-1200x800.jpg 1200w, https:\/\/uwin-shop.com\/wp-content\/uploads\/2025\/05\/40K\u6d77\u62a5-768x512.jpg 768w, https:\/\/uwin-shop.com\/wp-content\/uploads\/2025\/05\/40K\u6d77\u62a5-1536x1024.jpg 1536w, https:\/\/uwin-shop.com\/wp-content\/uploads\/2025\/05\/40K\u6d77\u62a5-18x12.jpg 18w, https:\/\/uwin-shop.com\/wp-content\/uploads\/2025\/05\/40K\u6d77\u62a5-60x40.jpg 60w, https:\/\/uwin-shop.com\/wp-content\/uploads\/2025\/05\/40K\u6d77\u62a5-800x533.jpg 800w, https:\/\/uwin-shop.com\/wp-content\/uploads\/2025\/05\/40K\u6d77\u62a5.jpg 1800w\" sizes=\"auto, (max-width: 600px) 100vw, 600px\" \/><\/a><\/p>\n<p>L'appareil Uwin Crystal Twins 40000 est incroyablement facile \u00e0 utiliser gr\u00e2ce \u00e0 ses caract\u00e9ristiques suivantes <strong>m\u00e9canisme activ\u00e9 par le tirage<\/strong>. Cette caract\u00e9ristique le rend parfait pour les vapoteurs novices et exp\u00e9riment\u00e9s. Il suffit d'inhaler pour activer l'appareil, ce qui le rend intuitif et facile \u00e0 utiliser.<\/p>\n<p><strong>\ud83d\udd0b Affichage intelligent, informations en un coup d'\u0153il<\/strong><br \/>\n\u00c9quip\u00e9 d'un \u00e9cran LED intelligent pour un affichage en temps r\u00e9el :<\/p>\n<p>\ud83d\udd0b Capacit\u00e9 de la batterie<\/p>\n<p>\ud83d\udca7 Restes d'e-liquide<\/p>\n<p>Faites vos adieux \u00e0 <strong>\"l'angoisse de l'aspiration aveugle\"<\/strong> et savourez chaque gorg\u00e9e en toute s\u00e9r\u00e9nit\u00e9.<\/p>\n<p><strong>\ud83d\udd0c Interface de charge rapide de type C<\/strong><br \/>\n\u00c9quip\u00e9 en standard de <strong>Type-C<\/strong> il se recharge plus rapidement et plus facilement. Il peut se recharger rapidement en 30 minutes et vous pouvez partir \u00e0 tout moment sans pression.<\/p>\n<p><strong>\ud83d\udd07 Conception d'atomisation silencieuse<\/strong><br \/>\nNouvelle g\u00e9n\u00e9ration de noyau en maille et structure de flux d'air optimis\u00e9e <strong>r\u00e9duire le bruit et les perturbations du flux d'air<\/strong>L'utilisation de l'appareil est donc plus silencieuse et plus confortable, et s'adapte \u00e0 diff\u00e9rents sc\u00e9narios.<\/p>\n<p><strong>\ud83e\uddca Am\u00e9lioration de la structure \u00e9tanche<\/strong><br \/>\nGr\u00e2ce \u00e0 l'adoption de plusieurs technologies anti-fuites d'huile et d'une structure de r\u00e9servoir d'huile ind\u00e9pendante, il emp\u00eache efficacement les fuites d'e-liquide, ce qui rend l'utilisation plus rassurante. <strong>et plus facile \u00e0 transporter et \u00e0 utiliser.<\/strong><\/p>\n<p><strong>\ud83d\udc4b Poign\u00e9e ergonomique<\/strong><br \/>\nLa s\u00e9rie UWIN Crystal adopte un design aux angles arrondis et un corps l\u00e9ger. Elle <strong>s'adapte \u00e0 la paume, offre une prise en main confortable et convient aux hommes comme aux femmes,<\/strong> garantissant \u00e0 chaque fois la bonne prise en main.<\/p>\n<h2><strong>\ud83d\udc46Pourquoi choisir les Uwin Crystal Twins 40000 Puffs ?<\/strong><\/h2>\n<p><a href=\"https:\/\/uwin-shop.com\/wp-content\/uploads\/2025\/05\/\u73b0\u8d27\u6d77\u62a5.jpg\"><img loading=\"lazy\" decoding=\"async\" class=\"alignnone size-medium wp-image-1808\" src=\"https:\/\/uwin-shop.com\/wp-content\/uploads\/2025\/05\/\u73b0\u8d27\u6d77\u62a5-400x400.jpg\" alt=\"\" width=\"400\" height=\"400\" srcset=\"https:\/\/uwin-shop.com\/wp-content\/uploads\/2025\/05\/\u73b0\u8d27\u6d77\u62a5-400x400.jpg 400w, https:\/\/uwin-shop.com\/wp-content\/uploads\/2025\/05\/\u73b0\u8d27\u6d77\u62a5-800x800.jpg 800w, https:\/\/uwin-shop.com\/wp-content\/uploads\/2025\/05\/\u73b0\u8d27\u6d77\u62a5-280x280.jpg 280w, https:\/\/uwin-shop.com\/wp-content\/uploads\/2025\/05\/\u73b0\u8d27\u6d77\u62a5-768x768.jpg 768w, https:\/\/uwin-shop.com\/wp-content\/uploads\/2025\/05\/\u73b0\u8d27\u6d77\u62a5-12x12.jpg 12w, https:\/\/uwin-shop.com\/wp-content\/uploads\/2025\/05\/\u73b0\u8d27\u6d77\u62a5-60x60.jpg 60w, https:\/\/uwin-shop.com\/wp-content\/uploads\/2025\/05\/\u73b0\u8d27\u6d77\u62a5-100x100.jpg 100w, https:\/\/uwin-shop.com\/wp-content\/uploads\/2025\/05\/\u73b0\u8d27\u6d77\u62a5.jpg 1200w\" sizes=\"auto, (max-width: 400px) 100vw, 400px\" \/><\/a><\/p>\n<h3><strong>\ud83d\udd39Id\u00e9al pour les vapoteurs avertis<\/strong><\/h3>\n<p>Cet appareil est une option fantastique pour ceux qui recherchent la commodit\u00e9 et la performance. Avec sa grande vari\u00e9t\u00e9 d'ar\u00f4mes et son design innovant, l'Uwin Crystal Twins r\u00e9pond aux pr\u00e9f\u00e9rences des vapoteurs exigeants, garantissant que tout le monde y trouve son compte.<\/p>\n<h3><strong>\ud83d\udd39Parfait pour le commerce de gros<\/strong><\/h3>\n<p>Si vous \u00eates un d\u00e9taillant ou un distributeur, l'Uwin Crystal Twins est un excellent compl\u00e9ment \u00e0 votre inventaire. Son nombre \u00e9lev\u00e9 de bouff\u00e9es, ses diverses options de saveur et son prix comp\u00e9titif en font un produit de choix. <strong>prix<\/strong> en font un produit attractif pour les clients. Cette vape satisfera certainement la demande croissante de vapes jetables de haute qualit\u00e9.<\/p>\n<h3><strong>\ud83d\udd39Excellentes critiques et performances<\/strong><\/h3>\n<p>Les jumeaux de cristal d'Uwin ont re\u00e7u un accueil positif de la part de la Commission europ\u00e9enne. <strong>revues<\/strong> des utilisateurs qui appr\u00e9cient ses performances et sa polyvalence. Sa combinaison de fonctions puissantes et son design convivial en font un produit phare sur le march\u00e9, incontournable pour tout amateur de vapotage.<\/p>\n<h2><strong>\ud83c\udfaf Une e-cigarette id\u00e9ale, m\u00eame les plus pointilleux-- UWIN Crystal Twins 40000<\/strong><\/h2>\n<h3><strong>Il ne s'agit pas seulement d'e-cigarettes, mais aussi d'une certaine m\u00e9ticulosit\u00e9.<\/strong><\/h3>\n<p><a href=\"https:\/\/uwin-shop.com\/wp-content\/uploads\/2025\/05\/AA\u5355\u54c1\u6d77\u62a5-4.jpg\"><img loading=\"lazy\" decoding=\"async\" class=\"alignnone size-medium wp-image-1799\" src=\"https:\/\/uwin-shop.com\/wp-content\/uploads\/2025\/05\/AA\u5355\u54c1\u6d77\u62a5-4-400x400.jpg\" alt=\"\" width=\"400\" height=\"400\" srcset=\"https:\/\/uwin-shop.com\/wp-content\/uploads\/2025\/05\/AA\u5355\u54c1\u6d77\u62a5-4-400x400.jpg 400w, https:\/\/uwin-shop.com\/wp-content\/uploads\/2025\/05\/AA\u5355\u54c1\u6d77\u62a5-4-800x800.jpg 800w, https:\/\/uwin-shop.com\/wp-content\/uploads\/2025\/05\/AA\u5355\u54c1\u6d77\u62a5-4-280x280.jpg 280w, https:\/\/uwin-shop.com\/wp-content\/uploads\/2025\/05\/AA\u5355\u54c1\u6d77\u62a5-4-768x768.jpg 768w, https:\/\/uwin-shop.com\/wp-content\/uploads\/2025\/05\/AA\u5355\u54c1\u6d77\u62a5-4-12x12.jpg 12w, https:\/\/uwin-shop.com\/wp-content\/uploads\/2025\/05\/AA\u5355\u54c1\u6d77\u62a5-4-60x60.jpg 60w, https:\/\/uwin-shop.com\/wp-content\/uploads\/2025\/05\/AA\u5355\u54c1\u6d77\u62a5-4-100x100.jpg 100w, https:\/\/uwin-shop.com\/wp-content\/uploads\/2025\/05\/AA\u5355\u54c1\u6d77\u62a5-4.jpg 1200w\" sizes=\"auto, (max-width: 400px) 100vw, 400px\" \/><\/a><\/p>\n<p>En tant que principal fournisseur de vapes jetables, <strong>uwin-shop.com<\/strong> offre le <strong>Uwin Crystal Twins 40000 Puffs<\/strong> \u00e0 des prix comp\u00e9titifs. Que vous souhaitiez approvisionner vos rayons ou simplement profiter d'une exp\u00e9rience de vapotage exceptionnelle, cet appareil est le choix id\u00e9al. Ne manquez pas l'occasion d'am\u00e9liorer votre jeu de vapotage. Visitez le site <strong>uwin-shop.com<\/strong> d\u00e8s aujourd'hui pour passer votre commande et d\u00e9couvrir notre gamme compl\u00e8te de produits !<\/p>\n<\/section>","protected":false},"excerpt":{"rendered":"<ul>\n<li data-start=\"180\" data-end=\"216\"><span style=\"color: #ff6600;\"><strong>Tous les prix sont indiqu\u00e9s par pi\u00e8ce<\/strong><\/span><\/li>\n<li data-start=\"217\" data-end=\"257\">\n<p data-start=\"219\" data-end=\"257\"><span style=\"color: #ff6600;\"><strong>Quantit\u00e9 minimale de commande : 3 pi\u00e8ces<\/strong><\/span><\/p>\n<\/li>\n<\/ul>\n<p data-start=\"329\" data-end=\"466\"><strong><span style=\"color: #000000;\">\ud83d\ude9a Cette politique nous permet d'offrir de meilleurs prix et une exp\u00e9dition plus rapide.<\/span><\/strong><br data-start=\"394\" data-end=\"397\" \/><strong><span style=\"color: #000000;\">\ud83d\udcac Des questions ? Nous sommes heureux de vous aider !<\/span><\/strong><br data-start=\"431\" data-end=\"434\" \/><strong><span style=\"color: #000000;\">\ud83d\udcf2 WhatsApp : <a style=\"color: #000000;\" href=\"https:\/\/wa.me\/+64204871919\" target=\"_blank\" rel=\"noreferrer noopener\">+64 20 487 1919<\/a><\/span><\/strong><\/p>","protected":false},"featured_media":538,"template":"","meta":[],"product_brand":[],"product_cat":[86],"product_tag":[],"class_list":{"0":"post-1251","1":"product","2":"type-product","3":"status-publish","4":"has-post-thumbnail","6":"product_cat-uwin","8":"first","9":"instock","10":"shipping-taxable","11":"purchasable","12":"product-type-variable","13":"has-default-attributes"},"tiered_pricing_type":"fixed","tiered_pricing_fixed_rules":[],"tiered_pricing_product_settings":{"layout":"default","base_unit_name":{"singular":null,"plural":null},"default_variation":null},"tiered_pricing_minimum_quantity":null,"tiered_pricing_roles_data":[],"tiered_pricing_percentage_rules":[],"tiered_pricing_maximum_quantity":null,"tiered_pricing_quantity_step":null,"_links":{"self":[{"href":"https:\/\/uwin-shop.com\/fr\/wp-json\/wp\/v2\/product\/1251","targetHints":{"allow":["GET"]}}],"collection":[{"href":"https:\/\/uwin-shop.com\/fr\/wp-json\/wp\/v2\/product"}],"about":[{"href":"https:\/\/uwin-shop.com\/fr\/wp-json\/wp\/v2\/types\/product"}],"wp:featuredmedia":[{"embeddable":true,"href":"https:\/\/uwin-shop.com\/fr\/wp-json\/wp\/v2\/media\/538"}],"wp:attachment":[{"href":"https:\/\/uwin-shop.com\/fr\/wp-json\/wp\/v2\/media?parent=1251"}],"wp:term":[{"taxonomy":"product_brand","embeddable":true,"href":"https:\/\/uwin-shop.com\/fr\/wp-json\/wp\/v2\/product_brand?post=1251"},{"taxonomy":"product_cat","embeddable":true,"href":"https:\/\/uwin-shop.com\/fr\/wp-json\/wp\/v2\/product_cat?post=1251"},{"taxonomy":"product_tag","embeddable":true,"href":"https:\/\/uwin-shop.com\/fr\/wp-json\/wp\/v2\/product_tag?post=1251"}],"curies":[{"name":"wp","href":"https:\/\/api.w.org\/{rel}","templated":true}]}}