{"id":1308,"date":"2025-05-14T17:48:01","date_gmt":"2025-05-14T09:48:01","guid":{"rendered":"https:\/\/uwin-shop.com\/?post_type=product&#038;p=1308"},"modified":"2025-07-02T17:10:43","modified_gmt":"2025-07-02T09:10:43","slug":"uwin-shisha-crystal-20000-puffs-copy","status":"publish","type":"product","link":"https:\/\/uwin-shop.com\/fr\/produit\/uwin-shisha-crystal-20000-puffs-copy\/","title":{"rendered":"Uwin Shisha Crystal 20000 bouff\u00e9es\uff0812 saveurs\uff09"},"content":{"rendered":"<p><strong><span style=\"color: #555555; font-size: 14.4px;\">\ud83c\udf1fExp\u00e9rimentez l'Uwin Shisha Crystal 20000 bouff\u00e9es : La solution de vapotage ultime<\/span><\/strong><\/p>\n<p><a style=\"font-size: 25.92px;\" href=\"https:\/\/uwin-shop.com\/wp-content\/uploads\/2025\/05\/b5618ff658e660f1136e77ff5c3f49c.jpg\"><img loading=\"lazy\" decoding=\"async\" class=\"alignnone size-medium wp-image-1774\" src=\"https:\/\/uwin-shop.com\/wp-content\/uploads\/2025\/05\/b5618ff658e660f1136e77ff5c3f49c-600x400.jpg\" alt=\"\" width=\"600\" height=\"400\" srcset=\"https:\/\/uwin-shop.com\/wp-content\/uploads\/2025\/05\/b5618ff658e660f1136e77ff5c3f49c-600x400.jpg 600w, https:\/\/uwin-shop.com\/wp-content\/uploads\/2025\/05\/b5618ff658e660f1136e77ff5c3f49c-1200x800.jpg 1200w, https:\/\/uwin-shop.com\/wp-content\/uploads\/2025\/05\/b5618ff658e660f1136e77ff5c3f49c-768x512.jpg 768w, https:\/\/uwin-shop.com\/wp-content\/uploads\/2025\/05\/b5618ff658e660f1136e77ff5c3f49c-1536x1024.jpg 1536w, https:\/\/uwin-shop.com\/wp-content\/uploads\/2025\/05\/b5618ff658e660f1136e77ff5c3f49c-18x12.jpg 18w, https:\/\/uwin-shop.com\/wp-content\/uploads\/2025\/05\/b5618ff658e660f1136e77ff5c3f49c-60x40.jpg 60w, https:\/\/uwin-shop.com\/wp-content\/uploads\/2025\/05\/b5618ff658e660f1136e77ff5c3f49c-800x533.jpg 800w, https:\/\/uwin-shop.com\/wp-content\/uploads\/2025\/05\/b5618ff658e660f1136e77ff5c3f49c.jpg 1800w\" sizes=\"auto, (max-width: 600px) 100vw, 600px\" \/><\/a><\/p>\n<div class=\"product-desc-item-content mce-content\">\n<h3><strong>\ud83d\ude80D\u00e9couvrez la Shisha Crystal 20000 bouff\u00e9es jetables de Uwin<\/strong><\/h3>\n<p>Pr\u00e9sentation de la <strong>Uwin Shisha Crystal 20000 bouff\u00e9es Vape jetable<\/strong>Les bougies d'allumage sont con\u00e7ues pour offrir des performances \u00e9lev\u00e9es et une satisfaction maximale \u00e0 chaque bouff\u00e9e. Disponible en gros sur <strong>uwin-shop.com<\/strong>Ce stylo \u00e0 vape jetable, \u00e9l\u00e9gant et de haute qualit\u00e9, est parfait pour les vapoteurs chevronn\u00e9s comme pour les d\u00e9butants. Avec ses capacit\u00e9s de longue dur\u00e9e, ses <strong>Lumi\u00e8res RVB<\/strong>Gr\u00e2ce \u00e0 son design \u00e9pur\u00e9 et \u00e0 ses nombreuses options de nicotine, l'Uwin Shisha Crystal 20000 Puffs \u00e9tablit une nouvelle norme dans le monde des vapes jetables.<\/p>\n<h2><strong>\ud83d\udca1Des caract\u00e9ristiques impressionnantes pour des performances in\u00e9gal\u00e9es<\/strong><\/h2>\n<p>Le <strong>Uwin Shisha Crystal 20000<\/strong> change v\u00e9ritablement la donne, en offrant un nombre impressionnant d'heures de travail. <strong>20 000 bouff\u00e9es<\/strong> par appareil. Ce stylo \u00e0 vape comprend un <strong>Batterie de 650mAh<\/strong>Le syst\u00e8me d'alimentation en \u00e9lectricit\u00e9 de l'appareil permet une utilisation prolong\u00e9e sans avoir \u00e0 recharger constamment l'appareil. Gr\u00e2ce \u00e0 son <strong>Port de charge de type C<\/strong>Vous pouvez ainsi recharger rapidement votre appareil et continuer \u00e0 profiter d'une exp\u00e9rience de vapotage en douceur. Avec un <strong>Capacit\u00e9 de 22 ml d'e-liquide<\/strong>La Shisha Uwin r\u00e9duit consid\u00e9rablement le besoin de recharges, ce qui la rend id\u00e9ale pour les vapoteurs en d\u00e9placement.<\/p>\n<p><a href=\"https:\/\/uwin-shop.com\/wp-content\/uploads\/2025\/05\/3ca7e02af733acff03c08460cd036c8-scaled.jpg\"><img loading=\"lazy\" decoding=\"async\" class=\"alignnone size-medium wp-image-1770\" src=\"https:\/\/uwin-shop.com\/wp-content\/uploads\/2025\/05\/3ca7e02af733acff03c08460cd036c8-500x400.jpg\" alt=\"\" width=\"500\" height=\"400\" srcset=\"https:\/\/uwin-shop.com\/wp-content\/uploads\/2025\/05\/3ca7e02af733acff03c08460cd036c8-500x400.jpg 500w, https:\/\/uwin-shop.com\/wp-content\/uploads\/2025\/05\/3ca7e02af733acff03c08460cd036c8-1000x800.jpg 1000w, https:\/\/uwin-shop.com\/wp-content\/uploads\/2025\/05\/3ca7e02af733acff03c08460cd036c8-768x614.jpg 768w, https:\/\/uwin-shop.com\/wp-content\/uploads\/2025\/05\/3ca7e02af733acff03c08460cd036c8-1536x1228.jpg 1536w, https:\/\/uwin-shop.com\/wp-content\/uploads\/2025\/05\/3ca7e02af733acff03c08460cd036c8-2048x1638.jpg 2048w, https:\/\/uwin-shop.com\/wp-content\/uploads\/2025\/05\/3ca7e02af733acff03c08460cd036c8-15x12.jpg 15w, https:\/\/uwin-shop.com\/wp-content\/uploads\/2025\/05\/3ca7e02af733acff03c08460cd036c8-60x48.jpg 60w, https:\/\/uwin-shop.com\/wp-content\/uploads\/2025\/05\/3ca7e02af733acff03c08460cd036c8-800x640.jpg 800w\" sizes=\"auto, (max-width: 500px) 100vw, 500px\" \/><\/a><\/p>\n<h3><strong>\u2699\ufe0fCutting-Technologie de la bobine d'induction<\/strong><\/h3>\n<h4>Ce qui distingue vraiment la shisha Uwin, c'est sa technologie de pointe. <strong>Technologie de bobine \u00e0 mailles de 0,8 ohm<\/strong>. Cette innovation am\u00e9liore \u00e0 la fois la saveur et la production de vapeur. Que vous pr\u00e9f\u00e9riez \u00a0<strong>2%<\/strong>,\u00a0<strong>5%<\/strong> Ce stylo \u00e0 vape s'adapte \u00e0 un large \u00e9ventail de pr\u00e9f\u00e9rences et vous permet de personnaliser votre exp\u00e9rience. De plus, le stylo \u00e0 vape <strong>Lumi\u00e8res RVB<\/strong> ajoutent une touche de modernit\u00e9, ce qui le rend visuellement attrayant pendant que vous vapotez. L\u00e9ger et portable, ce produit est con\u00e7u pour les vapoteurs qui appr\u00e9cient \u00e0 la fois le style et la commodit\u00e9.<\/h4>\n<h2><strong>\ud83c\udf70A Flavor Paradise Awaits (Le paradis des saveurs)<\/strong><\/h2>\n<p><a href=\"https:\/\/uwin-shop.com\/wp-content\/uploads\/2025\/05\/4e9321a0a7354b4a404b6edee9438cb-scaled.jpg\"><img loading=\"lazy\" decoding=\"async\" class=\"alignnone size-medium wp-image-1771\" src=\"https:\/\/uwin-shop.com\/wp-content\/uploads\/2025\/05\/4e9321a0a7354b4a404b6edee9438cb-500x400.jpg\" alt=\"\" width=\"500\" height=\"400\" srcset=\"https:\/\/uwin-shop.com\/wp-content\/uploads\/2025\/05\/4e9321a0a7354b4a404b6edee9438cb-500x400.jpg 500w, https:\/\/uwin-shop.com\/wp-content\/uploads\/2025\/05\/4e9321a0a7354b4a404b6edee9438cb-1000x800.jpg 1000w, https:\/\/uwin-shop.com\/wp-content\/uploads\/2025\/05\/4e9321a0a7354b4a404b6edee9438cb-768x614.jpg 768w, https:\/\/uwin-shop.com\/wp-content\/uploads\/2025\/05\/4e9321a0a7354b4a404b6edee9438cb-1536x1228.jpg 1536w, https:\/\/uwin-shop.com\/wp-content\/uploads\/2025\/05\/4e9321a0a7354b4a404b6edee9438cb-2048x1638.jpg 2048w, https:\/\/uwin-shop.com\/wp-content\/uploads\/2025\/05\/4e9321a0a7354b4a404b6edee9438cb-15x12.jpg 15w, https:\/\/uwin-shop.com\/wp-content\/uploads\/2025\/05\/4e9321a0a7354b4a404b6edee9438cb-60x48.jpg 60w, https:\/\/uwin-shop.com\/wp-content\/uploads\/2025\/05\/4e9321a0a7354b4a404b6edee9438cb-800x640.jpg 800w\" sizes=\"auto, (max-width: 500px) 100vw, 500px\" \/><\/a><\/p>\n<p>Le <strong>Uwin Shisha Crystal 20000 bouff\u00e9es<\/strong> offre une gamme s\u00e9duisante de <strong>15 saveurs d\u00e9licieuses<\/strong>Chacun d'entre eux est con\u00e7u \u00e0 la perfection pour offrir une exp\u00e9rience unique et satisfaisante \u00e0 chaque bouff\u00e9e. Voici un aper\u00e7u de quelques saveurs passionnantes que vous pouvez savourer :<\/p>\n<p><strong>\ud83c\udf6c 1. S\u00e9rie Fruit Burst - V\u00e9ritable saveur de fruit restitu\u00e9e<\/strong><br \/>\n<strong>\ud83e\uded0\ud83c\udf53<\/strong>Framboises myrtilles : Un m\u00e9lange de saveurs sucr\u00e9es et acides, avec un riche ar\u00f4me fruit\u00e9.<\/p>\n<p><strong>\ud83c\udf49\u2744\ufe0f<\/strong>Glace \u00e0 la past\u00e8que : La past\u00e8que rafra\u00eechissante associ\u00e9e \u00e0 une texture fra\u00eeche donne une ambiance estivale parfaite.<\/p>\n<p><strong>\ud83c\udf47\u2744\ufe0f<\/strong>Glace de raisin : Go\u00fbt riche de jus de raisin et sensation de glace, avec un arri\u00e8re-go\u00fbt persistant.<\/p>\n<p><strong>\ud83e\udd5d\ud83c\udf48\ud83c\udf51<\/strong>Fruit de la passion, kiwi, goyave : Un m\u00e9lange tropical de plusieurs fruits avec des couches riches<\/p>\n<p><strong>\ud83c\udf53\ud83c\udf49<\/strong>Fraise-melon d'eau : Une combinaison classique, fra\u00eeche, sucr\u00e9e et acide, parfaite pour les fumeurs quotidiens.<\/p>\n<p>Caract\u00e9ristiques : Du vrai jus, mod\u00e9r\u00e9ment froid, pas gras, pas sucr\u00e9, juste ce qu'il faut !<\/p>\n<p><strong>\ud83e\uddca 2. Cool Ice Sensation series - ice power, awesome<\/strong><br \/>\nGlace aux myrtilles\/glace \u00e0 la past\u00e8que\/glace \u00e0 la cerise\/glace \u00e0 la p\u00eache<\/p>\n<p>Fruits frais + fra\u00eecheur rafra\u00eechissante, frais et revigorant, une seule bouch\u00e9e pour votre plus grand plaisir !<\/p>\n<p>Caract\u00e9ristiques : Frais mais pas agressif, convient \u00e0 ceux qui pr\u00e9f\u00e8rent un go\u00fbt rafra\u00eechissant.<\/p>\n<p><strong>\ud83c\udf52 3. S\u00e9rie d'ar\u00f4mes de baies m\u00e9lang\u00e9es - riche en couches et en texture<\/strong><br \/>\nLe go\u00fbt de la fraise + de la framboise + de la cerise<\/p>\n<p>Les triples baies, sucr\u00e9es mais non grasses, \u00e0 l'ar\u00f4me clair et rafra\u00eechissant, sont les pr\u00e9f\u00e9r\u00e9es de ceux qui aiment les saveurs d\u00e9licieuses !<\/p>\n<h2><strong>\ud83e\udd1dOpportunit\u00e9s et avantages du commerce de gros<\/strong><\/h2>\n<p><a href=\"https:\/\/uwin-shop.com\/wp-content\/uploads\/2025\/05\/0d61067a60e129249e23b1dc103ef4d.jpg\"><img loading=\"lazy\" decoding=\"async\" class=\"alignnone size-medium wp-image-1768\" src=\"https:\/\/uwin-shop.com\/wp-content\/uploads\/2025\/05\/0d61067a60e129249e23b1dc103ef4d-400x400.jpg\" alt=\"\" width=\"400\" height=\"400\" srcset=\"https:\/\/uwin-shop.com\/wp-content\/uploads\/2025\/05\/0d61067a60e129249e23b1dc103ef4d-400x400.jpg 400w, https:\/\/uwin-shop.com\/wp-content\/uploads\/2025\/05\/0d61067a60e129249e23b1dc103ef4d-800x800.jpg 800w, https:\/\/uwin-shop.com\/wp-content\/uploads\/2025\/05\/0d61067a60e129249e23b1dc103ef4d-280x280.jpg 280w, https:\/\/uwin-shop.com\/wp-content\/uploads\/2025\/05\/0d61067a60e129249e23b1dc103ef4d-768x768.jpg 768w, https:\/\/uwin-shop.com\/wp-content\/uploads\/2025\/05\/0d61067a60e129249e23b1dc103ef4d-12x12.jpg 12w, https:\/\/uwin-shop.com\/wp-content\/uploads\/2025\/05\/0d61067a60e129249e23b1dc103ef4d-60x60.jpg 60w, https:\/\/uwin-shop.com\/wp-content\/uploads\/2025\/05\/0d61067a60e129249e23b1dc103ef4d-100x100.jpg 100w, https:\/\/uwin-shop.com\/wp-content\/uploads\/2025\/05\/0d61067a60e129249e23b1dc103ef4d.jpg 1200w\" sizes=\"auto, (max-width: 400px) 100vw, 400px\" \/><\/a><\/p>\n<p>Le <strong>Uwin Shisha Crystal 20000<\/strong> n'est pas seulement id\u00e9al pour un usage personnel, mais il est \u00e9galement disponible pour des achats en gros. Les d\u00e9taillants et les distributeurs peuvent stocker ce produit innovant en plus grandes quantit\u00e9s, offrant aux clients une exp\u00e9rience de vapotage de premi\u00e8re qualit\u00e9 qui les fait revenir.<\/p>\n<p><strong>\u2705 1. Segment de capacit\u00e9 de vente en vogue sur le march\u00e9 : 20 000 bouff\u00e9es, bouch\u00e9es d'or essentielles.<\/strong><\/p>\n<p>Il se situe dans la gamme de capacit\u00e9s la plus populaire du march\u00e9, entre le milieu et le haut de gamme, <strong>le nombre d'embouts est juste ce qu'il faut, le prix est raisonnable et l'acceptation par les utilisateurs est \u00e9lev\u00e9e, <\/strong>\u00e9quilibrant l'exp\u00e9rience et le rapport co\u00fbt-efficacit\u00e9, il convient \u00e0 la majorit\u00e9 des consommateurs, <strong>facile \u00e0 vendre et \u00e0 promouvoir, avec des achats stables.<\/strong><\/p>\n<p>\u2705 <strong>2. Haute qualit\u00e9 + niveau d'apparence \u00e9lev\u00e9, le bouche-\u00e0-oreille favorise la conversion<\/strong><br \/>\nLa technologie de pointe du noyau d'atomisation garantit un go\u00fbt stable et une excellente exp\u00e9rience.<\/p>\n<p>L'apparence exquise attire les jeunes utilisateurs.<br \/>\nFacile \u00e0 dessiner + beau = naturellement facile \u00e0 vendre !<\/p>\n<p><strong>\u2705 3. La tendance du march\u00e9 est chaude, mettre en place \u00e0 l'avance pour saisir les dividendes.<\/strong><br \/>\nAvec le renforcement des mesures traditionnelles de lutte contre le tabagisme, le groupe de consommateurs d'e-cigarettes continue de s'\u00e9largir. Le produit \u00e0 20 000 bouff\u00e9es est le choix le plus courant. <strong>Choisir le bon produit = saisir l'opportunit\u00e9 du march\u00e9<\/strong> d'abord !<\/p>\n<p><a href=\"https:\/\/uwin-shop.com\/wp-content\/uploads\/2025\/05\/ed173a915cfdf8bc70d19fbd2e13ee0.jpg\"><img loading=\"lazy\" decoding=\"async\" class=\"alignnone size-medium wp-image-1775\" src=\"https:\/\/uwin-shop.com\/wp-content\/uploads\/2025\/05\/ed173a915cfdf8bc70d19fbd2e13ee0-400x400.jpg\" alt=\"\" width=\"400\" height=\"400\" srcset=\"https:\/\/uwin-shop.com\/wp-content\/uploads\/2025\/05\/ed173a915cfdf8bc70d19fbd2e13ee0-400x400.jpg 400w, https:\/\/uwin-shop.com\/wp-content\/uploads\/2025\/05\/ed173a915cfdf8bc70d19fbd2e13ee0-800x800.jpg 800w, https:\/\/uwin-shop.com\/wp-content\/uploads\/2025\/05\/ed173a915cfdf8bc70d19fbd2e13ee0-280x280.jpg 280w, https:\/\/uwin-shop.com\/wp-content\/uploads\/2025\/05\/ed173a915cfdf8bc70d19fbd2e13ee0-768x768.jpg 768w, https:\/\/uwin-shop.com\/wp-content\/uploads\/2025\/05\/ed173a915cfdf8bc70d19fbd2e13ee0-12x12.jpg 12w, https:\/\/uwin-shop.com\/wp-content\/uploads\/2025\/05\/ed173a915cfdf8bc70d19fbd2e13ee0-60x60.jpg 60w, https:\/\/uwin-shop.com\/wp-content\/uploads\/2025\/05\/ed173a915cfdf8bc70d19fbd2e13ee0-100x100.jpg 100w, https:\/\/uwin-shop.com\/wp-content\/uploads\/2025\/05\/ed173a915cfdf8bc70d19fbd2e13ee0.jpg 1200w\" sizes=\"auto, (max-width: 400px) 100vw, 400px\" \/><\/a><\/p>\n<h3><strong>Pourquoi choisir UWIN Vape ?<\/strong><\/h3>\n<p>Lorsque vous choisissez d'acheter aupr\u00e8s de <strong>uwin-shop.com<\/strong>vous avez acc\u00e8s \u00e0 une multitude d'avantages :<\/p>\n<p>\u2705 Une apparence de haut niveau - qui attire l'attention au premier coup d'\u0153il : Coque en cristal, rythme l\u00e9ger, design tendance, aim\u00e9 par les jeunes !<br \/>\n\u2705 Haute capacit\u00e9 - super puissance : de 10 000 \u00e0 35 000 orifices, pour r\u00e9pondre aux besoins des diff\u00e9rents clients, un seul achat, un pompage durable !<br \/>\n\u2705 Go\u00fbt \u00e9lev\u00e9 - Technologie du c\u0153ur : La nouvelle g\u00e9n\u00e9ration de noyau d'atomisation, avec un grand volume et un go\u00fbt stable, la satisfaction des fumeurs d\u00e9passe 90%+ !<br \/>\n\u2705 Plusieurs options de concentration (0% \u00e0 5%) : R\u00e9pondre pr\u00e9cis\u00e9ment \u00e0 un large \u00e9ventail de clients, des amateurs de go\u00fbt l\u00e9ger aux gros fumeurs !<\/p>\n<h2><strong>\ud83c\udfc6Elevez votre entreprise avec Uwin Shisha Crystal 20000 bouff\u00e9es<\/strong><\/h2>\n<p>Le <strong>Uwin Shisha Crystal 20000 bouff\u00e9es Vape jetable<\/strong> est parfaite pour les grossistes \u00e0 la recherche d'un produit fiable et de haute qualit\u00e9 qui r\u00e9pond \u00e0 la demande croissante de vapes jetables de qualit\u00e9 sup\u00e9rieure. Que vous soyez propri\u00e9taire d'une boutique de vape, d'un magasin de proximit\u00e9 ou que vous souhaitiez simplement stocker un produit populaire en vrac, cette vape est un excellent vendeur. Son excellente gamme d'ar\u00f4mes, ses options de nicotine r\u00e9glables et ses performances durables en font un choix attrayant.<\/p>\n<p><a href=\"https:\/\/uwin-shop.com\/wp-content\/uploads\/2025\/05\/39948ca286284486a3d10e94e64a3f3.jpg\"><img loading=\"lazy\" decoding=\"async\" class=\"alignnone size-medium wp-image-1773\" src=\"https:\/\/uwin-shop.com\/wp-content\/uploads\/2025\/05\/39948ca286284486a3d10e94e64a3f3-400x400.jpg\" alt=\"\" width=\"400\" height=\"400\" srcset=\"https:\/\/uwin-shop.com\/wp-content\/uploads\/2025\/05\/39948ca286284486a3d10e94e64a3f3-400x400.jpg 400w, https:\/\/uwin-shop.com\/wp-content\/uploads\/2025\/05\/39948ca286284486a3d10e94e64a3f3-800x800.jpg 800w, https:\/\/uwin-shop.com\/wp-content\/uploads\/2025\/05\/39948ca286284486a3d10e94e64a3f3-280x280.jpg 280w, https:\/\/uwin-shop.com\/wp-content\/uploads\/2025\/05\/39948ca286284486a3d10e94e64a3f3-768x768.jpg 768w, https:\/\/uwin-shop.com\/wp-content\/uploads\/2025\/05\/39948ca286284486a3d10e94e64a3f3-12x12.jpg 12w, https:\/\/uwin-shop.com\/wp-content\/uploads\/2025\/05\/39948ca286284486a3d10e94e64a3f3-60x60.jpg 60w, https:\/\/uwin-shop.com\/wp-content\/uploads\/2025\/05\/39948ca286284486a3d10e94e64a3f3-100x100.jpg 100w, https:\/\/uwin-shop.com\/wp-content\/uploads\/2025\/05\/39948ca286284486a3d10e94e64a3f3.jpg 1200w\" sizes=\"auto, (max-width: 400px) 100vw, 400px\" \/><\/a><\/p>\n<h3><strong>\ud83d\udd25Caract\u00e9ristiques cl\u00e9s pour maximiser votre offre<\/strong><\/h3>\n<ul>\n<li><strong>Rentabilit\u00e9<\/strong>: Les achats en gros r\u00e9duisent le co\u00fbt global par unit\u00e9, ce qui en fait un choix id\u00e9al pour les d\u00e9taillants.<\/li>\n<li><strong>Satisfaction des clients<\/strong>: Avec 15 ar\u00f4mes et des taux de nicotine personnalisables, vous pouvez r\u00e9pondre \u00e0 une grande vari\u00e9t\u00e9 de pr\u00e9f\u00e9rences de vos clients.<\/li>\n<li><strong>Confiance dans la marque<\/strong>: Uwin Shisha est connue pour sa qualit\u00e9 sup\u00e9rieure, ce qui permet de fid\u00e9liser la client\u00e8le et de renouveler les achats.<\/li>\n<\/ul>\n<h2><strong>\u2728Ready to Enhance Your Product Lineup ?<\/strong><\/h2>\n<p>Le <strong>Uwin Shisha Crystal 20000 bouff\u00e9es Vape jetable<\/strong> est disponible \u00e0 l'achat en gros \u00e0 l'adresse suivante <strong>uwin-shop.com<\/strong>. Am\u00e9liorez votre activit\u00e9 de vapotage en offrant \u00e0 vos clients les derni\u00e8res technologies de vapotage et les derni\u00e8res innovations en mati\u00e8re d'ar\u00f4mes. Visitez-nous \u00e0 l'adresse suivante <strong>uwin-shop.com<\/strong>\u00a0et passez votre commande d\u00e8s aujourd'hui !<\/p>\n<\/div>","protected":false},"excerpt":{"rendered":"<ul>\n<li data-start=\"180\" data-end=\"216\"><span style=\"color: #ff6600;\"><strong>Tous les prix sont indiqu\u00e9s par pi\u00e8ce<\/strong><\/span><\/li>\n<li data-start=\"217\" data-end=\"257\">\n<p data-start=\"219\" data-end=\"257\"><span style=\"color: #ff6600;\"><strong>Quantit\u00e9 minimale de commande : 3 pi\u00e8ces<\/strong><\/span><\/p>\n<\/li>\n<\/ul>\n<p data-start=\"329\" data-end=\"466\"><strong><span style=\"color: #000000;\">\ud83d\ude9a Cette politique nous permet d'offrir de meilleurs prix et une exp\u00e9dition plus rapide.<\/span><\/strong><br data-start=\"394\" data-end=\"397\" \/><strong><span style=\"color: #000000;\">\ud83d\udcac Des questions ? Nous sommes heureux de vous aider !<\/span><\/strong><br data-start=\"431\" data-end=\"434\" \/><strong><span style=\"color: #000000;\">\ud83d\udcf2 WhatsApp : <a style=\"color: #000000;\" href=\"https:\/\/wa.me\/+64204871919\" target=\"_blank\" rel=\"noreferrer noopener\">+64 20 487 1919<\/a><\/span><\/strong><\/p>","protected":false},"featured_media":531,"template":"","meta":[],"product_brand":[],"product_cat":[86],"product_tag":[],"class_list":{"0":"post-1308","1":"product","2":"type-product","3":"status-publish","4":"has-post-thumbnail","6":"product_cat-uwin","8":"first","9":"instock","10":"shipping-taxable","11":"purchasable","12":"product-type-variable","13":"has-default-attributes"},"tiered_pricing_type":"fixed","tiered_pricing_fixed_rules":[],"tiered_pricing_product_settings":{"layout":"default","base_unit_name":{"singular":null,"plural":null},"default_variation":null},"tiered_pricing_minimum_quantity":null,"tiered_pricing_roles_data":[],"tiered_pricing_percentage_rules":[],"tiered_pricing_maximum_quantity":null,"tiered_pricing_quantity_step":null,"_links":{"self":[{"href":"https:\/\/uwin-shop.com\/fr\/wp-json\/wp\/v2\/product\/1308","targetHints":{"allow":["GET"]}}],"collection":[{"href":"https:\/\/uwin-shop.com\/fr\/wp-json\/wp\/v2\/product"}],"about":[{"href":"https:\/\/uwin-shop.com\/fr\/wp-json\/wp\/v2\/types\/product"}],"wp:featuredmedia":[{"embeddable":true,"href":"https:\/\/uwin-shop.com\/fr\/wp-json\/wp\/v2\/media\/531"}],"wp:attachment":[{"href":"https:\/\/uwin-shop.com\/fr\/wp-json\/wp\/v2\/media?parent=1308"}],"wp:term":[{"taxonomy":"product_brand","embeddable":true,"href":"https:\/\/uwin-shop.com\/fr\/wp-json\/wp\/v2\/product_brand?post=1308"},{"taxonomy":"product_cat","embeddable":true,"href":"https:\/\/uwin-shop.com\/fr\/wp-json\/wp\/v2\/product_cat?post=1308"},{"taxonomy":"product_tag","embeddable":true,"href":"https:\/\/uwin-shop.com\/fr\/wp-json\/wp\/v2\/product_tag?post=1308"}],"curies":[{"name":"wp","href":"https:\/\/api.w.org\/{rel}","templated":true}]}}