{"id":1495,"date":"2025-05-15T09:17:47","date_gmt":"2025-05-15T01:17:47","guid":{"rendered":"https:\/\/uwin-shop.com\/?post_type=product&#038;p=1495"},"modified":"2025-07-02T17:10:35","modified_gmt":"2025-07-02T09:10:35","slug":"uwin-crystal-10000-puffs","status":"publish","type":"product","link":"https:\/\/uwin-shop.com\/fr\/produit\/uwin-crystal-10000-puffs\/","title":{"rendered":"Uwin Crystal 10000 Puffs\uff0830 saveurs\uff09"},"content":{"rendered":"<h1><strong><span style=\"font-size: 25.92px; color: #333333;\">D\u00e9couvrez l'Uwin Crystal 10000 Puffs : La solution de vapotage ultime<\/span><\/strong><\/h1>\n<p><a href=\"https:\/\/uwin-shop.com\/wp-content\/uploads\/2025\/05\/\u6d77\u62a51.jpg\"><img loading=\"lazy\" decoding=\"async\" class=\"alignnone size-medium wp-image-1764\" src=\"https:\/\/uwin-shop.com\/wp-content\/uploads\/2025\/05\/\u6d77\u62a51-281x400.jpg\" alt=\"\" width=\"281\" height=\"400\" srcset=\"https:\/\/uwin-shop.com\/wp-content\/uploads\/2025\/05\/\u6d77\u62a51-281x400.jpg 281w, https:\/\/uwin-shop.com\/wp-content\/uploads\/2025\/05\/\u6d77\u62a51-563x800.jpg 563w, https:\/\/uwin-shop.com\/wp-content\/uploads\/2025\/05\/\u6d77\u62a51-768x1091.jpg 768w, https:\/\/uwin-shop.com\/wp-content\/uploads\/2025\/05\/\u6d77\u62a51-8x12.jpg 8w, https:\/\/uwin-shop.com\/wp-content\/uploads\/2025\/05\/\u6d77\u62a51-60x85.jpg 60w, https:\/\/uwin-shop.com\/wp-content\/uploads\/2025\/05\/\u6d77\u62a51-800x1137.jpg 800w, https:\/\/uwin-shop.com\/wp-content\/uploads\/2025\/05\/\u6d77\u62a51.jpg 912w\" sizes=\"auto, (max-width: 281px) 100vw, 281px\" \/><\/a><\/p>\n<section class=\"relative\">\n<div class=\"product-desc-item-content mce-content\">\n<h2><strong>\ud83d\udca1D\u00e9couvrez la vape jetable Uwin Crystal 10000 Puffs<\/strong><\/h2>\n<p>Pr\u00e9sentation de la <strong>Uwin Crystal 10000 bouff\u00e9es Vape jetable<\/strong>-Con\u00e7ue pour offrir de hautes performances et une grande satisfaction \u00e0 chaque bouff\u00e9e. Disponible en gros sur <strong>UWINCAPES<\/strong>Ce stylo \u00e0 vape jetable, \u00e9l\u00e9gant et de haute qualit\u00e9, est parfait pour les vapoteurs chevronn\u00e9s comme pour les d\u00e9butants. Avec ses capacit\u00e9s de longue dur\u00e9e, ses lumi\u00e8res RGB vibrantes et une vari\u00e9t\u00e9 d'options de nicotine, l'Uwin Crystal 10000 Puffs \u00e9tablit une nouvelle norme dans le monde des vapes jetables.<\/p>\n<p><a href=\"https:\/\/uwin-shop.com\/wp-content\/uploads\/2025\/05\/AA-2.jpg\"><img loading=\"lazy\" decoding=\"async\" class=\"alignnone size-medium wp-image-1740\" src=\"https:\/\/uwin-shop.com\/wp-content\/uploads\/2025\/05\/AA-2-400x400.jpg\" alt=\"\" width=\"400\" height=\"400\" srcset=\"https:\/\/uwin-shop.com\/wp-content\/uploads\/2025\/05\/AA-2-400x400.jpg 400w, https:\/\/uwin-shop.com\/wp-content\/uploads\/2025\/05\/AA-2-800x800.jpg 800w, https:\/\/uwin-shop.com\/wp-content\/uploads\/2025\/05\/AA-2-280x280.jpg 280w, https:\/\/uwin-shop.com\/wp-content\/uploads\/2025\/05\/AA-2-768x768.jpg 768w, https:\/\/uwin-shop.com\/wp-content\/uploads\/2025\/05\/AA-2-12x12.jpg 12w, https:\/\/uwin-shop.com\/wp-content\/uploads\/2025\/05\/AA-2-60x60.jpg 60w, https:\/\/uwin-shop.com\/wp-content\/uploads\/2025\/05\/AA-2-100x100.jpg 100w, https:\/\/uwin-shop.com\/wp-content\/uploads\/2025\/05\/AA-2.jpg 1200w\" sizes=\"auto, (max-width: 400px) 100vw, 400px\" \/><\/a><\/p>\n<h2><strong>\ud83d\udd01Des caract\u00e9ristiques impressionnantes pour des performances in\u00e9gal\u00e9es<\/strong><\/h2>\n<p>Le <strong>Uwin Crystal 10000<\/strong> change v\u00e9ritablement la donne, en offrant un impressionnant service de <strong>10 000 bouff\u00e9es<\/strong> par appareil. Ce stylo \u00e0 vape est \u00e9quip\u00e9 d'une batterie rechargeable. <strong>Batterie de 650mAh<\/strong>Le syst\u00e8me d'alimentation en \u00e9lectricit\u00e9 de l'appareil permet une utilisation prolong\u00e9e sans avoir \u00e0 recharger constamment l'appareil. Gr\u00e2ce \u00e0 son <strong>Port de charge de type C<\/strong>Vous pouvez ainsi recharger rapidement votre appareil et continuer \u00e0 profiter d'une exp\u00e9rience de vapotage en douceur. Avec un <strong>Capacit\u00e9 de 18 ml d'e-liquide<\/strong>En outre, cette vape r\u00e9duit consid\u00e9rablement le besoin de recharges, ce qui la rend id\u00e9ale pour les vapoteurs en d\u00e9placement.<\/p>\n<p><a href=\"https:\/\/uwin-shop.com\/wp-content\/uploads\/2025\/05\/Uwin-crystal-10000-poster-2-scaled.jpg\"><img loading=\"lazy\" decoding=\"async\" class=\"alignnone size-medium wp-image-1754\" src=\"https:\/\/uwin-shop.com\/wp-content\/uploads\/2025\/05\/Uwin-crystal-10000-poster-2-640x400.jpg\" alt=\"\" width=\"640\" height=\"400\" srcset=\"https:\/\/uwin-shop.com\/wp-content\/uploads\/2025\/05\/Uwin-crystal-10000-poster-2-640x400.jpg 640w, https:\/\/uwin-shop.com\/wp-content\/uploads\/2025\/05\/Uwin-crystal-10000-poster-2-1280x800.jpg 1280w, https:\/\/uwin-shop.com\/wp-content\/uploads\/2025\/05\/Uwin-crystal-10000-poster-2-768x480.jpg 768w, https:\/\/uwin-shop.com\/wp-content\/uploads\/2025\/05\/Uwin-crystal-10000-poster-2-1536x960.jpg 1536w, https:\/\/uwin-shop.com\/wp-content\/uploads\/2025\/05\/Uwin-crystal-10000-poster-2-2048x1280.jpg 2048w, https:\/\/uwin-shop.com\/wp-content\/uploads\/2025\/05\/Uwin-crystal-10000-poster-2-18x12.jpg 18w, https:\/\/uwin-shop.com\/wp-content\/uploads\/2025\/05\/Uwin-crystal-10000-poster-2-60x38.jpg 60w, https:\/\/uwin-shop.com\/wp-content\/uploads\/2025\/05\/Uwin-crystal-10000-poster-2-800x500.jpg 800w\" sizes=\"auto, (max-width: 640px) 100vw, 640px\" \/><\/a><\/p>\n<h3><strong>\u2699\ufe0fCutting-Technologie de la bobine d'induction<\/strong><\/h3>\n<p>L'Uwin Crystal se distingue par sa technologie de pointe. <strong>Technologie de bobine \u00e0 mailles de 0,8 ohm<\/strong>qui am\u00e9liore \u00e0 la fois la saveur et la production de vapeur. Que vous pr\u00e9f\u00e9riez <strong>0%<\/strong>, <strong>2%<\/strong>, <strong>3%<\/strong>ou <strong>5%<\/strong> Ce stylo \u00e0 vape s'adapte \u00e0 un large \u00e9ventail de pr\u00e9f\u00e9rences, permettant aux utilisateurs de personnaliser leur exp\u00e9rience. De plus, le stylo \u00e0 vape <strong>Lumi\u00e8res RVB<\/strong> ajoutent une touche de modernit\u00e9, ce qui le rend visuellement attrayant pendant que vous vapotez. L\u00e9ger et portable, ce produit est con\u00e7u pour les vapoteurs qui appr\u00e9cient \u00e0 la fois le style et la commodit\u00e9.<\/p>\n<h3><strong><span style=\"font-size: 23.04px; color: #333333;\">\ud83c\udfa8A Flavor Paradise Awaits (Le paradis des saveurs)<\/span><\/strong><\/h3>\n<p><a href=\"https:\/\/uwin-shop.com\/wp-content\/uploads\/2025\/05\/Uwin-crystal-10000-poster-9-\u62f7\u8d1d-scaled.png\"><img loading=\"lazy\" decoding=\"async\" class=\"alignnone size-medium wp-image-1761\" src=\"https:\/\/uwin-shop.com\/wp-content\/uploads\/2025\/05\/Uwin-crystal-10000-poster-9-\u62f7\u8d1d-546x400.png\" alt=\"\" width=\"546\" height=\"400\" srcset=\"https:\/\/uwin-shop.com\/wp-content\/uploads\/2025\/05\/Uwin-crystal-10000-poster-9-\u62f7\u8d1d-546x400.png 546w, https:\/\/uwin-shop.com\/wp-content\/uploads\/2025\/05\/Uwin-crystal-10000-poster-9-\u62f7\u8d1d-1093x800.png 1093w, https:\/\/uwin-shop.com\/wp-content\/uploads\/2025\/05\/Uwin-crystal-10000-poster-9-\u62f7\u8d1d-768x562.png 768w, https:\/\/uwin-shop.com\/wp-content\/uploads\/2025\/05\/Uwin-crystal-10000-poster-9-\u62f7\u8d1d-1536x1124.png 1536w, https:\/\/uwin-shop.com\/wp-content\/uploads\/2025\/05\/Uwin-crystal-10000-poster-9-\u62f7\u8d1d-2048x1499.png 2048w, https:\/\/uwin-shop.com\/wp-content\/uploads\/2025\/05\/Uwin-crystal-10000-poster-9-\u62f7\u8d1d-16x12.png 16w, https:\/\/uwin-shop.com\/wp-content\/uploads\/2025\/05\/Uwin-crystal-10000-poster-9-\u62f7\u8d1d-60x44.png 60w, https:\/\/uwin-shop.com\/wp-content\/uploads\/2025\/05\/Uwin-crystal-10000-poster-9-\u62f7\u8d1d-800x586.png 800w\" sizes=\"auto, (max-width: 546px) 100vw, 546px\" \/><\/a><\/p>\n<p>Le <strong>Cristal Uwin 10000 bouff\u00e9es<\/strong> offre une gamme \u00e9tonnante de <strong>15 saveurs d\u00e9licieuses<\/strong>Chacun d'entre eux est con\u00e7u \u00e0 la perfection pour offrir une exp\u00e9rience unique et satisfaisante \u00e0 chaque bouff\u00e9e. Voici un aper\u00e7u de quelques-uns des ar\u00f4mes passionnants que vous pouvez d\u00e9guster :<\/p>\n<ul>\n<li><strong>\ud83e\uded0\ud83c\udf53Blueberry Raspberry<\/strong>: Un m\u00e9lange all\u00e9chant de myrtilles sucr\u00e9es et de framboises acidul\u00e9es pour un d\u00e9lice fruit\u00e9 \u00e9quilibr\u00e9.<\/li>\n<li><strong>\ud83c\udf47\u2744\ufe0fGrape Ice<\/strong>: D\u00e9couvrez une saveur de raisin riche et juteuse avec un fini frais et glac\u00e9 pour une vape rafra\u00eechissante.<\/li>\n<li><strong>\ud83c\udf53\ud83c\udf49Strawberry Watermelon<\/strong>: Les fraises sucr\u00e9es se m\u00e9langent parfaitement au go\u00fbt frais de la past\u00e8que, cr\u00e9ant ainsi un succulent m\u00e9lange de fruits.<\/li>\n<li><strong>\ud83e\uded0\u2744\ufe0fBlueberry on Ice<\/strong>: Une touche givr\u00e9e de myrtilles m\u00fbres, offrant une sensation de fra\u00eecheur et de fra\u00eecheur.<\/li>\n<li><strong>\ud83c\udf49\u2744\ufe0fWatermelon Ice<\/strong>: Profitez d'une douce explosion de past\u00e8que suivie d'une expiration fra\u00eeche, parfaite pour les journ\u00e9es chaudes.<\/li>\n<\/ul>\n<h3><strong>\ud83c\udf08Plus d'options de saveurs \u00e0 explorer<\/strong><\/h3>\n<p>En plus de ces saveurs pr\u00e9f\u00e9r\u00e9es des fans, l'Uwin Crystal offre d'autres saveurs excitantes :<\/p>\n<ul>\n<li><strong>\ud83c\udf52\u2744\ufe0fCherry Ice<\/strong>: Une succulente saveur de cerise m\u00e9lang\u00e9e \u00e0 un fini glac\u00e9 pour une vape douce et satisfaisante.<\/li>\n<li><strong>\ud83c\udf53\ud83c\udf47\ud83c\udf52Strawberry Framboise Cerise<\/strong>: Un trio de baies combinant des fraises sucr\u00e9es, des framboises acidul\u00e9es et des cerises juteuses.<\/li>\n<li><strong>\ud83e\udd5d\ud83c\udf48\ud83c\udf51Kiwi Fruit de la passion Goyave<\/strong>: Une fusion tropicale de kiwi acidul\u00e9, de fruit de la passion exotique et de goyave sucr\u00e9e pour des vacances dans la vapeur.<\/li>\n<li><strong>\ud83c\udf53\u2744\ufe0fStrawberry Ice<\/strong>: Ar\u00f4me classique de fraise avec un soup\u00e7on de menthol pour une exp\u00e9rience croustillante et rafra\u00eechissante.<\/li>\n<li><strong>\ud83c\udf51\u2744\ufe0fPeach Ice<\/strong>: Une p\u00eache sucr\u00e9e et juteuse associ\u00e9e \u00e0 un fini givr\u00e9 pour une vape parfaitement \u00e9quilibr\u00e9e.<\/li>\n<\/ul>\n<h2><strong>\ud83e\udd1dOpportunit\u00e9s et avantages du commerce de gros<\/strong><\/h2>\n<p>Le <strong>Uwin Crystal 10000<\/strong> n'est pas seulement id\u00e9al pour un usage personnel, mais il est \u00e9galement disponible pour des achats en gros. Les d\u00e9taillants et les distributeurs peuvent stocker ce produit innovant en plus grandes quantit\u00e9s, offrant aux clients une exp\u00e9rience de vapotage de qualit\u00e9 sup\u00e9rieure qui les satisfait.<\/p>\n<p><a href=\"https:\/\/uwin-shop.com\/wp-content\/uploads\/2025\/05\/Uwin-crystal-10000-poster-6-\u62f7\u8d1d-scaled.png\"><img loading=\"lazy\" decoding=\"async\" class=\"alignnone size-medium wp-image-1758\" src=\"https:\/\/uwin-shop.com\/wp-content\/uploads\/2025\/05\/Uwin-crystal-10000-poster-6-\u62f7\u8d1d-533x400.png\" alt=\"\" width=\"533\" height=\"400\" srcset=\"https:\/\/uwin-shop.com\/wp-content\/uploads\/2025\/05\/Uwin-crystal-10000-poster-6-\u62f7\u8d1d-533x400.png 533w, https:\/\/uwin-shop.com\/wp-content\/uploads\/2025\/05\/Uwin-crystal-10000-poster-6-\u62f7\u8d1d-1066x800.png 1066w, https:\/\/uwin-shop.com\/wp-content\/uploads\/2025\/05\/Uwin-crystal-10000-poster-6-\u62f7\u8d1d-768x577.png 768w, https:\/\/uwin-shop.com\/wp-content\/uploads\/2025\/05\/Uwin-crystal-10000-poster-6-\u62f7\u8d1d-1536x1153.png 1536w, https:\/\/uwin-shop.com\/wp-content\/uploads\/2025\/05\/Uwin-crystal-10000-poster-6-\u62f7\u8d1d-2048x1537.png 2048w, https:\/\/uwin-shop.com\/wp-content\/uploads\/2025\/05\/Uwin-crystal-10000-poster-6-\u62f7\u8d1d-16x12.png 16w, https:\/\/uwin-shop.com\/wp-content\/uploads\/2025\/05\/Uwin-crystal-10000-poster-6-\u62f7\u8d1d-60x45.png 60w, https:\/\/uwin-shop.com\/wp-content\/uploads\/2025\/05\/Uwin-crystal-10000-poster-6-\u62f7\u8d1d-800x601.png 800w\" sizes=\"auto, (max-width: 533px) 100vw, 533px\" \/><\/a><\/p>\n<\/div>\n<\/section>\n<section class=\"relative\">\n<div class=\"product-desc-item-content mce-content\">\n<h3><strong>Pourquoi choisir Uwin ?\u00a0<\/strong><strong>Vape<\/strong><strong>?<\/strong><\/h3>\n<p><strong>\u2705 Marque forte, qualit\u00e9 garantie<\/strong><br \/>\nUWIN adh\u00e8re \u00e0 des processus de fabrication de haut niveau, s\u00e9lectionne soigneusement les mati\u00e8res premi\u00e8res et effectue des contr\u00f4les de qualit\u00e9 stricts. Il garantit <strong>une qualit\u00e9 stable, un go\u00fbt authentique et une grande satisfaction des utilisateurs,<\/strong> visant \u00e0 cr\u00e9er une marque professionnelle de cigarettes \u00e9lectroniques digne de confiance.<\/p>\n<p><strong>Technologie de pointe, exp\u00e9rience sup\u00e9rieure<\/strong><br \/>\nL'application de la nouvelle g\u00e9n\u00e9ration de noyau d'atomisation c\u00e9ramique\/maille garantit une atomisation uniforme et une texture fine.<\/p>\n<p>Soutien <strong>plusieurs concentrations de nicotine ( 2%, 5%),<\/strong> convient \u00e0 diff\u00e9rents groupes de personnes<\/p>\n<p>Nombre \u00e9lev\u00e9 de ports (10 000 ports, 35 000 ports, etc.), longue dur\u00e9e de vie de la batterie et remplacement peu fr\u00e9quent.<\/p>\n<p><strong>\u2705 UWIN, pas seulement les e-cigarettes<\/strong><br \/>\nIl a un meilleur go\u00fbt, un niveau d'apparence plus \u00e9lev\u00e9 et une qualit\u00e9 plus stable.<br \/>\nC'est aussi un excellent tremplin pour le d\u00e9collage de votre carri\u00e8re !<\/p>\n<p><a href=\"https:\/\/uwin-shop.com\/wp-content\/uploads\/2025\/05\/Uwin-crystal-10000-poster-5\u62f7\u8d1d.png\"><img loading=\"lazy\" decoding=\"async\" class=\"alignnone size-medium wp-image-1757\" src=\"https:\/\/uwin-shop.com\/wp-content\/uploads\/2025\/05\/Uwin-crystal-10000-poster-5\u62f7\u8d1d-604x400.png\" alt=\"\" width=\"604\" height=\"400\" srcset=\"https:\/\/uwin-shop.com\/wp-content\/uploads\/2025\/05\/Uwin-crystal-10000-poster-5\u62f7\u8d1d-604x400.png 604w, https:\/\/uwin-shop.com\/wp-content\/uploads\/2025\/05\/Uwin-crystal-10000-poster-5\u62f7\u8d1d-1209x800.png 1209w, https:\/\/uwin-shop.com\/wp-content\/uploads\/2025\/05\/Uwin-crystal-10000-poster-5\u62f7\u8d1d-768x508.png 768w, https:\/\/uwin-shop.com\/wp-content\/uploads\/2025\/05\/Uwin-crystal-10000-poster-5\u62f7\u8d1d-1536x1017.png 1536w, https:\/\/uwin-shop.com\/wp-content\/uploads\/2025\/05\/Uwin-crystal-10000-poster-5\u62f7\u8d1d-18x12.png 18w, https:\/\/uwin-shop.com\/wp-content\/uploads\/2025\/05\/Uwin-crystal-10000-poster-5\u62f7\u8d1d-60x40.png 60w, https:\/\/uwin-shop.com\/wp-content\/uploads\/2025\/05\/Uwin-crystal-10000-poster-5\u62f7\u8d1d-800x530.png 800w, https:\/\/uwin-shop.com\/wp-content\/uploads\/2025\/05\/Uwin-crystal-10000-poster-5\u62f7\u8d1d.png 1970w\" sizes=\"auto, (max-width: 604px) 100vw, 604px\" \/><\/a><\/p>\n<h2><strong>\ud83d\udcbcElevez votre entreprise avec Uwin Crystal 10000 Puffs<\/strong><\/h2>\n<p>Le <strong>Uwin Crystal 10000 bouff\u00e9es Vape jetable<\/strong> est parfaite pour les grossistes \u00e0 la recherche d'un produit fiable et de haute qualit\u00e9 pour r\u00e9pondre \u00e0 la demande croissante de vapes jetables de qualit\u00e9 sup\u00e9rieure. Que vous soyez propri\u00e9taire d'une boutique de vape, d'un magasin de proximit\u00e9 ou que vous souhaitiez simplement stocker un produit populaire en vrac, cette vape est un excellent vendeur en raison de son excellente qualit\u00e9. <strong>gamme d'ar\u00f4mes, options de nicotine r\u00e9glables<\/strong>et des performances durables.<\/p>\n<h3><strong>\ud83d\udd11Caract\u00e9ristiques cl\u00e9s pour maximiser votre offre<\/strong><\/h3>\n<p><a href=\"https:\/\/uwin-shop.com\/wp-content\/uploads\/2025\/05\/\u6d77\u62a54.jpg\"><img loading=\"lazy\" decoding=\"async\" class=\"alignnone size-medium wp-image-1765\" src=\"https:\/\/uwin-shop.com\/wp-content\/uploads\/2025\/05\/\u6d77\u62a54-563x400.jpg\" alt=\"\" width=\"563\" height=\"400\" srcset=\"https:\/\/uwin-shop.com\/wp-content\/uploads\/2025\/05\/\u6d77\u62a54-563x400.jpg 563w, https:\/\/uwin-shop.com\/wp-content\/uploads\/2025\/05\/\u6d77\u62a54-1125x800.jpg 1125w, https:\/\/uwin-shop.com\/wp-content\/uploads\/2025\/05\/\u6d77\u62a54-768x546.jpg 768w, https:\/\/uwin-shop.com\/wp-content\/uploads\/2025\/05\/\u6d77\u62a54-1536x1092.jpg 1536w, https:\/\/uwin-shop.com\/wp-content\/uploads\/2025\/05\/\u6d77\u62a54-18x12.jpg 18w, https:\/\/uwin-shop.com\/wp-content\/uploads\/2025\/05\/\u6d77\u62a54-60x43.jpg 60w, https:\/\/uwin-shop.com\/wp-content\/uploads\/2025\/05\/\u6d77\u62a54-800x569.jpg 800w, https:\/\/uwin-shop.com\/wp-content\/uploads\/2025\/05\/\u6d77\u62a54.jpg 1800w\" sizes=\"auto, (max-width: 563px) 100vw, 563px\" \/><\/a><\/p>\n<ul>\n<li><strong>Rentabilit\u00e9<\/strong>: Les achats en gros r\u00e9duisent le co\u00fbt global par unit\u00e9, ce qui en fait un choix id\u00e9al pour les d\u00e9taillants.<\/li>\n<li><strong>Satisfaction des clients<\/strong>: Avec 30 ar\u00f4mes et des taux de nicotine personnalisables, vous pouvez r\u00e9pondre \u00e0 une grande vari\u00e9t\u00e9 de pr\u00e9f\u00e9rences de vos clients.<\/li>\n<li><strong>Confiance dans la marque<\/strong>: Uwin Crystal est connu pour sa qualit\u00e9 sup\u00e9rieure, ce qui garantit la fid\u00e9lit\u00e9 des clients et des achats r\u00e9p\u00e9t\u00e9s.<\/li>\n<\/ul>\n<h2><strong>\ud83d\udd25Vous \u00eates pr\u00eat \u00e0 enrichir votre gamme de produits ?<\/strong><\/h2>\n<p>Le <strong>Uwin Crystal 10000 bouff\u00e9es Vape jetable<\/strong> est disponible \u00e0 l'achat en gros \u00e0 l'adresse suivante <strong>uwin-shop.com<\/strong>. Am\u00e9liorez votre activit\u00e9 de vapotage en offrant \u00e0 vos clients les derni\u00e8res technologies de vapotage et les derni\u00e8res innovations en mati\u00e8re d'ar\u00f4mes. Visitez-nous \u00e0 l'adresse suivante <strong>uwin-shop.com\u00a0<\/strong>et passez votre commande d\u00e8s aujourd'hui !<\/p>\n<\/div>\n<\/section>\n<p>&nbsp;<\/p>","protected":false},"excerpt":{"rendered":"<ul>\n<li data-start=\"180\" data-end=\"216\"><span style=\"color: #ff6600;\"><strong>Tous les prix sont indiqu\u00e9s par pi\u00e8ce<\/strong><\/span><\/li>\n<li data-start=\"217\" data-end=\"257\">\n<p data-start=\"219\" data-end=\"257\"><span style=\"color: #ff6600;\"><strong>Quantit\u00e9 minimale de commande : 3 pi\u00e8ces<\/strong><\/span><\/p>\n<\/li>\n<\/ul>\n<p data-start=\"329\" data-end=\"466\"><strong><span style=\"color: #000000;\">\ud83d\ude9a Cette politique nous permet d'offrir de meilleurs prix et une exp\u00e9dition plus rapide.<\/span><\/strong><br data-start=\"394\" data-end=\"397\" \/><strong><span style=\"color: #000000;\">\ud83d\udcac Des questions ? Nous sommes heureux de vous aider !<\/span><\/strong><br data-start=\"431\" data-end=\"434\" \/><strong><span style=\"color: #000000;\">\ud83d\udcf2 WhatsApp : <a style=\"color: #000000;\" href=\"https:\/\/wa.me\/+64204871919\" target=\"_blank\" rel=\"noreferrer noopener\">+64 20 487 1919<\/a><\/span><\/strong><\/p>","protected":false},"featured_media":1701,"template":"","meta":[],"product_brand":[],"product_cat":[86],"product_tag":[],"class_list":{"0":"post-1495","1":"product","2":"type-product","3":"status-publish","4":"has-post-thumbnail","6":"product_cat-uwin","8":"first","9":"instock","10":"shipping-taxable","11":"purchasable","12":"product-type-variable","13":"has-default-attributes"},"tiered_pricing_type":"fixed","tiered_pricing_fixed_rules":[],"tiered_pricing_product_settings":{"layout":"default","base_unit_name":{"singular":null,"plural":null},"default_variation":null},"tiered_pricing_minimum_quantity":null,"tiered_pricing_roles_data":[],"tiered_pricing_percentage_rules":[],"tiered_pricing_maximum_quantity":null,"tiered_pricing_quantity_step":null,"_links":{"self":[{"href":"https:\/\/uwin-shop.com\/fr\/wp-json\/wp\/v2\/product\/1495","targetHints":{"allow":["GET"]}}],"collection":[{"href":"https:\/\/uwin-shop.com\/fr\/wp-json\/wp\/v2\/product"}],"about":[{"href":"https:\/\/uwin-shop.com\/fr\/wp-json\/wp\/v2\/types\/product"}],"wp:featuredmedia":[{"embeddable":true,"href":"https:\/\/uwin-shop.com\/fr\/wp-json\/wp\/v2\/media\/1701"}],"wp:attachment":[{"href":"https:\/\/uwin-shop.com\/fr\/wp-json\/wp\/v2\/media?parent=1495"}],"wp:term":[{"taxonomy":"product_brand","embeddable":true,"href":"https:\/\/uwin-shop.com\/fr\/wp-json\/wp\/v2\/product_brand?post=1495"},{"taxonomy":"product_cat","embeddable":true,"href":"https:\/\/uwin-shop.com\/fr\/wp-json\/wp\/v2\/product_cat?post=1495"},{"taxonomy":"product_tag","embeddable":true,"href":"https:\/\/uwin-shop.com\/fr\/wp-json\/wp\/v2\/product_tag?post=1495"}],"curies":[{"name":"wp","href":"https:\/\/api.w.org\/{rel}","templated":true}]}}