{"id":1649,"date":"2025-05-15T16:13:13","date_gmt":"2025-05-15T08:13:13","guid":{"rendered":"https:\/\/uwin-shop.com\/?post_type=product&#038;p=1649"},"modified":"2025-07-02T17:09:46","modified_gmt":"2025-07-02T09:09:46","slug":"randm-uwin-tornado-music-35k-puffs%ef%bc%88bottom-button%ef%bc%89","status":"publish","type":"product","link":"https:\/\/uwin-shop.com\/fr\/produit\/randm-uwin-tornado-music-35k-puffs%ef%bc%88bottom-button%ef%bc%89\/","title":{"rendered":"RandM UWIN Tornado Music 35000 Puffs\uff08Bouton de fond\uff09"},"content":{"rendered":"<h1><strong>\ud83c\udf1f UWIN 35,000-puffs E-cigarette - Smart Rhythm, one is home !<\/strong><\/h1>\n<p><a href=\"https:\/\/uwin-shop.com\/wp-content\/uploads\/2025\/05\/4-1.webp\"><img loading=\"lazy\" decoding=\"async\" class=\"alignnone size-medium wp-image-1711\" src=\"https:\/\/uwin-shop.com\/wp-content\/uploads\/2025\/05\/4-1-600x400.webp\" alt=\"\" width=\"600\" height=\"400\" srcset=\"https:\/\/uwin-shop.com\/wp-content\/uploads\/2025\/05\/4-1-600x400.webp 600w, https:\/\/uwin-shop.com\/wp-content\/uploads\/2025\/05\/4-1-1200x800.webp 1200w, https:\/\/uwin-shop.com\/wp-content\/uploads\/2025\/05\/4-1-768x512.webp 768w, https:\/\/uwin-shop.com\/wp-content\/uploads\/2025\/05\/4-1-1536x1024.webp 1536w, https:\/\/uwin-shop.com\/wp-content\/uploads\/2025\/05\/4-1-18x12.webp 18w, https:\/\/uwin-shop.com\/wp-content\/uploads\/2025\/05\/4-1-60x40.webp 60w, https:\/\/uwin-shop.com\/wp-content\/uploads\/2025\/05\/4-1-800x533.webp 800w, https:\/\/uwin-shop.com\/wp-content\/uploads\/2025\/05\/4-1.webp 1800w\" sizes=\"auto, (max-width: 600px) 100vw, 600px\" \/><\/a><\/p>\n<h2><strong>\ud83d\ude80 une tr\u00e8s longue dur\u00e9e de vie de la batterie,<\/strong><strong>\u00a035 000 bouff\u00e9es<\/strong><strong>\u00a0tr\u00e8s grande capacit\u00e9<\/strong><\/h2>\n<h4>Un UWIN \u00e9quivaut \u00e0 plusieurs e-cigarettes classiques ! Avec une dur\u00e9e de vie de la batterie ultra longue de\u00a0<strong>35 000 bouff\u00e9es<\/strong>Il dure non seulement plus longtemps, mais il permet \u00e9galement d'\u00e9conomiser beaucoup d'argent, ce qui en fait le choix id\u00e9al pour les utilisateurs intensifs.<\/h4>\n<h2><strong>\ud83c\udfb5 Les lumi\u00e8res bougent au rythme de la musique, le dispositif d'ambiance exclusif des cr\u00e9ateurs de tendances<\/strong><\/h2>\n<h4>Il suffit d'appuyer sur le bouton du bas pour activer le <strong>mode d'effet lumineux \u00e9blouissant<\/strong>. Avec la puce de d\u00e9tection audio int\u00e9gr\u00e9e, <strong>les lumi\u00e8res danseront au rythme de la musique<\/strong>La salle est en \u00e9bullition !<\/h4>\n<h4>Que ce soit lors d'une f\u00eate, dans un bar ou dans la rue la nuit, <strong>les lumi\u00e8res dansent au rythme, la fra\u00eecheur est \u00e0 son comble et vous \u00eates le centre d'int\u00e9r\u00eat de toute la sc\u00e8ne !<\/strong><\/h4>\n<p><a href=\"https:\/\/uwin-shop.com\/wp-content\/uploads\/2025\/05\/5-1.webp\"><img loading=\"lazy\" decoding=\"async\" class=\"alignnone size-medium wp-image-1712\" src=\"https:\/\/uwin-shop.com\/wp-content\/uploads\/2025\/05\/5-1-400x400.webp\" alt=\"\" width=\"400\" height=\"400\" srcset=\"https:\/\/uwin-shop.com\/wp-content\/uploads\/2025\/05\/5-1-400x400.webp 400w, https:\/\/uwin-shop.com\/wp-content\/uploads\/2025\/05\/5-1-280x280.webp 280w, https:\/\/uwin-shop.com\/wp-content\/uploads\/2025\/05\/5-1-768x768.webp 768w, https:\/\/uwin-shop.com\/wp-content\/uploads\/2025\/05\/5-1-12x12.webp 12w, https:\/\/uwin-shop.com\/wp-content\/uploads\/2025\/05\/5-1-60x60.webp 60w, https:\/\/uwin-shop.com\/wp-content\/uploads\/2025\/05\/5-1-100x100.webp 100w, https:\/\/uwin-shop.com\/wp-content\/uploads\/2025\/05\/5-1.webp 800w\" sizes=\"auto, (max-width: 400px) 100vw, 400px\" \/><\/a><\/p>\n<h2><strong>\ud83d\udd18Les boutons froids en bas sont faciles \u00e0 contr\u00f4ler<\/strong><\/h2>\n<h4>\u00c9quip\u00e9 d'un syst\u00e8me ind\u00e9pendant\u00a0<strong>bouton inf\u00e9rieur multifonctionnel<\/strong>Il est facile de changer le mode d'effet lumineux, d'activer l'appareil ou de v\u00e9rifier son \u00e9tat, offrant ainsi une double exp\u00e9rience de la technologie et du contr\u00f4le.<\/h4>\n<h2><strong>\ud83d\udca8 Volume de fum\u00e9e \u00e9lev\u00e9, rafra\u00eechissant pour les poumons<\/strong><\/h2>\n<h4>Il est con\u00e7u pour produire une grande quantit\u00e9 de fum\u00e9e, ce qui lui permet de r\u00e9pondre aux exigences \u00e9lev\u00e9es des fumeurs de longue dur\u00e9e pour une dur\u00e9e de vie plus longue.<strong>\u00a0\"Une vraie exp\u00e9rience de fumeur\"<\/strong>La sensation de fra\u00eecheur qu'il procure atteint le fond de la gorge !<\/h4>\n<h2><strong>\ud83d\udd0b Chargement rapide de type C, une seule charge pour plusieurs jours<\/strong><\/h2>\n<h4>\u00c9quip\u00e9 de\u00a0<strong>Interface de charge rapide de type C<\/strong>La vitesse de chargement est plus rapide et la batterie de 850 mAh permet de maintenir la puissance de la batterie en continu pendant une longue p\u00e9riode !<\/h4>\n<p><a href=\"https:\/\/uwin-shop.com\/wp-content\/uploads\/2025\/05\/%E6%A8%AA%E5%B9%85.jpg\"><img loading=\"lazy\" decoding=\"async\" class=\"alignnone size-medium wp-image-1652\" src=\"https:\/\/uwin-shop.com\/wp-content\/uploads\/2025\/05\/%E6%A8%AA%E5%B9%85-732x400.jpg\" sizes=\"auto, (max-width: 732px) 100vw, 732px\" srcset=\"https:\/\/uwin-shop.com\/wp-content\/uploads\/2025\/05\/\u6a2a\u5e45-732x400.jpg 732w, https:\/\/uwin-shop.com\/wp-content\/uploads\/2025\/05\/\u6a2a\u5e45-768x420.jpg 768w, https:\/\/uwin-shop.com\/wp-content\/uploads\/2025\/05\/\u6a2a\u5e45-18x10.jpg 18w, https:\/\/uwin-shop.com\/wp-content\/uploads\/2025\/05\/\u6a2a\u5e45-60x33.jpg 60w, https:\/\/uwin-shop.com\/wp-content\/uploads\/2025\/05\/\u6a2a\u5e45-800x437.jpg 800w, https:\/\/uwin-shop.com\/wp-content\/uploads\/2025\/05\/\u6a2a\u5e45.jpg 1330w\" alt=\"\" width=\"732\" height=\"400\" \/><\/a><\/p>\n<h2><strong>\ud83e\uddeaUWIN\u00a0<\/strong><strong>35 000 bouff\u00e9es\u00a0<\/strong><strong>e-cigarette - S\u00e9lection de la teneur en nicotine<\/strong><\/h2>\n<h4>L'e-cigarette UWIN 35 000 bouff\u00e9es adopte des mat\u00e9riaux de haute qualit\u00e9 et une technologie d'atomisation avanc\u00e9e pour offrir aux utilisateurs une exp\u00e9rience de tabagisme durable et douce. En fonction des besoins des diff\u00e9rents utilisateurs, UWIN propose les options de teneur en nicotine suivantes :<\/h4>\n<h3><strong>\ud83d\udfe1 2% nicotine (nicotine l\u00e9g\u00e8re)<\/strong><br \/>\nConvient \u00e0 : Utilisateurs souhaitant r\u00e9duire leur consommation de nicotine et contr\u00f4ler leur d\u00e9pendance au tabac.<\/h3>\n<h4>Caract\u00e9ristiques : L\u00e9g\u00e8re satisfaction, convient pour une r\u00e9duction progressive<\/h4>\n<h4>Exp\u00e9rience : Douceur sans \u00e9touffement, convient \u00e0 un usage quotidien l\u00e9ger<\/h4>\n<h3><strong>\ud83d\udd34 5% nicotine (haute teneur en nicotine)<\/strong><br \/>\nConvient \u00e0 : gros fumeurs ou personnes ayant un besoin \u00e9lev\u00e9 de nicotine<\/h3>\n<h4>Caract\u00e9ristiques : Forte sensation de frappe dans la gorge, grande satisfaction<\/h4>\n<h4>Exp\u00e9rience : Une exp\u00e9rience proche des cigarettes traditionnelles, qui soulage rapidement l'envie de fumer.<\/h4>\n<h2><strong>\ud83c\udfa8Une vari\u00e9t\u00e9 de saveurs populaires est disponible pour la s\u00e9lection<\/strong><\/h2>\n<h4>Myrtille Framboise P\u00eache d'\u00e9t\u00e9 Cerise de glace Kiwi Fruit de la passion Goyave M\u00e9lange de baies......<\/h4>\n<h4>Chaque bouch\u00e9e est d\u00e9licieuse et les saveurs ne sont jamais les m\u00eames !<\/h4>\n<h4>Chaque gorg\u00e9e est comme un jus de fruit, avec un go\u00fbt vrai et authentique qui reste en bouche.<\/h4>\n<p><a href=\"https:\/\/uwin-shop.com\/wp-content\/uploads\/2025\/05\/%E5%8F%A3%E5%91%B3%E6%B5%B7%E6%8A%A5-1-scaled.jpg\"><img loading=\"lazy\" decoding=\"async\" class=\"alignnone size-medium wp-image-1663\" src=\"https:\/\/uwin-shop.com\/wp-content\/uploads\/2025\/05\/%E5%8F%A3%E5%91%B3%E6%B5%B7%E6%8A%A5-1-500x400.jpg\" sizes=\"auto, (max-width: 500px) 100vw, 500px\" srcset=\"https:\/\/uwin-shop.com\/wp-content\/uploads\/2025\/05\/\u53e3\u5473\u6d77\u62a5-1-500x400.jpg 500w, https:\/\/uwin-shop.com\/wp-content\/uploads\/2025\/05\/\u53e3\u5473\u6d77\u62a5-1-1000x800.jpg 1000w, https:\/\/uwin-shop.com\/wp-content\/uploads\/2025\/05\/\u53e3\u5473\u6d77\u62a5-1-768x614.jpg 768w, https:\/\/uwin-shop.com\/wp-content\/uploads\/2025\/05\/\u53e3\u5473\u6d77\u62a5-1-1536x1228.jpg 1536w, https:\/\/uwin-shop.com\/wp-content\/uploads\/2025\/05\/\u53e3\u5473\u6d77\u62a5-1-2048x1638.jpg 2048w, https:\/\/uwin-shop.com\/wp-content\/uploads\/2025\/05\/\u53e3\u5473\u6d77\u62a5-1-15x12.jpg 15w, https:\/\/uwin-shop.com\/wp-content\/uploads\/2025\/05\/\u53e3\u5473\u6d77\u62a5-1-60x48.jpg 60w, https:\/\/uwin-shop.com\/wp-content\/uploads\/2025\/05\/\u53e3\u5473\u6d77\u62a5-1-800x640.jpg 800w\" alt=\"\" width=\"500\" height=\"400\" \/><\/a><\/p>\n<h2><strong>Caract\u00e9ristiques principales de Uwin Crystal 35000 Puffs Music<\/strong><\/h2>\n<h4><strong>Capacit\u00e9 de bouff\u00e9e :<\/strong>\u00a0Jusqu'\u00e0 30 000 bouff\u00e9es, ce qui garantit une utilisation prolong\u00e9e.<br \/>\n<strong>Options de nicotine :<\/strong>\u00a0Disponible dans les concentrations de nicotine 0%, 2%, 3% et 5% pour r\u00e9pondre aux diff\u00e9rentes pr\u00e9f\u00e9rences.<br \/>\n<strong>Batterie rechargeable :\u00a0<\/strong>Batterie de 600mAh qui peut \u00eatre recharg\u00e9e via un port Type-C pour une charge rapide.<br \/>\n<strong>Bobine de maille :\u00a0<\/strong>Bobine de r\u00e9sistance 1.0\u03a9 pour une saveur sup\u00e9rieure et une production de vapeur r\u00e9guli\u00e8re.<br \/>\n<strong>Lumi\u00e8res LED synchronis\u00e9es avec la musique :<\/strong>\u00a0Des lumi\u00e8res qui changent de couleur et de motif avec votre musique pour une exp\u00e9rience de vapotage visuellement excitante.<br \/>\n<strong>Vari\u00e9t\u00e9 d'ar\u00f4mes :\u00a0<\/strong>Disponible en 30 saveurs d\u00e9lectables pour satisfaire tous les palais.<br \/>\n<strong>L\u00e9ger et portable :<\/strong>\u00a0Facile \u00e0 transporter, c'est un excellent choix pour le vapotage en d\u00e9placement.<\/h4>\n<p><a href=\"https:\/\/uwin-shop.com\/wp-content\/uploads\/2025\/05\/7-1.webp\"><img loading=\"lazy\" decoding=\"async\" class=\"alignnone size-medium wp-image-1713\" src=\"https:\/\/uwin-shop.com\/wp-content\/uploads\/2025\/05\/7-1-400x400.webp\" alt=\"\" width=\"400\" height=\"400\" srcset=\"https:\/\/uwin-shop.com\/wp-content\/uploads\/2025\/05\/7-1-400x400.webp 400w, https:\/\/uwin-shop.com\/wp-content\/uploads\/2025\/05\/7-1-280x280.webp 280w, https:\/\/uwin-shop.com\/wp-content\/uploads\/2025\/05\/7-1-768x768.webp 768w, https:\/\/uwin-shop.com\/wp-content\/uploads\/2025\/05\/7-1-12x12.webp 12w, https:\/\/uwin-shop.com\/wp-content\/uploads\/2025\/05\/7-1-60x60.webp 60w, https:\/\/uwin-shop.com\/wp-content\/uploads\/2025\/05\/7-1-100x100.webp 100w, https:\/\/uwin-shop.com\/wp-content\/uploads\/2025\/05\/7-1.webp 800w\" sizes=\"auto, (max-width: 400px) 100vw, 400px\" \/><\/a><\/p>\n<h2><strong>\ud83d\udd25 UWIN 35,000 Puffs E-cigarette, WILL it fit you ?<\/strong><\/h2>\n<h4>\u2705 Vous aimez les technologies \u00e0 la mode ?<br \/>\n\u2705 Vous voulez une tr\u00e8s longue dur\u00e9e de vie de la batterie ?<br \/>\n\u2705 Vous aimez les ambiances l\u00e9g\u00e8res et les exp\u00e9riences uniques ?<br \/>\nVous devez alors disposer d'un\u00a0<strong>UWIN<\/strong>!<\/h4>\n<h4>Le <strong>Uwin Tornado 35K Musique jetable Vape<\/strong> est disponible \u00e0 l'achat en gros \u00e0 l'adresse suivante <strong>uwin-shop.com<\/strong>. Am\u00e9liorez votre activit\u00e9 de vapotage en offrant \u00e0 vos clients les derni\u00e8res technologies de vapotage et innovations en mati\u00e8re d'ar\u00f4mes. Visitez le site <strong>uwin-shop.com<\/strong>\u00a0d\u00e8s aujourd'hui pour passer votre commande et d\u00e9couvrir notre gamme compl\u00e8te de produits !<\/h4>","protected":false},"excerpt":{"rendered":"<ul>\n<li data-start=\"180\" data-end=\"216\"><span style=\"color: #ff6600;\"><strong>Tous les prix sont indiqu\u00e9s par pi\u00e8ce<\/strong><\/span><\/li>\n<li data-start=\"217\" data-end=\"257\">\n<p data-start=\"219\" data-end=\"257\"><span style=\"color: #ff6600;\"><strong>Quantit\u00e9 minimale de commande : 3 pi\u00e8ces<\/strong><\/span><\/p>\n<\/li>\n<\/ul>\n<p data-start=\"329\" data-end=\"466\"><strong><span style=\"color: #000000;\">\ud83d\ude9a Cette politique nous permet d'offrir de meilleurs prix et une exp\u00e9dition plus rapide.<\/span><\/strong><br data-start=\"394\" data-end=\"397\" \/><strong><span style=\"color: #000000;\">\ud83d\udcac Des questions ? Nous sommes heureux de vous aider !<\/span><\/strong><br data-start=\"431\" data-end=\"434\" \/><strong><span style=\"color: #000000;\">\ud83d\udcf2 WhatsApp : <a style=\"color: #000000;\" href=\"https:\/\/wa.me\/+64204871919\" target=\"_blank\" rel=\"noreferrer noopener\">+64 20 487 1919<\/a><\/span><\/strong><\/p>","protected":false},"featured_media":1650,"template":"","meta":[],"product_brand":[],"product_cat":[86],"product_tag":[],"class_list":{"0":"post-1649","1":"product","2":"type-product","3":"status-publish","4":"has-post-thumbnail","6":"product_cat-uwin","8":"first","9":"instock","10":"shipping-taxable","11":"purchasable","12":"product-type-variable","13":"has-default-attributes"},"tiered_pricing_type":"fixed","tiered_pricing_fixed_rules":[],"tiered_pricing_product_settings":{"layout":"default","base_unit_name":{"singular":null,"plural":null},"default_variation":null},"tiered_pricing_minimum_quantity":null,"tiered_pricing_roles_data":[],"tiered_pricing_percentage_rules":[],"tiered_pricing_maximum_quantity":null,"tiered_pricing_quantity_step":null,"_links":{"self":[{"href":"https:\/\/uwin-shop.com\/fr\/wp-json\/wp\/v2\/product\/1649","targetHints":{"allow":["GET"]}}],"collection":[{"href":"https:\/\/uwin-shop.com\/fr\/wp-json\/wp\/v2\/product"}],"about":[{"href":"https:\/\/uwin-shop.com\/fr\/wp-json\/wp\/v2\/types\/product"}],"wp:featuredmedia":[{"embeddable":true,"href":"https:\/\/uwin-shop.com\/fr\/wp-json\/wp\/v2\/media\/1650"}],"wp:attachment":[{"href":"https:\/\/uwin-shop.com\/fr\/wp-json\/wp\/v2\/media?parent=1649"}],"wp:term":[{"taxonomy":"product_brand","embeddable":true,"href":"https:\/\/uwin-shop.com\/fr\/wp-json\/wp\/v2\/product_brand?post=1649"},{"taxonomy":"product_cat","embeddable":true,"href":"https:\/\/uwin-shop.com\/fr\/wp-json\/wp\/v2\/product_cat?post=1649"},{"taxonomy":"product_tag","embeddable":true,"href":"https:\/\/uwin-shop.com\/fr\/wp-json\/wp\/v2\/product_tag?post=1649"}],"curies":[{"name":"wp","href":"https:\/\/api.w.org\/{rel}","templated":true}]}}