{"id":2437,"date":"2025-07-15T10:16:52","date_gmt":"2025-07-15T02:16:52","guid":{"rendered":"https:\/\/uwin-shop.com\/?post_type=product&#038;p=2437"},"modified":"2025-07-18T18:18:56","modified_gmt":"2025-07-18T10:18:56","slug":"uwin-shisha-crystal-20000-puffs-2","status":"publish","type":"product","link":"https:\/\/uwin-shop.com\/fr\/produit\/uwin-shisha-crystal-20000-puffs-2\/","title":{"rendered":"C\u00e2ble de charge 3-en-1 LED Flow Light - Cordon de charge rapide avec connecteurs USB-C, Micro USB et Lightning, c\u00e2ble tress\u00e9 durable de 1,2 m."},"content":{"rendered":"<p><img loading=\"lazy\" decoding=\"async\" src=\"https:\/\/img.shopshop.cloud\/uploader\/1e6f5cf85aefc39c2da3450be26220c1.gif\" alt=\"\" width=\"500\" height=\"889\" \/><\/p>\n<p>C\u00e2ble multi-USB 3 en 1 : Ce c\u00e2ble de chargement 3 en 1 avec LED Flowing Light Up poss\u00e8de 3 ports de charge diff\u00e9rents, micro USB, prise USB de type C et t\u00e9l\u00e9phone, un seul c\u00e2ble pour vos besoins de charge quotidiens. Voyage, bureau, voiture ou maison, rendez votre vie plus pratique et plus facile.<\/p>\n<p><img loading=\"lazy\" decoding=\"async\" src=\"https:\/\/img.shopshop.cloud\/uploader\/84d51ae390bb13c76a4187cbdda9ff64.jpg\" width=\"500\" height=\"816\" \/><\/p>\n<p>C\u00e2ble design \u00e0 lumi\u00e8re LED fluide\uff1aCe c\u00e2ble de chargement multiple avec effet LED fluide innovant rend la charge plus amusante et une belle illumination. La lumi\u00e8re douce et fluide vous aide \u00e0 soulager le stress tout en \u00e9coutant des chansons, en buvant du caf\u00e9 ou en lisant des livres.Le c\u00e2ble USB \u00e0 LED facilite la recherche de votre t\u00e9l\u00e9phone dans l'obscurit\u00e9.<\/p>\n<p><img loading=\"lazy\" decoding=\"async\" src=\"https:\/\/img.shopshop.cloud\/uploader\/d95f58beffedf65c7dca935c6468ed3f.jpg\" width=\"500\" height=\"968\" \/><\/p>\n<p>Qualit\u00e9 sup\u00e9rieure : port USB en TPE de haute qualit\u00e9. La longueur du c\u00e2ble est d'environ 1,2 m en ligne droite. Fabriqu\u00e9 \u00e0 partir de mat\u00e9riaux \u00e9lastiques de haute qualit\u00e9, le c\u00e2ble flash sans enchev\u00eatrement avec bo\u00eetier en aluminium a une dur\u00e9e de vie de plus de 4 000 courbures.<\/p>\n<p><img loading=\"lazy\" decoding=\"async\" src=\"https:\/\/img.shopshop.cloud\/uploader\/92bea587b1a934572151169bafed3810.jpg\" width=\"500\" height=\"883\" \/><\/p>\n<p>Parfaitement compatible : Le fil de charge multiple poss\u00e8de trois interfaces diff\u00e9rentes, compatibles avec la plupart des smartphones du march\u00e9. La ligne de charge portable multi en un peut r\u00e9pondre aux diff\u00e9rentes exigences de portabilit\u00e9 et vous faire \u00e9conomiser de l'argent et du temps.<\/p>\n<p><img loading=\"lazy\" decoding=\"async\" src=\"https:\/\/img.shopshop.cloud\/uploader\/a893c502b2c1199389d772fcbfab9ed9.jpg\" width=\"500\" height=\"500\" \/><\/p>\n<p><img loading=\"lazy\" decoding=\"async\" src=\"https:\/\/img.shopshop.cloud\/uploader\/ca4d49ae5de4f0f1e40dff1bbb365180.jpg\" width=\"501\" height=\"501\" \/><\/p>","protected":false},"excerpt":{"rendered":"<ul>\n<li data-start=\"180\" data-end=\"216\"><span style=\"color: #ff6600;\"><strong><span style=\"vertical-align: inherit;\"><span style=\"vertical-align: inherit;\"><span style=\"vertical-align: inherit;\"><span style=\"vertical-align: inherit;\"><span style=\"vertical-align: inherit;\"><span style=\"vertical-align: inherit;\"><span style=\"vertical-align: inherit;\"><span style=\"vertical-align: inherit;\"><span style=\"vertical-align: inherit;\"><span style=\"vertical-align: inherit;\"><span style=\"vertical-align: inherit;\"><span style=\"vertical-align: inherit;\"><span style=\"vertical-align: inherit;\"><span style=\"vertical-align: inherit;\"><span style=\"vertical-align: inherit;\"><span style=\"vertical-align: inherit;\">\u6240\u6709\u4ef7\u683c \u5355\u4ef6\u4ef7\u683c<\/span><\/span><\/span><\/span><\/span><\/span><\/span><\/span><\/span><\/span><\/span><\/span><\/span><\/span><\/span><\/span><\/strong><\/span><\/li>\n<li data-start=\"217\" data-end=\"257\">\n<p data-start=\"219\" data-end=\"257\"><span style=\"color: #ff6600;\"><strong><span style=\"vertical-align: inherit;\"><span style=\"vertical-align: inherit;\"><span style=\"vertical-align: inherit;\"><span style=\"vertical-align: inherit;\"><span style=\"vertical-align: inherit;\"><span style=\"vertical-align: inherit;\"><span style=\"vertical-align: inherit;\"><span style=\"vertical-align: inherit;\"><span style=\"vertical-align: inherit;\"><span style=\"vertical-align: inherit;\"><span style=\"vertical-align: inherit;\"><span style=\"vertical-align: inherit;\"><span style=\"vertical-align: inherit;\"><span style=\"vertical-align: inherit;\"><span style=\"vertical-align: inherit;\"><span style=\"vertical-align: inherit;\">\u6700\u4f4e\u8ba2\u8d2d\u6570\u91cf\uff1a3 \u4ef6<\/span><\/span><\/span><\/span><\/span><\/span><\/span><\/span><\/span><\/span><\/span><\/span><\/span><\/span><\/span><\/span><\/strong><\/span><\/p>\n<\/li>\n<\/ul>\n<p data-start=\"329\" data-end=\"466\"><strong><span style=\"color: #000000;\"><span style=\"vertical-align: inherit;\"><span style=\"vertical-align: inherit;\"><span style=\"vertical-align: inherit;\"><span style=\"vertical-align: inherit;\"><span style=\"vertical-align: inherit;\"><span style=\"vertical-align: inherit;\"><span style=\"vertical-align: inherit;\"><span style=\"vertical-align: inherit;\"><span style=\"vertical-align: inherit;\"><span style=\"vertical-align: inherit;\"><span style=\"vertical-align: inherit;\"><span style=\"vertical-align: inherit;\"><span style=\"vertical-align: inherit;\"><span style=\"vertical-align: inherit;\"><span style=\"vertical-align: inherit;\"><span style=\"vertical-align: inherit;\">\ud83d\ude9a\u6b64\u653f\u7b56\u6709\u52a9\u4e8e\u6211\u4eec\u63d0\u4f9b\u66f4\u4f18\u60e0\u7684\u4ef7\u683c\u548c\u66f4\u5feb\u7684\u4ea7\u54c1\u901f\u5ea6\u3002\ud83d\udcac<\/span><\/span><\/span><\/span><\/span><\/span><\/span><\/span><\/span><\/span><\/span><\/span><\/span><\/span><\/span><\/span><\/span><\/strong><br data-start=\"394\" data-end=\"397\" \/><strong><span style=\"color: #000000;\"><span style=\"vertical-align: inherit;\"><span style=\"vertical-align: inherit;\"><span style=\"vertical-align: inherit;\"><span style=\"vertical-align: inherit;\"><span style=\"vertical-align: inherit;\"><span style=\"vertical-align: inherit;\"><span style=\"vertical-align: inherit;\"><span style=\"vertical-align: inherit;\"><span style=\"vertical-align: inherit;\"><span style=\"vertical-align: inherit;\"><span style=\"vertical-align: inherit;\"><span style=\"vertical-align: inherit;\"><span style=\"vertical-align: inherit;\"><span style=\"vertical-align: inherit;\"><span style=\"vertical-align: inherit;\"><span style=\"vertical-align: inherit;\">\u6709\u7591\u95ee\u5417\uff1f\u6211\u4eec\u5f88\u4e50\u610f\u4e3a\u60a8\u6548\u52b3\uff01<\/span><\/span><\/span><\/span><\/span><\/span><\/span><\/span><\/span><\/span><\/span><\/span><\/span><\/span><\/span><\/span><\/span><\/strong><br data-start=\"431\" data-end=\"434\" \/><strong><span style=\"color: #000000;\"><span style=\"vertical-align: inherit;\"><span style=\"vertical-align: inherit;\"><span style=\"vertical-align: inherit;\"><span style=\"vertical-align: inherit;\"><span style=\"vertical-align: inherit;\"><span style=\"vertical-align: inherit;\"><span style=\"vertical-align: inherit;\"><span style=\"vertical-align: inherit;\"><span style=\"vertical-align: inherit;\"><span style=\"vertical-align: inherit;\"><span style=\"vertical-align: inherit;\"><span style=\"vertical-align: inherit;\"><span style=\"vertical-align: inherit;\"><span style=\"vertical-align: inherit;\"><span style=\"vertical-align: inherit;\"><span style=\"vertical-align: inherit;\">\ud83d\udcf2 WhatsApp\uff1a<\/span><\/span><\/span><\/span><\/span><\/span><\/span><\/span><\/span><\/span><\/span><\/span><\/span><\/span><\/span><\/span><a style=\"color: #000000;\" href=\"https:\/\/wa.me\/+64204871919\" target=\"_blank\" rel=\"noreferrer noopener\"><span style=\"vertical-align: inherit;\"><span style=\"vertical-align: inherit;\"><span style=\"vertical-align: inherit;\"><span style=\"vertical-align: inherit;\"><span style=\"vertical-align: inherit;\"><span style=\"vertical-align: inherit;\"><span style=\"vertical-align: inherit;\"><span style=\"vertical-align: inherit;\"><span style=\"vertical-align: inherit;\"><span style=\"vertical-align: inherit;\"><span style=\"vertical-align: inherit;\"><span style=\"vertical-align: inherit;\"><span style=\"vertical-align: inherit;\"><span style=\"vertical-align: inherit;\"><span style=\"vertical-align: inherit;\"><span style=\"vertical-align: inherit;\">+64 20 487 1919<\/span><\/span><\/span><\/span><\/span><\/span><\/span><\/span><\/span><\/span><\/span><\/span><\/span><\/span><\/span><\/span><\/a><\/span><\/strong><\/p>","protected":false},"featured_media":2448,"template":"","meta":[],"product_brand":[],"product_cat":[15],"product_tag":[],"class_list":{"0":"post-2437","1":"product","2":"type-product","3":"status-publish","4":"has-post-thumbnail","6":"product_cat-uncategorized","8":"first","9":"instock","10":"shipping-taxable","11":"purchasable","12":"product-type-variable","13":"has-default-attributes"},"tiered_pricing_type":"fixed","tiered_pricing_fixed_rules":[],"tiered_pricing_product_settings":{"layout":"default","base_unit_name":{"singular":null,"plural":null},"default_variation":null},"tiered_pricing_minimum_quantity":null,"tiered_pricing_roles_data":[],"tiered_pricing_percentage_rules":[],"tiered_pricing_maximum_quantity":null,"tiered_pricing_quantity_step":null,"_links":{"self":[{"href":"https:\/\/uwin-shop.com\/fr\/wp-json\/wp\/v2\/product\/2437","targetHints":{"allow":["GET"]}}],"collection":[{"href":"https:\/\/uwin-shop.com\/fr\/wp-json\/wp\/v2\/product"}],"about":[{"href":"https:\/\/uwin-shop.com\/fr\/wp-json\/wp\/v2\/types\/product"}],"wp:featuredmedia":[{"embeddable":true,"href":"https:\/\/uwin-shop.com\/fr\/wp-json\/wp\/v2\/media\/2448"}],"wp:attachment":[{"href":"https:\/\/uwin-shop.com\/fr\/wp-json\/wp\/v2\/media?parent=2437"}],"wp:term":[{"taxonomy":"product_brand","embeddable":true,"href":"https:\/\/uwin-shop.com\/fr\/wp-json\/wp\/v2\/product_brand?post=2437"},{"taxonomy":"product_cat","embeddable":true,"href":"https:\/\/uwin-shop.com\/fr\/wp-json\/wp\/v2\/product_cat?post=2437"},{"taxonomy":"product_tag","embeddable":true,"href":"https:\/\/uwin-shop.com\/fr\/wp-json\/wp\/v2\/product_tag?post=2437"}],"curies":[{"name":"wp","href":"https:\/\/api.w.org\/{rel}","templated":true}]}}