{"id":2541,"date":"2025-07-16T12:44:35","date_gmt":"2025-07-16T04:44:35","guid":{"rendered":"https:\/\/uwin-shop.com\/?post_type=product&#038;p=2541"},"modified":"2026-04-10T17:20:35","modified_gmt":"2026-04-10T09:20:35","slug":"uwin-crystal-twins-40000-puffs%ef%bc%88shipping-from-poland%ef%bc%89-1","status":"publish","type":"product","link":"https:\/\/uwin-shop.com\/fr\/produit\/uwin-crystal-twins-40000-puffs%ef%bc%88shipping-from-poland%ef%bc%89-1\/","title":{"rendered":"Uwin Crystal Twins 40000 Puffs\uff08Shipping from Poland\uff09 (en anglais)"},"content":{"rendered":"<div id=\"tab-description\" class=\"woocommerce-Tabs-panel woocommerce-Tabs-panel--description panel entry-content active\" role=\"tabpanel\" aria-labelledby=\"tab-title-description\">\n<p><strong>\ud83d\udca5D\u00e9couvrez les Uwin Crystal Twins 40000 Puffs Dual Flavor Vape<\/strong><\/p>\n<section class=\"relative\">\n<h2><strong>\ud83c\udf00Exp\u00e9rimentez une polyvalence in\u00e9gal\u00e9e en mati\u00e8re de vapotage<\/strong><\/h2>\n<p>Pr\u00e9sentation de la\u00a0<strong>Uwin Crystal Twins 40000 Puffs<\/strong>. une vape de pointe, jetable et rechargeable, \u00e0 double ar\u00f4me. Avec cet appareil innovant, vous pouvez profiter de jusqu'\u00e0\u00a0<strong>40.000 bouff\u00e9es<\/strong>\u00a0Cette vape se distingue par ses caract\u00e9ristiques impressionnantes, con\u00e7ues pour \u00eatre \u00e0 la fois pratiques et performantes. Cette vape se distingue par ses caract\u00e9ristiques impressionnantes, con\u00e7ues pour \u00eatre \u00e0 la fois pratiques et performantes.<\/p>\n<h2><strong>\ud83d\udd27Caract\u00e9ristiques principales des jumeaux de cristal Uwin<\/strong><\/h2>\n<h3><strong>\ud83d\udee2\ufe0fHigh Capacit\u00e9 en E-Liquide<\/strong><\/h3>\n<p>L'Uwin Crystal Twins est livr\u00e9 pr\u00e9-rempli avec\u00a0<strong>32ml de e-liquide<\/strong>. Cette capacit\u00e9 substantielle vous permet d'appr\u00e9cier jusqu'\u00e0\u00a0<strong>40.000 bouff\u00e9es<\/strong>\u00a0sans avoir \u00e0 se pr\u00e9occuper des recharges fr\u00e9quentes. Vous pouvez vaper plus longtemps et profiter davantage sans interruption, ce qui est parfait pour ceux qui veulent savourer leur exp\u00e9rience.<\/p>\n<h3><strong>\ud83d\udd0bBatterie rechargeable puissante<\/strong><\/h3>\n<p>\u00c9quip\u00e9 d'un\u00a0<strong>650 mAh.<\/strong>\u00a0cet appareil vous assure une puissance suffisante pour une utilisation prolong\u00e9e. Les\u00a0<strong>Connexion de charge de type C<\/strong>\u00a0permet une charge rapide, ce qui vous permet de recharger rapidement l'appareil et de profiter \u00e0 nouveau de votre vape. Cette caract\u00e9ristique fait de l'Uwin Crystal Twins un choix fiable pour les utilisateurs en d\u00e9placement.<\/p>\n<h2><strong>\ud83d\udca1Dual Flavor Experience (Exp\u00e9rience de double saveur)<\/strong><\/h2>\n<p>Le syst\u00e8me \u00e0 deux r\u00e9servoirs permet une grande vari\u00e9t\u00e9 de combinaisons d'ar\u00f4mes, am\u00e9liorant ainsi votre exp\u00e9rience de vapotage. Vous pouvez passer d'une saveur \u00e0 l'autre sans effort, en r\u00e9pondant facilement aux diff\u00e9rentes pr\u00e9f\u00e9rences gustatives. Cette polyvalence est un avantage significatif pour les vapoteurs qui aiment explorer de nouvelles saveurs.<\/p>\n<p><strong>\ud83e\uddca\ud83c\udf53 1. Deux saveurs en une. changez \u00e0 votre guise.<\/strong><br \/>\nRompre avec l'exp\u00e9rience traditionnelle de l'ar\u00f4me unique. Chaque cigarette est livr\u00e9e avec deux ar\u00f4mes ind\u00e9pendants, ce qui permet de changer facilement d'ar\u00f4me. Vous pouvez changer ce que vous voulez fumer \u00e0 tout moment sans avoir \u00e0 transporter deux appareils lorsque vous sortez.<\/p>\n<p>\ud83d\udc49 Un appareil = le plaisir de deux e-cigarettes<\/p>\n<p><strong>\ud83c\udf08 2. R\u00e9servoir d'huile s\u00e9par\u00e9. Saveur pure sans saveur crois\u00e9e<\/strong><br \/>\nIl adopte un double syst\u00e8me ind\u00e9pendant de stockage de l'huile pour garantir que chaque ar\u00f4me est pr\u00e9sent\u00e9 de mani\u00e8re pure, sans m\u00e9lange, ce qui permet de conserver un haut degr\u00e9 de restitution et de stratification du go\u00fbt.<\/p>\n<p>\ud83d\udc49 Avec des fruits rafra\u00eechissants \u00e0 gauche et des frissons glac\u00e9s \u00e0 droite, chacun a son propre charme.<\/p>\n<p><strong>\ud83d\udca8 3. De nombreuses combinaisons. des milliers de variations pas les m\u00eames<\/strong><br \/>\nUne vari\u00e9t\u00e9 d'ar\u00f4mes populaires est combin\u00e9e, couvrant les ar\u00f4mes de fruits populaires tels que les fruits et les boissons fonctionnelles, pour cr\u00e9er votre propre combinaison unique de deux ar\u00f4mes.<\/p>\n<p>\ud83d\udc49 Combinaisons de saveurs rares disponibles sur le march\u00e9 pour r\u00e9pondre \u00e0 des besoins personnalis\u00e9s et attirer des clients r\u00e9guliers.<\/p>\n<p><strong>\ud83d\udd0b 4. Une machine. deux saveurs = co\u00fbt plus \u00e9lev\u00e9 performance<\/strong><br \/>\nUn appareil, deux saveurs. 40.000 bouch\u00e9es d'une tr\u00e8s longue dur\u00e9e de vie de la batterie. vous permettant d'exp\u00e9rimenter plus de variations de go\u00fbt \u00e0 moindre co\u00fbt.<\/p>\n<p>\ud83d\udc49 Plus r\u00e9sistant au tirage, moins cher et plus amusant<\/p>\n<h2><strong>\ud83c\udf1fTechnologie de vapotage am\u00e9lior\u00e9e<\/strong><\/h2>\n<h2><strong>\u2699\ufe0fAdvanced Bobine de maille<\/strong><\/h2>\n<p>Le mod\u00e8le Uwin Crystal Twins est dot\u00e9 d'une\u00a0<strong>Bobine de maille 0,6\u03a9*2<\/strong>. Cette technologie avanc\u00e9e garantit une exp\u00e9rience de vapotage fluide et fiable \u00e0 chaque bouff\u00e9e. Vous profiterez d'une saveur riche et d'une production de vapeur satisfaisante, ce qui en fait un produit id\u00e9al pour les nouveaux vapoteurs comme pour les plus exp\u00e9riment\u00e9s.<\/p>\n<h3><strong>\ud83e\uddeaNicotine Options<\/strong><\/h3>\n<p>Les utilisateurs peuvent choisir leur niveau de nicotine pr\u00e9f\u00e9r\u00e9 parmi les options suivantes\u00a0<strong>2%<\/strong>\u00a0et\u00a0<strong>5%<\/strong>. Cette flexibilit\u00e9 vous permet de personnaliser votre exp\u00e9rience de vapotage, garantissant une satisfaction sans intensit\u00e9 excessive. L'ajustement du taux de nicotine \u00e0 votre convenance am\u00e9liore votre plaisir global.<\/p>\n<p>\ud83d\udd39 2% (nicotine l\u00e9g\u00e8re)<br \/>\n\u2705<strong>\u00a0Une l\u00e9g\u00e8re tape dans la gorge<\/strong>. doux mais pas trop dur<\/p>\n<p>\u2705 convient aux utilisateurs qui commencent \u00e0 utiliser des e-cigarettes ou qui passent \u00e0 des concentrations \u00e9lev\u00e9es.<\/p>\n<p>\u2705 Go\u00fbt \u00e9quilibr\u00e9 avec une l\u00e9g\u00e8re satisfaction<\/p>\n<p>\ud83d\udd39 5% (haute concentration de nicotine)<br \/>\n\u2705\u00a0<strong>Sensation de gorge intense. Satisfait les gros fumeurs.<\/strong><\/p>\n<p>\u2705 est plus stimulant que les cigarettes traditionnelles<\/p>\n<p>\u2705 est recommand\u00e9 pour ceux qui ont de l'exp\u00e9rience, mais les d\u00e9butants doivent l'utiliser avec prudence.<\/p>\n<p><strong>\ud83e\udde0 Warm reminder :<\/strong><br \/>\nLe choix de la bonne concentration de nicotine est tr\u00e8s important : il est recommand\u00e9 aux d\u00e9butants de commencer par 2%.<\/p>\n<h2><strong>\ud83d\ude80Affichage intelligent et contr\u00f4le du flux d'air<\/strong><\/h2>\n<p><strong>\ud83d\udcf1Surveillance en temps r\u00e9el<\/strong><\/p>\n<p>L'\u00e9cran intelligent int\u00e9gr\u00e9 indique l'autonomie de la batterie et le nombre de bouff\u00e9es en temps r\u00e9el. Cette fonction vous permet d'\u00eatre inform\u00e9 de votre consommation et de g\u00e9rer efficacement vos sessions de vapotage. Savoir combien de bouff\u00e9es il vous reste peut vous aider \u00e0 mieux planifier votre journ\u00e9e.<\/p>\n<p><strong>\ud83d\udca8Adjustable Airflow<\/strong><\/p>\n<p>Le syst\u00e8me de contr\u00f4le du flux d'air vous permet d'adapter votre exp\u00e9rience de vapotage \u00e0 vos pr\u00e9f\u00e9rences. Que vous pr\u00e9f\u00e9riez un tirage plus serr\u00e9 ou une bouff\u00e9e plus a\u00e9r\u00e9e, l'Uwin Crystal Twins s'adapte \u00e0 vos pr\u00e9f\u00e9rences, vous garantissant une exp\u00e9rience personnalis\u00e9e.<\/p>\n<h2><strong>\ud83e\udd1d User-friendly Design | UWIN. en pensant vraiment \u00e0 tous les d\u00e9tails pour l'utilisateur.<\/strong><\/h2>\n<p>L'appareil Uwin Crystal Twins 40000 est incroyablement facile \u00e0 utiliser.\u00a0<strong>m\u00e9canisme activ\u00e9 par le tirage<\/strong>. Cette caract\u00e9ristique le rend parfait pour les vapoteurs novices et exp\u00e9riment\u00e9s. Il suffit d'inhaler pour activer l'appareil, ce qui le rend intuitif et facile \u00e0 utiliser.<\/p>\n<p><strong>\ud83d\udd0b Affichage intelligent. informations en un coup d'\u0153il<\/strong><br \/>\n\u00c9quip\u00e9 d'un \u00e9cran LED intelligent pour un affichage en temps r\u00e9el :<\/p>\n<p>\ud83d\udd0b Capacit\u00e9 de la batterie<\/p>\n<p>\ud83d\udca7 Restes d'e-liquide<\/p>\n<p>Faites vos adieux \u00e0\u00a0<strong>\"l'angoisse de l'aspiration aveugle\"<\/strong>\u00a0et savourez chaque gorg\u00e9e en toute s\u00e9r\u00e9nit\u00e9.<\/p>\n<p><strong>\ud83d\udd0c Interface de charge rapide de type C<\/strong><br \/>\n\u00c9quip\u00e9 en standard de\u00a0<strong>Type-C<\/strong>\u00a0Il se recharge plus rapidement et plus facilement. Il peut se recharger rapidement en 30 minutes et vous pouvez partir \u00e0 tout moment sans pression.<\/p>\n<p><strong>\ud83d\udd07 Conception d'atomisation silencieuse<\/strong><br \/>\nNouvelle g\u00e9n\u00e9ration de noyau en maille et structure de flux d'air optimis\u00e9e\u00a0<strong>r\u00e9duire le bruit et les perturbations du flux d'air<\/strong>. rendant le processus de fumage plus silencieux et plus confortable. et adapt\u00e9 \u00e0 diff\u00e9rents sc\u00e9narios.<\/p>\n<p><strong>\ud83e\uddca Am\u00e9lioration de la structure \u00e9tanche<\/strong><br \/>\nL'adoption de plusieurs technologies anti-fuites d'huile et d'une structure de r\u00e9servoir d'huile ind\u00e9pendante permet de pr\u00e9venir efficacement les fuites d'e-liquide, ce qui rend l'appareil plus rassurant pour les consommateurs.\u00a0<strong>et plus facile \u00e0 transporter et \u00e0 utiliser.<\/strong><\/p>\n<p><strong>\ud83d\udc4b Poign\u00e9e ergonomique<\/strong><br \/>\nLa s\u00e9rie UWIN Crystal adopte un design aux angles arrondis et un corps l\u00e9ger. Elle\u00a0<strong>s'adapte \u00e0 la paume de la main, offre une prise confortable et convient aux hommes comme aux femmes.<\/strong>\u00a0garantissant \u00e0 chaque fois la bonne prise en main.<\/p>\n<h2><strong>\ud83d\udc46Pourquoi choisir les Uwin Crystal Twins 40000 Puffs ?<\/strong><\/h2>\n<h3><strong>\ud83d\udd39Id\u00e9al pour les vapoteurs avertis<\/strong><\/h3>\n<p>Cet appareil est une option fantastique pour ceux qui recherchent la commodit\u00e9 et la performance. Avec sa grande vari\u00e9t\u00e9 d'ar\u00f4mes et son design innovant, l'Uwin Crystal Twins r\u00e9pond aux pr\u00e9f\u00e9rences des vapoteurs exigeants, garantissant que chacun y trouve son compte.<\/p>\n<h3><strong>\ud83d\udd39Parfait pour le commerce de gros<\/strong><\/h3>\n<p>Si vous \u00eates un d\u00e9taillant ou un distributeur, l'Uwin Crystal Twins est un excellent ajout \u00e0 votre inventaire. Son nombre \u00e9lev\u00e9 de bouff\u00e9es, ses diverses options de saveurs et son prix comp\u00e9titif en font un produit de choix.\u00a0<strong>prix<\/strong>\u00a0en font un produit attractif pour les clients. Cette vape satisfera certainement la demande croissante de vapes jetables de haute qualit\u00e9.<\/p>\n<h3><strong>\ud83d\udd39Excellentes critiques et performances<\/strong><\/h3>\n<p>Les jumeaux de cristal d'Uwin ont re\u00e7u un accueil positif de la part de la Commission europ\u00e9enne.\u00a0<strong>revues<\/strong>\u00a0des utilisateurs qui appr\u00e9cient ses performances et sa polyvalence. Sa combinaison de fonctions puissantes et son design convivial en font un produit phare sur le march\u00e9, indispensable \u00e0 tout amateur de vapotage.<\/p>\n<h2><strong>\ud83c\udfaf Id\u00e9al. m\u00eame les e-cigarettes difficiles-- UWIN Crystal Twins 40000<\/strong><\/h2>\n<h3><strong>Il ne s'agit pas seulement d'e-cigarettes, mais aussi d'une certaine m\u00e9ticulosit\u00e9.<\/strong><\/h3>\n<p>En tant que principal fournisseur de vapes jetables.\u00a0<strong>uwin-vpae.com<\/strong>\u00a0offre le\u00a0<strong>Uwin Crystal Twins 40000 Puffs<\/strong>\u00a0\u00e0 des prix comp\u00e9titifs. Que vous souhaitiez approvisionner vos rayons ou simplement profiter d'une exp\u00e9rience de vapotage exceptionnelle, cet appareil est le choix id\u00e9al. Ne manquez pas l'occasion d'am\u00e9liorer votre jeu de vapotage. Visitez le site\u00a0<strong>uwin-vape.com<\/strong>\u00a0d\u00e8s aujourd'hui pour passer votre commande et d\u00e9couvrir notre gamme compl\u00e8te de produits !<\/p>\n<\/section>\n<\/div>","protected":false},"excerpt":{"rendered":"<ul>\n<li data-start=\"180\" data-end=\"216\"><span style=\"color: #ff6600;\"><strong>Tous les prix sont indiqu\u00e9s par pi\u00e8ce<\/strong><\/span><\/li>\n<li data-start=\"217\" data-end=\"257\">\n<p data-start=\"219\" data-end=\"257\"><span style=\"color: #ff6600;\"><strong>Quantit\u00e9 minimale de commande : 3 pi\u00e8ces<\/strong><\/span><\/p>\n<\/li>\n<\/ul>\n<p data-start=\"329\" data-end=\"466\"><strong><span style=\"color: #000000;\">\ud83d\ude9a Cette politique nous permet d'offrir de meilleurs prix et une exp\u00e9dition plus rapide.<\/span><\/strong><br data-start=\"394\" data-end=\"397\" \/><strong><span style=\"color: #000000;\">\ud83d\udcac Des questions ? Nous sommes heureux de vous aider !<\/span><\/strong><br data-start=\"431\" data-end=\"434\" \/><strong><span style=\"color: #000000;\">\ud83d\udcf2 WhatsApp : <a style=\"color: #000000;\" href=\"https:\/\/wa.me\/+64204871919\" target=\"_blank\" rel=\"noreferrer noopener\">+64 20 487 1919<\/a><\/span><\/strong><\/p>","protected":false},"featured_media":2289,"template":"","meta":[],"product_brand":[],"product_cat":[15],"product_tag":[],"class_list":{"0":"post-2541","1":"product","2":"type-product","3":"status-publish","4":"has-post-thumbnail","6":"product_cat-uncategorized","8":"first","9":"instock","10":"shipping-taxable","11":"purchasable","12":"product-type-variable","13":"has-default-attributes"},"tiered_pricing_type":"fixed","tiered_pricing_fixed_rules":[],"tiered_pricing_product_settings":{"layout":"default","base_unit_name":{"singular":null,"plural":null},"default_variation":null},"tiered_pricing_minimum_quantity":null,"tiered_pricing_roles_data":[],"tiered_pricing_percentage_rules":[],"tiered_pricing_maximum_quantity":null,"tiered_pricing_quantity_step":null,"_links":{"self":[{"href":"https:\/\/uwin-shop.com\/fr\/wp-json\/wp\/v2\/product\/2541","targetHints":{"allow":["GET"]}}],"collection":[{"href":"https:\/\/uwin-shop.com\/fr\/wp-json\/wp\/v2\/product"}],"about":[{"href":"https:\/\/uwin-shop.com\/fr\/wp-json\/wp\/v2\/types\/product"}],"wp:featuredmedia":[{"embeddable":true,"href":"https:\/\/uwin-shop.com\/fr\/wp-json\/wp\/v2\/media\/2289"}],"wp:attachment":[{"href":"https:\/\/uwin-shop.com\/fr\/wp-json\/wp\/v2\/media?parent=2541"}],"wp:term":[{"taxonomy":"product_brand","embeddable":true,"href":"https:\/\/uwin-shop.com\/fr\/wp-json\/wp\/v2\/product_brand?post=2541"},{"taxonomy":"product_cat","embeddable":true,"href":"https:\/\/uwin-shop.com\/fr\/wp-json\/wp\/v2\/product_cat?post=2541"},{"taxonomy":"product_tag","embeddable":true,"href":"https:\/\/uwin-shop.com\/fr\/wp-json\/wp\/v2\/product_tag?post=2541"}],"curies":[{"name":"wp","href":"https:\/\/api.w.org\/{rel}","templated":true}]}}