{"id":1046,"date":"2025-03-27T20:28:59","date_gmt":"2025-03-27T12:28:59","guid":{"rendered":"https:\/\/uwin-vape.com\/?page_id=1046"},"modified":"2025-03-27T20:28:59","modified_gmt":"2025-03-27T12:28:59","slug":"terms-of-service","status":"publish","type":"page","link":"https:\/\/uwin-shop.com\/it\/terms-of-service\/","title":{"rendered":"CONDIZIONI DI SERVIZIO"},"content":{"rendered":"<p>Benvenuti a <strong><a class=\"\" href=\"https:\/\/uwin-vape.com\/\">Uwin-Vape.com<\/a><\/strong>. Utilizzando il nostro sito web e i nostri servizi, l'utente accetta di rispettare quanto segue <strong>Termini di servizio<\/strong>. Si prega di leggere attentamente queste condizioni prima di effettuare acquisti o di utilizzare il nostro sito.<\/p>\n\n\n\n<h3 class=\"wp-block-heading\"><strong>1. ACCETTAZIONE DEI TERMINI<\/strong><\/h3>\n\n\n\n<p>Accedendo o utilizzando <strong>Uwin-Vape.com<\/strong>l'utente accetta di essere vincolato da queste <strong>Termini di servizio<\/strong> e il nostro <strong>Informativa sulla privacy<\/strong>. Se l'utente non accetta questi termini, deve cessare immediatamente di utilizzare il nostro sito web.<\/p>\n\n\n\n<h3 class=\"wp-block-heading\"><strong>2. REGISTRAZIONE DEL CONTO<\/strong><\/h3>\n\n\n\n<p>Per effettuare acquisti sul nostro sito, potrebbe essere richiesto di creare un account. L'utente accetta di fornire informazioni accurate, aggiornate e complete durante la registrazione e di mantenere aggiornati i dati del proprio account. L'utente \u00e8 responsabile del mantenimento della riservatezza delle credenziali del suo account e di tutte le attivit\u00e0 che si svolgono nell'ambito del suo account.<\/p>\n\n\n\n<h3 class=\"wp-block-heading\"><strong>3. PRODOTTI E PREZZI<\/strong><\/h3>\n\n\n\n<ul class=\"wp-block-list\">\n<li>Tutti i prodotti e i servizi sono soggetti a disponibilit\u00e0. Ci riserviamo il diritto di limitare la quantit\u00e0 di prodotti acquistati o di rifiutare gli ordini se necessario.<\/li>\n\n\n\n<li>I prezzi indicati sul sito web sono soggetti a modifiche senza preavviso.<\/li>\n\n\n\n<li><strong>Uwin-Vape.com<\/strong> si impegna al massimo per fornire descrizioni e prezzi accurati dei prodotti, ma occasionalmente possono verificarsi degli errori. Se scopriamo un errore, vi informeremo e vi daremo la possibilit\u00e0 di annullare o modificare il vostro ordine.<\/li>\n<\/ul>\n\n\n\n<h3 class=\"wp-block-heading\"><strong>4. PAGAMENTO<\/strong><\/h3>\n\n\n\n<p>Accettiamo vari metodi di pagamento, tra cui carte di credito\/debito e altre forme di pagamento online. Effettuando un ordine, l'utente conferma che le informazioni di pagamento fornite sono accurate e che ci autorizza ad addebitare l'importo applicabile al suo metodo di pagamento.<\/p>\n\n\n\n<h3 class=\"wp-block-heading\"><strong>5. SPEDIZIONE E CONSEGNA<\/strong><\/h3>\n\n\n\n<p>Spediamo prodotti da <strong>Polonia e Germania<\/strong>. I tempi e le spese di spedizione variano a seconda della localit\u00e0 in cui ci si trova. Il nostro obiettivo \u00e8 quello di consegnare l'ordine entro i tempi previsti, ma la consegna potrebbe subire ritardi a causa di fattori al di fuori del nostro controllo (ad esempio, ritardi doganali, condizioni atmosferiche).<\/p>\n\n\n\n<p>Si prega di fare riferimento al nostro <strong>Politica di spedizione<\/strong> per maggiori dettagli su spedizione, dogana e tempi di consegna.<\/p>\n\n\n\n<h3 class=\"wp-block-heading\"><strong>6. RESTITUZIONI E RIMBORSI<\/strong><\/h3>\n\n\n\n<p>Se non siete soddisfatti del vostro acquisto, vi offriamo restituzioni e rimborsi in base alla nostra <strong>Politica di restituzione e rimborso<\/strong>. Per avviare una restituzione, si prega di contattare il nostro servizio clienti entro <strong>7 giorni<\/strong> di aver ricevuto l'ordine.<\/p>\n\n\n\n<p>I prodotti restituiti devono essere inutilizzati e nelle loro condizioni originali. Si prega di consultare il nostro <strong>Politica di restituzione e rimborso<\/strong> per istruzioni e condizioni dettagliate.<\/p>\n\n\n\n<h3 class=\"wp-block-heading\"><strong>7. CONDOTTA DELL'UTENTE<\/strong><\/h3>\n\n\n\n<p>L'utente accetta di utilizzare il nostro sito web solo per scopi leciti e di astenersi da qualsiasi comportamento che:<\/p>\n\n\n\n<ul class=\"wp-block-list\">\n<li>Violare qualsiasi legge o regolamento locale, nazionale o internazionale.<\/li>\n\n\n\n<li>danneggia, minaccia o interrompe il funzionamento del sito web o dei suoi utenti.<\/li>\n\n\n\n<li>Comporta la trasmissione di contenuti dannosi, diffamatori o illegali.<\/li>\n<\/ul>\n\n\n\n<h3 class=\"wp-block-heading\"><strong>8. PROPRIET\u00c0 INTELLETTUALE<\/strong><\/h3>\n\n\n\n<p>Tutti i contenuti di <strong>Uwin-Vape.com<\/strong>, comprese le descrizioni dei prodotti, le immagini, i marchi e i loghi, sono di propriet\u00e0 di <strong>Uwin-Vape.com<\/strong> o dei suoi partner ed \u00e8 protetto dalle leggi sul copyright e sulla propriet\u00e0 intellettuale. \u00c8 vietato utilizzare, riprodurre o distribuire qualsiasi contenuto di questo sito senza previa autorizzazione scritta.<\/p>\n\n\n\n<h3 class=\"wp-block-heading\"><strong>9. LIMITAZIONE DI RESPONSABILIT\u00c0<\/strong><\/h3>\n\n\n\n<p>Non siamo responsabili di alcun danno diretto, indiretto, incidentale, speciale o consequenziale derivante da:<\/p>\n\n\n\n<ul class=\"wp-block-list\">\n<li>L'utilizzo o l'impossibilit\u00e0 di utilizzare il nostro sito web o i nostri servizi.<\/li>\n\n\n\n<li>Errori o omissioni nel contenuto del sito web.<\/li>\n\n\n\n<li>Qualsiasi prodotto acquistato tramite <strong>Uwin-Vape.com<\/strong>.<\/li>\n<\/ul>\n\n\n\n<h3 class=\"wp-block-heading\"><strong>10. INDENNIZZO<\/strong><\/h3>\n\n\n\n<p>L'utente accetta di indennizzare e mantenere <strong>Uwin-Vape.com<\/strong> da qualsiasi reclamo, perdita, danno o responsabilit\u00e0 derivante dall'uso del sito web da parte dell'utente, compresa qualsiasi violazione dei presenti Termini di servizio.<\/p>\n\n\n\n<h3 class=\"wp-block-heading\"><strong>11. MODIFICHE AI TERMINI<\/strong><\/h3>\n\n\n\n<p>Ci riserviamo il diritto di aggiornare o modificare queste <strong>Termini di servizio<\/strong> in qualsiasi momento e senza preavviso. La versione aggiornata sar\u00e0 pubblicata sul nostro sito web e le modifiche entreranno in vigore immediatamente dopo la pubblicazione.<\/p>\n\n\n\n<h3 class=\"wp-block-heading\"><strong>12. LEGGE APPLICABILE<\/strong><\/h3>\n\n\n\n<p>Questi <strong>Termini di servizio<\/strong> sono regolati e interpretati in conformit\u00e0 alle leggi di <strong>[La vostra giurisdizione]<\/strong>, senza tener conto dei suoi principi di conflitto di leggi. Qualsiasi controversia derivante dall'uso di <strong>Uwin-Vape.com<\/strong> saranno risolti nei tribunali di <strong>[La vostra giurisdizione]<\/strong>.<\/p>\n\n\n\n<h3 class=\"wp-block-heading\"><strong>13. CONTATTO<\/strong><\/h3>\n\n\n\n<p>Per qualsiasi domanda o dubbio su questi <strong>Termini di servizio<\/strong>, si prega di contattarci all'indirizzo:<br><strong>E-mail:<\/strong> <a>support@uwin-vape.com<\/a><br><strong>WhatsApp:<\/strong>\u00a0<a href=\"https:\/\/wa.me\/+64204871919\" target=\"_blank\" rel=\"noreferrer noopener\">+64 20 487 1919<\/a><\/p>\n\n\n\n<p>Utilizzando il presente sito web, l'utente accetta di attenersi a queste condizioni. <strong>Termini di servizio<\/strong>. Grazie per aver scelto <strong>Uwin-Vape.com<\/strong>!<\/p>\n\n\n\n<p>4o mini<\/p>","protected":false},"excerpt":{"rendered":"<p>Welcome to Uwin-Vape.com. By using our website and services, you agree to comply with the following Terms of Service. Please read these terms carefully before making any purchases or using our site. 1. ACCEPTANCE OF TERMS By accessing or using Uwin-Vape.com, you agree to be bound by these Terms of Service and our Privacy Policy. [&#8230;]","protected":false},"author":1,"featured_media":0,"parent":0,"menu_order":0,"comment_status":"closed","ping_status":"closed","template":"","meta":{"footnotes":""},"class_list":["post-1046","page","type-page","status-publish","hentry"],"_links":{"self":[{"href":"https:\/\/uwin-shop.com\/it\/wp-json\/wp\/v2\/pages\/1046","targetHints":{"allow":["GET"]}}],"collection":[{"href":"https:\/\/uwin-shop.com\/it\/wp-json\/wp\/v2\/pages"}],"about":[{"href":"https:\/\/uwin-shop.com\/it\/wp-json\/wp\/v2\/types\/page"}],"author":[{"embeddable":true,"href":"https:\/\/uwin-shop.com\/it\/wp-json\/wp\/v2\/users\/1"}],"replies":[{"embeddable":true,"href":"https:\/\/uwin-shop.com\/it\/wp-json\/wp\/v2\/comments?post=1046"}],"version-history":[{"count":1,"href":"https:\/\/uwin-shop.com\/it\/wp-json\/wp\/v2\/pages\/1046\/revisions"}],"predecessor-version":[{"id":1047,"href":"https:\/\/uwin-shop.com\/it\/wp-json\/wp\/v2\/pages\/1046\/revisions\/1047"}],"wp:attachment":[{"href":"https:\/\/uwin-shop.com\/it\/wp-json\/wp\/v2\/media?parent=1046"}],"curies":[{"name":"wp","href":"https:\/\/api.w.org\/{rel}","templated":true}]}}