{"id":1067,"date":"2025-03-28T16:18:17","date_gmt":"2025-03-28T08:18:17","guid":{"rendered":"https:\/\/uwin-vape.com\/?page_id=1067"},"modified":"2025-03-28T16:20:38","modified_gmt":"2025-03-28T08:20:38","slug":"about-us","status":"publish","type":"page","link":"https:\/\/uwin-shop.com\/it\/about-us\/","title":{"rendered":"Chi siamo"},"content":{"rendered":"<h1 class=\"main-page-title page-title h0 scroll-trigger animate--fade-in\" style=\"text-align: center;\">Chi siamo<\/h1>\n<div class=\"rte scroll-trigger animate--slide-in\">\n<h2><strong>CHI SIAMO\u00a0<\/strong><strong>UwinVape<\/strong><\/h2>\n<p>In ogni inspirazione, gli echi del mondo rispondono a me<\/p>\n<p><img loading=\"lazy\" decoding=\"async\" src=\"https:\/\/cdn.shopify.com\/s\/files\/1\/0709\/4511\/2306\/files\/1-2-scaled_480x480.jpg?v=1728724089\" alt=\"\" width=\"576\" height=\"180\" \/><\/p>\n<h4><strong>LA NOSTRA STORIA<\/strong><\/h4>\n<p>UwinVape \u00e8 stata fondata nel 2013 da Victor yang, appassionato di tecnologia, che ha cercato attivamente alternative migliori al fumo. UwinVape si \u00e8 evoluto in un marchio innovativo, amato dai giovani per i suoi prodotti unici e potenti. Ci sforziamo di essere una forza positiva che celebra tutto ci\u00f2 che \u00e8 bello e ispira le persone a perseguire le loro passioni. Noi siamo UwinVape e i prodotti che creiamo sono il riflesso della nostra passione.<\/p>\n<h4><strong>GIOIA E SENSO<\/strong><\/h4>\n<p>Noi di UwinVape siamo uniti con passione da un obiettivo comune: creare un'esperienza di fumo unica che dia pi\u00f9 significato e gioia alla vita. Clienti di tutto il mondo si uniscono a noi, definendo collettivamente un nuovo modo di fumare. La nostra missione \u00e8 quella di celebrare la diversit\u00e0 dei fumatori con entusiasmo e moderazione, offrendo a ciascuno un'esperienza distintiva. UwinVape non \u00e8 solo un marchio di sigarette elettroniche: \u00e8 un'audace uscita dagli stili di vita tradizionali. Sfidiamo le convenzioni, offrendo ai fumatori scelte al di l\u00e0 dell'ordinario, trasformando il fumo in un simbolo di individualit\u00e0 e innovazione.<\/p>\n<h4><strong>GUARDARE AVANTI<\/strong><\/h4>\n<p>UwinVape immagina un futuro in cui tutti abbraccino il fascino della sigaretta elettronica. Collaborando con i pionieri del settore, ci proponiamo di rivoluzionare l'esperienza di svapo. Il nostro impegno per una qualit\u00e0 ineguagliabile e standard inventivi ci spinge in avanti, con l'obiettivo di rimodellare la percezione del vaping nel mondo. Con riconoscimenti che vanno dal Nord America all'Europa e oltre, UwinVape vanta una base di fan globale di oltre 4 milioni di appassionati.<\/p>\n<\/div>","protected":false},"excerpt":{"rendered":"","protected":false},"author":1,"featured_media":0,"parent":0,"menu_order":0,"comment_status":"closed","ping_status":"closed","template":"","meta":{"footnotes":""},"class_list":["post-1067","page","type-page","status-publish","hentry"],"_links":{"self":[{"href":"https:\/\/uwin-shop.com\/it\/wp-json\/wp\/v2\/pages\/1067","targetHints":{"allow":["GET"]}}],"collection":[{"href":"https:\/\/uwin-shop.com\/it\/wp-json\/wp\/v2\/pages"}],"about":[{"href":"https:\/\/uwin-shop.com\/it\/wp-json\/wp\/v2\/types\/page"}],"author":[{"embeddable":true,"href":"https:\/\/uwin-shop.com\/it\/wp-json\/wp\/v2\/users\/1"}],"replies":[{"embeddable":true,"href":"https:\/\/uwin-shop.com\/it\/wp-json\/wp\/v2\/comments?post=1067"}],"version-history":[{"count":2,"href":"https:\/\/uwin-shop.com\/it\/wp-json\/wp\/v2\/pages\/1067\/revisions"}],"predecessor-version":[{"id":1069,"href":"https:\/\/uwin-shop.com\/it\/wp-json\/wp\/v2\/pages\/1067\/revisions\/1069"}],"wp:attachment":[{"href":"https:\/\/uwin-shop.com\/it\/wp-json\/wp\/v2\/media?parent=1067"}],"curies":[{"name":"wp","href":"https:\/\/api.w.org\/{rel}","templated":true}]}}