{"id":1075,"date":"2025-03-28T16:31:02","date_gmt":"2025-03-28T08:31:02","guid":{"rendered":"https:\/\/uwin-vape.com\/?page_id=1075"},"modified":"2025-07-15T19:56:08","modified_gmt":"2025-07-15T11:56:08","slug":"shipping-policy","status":"publish","type":"page","link":"https:\/\/uwin-shop.com\/it\/shipping-policy\/","title":{"rendered":"Politica di spedizione"},"content":{"rendered":"<p data-sanitized-data-mce-fragment=\"1\"><strong data-sanitized-data-mce-fragment=\"1\">1.Quando posso aspettarmi di ricevere la mia spedizione?<\/strong><\/p>\n<p data-sanitized-data-mce-fragment=\"1\">Tutti gli ordini vengono spediti dal nostro magazzino entro 1 giorno lavorativo dall'invio dell'ordine. La spedizione arriver\u00e0 tra i 3 e gli 8 giorni lavorativi successivi alla data di spedizione, a seconda della disponibilit\u00e0 del corriere e della localit\u00e0. Ci scusiamo per i ritardi di spedizione che possono verificarsi se la spedizione richiede lo sdoganamento o l'ispezione, o per i ritardi di trasporto causati dal servizio di trasporto.<\/p>\n<p data-sanitized-data-mce-fragment=\"1\"><strong data-sanitized-data-mce-fragment=\"1\">2. Come posso seguire il mio ordine?<\/strong><\/p>\n<p data-sanitized-data-mce-fragment=\"1\">Un numero di tracciamento verr\u00e0 fornito nell'e-mail di conferma della spedizione. Potete utilizzare il numero e seguire il vostro ordine all'indirizzo<strong><a href=\"http:\/\/www.17track.net\/\" data-sanitized-data-mce-fragment=\"1\" data-sanitized-data-mce-href=\"http:\/\/www.17track.net\/\">www.17track.net<\/a>.<\/strong><\/p>\n<p data-sanitized-data-mce-fragment=\"1\"><strong data-sanitized-data-mce-fragment=\"1\">3.Quali sono le vostre tariffe di spedizione?<\/strong><\/p>\n<p data-sanitized-data-mce-fragment=\"1\">Abbiamo una tariffa di spedizione fissa di 5,98 euro per tutte le destinazioni nel mondo.<\/p>\n<div class=\"rte scroll-trigger animate--slide-in\">\n<p>Se avete bisogno di modificare o annullare il vostro ordine, contattateci immediatamente. Gli ordini gi\u00e0 spediti non possono essere annullati. E-mail: <a>support@uwin-vape.com<\/a><u><br \/><\/u><br \/>Non applichiamo alcuna imposta sulle vendite o sulle esportazioni. Se al momento dell'arrivo il pacco viene ispezionato dalla dogana del vostro paese\/regione, uwinvape si far\u00e0 carico di dazi, tariffe e tasse di importazione. In caso di confisca del prodotto da parte della dogana del vostro paese\/regione, uwinvape si assume la relativa responsabilit\u00e0.<\/p>\n<p>Se ordinate molti prodotti, il vostro ordine potrebbe essere suddiviso in pi\u00f9 pacchetti con numeri di tracciamento diversi. Se, per motivi logistici, non ricevete il pacco alla fine, ci assumiamo la responsabilit\u00e0 di tutte le perdite e potete ricevere un rimborso completo.<\/p>\n<p>I prodotti presentati sul sito web uwinvape sono destinati al mercato internazionale. In genere vengono spedite le versioni standard. Se avete esigenze particolari, lasciateci un messaggio.<\/p>\n<p>Se il pacco non viene consegnato entro 25 giorni lavorativi dalla spedizione, si prega di contattare il nostro team di assistenza al seguente indirizzo <a>support@uwin-vape.com<\/a> per la rispedizione di un altro pacco o per il rimborso.<\/p>\n<p>Se i vostri articoli sono danneggiati, persi o errati, dovete inviarci un'e-mail entro 48 ore dalla consegna del pacco. Una volta che il reclamo \u00e8 stato presentato, esaminato e approvato, vi assisteremo nel risolvere il problema. Purtroppo non siamo in grado di fornire servizi di rispedizione o sostituzione a livello internazionale.<\/p>\n<\/div>","protected":false},"excerpt":{"rendered":"","protected":false},"author":1,"featured_media":0,"parent":0,"menu_order":0,"comment_status":"closed","ping_status":"closed","template":"","meta":{"footnotes":""},"class_list":["post-1075","page","type-page","status-publish","hentry"],"_links":{"self":[{"href":"https:\/\/uwin-shop.com\/it\/wp-json\/wp\/v2\/pages\/1075","targetHints":{"allow":["GET"]}}],"collection":[{"href":"https:\/\/uwin-shop.com\/it\/wp-json\/wp\/v2\/pages"}],"about":[{"href":"https:\/\/uwin-shop.com\/it\/wp-json\/wp\/v2\/types\/page"}],"author":[{"embeddable":true,"href":"https:\/\/uwin-shop.com\/it\/wp-json\/wp\/v2\/users\/1"}],"replies":[{"embeddable":true,"href":"https:\/\/uwin-shop.com\/it\/wp-json\/wp\/v2\/comments?post=1075"}],"version-history":[{"count":8,"href":"https:\/\/uwin-shop.com\/it\/wp-json\/wp\/v2\/pages\/1075\/revisions"}],"predecessor-version":[{"id":2499,"href":"https:\/\/uwin-shop.com\/it\/wp-json\/wp\/v2\/pages\/1075\/revisions\/2499"}],"wp:attachment":[{"href":"https:\/\/uwin-shop.com\/it\/wp-json\/wp\/v2\/media?parent=1075"}],"curies":[{"name":"wp","href":"https:\/\/api.w.org\/{rel}","templated":true}]}}