{"id":1251,"date":"2025-05-09T18:35:57","date_gmt":"2025-05-09T10:35:57","guid":{"rendered":"https:\/\/uwin-shop.com\/?post_type=product&#038;p=1251"},"modified":"2025-07-02T17:10:49","modified_gmt":"2025-07-02T09:10:49","slug":"uwin-randm-crystal-twins-40000-puffs","status":"publish","type":"product","link":"https:\/\/uwin-shop.com\/it\/prodotto\/uwin-randm-crystal-twins-40000-puffs\/","title":{"rendered":"Uwin RandM Crystal Twins 40000 Bign\u00e8 (15 gusti)"},"content":{"rendered":"<p><strong><span style=\"font-size: 25.92px; color: #333333;\">\ud83d\udca5Scopri il Vape Uwin Crystal Twins 40000 Puffs Dual Flavor<\/span><\/strong><\/p>\n<p><a href=\"https:\/\/uwin-shop.com\/wp-content\/uploads\/2025\/05\/\u7f51\u7ad9-Banner-3.jpg\"><img loading=\"lazy\" decoding=\"async\" class=\"alignnone size-medium wp-image-1807\" src=\"https:\/\/uwin-shop.com\/wp-content\/uploads\/2025\/05\/\u7f51\u7ad9-Banner-3-800x273.jpg\" alt=\"\" width=\"800\" height=\"273\" srcset=\"https:\/\/uwin-shop.com\/wp-content\/uploads\/2025\/05\/\u7f51\u7ad9-Banner-3-800x273.jpg 800w, https:\/\/uwin-shop.com\/wp-content\/uploads\/2025\/05\/\u7f51\u7ad9-Banner-3-1400x478.jpg 1400w, https:\/\/uwin-shop.com\/wp-content\/uploads\/2025\/05\/\u7f51\u7ad9-Banner-3-768x262.jpg 768w, https:\/\/uwin-shop.com\/wp-content\/uploads\/2025\/05\/\u7f51\u7ad9-Banner-3-1536x525.jpg 1536w, https:\/\/uwin-shop.com\/wp-content\/uploads\/2025\/05\/\u7f51\u7ad9-Banner-3-2048x700.jpg 2048w, https:\/\/uwin-shop.com\/wp-content\/uploads\/2025\/05\/\u7f51\u7ad9-Banner-3-18x6.jpg 18w, https:\/\/uwin-shop.com\/wp-content\/uploads\/2025\/05\/\u7f51\u7ad9-Banner-3-60x21.jpg 60w\" sizes=\"auto, (max-width: 800px) 100vw, 800px\" \/><\/a><\/p>\n<section class=\"relative\">\n<h2><strong>\ud83c\udf00Sperimentate una versatilit\u00e0 senza pari nel vaping<\/strong><\/h2>\n<p>Introduzione al <strong>Gemelli di cristallo Uwin 40000 soffi<\/strong>, una svapata all'avanguardia monouso e ricaricabile a doppio gusto. Con questo innovativo dispositivo, \u00e8 possibile godere fino a <strong>40.000 soffi<\/strong> di due gusti distinti, rendendo ogni sessione di svapo un'esperienza piacevole. Questa svapata si distingue per le sue caratteristiche impressionanti, progettate sia per la convenienza che per le prestazioni.<\/p>\n<h2><strong>\ud83d\udd27 Specifiche principali dei gemelli di cristallo Uwin<\/strong><\/h2>\n<p><a href=\"https:\/\/uwin-shop.com\/wp-content\/uploads\/2025\/05\/\u6d77\u62a5\u6a2a\u5e45.jpg\"><img loading=\"lazy\" decoding=\"async\" class=\"alignnone size-medium wp-image-1802\" src=\"https:\/\/uwin-shop.com\/wp-content\/uploads\/2025\/05\/\u6d77\u62a5\u6a2a\u5e45-800x400.jpg\" alt=\"\" width=\"800\" height=\"400\" srcset=\"https:\/\/uwin-shop.com\/wp-content\/uploads\/2025\/05\/\u6d77\u62a5\u6a2a\u5e45-800x400.jpg 800w, https:\/\/uwin-shop.com\/wp-content\/uploads\/2025\/05\/\u6d77\u62a5\u6a2a\u5e45-1400x700.jpg 1400w, https:\/\/uwin-shop.com\/wp-content\/uploads\/2025\/05\/\u6d77\u62a5\u6a2a\u5e45-768x384.jpg 768w, https:\/\/uwin-shop.com\/wp-content\/uploads\/2025\/05\/\u6d77\u62a5\u6a2a\u5e45-1536x768.jpg 1536w, https:\/\/uwin-shop.com\/wp-content\/uploads\/2025\/05\/\u6d77\u62a5\u6a2a\u5e45-2048x1024.jpg 2048w, https:\/\/uwin-shop.com\/wp-content\/uploads\/2025\/05\/\u6d77\u62a5\u6a2a\u5e45-18x9.jpg 18w, https:\/\/uwin-shop.com\/wp-content\/uploads\/2025\/05\/\u6d77\u62a5\u6a2a\u5e45-60x30.jpg 60w\" sizes=\"auto, (max-width: 800px) 100vw, 800px\" \/><\/a><\/p>\n<h3><strong>\ud83d\udee2\ufe0fHigh Capacit\u00e0 del liquido elettronico<\/strong><\/h3>\n<p>L'Uwin Crystal Twins viene fornito pre-riempito con <strong>32 ml di e-liquid<\/strong>. Questa capacit\u00e0 sostanziale vi permette di godere fino a <strong>40.000 soffi<\/strong> senza il fastidio di frequenti ricariche. \u00c8 possibile svapare pi\u00f9 a lungo e godersi di pi\u00f9 senza interruzioni, il che lo rende perfetto per chi vuole assaporare la propria esperienza.<\/p>\n<h3><strong>\ud83d\udd0b Potente batteria ricaricabile<\/strong><\/h3>\n<p>Dotato di un <strong>650 mAh,<\/strong> questo dispositivo assicura una potenza sufficiente per un uso prolungato. Il <strong>Connessione di ricarica Type-C<\/strong> La ricarica rapida consente di ricaricare rapidamente il dispositivo e di tornare a svapare. Questa caratteristica rende la Uwin Crystal Twins una scelta affidabile per gli utenti in movimento.<\/p>\n<h2><strong>\ud83d\udca1 Esperienza di doppio gusto<\/strong><\/h2>\n<p><a href=\"https:\/\/uwin-shop.com\/wp-content\/uploads\/2025\/05\/\u7f51\u7ad9-Banner-2-1.jpg\"><img loading=\"lazy\" decoding=\"async\" class=\"alignnone size-medium wp-image-1809\" src=\"https:\/\/uwin-shop.com\/wp-content\/uploads\/2025\/05\/\u7f51\u7ad9-Banner-2-1-800x273.jpg\" alt=\"\" width=\"800\" height=\"273\" srcset=\"https:\/\/uwin-shop.com\/wp-content\/uploads\/2025\/05\/\u7f51\u7ad9-Banner-2-1-800x273.jpg 800w, https:\/\/uwin-shop.com\/wp-content\/uploads\/2025\/05\/\u7f51\u7ad9-Banner-2-1-1400x478.jpg 1400w, https:\/\/uwin-shop.com\/wp-content\/uploads\/2025\/05\/\u7f51\u7ad9-Banner-2-1-768x262.jpg 768w, https:\/\/uwin-shop.com\/wp-content\/uploads\/2025\/05\/\u7f51\u7ad9-Banner-2-1-1536x525.jpg 1536w, https:\/\/uwin-shop.com\/wp-content\/uploads\/2025\/05\/\u7f51\u7ad9-Banner-2-1-2048x700.jpg 2048w, https:\/\/uwin-shop.com\/wp-content\/uploads\/2025\/05\/\u7f51\u7ad9-Banner-2-1-18x6.jpg 18w, https:\/\/uwin-shop.com\/wp-content\/uploads\/2025\/05\/\u7f51\u7ad9-Banner-2-1-60x21.jpg 60w\" sizes=\"auto, (max-width: 800px) 100vw, 800px\" \/><\/a><\/p>\n<p>Il sistema a due serbatoi consente una variet\u00e0 di combinazioni di aromi, migliorando la vostra esperienza di svapo. \u00c8 possibile passare da un aroma all'altro senza sforzo, soddisfacendo le diverse preferenze di gusto con facilit\u00e0. Questa versatilit\u00e0 \u00e8 un vantaggio significativo per i vapers che amano esplorare nuovi sapori.<\/p>\n<p><strong>\ud83e\uddca\ud83c\udf53 1. Due gusti in uno, da cambiare a piacimento<\/strong><br \/>\nRompete la tradizionale esperienza del gusto singolo. Ognuno di essi \u00e8 dotato di due aromi indipendenti, che consentono di cambiare facilmente. \u00c8 possibile cambiare in qualsiasi momento ci\u00f2 che si desidera fumare, senza dover portare con s\u00e9 due dispositivi quando si esce.<\/p>\n<p>\ud83d\udc49 Un dispositivo = il piacere di due sigarette elettroniche<\/p>\n<p><strong>\ud83c\udf08 2. Serbatoio dell'olio separato, sapore puro senza sapori incrociati<\/strong><br \/>\nAdotta un doppio sistema indipendente di stoccaggio dell'olio per garantire che ogni sapore sia presentato puramente senza miscela, mantenendo un alto grado di restauro e stratificazione del gusto.<\/p>\n<p>\ud83d\udc49 Con frutti rinfrescanti a sinistra e brividi ghiacciati a destra, ognuno ha il suo fascino unico.<\/p>\n<p><strong>\ud83d\udca8 3. Molte combinazioni, migliaia di varianti non uguali<\/strong><br \/>\nUna variet\u00e0 di gusti popolari viene combinata, coprendo i gusti pi\u00f9 diffusi come la frutta e le bevande funzionali, per creare una combinazione di doppio gusto unica.<\/p>\n<p>\ud83d\udc49 Combinazioni di sapori rari disponibili sul mercato per soddisfare esigenze personalizzate e attirare clienti abituali<\/p>\n<p><strong>\ud83d\udd0b 4. Una macchina, due gusti = prestazioni a costi pi\u00f9 elevati<\/strong><br \/>\nUn dispositivo, due gusti, 40.000 boccate di batteria a lunghissima durata, che consentono di sperimentare pi\u00f9 variazioni di gusto a un costo inferiore.<\/p>\n<p>\ud83d\udc49 Pi\u00f9 resistente all'estrazione, pi\u00f9 economico e pi\u00f9 divertente<\/p>\n<h2><strong>\ud83c\udf1fTecnologia di vaping avanzata<\/strong><\/h2>\n<p><a href=\"https:\/\/uwin-shop.com\/wp-content\/uploads\/2025\/05\/AA\u5355\u54c1\u6d77\u62a5-3.jpg\"><img loading=\"lazy\" decoding=\"async\" class=\"alignnone size-medium wp-image-1798\" src=\"https:\/\/uwin-shop.com\/wp-content\/uploads\/2025\/05\/AA\u5355\u54c1\u6d77\u62a5-3-400x400.jpg\" alt=\"\" width=\"400\" height=\"400\" srcset=\"https:\/\/uwin-shop.com\/wp-content\/uploads\/2025\/05\/AA\u5355\u54c1\u6d77\u62a5-3-400x400.jpg 400w, https:\/\/uwin-shop.com\/wp-content\/uploads\/2025\/05\/AA\u5355\u54c1\u6d77\u62a5-3-800x800.jpg 800w, https:\/\/uwin-shop.com\/wp-content\/uploads\/2025\/05\/AA\u5355\u54c1\u6d77\u62a5-3-280x280.jpg 280w, https:\/\/uwin-shop.com\/wp-content\/uploads\/2025\/05\/AA\u5355\u54c1\u6d77\u62a5-3-768x768.jpg 768w, https:\/\/uwin-shop.com\/wp-content\/uploads\/2025\/05\/AA\u5355\u54c1\u6d77\u62a5-3-12x12.jpg 12w, https:\/\/uwin-shop.com\/wp-content\/uploads\/2025\/05\/AA\u5355\u54c1\u6d77\u62a5-3-60x60.jpg 60w, https:\/\/uwin-shop.com\/wp-content\/uploads\/2025\/05\/AA\u5355\u54c1\u6d77\u62a5-3-100x100.jpg 100w, https:\/\/uwin-shop.com\/wp-content\/uploads\/2025\/05\/AA\u5355\u54c1\u6d77\u62a5-3.jpg 1200w\" sizes=\"auto, (max-width: 400px) 100vw, 400px\" \/><\/a><\/p>\n<h2><strong>\u2699\ufe0fAdvanced Bobina di rete<\/strong><\/h2>\n<p>L'Uwin Crystal Twins \u00e8 dotato di un <strong>Bobina da 0,6\u03a9*2 maglie<\/strong>. Questa tecnologia avanzata garantisce un'esperienza di svapo fluida e affidabile a ogni boccata. Potrete godere di un sapore ricco e di una produzione di vapore soddisfacente, che lo rendono ideale sia per i nuovi vapers che per quelli pi\u00f9 esperti.<\/p>\n<h3><strong>\ud83e\uddea Opzioni di nicotina<\/strong><\/h3>\n<p>Gli utenti possono selezionare il livello di nicotina preferito tra <strong>2%<\/strong> e <strong>5%<\/strong>. Questa flessibilit\u00e0 consente di personalizzare l'esperienza del vaping, assicurando la soddisfazione senza eccedere nell'intensit\u00e0. La regolazione del livello di nicotina a proprio piacimento aumenta il piacere complessivo.<\/p>\n<p>\ud83d\udd39 2% (nicotina leggera)<br \/>\n\u2705<strong> Un leggero colpetto in gola<\/strong>morbido ma non troppo<\/p>\n<p>\u2705 \u00e8 adatto agli utenti che hanno appena iniziato a usare le sigarette elettroniche o che stanno passando ad alte concentrazioni.<\/p>\n<p>\u2705 Gusto equilibrato con lieve soddisfazione<\/p>\n<p>\ud83d\udd39 5% (nicotina ad alta concentrazione)<br \/>\n\u2705 <strong>Sensazione di forte impatto sulla gola, che soddisfa i fumatori accaniti<\/strong><\/p>\n<p>\u2705 \u00e8 pi\u00f9 stimolante delle sigarette tradizionali<\/p>\n<p>\u00c8 consigliato a chi ha esperienza, ma i principianti dovrebbero usarlo con cautela.<\/p>\n<p><strong>\ud83e\udde0 Promemoria caldo:<\/strong><br \/>\nLa scelta della giusta concentrazione di nicotina \u00e8 molto importante: per i principianti si consiglia di iniziare con 2%<\/p>\n<h2><strong>\ud83d\ude80 Display intelligente e controllo del flusso d'aria<\/strong><\/h2>\n<p><a href=\"https:\/\/uwin-shop.com\/wp-content\/uploads\/2025\/05\/AA\u5355\u54c1\u6d77\u62a5.jpg\"><img loading=\"lazy\" decoding=\"async\" class=\"alignnone size-medium wp-image-1800\" src=\"https:\/\/uwin-shop.com\/wp-content\/uploads\/2025\/05\/AA\u5355\u54c1\u6d77\u62a5-400x400.jpg\" alt=\"\" width=\"400\" height=\"400\" srcset=\"https:\/\/uwin-shop.com\/wp-content\/uploads\/2025\/05\/AA\u5355\u54c1\u6d77\u62a5-400x400.jpg 400w, https:\/\/uwin-shop.com\/wp-content\/uploads\/2025\/05\/AA\u5355\u54c1\u6d77\u62a5-800x800.jpg 800w, https:\/\/uwin-shop.com\/wp-content\/uploads\/2025\/05\/AA\u5355\u54c1\u6d77\u62a5-280x280.jpg 280w, https:\/\/uwin-shop.com\/wp-content\/uploads\/2025\/05\/AA\u5355\u54c1\u6d77\u62a5-768x768.jpg 768w, https:\/\/uwin-shop.com\/wp-content\/uploads\/2025\/05\/AA\u5355\u54c1\u6d77\u62a5-12x12.jpg 12w, https:\/\/uwin-shop.com\/wp-content\/uploads\/2025\/05\/AA\u5355\u54c1\u6d77\u62a5-60x60.jpg 60w, https:\/\/uwin-shop.com\/wp-content\/uploads\/2025\/05\/AA\u5355\u54c1\u6d77\u62a5-100x100.jpg 100w, https:\/\/uwin-shop.com\/wp-content\/uploads\/2025\/05\/AA\u5355\u54c1\u6d77\u62a5.jpg 1200w\" sizes=\"auto, (max-width: 400px) 100vw, 400px\" \/><\/a><\/p>\n<p><strong>\ud83d\udcf1 Monitoraggio in tempo reale<\/strong><\/p>\n<p>Il display intelligente integrato mostra la durata della batteria e il conteggio dei tiri in tempo reale. Questa funzione vi tiene informati sul vostro utilizzo, in modo da poter gestire efficacemente le vostre sessioni di vaping. Sapere quante boccate sono rimaste pu\u00f2 aiutare a pianificare meglio la giornata.<\/p>\n<p><strong>\ud83d\udca8Flusso d'aria regolabile<\/strong><\/p>\n<p>Il sistema di controllo del flusso d'aria consente di adattare l'esperienza di svapo ai propri gusti. Sia che preferiate un tiro pi\u00f9 stretto o una boccata pi\u00f9 ariosa, l'Uwin Crystal Twins si adatta alle vostre preferenze, garantendo un'esperienza personalizzata.<\/p>\n<h2><strong>\ud83e\udd1d Design user-friendly | UWIN, che pensa davvero a ogni dettaglio per l'utente.<\/strong><\/h2>\n<p><a href=\"https:\/\/uwin-shop.com\/wp-content\/uploads\/2025\/05\/40K\u6d77\u62a5.jpg\"><img loading=\"lazy\" decoding=\"async\" class=\"alignnone size-medium wp-image-1795\" src=\"https:\/\/uwin-shop.com\/wp-content\/uploads\/2025\/05\/40K\u6d77\u62a5-600x400.jpg\" alt=\"\" width=\"600\" height=\"400\" srcset=\"https:\/\/uwin-shop.com\/wp-content\/uploads\/2025\/05\/40K\u6d77\u62a5-600x400.jpg 600w, https:\/\/uwin-shop.com\/wp-content\/uploads\/2025\/05\/40K\u6d77\u62a5-1200x800.jpg 1200w, https:\/\/uwin-shop.com\/wp-content\/uploads\/2025\/05\/40K\u6d77\u62a5-768x512.jpg 768w, https:\/\/uwin-shop.com\/wp-content\/uploads\/2025\/05\/40K\u6d77\u62a5-1536x1024.jpg 1536w, https:\/\/uwin-shop.com\/wp-content\/uploads\/2025\/05\/40K\u6d77\u62a5-18x12.jpg 18w, https:\/\/uwin-shop.com\/wp-content\/uploads\/2025\/05\/40K\u6d77\u62a5-60x40.jpg 60w, https:\/\/uwin-shop.com\/wp-content\/uploads\/2025\/05\/40K\u6d77\u62a5-800x533.jpg 800w, https:\/\/uwin-shop.com\/wp-content\/uploads\/2025\/05\/40K\u6d77\u62a5.jpg 1800w\" sizes=\"auto, (max-width: 600px) 100vw, 600px\" \/><\/a><\/p>\n<p>L'Uwin Crystal Twins 40000 \u00e8 incredibilmente facile da usare, grazie al suo <strong>Meccanismo ad estrazione<\/strong>. Questa caratteristica lo rende perfetto sia per i principianti che per i vapers esperti. Per attivare il dispositivo \u00e8 sufficiente inspirare, il che lo rende intuitivo e senza problemi.<\/p>\n<p><strong>\ud83d\udd0b Display intelligente, informazioni a colpo d'occhio<\/strong><br \/>\nDotato di uno schermo intelligente a LED per la visualizzazione in tempo reale:<\/p>\n<p>\ud83d\udd0b Capacit\u00e0 della batteria<\/p>\n<p>\ud83d\udca7 Avanzi di e-liquid<\/p>\n<p>Permettetemi di dire addio a <strong>\"ansia da aspirazione cieca\"<\/strong> e sorseggiate ogni volta in tutta tranquillit\u00e0.<\/p>\n<p><strong>\ud83d\udd0c Interfaccia di ricarica rapida Type-C<\/strong><br \/>\nStandard equipaggiato con <strong>Tipo-C<\/strong> interfaccia, si ricarica pi\u00f9 velocemente e pi\u00f9 comodamente. Si ricarica rapidamente in 30 minuti e si pu\u00f2 partire in qualsiasi momento senza alcuna pressione.<\/p>\n<p><strong>\ud83d\udd07 Design di atomizzazione silenzioso<\/strong><br \/>\nLa nuova generazione di anima a rete e la struttura ottimizzata del flusso d'aria <strong>ridurre il rumore e le interferenze del flusso d'aria<\/strong>rendendo il processo di fumata pi\u00f9 silenzioso e confortevole e adattandosi a diversi scenari.<\/p>\n<p><strong>\ud83e\uddca aggiornamento della struttura a prova di perdite<\/strong><br \/>\nAdottando molteplici tecnologie anti-perdita di olio e una struttura indipendente del serbatoio dell'olio, previene efficacemente la perdita di e-liquid, rendendo pi\u00f9 rassicurante la <strong>e pi\u00f9 facile da trasportare e da usare senza preoccupazioni.<\/strong><\/p>\n<p><strong>\ud83d\udc4b Impugnatura ergonomica<\/strong><br \/>\nLa serie UWIN Crystal adotta un design con angoli arrotondati e un corpo leggero. \u00c8 <strong>si adatta al palmo della mano, offre una presa confortevole ed \u00e8 adatto sia agli uomini che alle donne,<\/strong> assicurando sempre la giusta presa.<\/p>\n<h2><strong>\ud83d\udc46 Perch\u00e9 scegliere i gemelli di cristallo Uwin 40000 Puffs?<\/strong><\/h2>\n<p><a href=\"https:\/\/uwin-shop.com\/wp-content\/uploads\/2025\/05\/\u73b0\u8d27\u6d77\u62a5.jpg\"><img loading=\"lazy\" decoding=\"async\" class=\"alignnone size-medium wp-image-1808\" src=\"https:\/\/uwin-shop.com\/wp-content\/uploads\/2025\/05\/\u73b0\u8d27\u6d77\u62a5-400x400.jpg\" alt=\"\" width=\"400\" height=\"400\" srcset=\"https:\/\/uwin-shop.com\/wp-content\/uploads\/2025\/05\/\u73b0\u8d27\u6d77\u62a5-400x400.jpg 400w, https:\/\/uwin-shop.com\/wp-content\/uploads\/2025\/05\/\u73b0\u8d27\u6d77\u62a5-800x800.jpg 800w, https:\/\/uwin-shop.com\/wp-content\/uploads\/2025\/05\/\u73b0\u8d27\u6d77\u62a5-280x280.jpg 280w, https:\/\/uwin-shop.com\/wp-content\/uploads\/2025\/05\/\u73b0\u8d27\u6d77\u62a5-768x768.jpg 768w, https:\/\/uwin-shop.com\/wp-content\/uploads\/2025\/05\/\u73b0\u8d27\u6d77\u62a5-12x12.jpg 12w, https:\/\/uwin-shop.com\/wp-content\/uploads\/2025\/05\/\u73b0\u8d27\u6d77\u62a5-60x60.jpg 60w, https:\/\/uwin-shop.com\/wp-content\/uploads\/2025\/05\/\u73b0\u8d27\u6d77\u62a5-100x100.jpg 100w, https:\/\/uwin-shop.com\/wp-content\/uploads\/2025\/05\/\u73b0\u8d27\u6d77\u62a5.jpg 1200w\" sizes=\"auto, (max-width: 400px) 100vw, 400px\" \/><\/a><\/p>\n<h3><strong>\ud83d\udd39Ideale per i vapers esigenti<\/strong><\/h3>\n<p>Questo dispositivo \u00e8 un'opzione fantastica per chi cerca convenienza e prestazioni. Grazie all'ampia variet\u00e0 di aromi e al design innovativo, l'Uwin Crystal Twins soddisfa le preferenze dei vapers pi\u00f9 esigenti, assicurando che tutti trovino qualcosa che amano.<\/p>\n<h3><strong>\ud83d\udd39Perfetto per le opportunit\u00e0 di vendita all'ingrosso<\/strong><\/h3>\n<p>Se siete rivenditori o distributori, Uwin Crystal Twins \u00e8 un'ottima aggiunta al vostro inventario. L'elevato numero di puff, le diverse opzioni di gusto e la competitivit\u00e0 del prodotto <strong>prezzo<\/strong> lo rendono un prodotto attraente per i clienti. Questa svapata soddisfer\u00e0 sicuramente la crescente domanda di vapers usa e getta di alta qualit\u00e0.<\/p>\n<h3><strong>\ud83d\udd39 Recensioni e prestazioni eccellenti<\/strong><\/h3>\n<p>I gemelli di cristallo Uwin hanno ottenuto risultati positivi <strong>recensioni<\/strong> dagli utenti che ne apprezzano le prestazioni e la versatilit\u00e0. La combinazione di funzioni potenti e di un design facile da usare lo rende un prodotto di spicco sul mercato, un must per tutti gli appassionati di vaping.<\/p>\n<h2><strong>\ud83c\udfaf Ideale, anche se esigente sigaretta elettronica-- UWIN Crystal Twins 40000<\/strong><\/h2>\n<h3><strong>Non si tratta solo di sigarette elettroniche, ma anche di una sorta di meticolosit\u00e0.<\/strong><\/h3>\n<p><a href=\"https:\/\/uwin-shop.com\/wp-content\/uploads\/2025\/05\/AA\u5355\u54c1\u6d77\u62a5-4.jpg\"><img loading=\"lazy\" decoding=\"async\" class=\"alignnone size-medium wp-image-1799\" src=\"https:\/\/uwin-shop.com\/wp-content\/uploads\/2025\/05\/AA\u5355\u54c1\u6d77\u62a5-4-400x400.jpg\" alt=\"\" width=\"400\" height=\"400\" srcset=\"https:\/\/uwin-shop.com\/wp-content\/uploads\/2025\/05\/AA\u5355\u54c1\u6d77\u62a5-4-400x400.jpg 400w, https:\/\/uwin-shop.com\/wp-content\/uploads\/2025\/05\/AA\u5355\u54c1\u6d77\u62a5-4-800x800.jpg 800w, https:\/\/uwin-shop.com\/wp-content\/uploads\/2025\/05\/AA\u5355\u54c1\u6d77\u62a5-4-280x280.jpg 280w, https:\/\/uwin-shop.com\/wp-content\/uploads\/2025\/05\/AA\u5355\u54c1\u6d77\u62a5-4-768x768.jpg 768w, https:\/\/uwin-shop.com\/wp-content\/uploads\/2025\/05\/AA\u5355\u54c1\u6d77\u62a5-4-12x12.jpg 12w, https:\/\/uwin-shop.com\/wp-content\/uploads\/2025\/05\/AA\u5355\u54c1\u6d77\u62a5-4-60x60.jpg 60w, https:\/\/uwin-shop.com\/wp-content\/uploads\/2025\/05\/AA\u5355\u54c1\u6d77\u62a5-4-100x100.jpg 100w, https:\/\/uwin-shop.com\/wp-content\/uploads\/2025\/05\/AA\u5355\u54c1\u6d77\u62a5-4.jpg 1200w\" sizes=\"auto, (max-width: 400px) 100vw, 400px\" \/><\/a><\/p>\n<p>Come fornitore leader di vapes monouso, <strong>uwin-shop.com<\/strong> offre il <strong>Gemelli di cristallo Uwin 40000 soffi<\/strong> a prezzi competitivi. Se state cercando di rifornire i vostri scaffali di vendita al dettaglio o semplicemente di godere di un'ottima esperienza di vaping, questo dispositivo \u00e8 la scelta perfetta. Non perdete l'opportunit\u00e0 di migliorare il vostro gioco di vaping. Visitate <strong>uwin-shop.com<\/strong> oggi stesso per effettuare il vostro ordine ed esplorare la nostra gamma completa di prodotti!<\/p>\n<\/section>","protected":false},"excerpt":{"rendered":"<ul>\n<li data-start=\"180\" data-end=\"216\"><span style=\"color: #ff6600;\"><strong>Tutti i prezzi sono indicati per pezzo<\/strong><\/span><\/li>\n<li data-start=\"217\" data-end=\"257\">\n<p data-start=\"219\" data-end=\"257\"><span style=\"color: #ff6600;\"><strong>Quantit\u00e0 minima ordinabile: 3 pezzi<\/strong><\/span><\/p>\n<\/li>\n<\/ul>\n<p data-start=\"329\" data-end=\"466\"><strong><span style=\"color: #000000;\">\ud83d\ude9a Questa politica ci aiuta a offrire prezzi migliori e spedizioni pi\u00f9 rapide.<\/span><\/strong><br data-start=\"394\" data-end=\"397\" \/><strong><span style=\"color: #000000;\">\ud83d\udcac Domande? Siamo felici di aiutarvi!<\/span><\/strong><br data-start=\"431\" data-end=\"434\" \/><strong><span style=\"color: #000000;\">\ud83d\udcf2 WhatsApp: <a style=\"color: #000000;\" href=\"https:\/\/wa.me\/+64204871919\" target=\"_blank\" rel=\"noreferrer noopener\">+64 20 487 1919<\/a><\/span><\/strong><\/p>","protected":false},"featured_media":538,"template":"","meta":[],"product_brand":[],"product_cat":[86],"product_tag":[],"class_list":{"0":"post-1251","1":"product","2":"type-product","3":"status-publish","4":"has-post-thumbnail","6":"product_cat-uwin","8":"first","9":"instock","10":"shipping-taxable","11":"purchasable","12":"product-type-variable","13":"has-default-attributes"},"tiered_pricing_type":"fixed","tiered_pricing_fixed_rules":[],"tiered_pricing_product_settings":{"layout":"default","base_unit_name":{"singular":null,"plural":null},"default_variation":null},"tiered_pricing_minimum_quantity":null,"tiered_pricing_roles_data":[],"tiered_pricing_percentage_rules":[],"tiered_pricing_maximum_quantity":null,"tiered_pricing_quantity_step":null,"_links":{"self":[{"href":"https:\/\/uwin-shop.com\/it\/wp-json\/wp\/v2\/product\/1251","targetHints":{"allow":["GET"]}}],"collection":[{"href":"https:\/\/uwin-shop.com\/it\/wp-json\/wp\/v2\/product"}],"about":[{"href":"https:\/\/uwin-shop.com\/it\/wp-json\/wp\/v2\/types\/product"}],"wp:featuredmedia":[{"embeddable":true,"href":"https:\/\/uwin-shop.com\/it\/wp-json\/wp\/v2\/media\/538"}],"wp:attachment":[{"href":"https:\/\/uwin-shop.com\/it\/wp-json\/wp\/v2\/media?parent=1251"}],"wp:term":[{"taxonomy":"product_brand","embeddable":true,"href":"https:\/\/uwin-shop.com\/it\/wp-json\/wp\/v2\/product_brand?post=1251"},{"taxonomy":"product_cat","embeddable":true,"href":"https:\/\/uwin-shop.com\/it\/wp-json\/wp\/v2\/product_cat?post=1251"},{"taxonomy":"product_tag","embeddable":true,"href":"https:\/\/uwin-shop.com\/it\/wp-json\/wp\/v2\/product_tag?post=1251"}],"curies":[{"name":"wp","href":"https:\/\/api.w.org\/{rel}","templated":true}]}}