{"id":1308,"date":"2025-05-14T17:48:01","date_gmt":"2025-05-14T09:48:01","guid":{"rendered":"https:\/\/uwin-shop.com\/?post_type=product&#038;p=1308"},"modified":"2025-07-02T17:10:43","modified_gmt":"2025-07-02T09:10:43","slug":"uwin-shisha-crystal-20000-puffs-copy","status":"publish","type":"product","link":"https:\/\/uwin-shop.com\/it\/prodotto\/uwin-shisha-crystal-20000-puffs-copy\/","title":{"rendered":"Uwin Shisha Crystal 20000 Bign\u00e8 (12 gusti)"},"content":{"rendered":"<p><strong><span style=\"color: #555555; font-size: 14.4px;\">\ud83c\udf1f Provate l'Uwin Shisha Crystal 20000 Puffs: La soluzione definitiva per il vaping<\/span><\/strong><\/p>\n<p><a style=\"font-size: 25.92px;\" href=\"https:\/\/uwin-shop.com\/wp-content\/uploads\/2025\/05\/b5618ff658e660f1136e77ff5c3f49c.jpg\"><img loading=\"lazy\" decoding=\"async\" class=\"alignnone size-medium wp-image-1774\" src=\"https:\/\/uwin-shop.com\/wp-content\/uploads\/2025\/05\/b5618ff658e660f1136e77ff5c3f49c-600x400.jpg\" alt=\"\" width=\"600\" height=\"400\" srcset=\"https:\/\/uwin-shop.com\/wp-content\/uploads\/2025\/05\/b5618ff658e660f1136e77ff5c3f49c-600x400.jpg 600w, https:\/\/uwin-shop.com\/wp-content\/uploads\/2025\/05\/b5618ff658e660f1136e77ff5c3f49c-1200x800.jpg 1200w, https:\/\/uwin-shop.com\/wp-content\/uploads\/2025\/05\/b5618ff658e660f1136e77ff5c3f49c-768x512.jpg 768w, https:\/\/uwin-shop.com\/wp-content\/uploads\/2025\/05\/b5618ff658e660f1136e77ff5c3f49c-1536x1024.jpg 1536w, https:\/\/uwin-shop.com\/wp-content\/uploads\/2025\/05\/b5618ff658e660f1136e77ff5c3f49c-18x12.jpg 18w, https:\/\/uwin-shop.com\/wp-content\/uploads\/2025\/05\/b5618ff658e660f1136e77ff5c3f49c-60x40.jpg 60w, https:\/\/uwin-shop.com\/wp-content\/uploads\/2025\/05\/b5618ff658e660f1136e77ff5c3f49c-800x533.jpg 800w, https:\/\/uwin-shop.com\/wp-content\/uploads\/2025\/05\/b5618ff658e660f1136e77ff5c3f49c.jpg 1800w\" sizes=\"auto, (max-width: 600px) 100vw, 600px\" \/><\/a><\/p>\n<div class=\"product-desc-item-content mce-content\">\n<h3><strong>\ud83d\ude80 Scopri l'Uwin Shisha Crystal 20000 boccate di vapore usa e getta<\/strong><\/h3>\n<p>Introduzione al <strong>Uwin Shisha Crystal 20000 boccate di vapore monouso<\/strong>progettato per garantire prestazioni elevate e la massima soddisfazione ad ogni boccata. Disponibile all'ingrosso presso <strong>uwin-shop.com<\/strong>Questa penna da svapo monouso, elegante e di alta qualit\u00e0, \u00e8 perfetta sia per i vapers esperti che per i principianti. Con le sue capacit\u00e0 di lunga durata, la vibrante <strong>Luci RGB<\/strong>e una variet\u00e0 di opzioni di nicotina, l'Uwin Shisha Crystal 20000 Puffs stabilisce un nuovo standard nel mondo dei vapers usa e getta.<\/p>\n<h2><strong>\ud83d\udca1 Caratteristiche impressionanti per prestazioni ineguagliabili<\/strong><\/h2>\n<p>Il <strong>Uwin Shisha Crystal 20000<\/strong> \u00e8 un vero e proprio cambiamento di rotta, in grado di offrire un'impressionante <strong>20.000 soffi<\/strong> per dispositivo. Questa penna per vape include una batteria ricaricabile <strong>Batteria da 650 mAh<\/strong>per garantire un uso prolungato senza la necessit\u00e0 di ricaricare continuamente il dispositivo. Grazie alla sua comoda <strong>Porta di ricarica Type-C<\/strong>Il dispositivo pu\u00f2 essere ricaricato rapidamente, consentendo di continuare a godere di un'esperienza di vaping senza problemi. Con un <strong>Capacit\u00e0 di 22 ml di e-liquid<\/strong>L'Uwin Shisha riduce significativamente la necessit\u00e0 di ricariche, rendendolo ideale per i vapers in movimento.<\/p>\n<p><a href=\"https:\/\/uwin-shop.com\/wp-content\/uploads\/2025\/05\/3ca7e02af733acff03c08460cd036c8-scaled.jpg\"><img loading=\"lazy\" decoding=\"async\" class=\"alignnone size-medium wp-image-1770\" src=\"https:\/\/uwin-shop.com\/wp-content\/uploads\/2025\/05\/3ca7e02af733acff03c08460cd036c8-500x400.jpg\" alt=\"\" width=\"500\" height=\"400\" srcset=\"https:\/\/uwin-shop.com\/wp-content\/uploads\/2025\/05\/3ca7e02af733acff03c08460cd036c8-500x400.jpg 500w, https:\/\/uwin-shop.com\/wp-content\/uploads\/2025\/05\/3ca7e02af733acff03c08460cd036c8-1000x800.jpg 1000w, https:\/\/uwin-shop.com\/wp-content\/uploads\/2025\/05\/3ca7e02af733acff03c08460cd036c8-768x614.jpg 768w, https:\/\/uwin-shop.com\/wp-content\/uploads\/2025\/05\/3ca7e02af733acff03c08460cd036c8-1536x1228.jpg 1536w, https:\/\/uwin-shop.com\/wp-content\/uploads\/2025\/05\/3ca7e02af733acff03c08460cd036c8-2048x1638.jpg 2048w, https:\/\/uwin-shop.com\/wp-content\/uploads\/2025\/05\/3ca7e02af733acff03c08460cd036c8-15x12.jpg 15w, https:\/\/uwin-shop.com\/wp-content\/uploads\/2025\/05\/3ca7e02af733acff03c08460cd036c8-60x48.jpg 60w, https:\/\/uwin-shop.com\/wp-content\/uploads\/2025\/05\/3ca7e02af733acff03c08460cd036c8-800x640.jpg 800w\" sizes=\"auto, (max-width: 500px) 100vw, 500px\" \/><\/a><\/p>\n<h3><strong>\u2699\ufe0fCutting Tecnologia della bobina a spigoli vivi<\/strong><\/h3>\n<h4>Ci\u00f2 che distingue veramente l'Uwin Shisha \u00e8 il suo avanzato <strong>Tecnologia della bobina a rete da 0,8 ohm<\/strong>. Questa innovazione migliora sia il sapore che la produzione di vapore. Sia che preferiate \u00a0<strong>2%<\/strong>,\u00a0<strong>5%<\/strong> Questa penna da svapo \u00e8 in grado di soddisfare una vasta gamma di preferenze, consentendo di personalizzare la propria esperienza. Inoltre, la vivace <strong>Luci RGB<\/strong> aggiungono un tocco di modernit\u00e0, rendendolo visivamente accattivante mentre si svapa. Leggero e portatile, questo prodotto \u00e8 stato progettato per i vapers che apprezzano sia lo stile che la convenienza.<\/h4>\n<h2><strong>\ud83c\udf70 Il paradiso del gusto vi aspetta<\/strong><\/h2>\n<p><a href=\"https:\/\/uwin-shop.com\/wp-content\/uploads\/2025\/05\/4e9321a0a7354b4a404b6edee9438cb-scaled.jpg\"><img loading=\"lazy\" decoding=\"async\" class=\"alignnone size-medium wp-image-1771\" src=\"https:\/\/uwin-shop.com\/wp-content\/uploads\/2025\/05\/4e9321a0a7354b4a404b6edee9438cb-500x400.jpg\" alt=\"\" width=\"500\" height=\"400\" srcset=\"https:\/\/uwin-shop.com\/wp-content\/uploads\/2025\/05\/4e9321a0a7354b4a404b6edee9438cb-500x400.jpg 500w, https:\/\/uwin-shop.com\/wp-content\/uploads\/2025\/05\/4e9321a0a7354b4a404b6edee9438cb-1000x800.jpg 1000w, https:\/\/uwin-shop.com\/wp-content\/uploads\/2025\/05\/4e9321a0a7354b4a404b6edee9438cb-768x614.jpg 768w, https:\/\/uwin-shop.com\/wp-content\/uploads\/2025\/05\/4e9321a0a7354b4a404b6edee9438cb-1536x1228.jpg 1536w, https:\/\/uwin-shop.com\/wp-content\/uploads\/2025\/05\/4e9321a0a7354b4a404b6edee9438cb-2048x1638.jpg 2048w, https:\/\/uwin-shop.com\/wp-content\/uploads\/2025\/05\/4e9321a0a7354b4a404b6edee9438cb-15x12.jpg 15w, https:\/\/uwin-shop.com\/wp-content\/uploads\/2025\/05\/4e9321a0a7354b4a404b6edee9438cb-60x48.jpg 60w, https:\/\/uwin-shop.com\/wp-content\/uploads\/2025\/05\/4e9321a0a7354b4a404b6edee9438cb-800x640.jpg 800w\" sizes=\"auto, (max-width: 500px) 100vw, 500px\" \/><\/a><\/p>\n<p>Il <strong>Uwin Shisha Crystal 20000 Bocconi<\/strong> offre un'allettante gamma di <strong>15 deliziosi sapori<\/strong>, ognuno realizzato alla perfezione per offrire un'esperienza unica e soddisfacente a ogni boccata. Ecco un assaggio di alcuni sapori entusiasmanti che potrete assaporare:<\/p>\n<p><strong>\ud83c\udf6c 1. Serie Fruit Burst - Gusto di frutta vera ripristinato<\/strong><br \/>\n<strong>\ud83e\uded0\ud83c\udf53<\/strong>Lamponi al mirtillo: Una miscela di sapori dolci e aspri, con un ricco aroma fruttato.<\/p>\n<p><strong>\ud83c\udf49\u2744\ufe0f<\/strong>Ghiaccio all'anguria: L'anguria rinfrescante abbinata a una consistenza fresca conferisce un'atmosfera perfettamente estiva<\/p>\n<p><strong>\ud83c\udf47\u2744\ufe0f<\/strong>Ghiaccio d'uva: Ricco sapore di succo d'uva e sensazione di ghiaccio, con un retrogusto di lunga durata.<\/p>\n<p><strong>\ud83e\udd5d\ud83c\udf48\ud83c\udf51<\/strong>Frutto della passione, kiwi, guava: Una miscela tropicale di frutti multipli con stratificazioni ricche<\/p>\n<p><strong>\ud83c\udf53\ud83c\udf49<\/strong>Anguria alla fragola: Una combinazione classica, fresca, dolce e aspra, perfetta per i fumatori giornalieri.<\/p>\n<p>Caratteristiche: Vero succo, moderatamente freddo, non unto, non dolce, giusto!<\/p>\n<p><strong>\ud83e\uddca 2. Serie Cool Ice Sensation - potenza del ghiaccio, fantastico<\/strong><br \/>\nGhiaccio al mirtillo\/gelato al cocomero\/gelato alla ciliegia\/gelato alla pesca<\/p>\n<p>Frutta fresca + freschezza rinfrescante, fresca e rinvigorente, un morso a piacere!<\/p>\n<p>Caratteristiche: Fresco ma non aspro, adatto a chi preferisce un gusto rinfrescante<\/p>\n<p><strong>\ud83c\udf52 3. Serie di sapori di bacche miste - piena di strati e ricca di consistenza<\/strong><br \/>\nIl sapore di fragola + lampone + ciliegia<\/p>\n<p>I tripli frutti di bosco, dolci ma non unti, con un aroma chiaro e rinfrescante, sono i preferiti da chi ama i sapori deliziosi!<\/p>\n<h2><strong>\ud83e\udd1d Opportunit\u00e0 e vantaggi della vendita all'ingrosso<\/strong><\/h2>\n<p><a href=\"https:\/\/uwin-shop.com\/wp-content\/uploads\/2025\/05\/0d61067a60e129249e23b1dc103ef4d.jpg\"><img loading=\"lazy\" decoding=\"async\" class=\"alignnone size-medium wp-image-1768\" src=\"https:\/\/uwin-shop.com\/wp-content\/uploads\/2025\/05\/0d61067a60e129249e23b1dc103ef4d-400x400.jpg\" alt=\"\" width=\"400\" height=\"400\" srcset=\"https:\/\/uwin-shop.com\/wp-content\/uploads\/2025\/05\/0d61067a60e129249e23b1dc103ef4d-400x400.jpg 400w, https:\/\/uwin-shop.com\/wp-content\/uploads\/2025\/05\/0d61067a60e129249e23b1dc103ef4d-800x800.jpg 800w, https:\/\/uwin-shop.com\/wp-content\/uploads\/2025\/05\/0d61067a60e129249e23b1dc103ef4d-280x280.jpg 280w, https:\/\/uwin-shop.com\/wp-content\/uploads\/2025\/05\/0d61067a60e129249e23b1dc103ef4d-768x768.jpg 768w, https:\/\/uwin-shop.com\/wp-content\/uploads\/2025\/05\/0d61067a60e129249e23b1dc103ef4d-12x12.jpg 12w, https:\/\/uwin-shop.com\/wp-content\/uploads\/2025\/05\/0d61067a60e129249e23b1dc103ef4d-60x60.jpg 60w, https:\/\/uwin-shop.com\/wp-content\/uploads\/2025\/05\/0d61067a60e129249e23b1dc103ef4d-100x100.jpg 100w, https:\/\/uwin-shop.com\/wp-content\/uploads\/2025\/05\/0d61067a60e129249e23b1dc103ef4d.jpg 1200w\" sizes=\"auto, (max-width: 400px) 100vw, 400px\" \/><\/a><\/p>\n<p>Il <strong>Uwin Shisha Crystal 20000<\/strong> non \u00e8 solo ideale per l'uso personale, ma \u00e8 anche disponibile per acquisti all'ingrosso. I rivenditori e i distributori possono stoccare questo prodotto innovativo in quantit\u00e0 maggiori, offrendo ai clienti un'esperienza di vaping di alto livello che li fa tornare per un'altra volta.<\/p>\n<p><strong>\u2705 1. Segmento di capacit\u00e0 di vendita del mercato: 20.000 pasticche, bocconi d'oro essenziale<\/strong><\/p>\n<p>Si colloca nella fascia di capacit\u00e0 medio-alta pi\u00f9 popolare del mercato, <strong>il numero di boccagli \u00e8 giusto, il prezzo \u00e8 ragionevole e l'accettazione da parte dell'utente \u00e8 elevata, <\/strong>Grazie all'equilibrio tra esperienza e convenienza, \u00e8 adatto alla maggior parte dei consumatori, <strong>facile da vendere e promuovere, con un riacquisto stabile.<\/strong><\/p>\n<p>\u2705 <strong>2. Alta qualit\u00e0 + alto livello di aspetto, il passaparola favorisce la conversione<\/strong><br \/>\nLa tecnologia di atomizzazione all'avanguardia garantisce un gusto stabile e un'esperienza eccellente.<\/p>\n<p>Il design dall'aspetto raffinato attira il gruppo di utenti pi\u00f9 giovane<br \/>\nFacile da disegnare + bello = naturalmente facile da vendere!<\/p>\n<p><strong>\u2705 3. L'andamento del mercato \u00e8 caldo, stendere in anticipo per cogliere i dividendi<\/strong><br \/>\nCon l'inasprimento delle tradizionali misure di controllo del tabacco, il gruppo di consumatori di sigarette elettroniche continua ad espandersi. Il prodotto da 20.000 puff \u00e8 la scelta pi\u00f9 diffusa. <strong>Scegliere il prodotto giusto = cogliere l'opportunit\u00e0 del mercato<\/strong> prima!<\/p>\n<p><a href=\"https:\/\/uwin-shop.com\/wp-content\/uploads\/2025\/05\/ed173a915cfdf8bc70d19fbd2e13ee0.jpg\"><img loading=\"lazy\" decoding=\"async\" class=\"alignnone size-medium wp-image-1775\" src=\"https:\/\/uwin-shop.com\/wp-content\/uploads\/2025\/05\/ed173a915cfdf8bc70d19fbd2e13ee0-400x400.jpg\" alt=\"\" width=\"400\" height=\"400\" srcset=\"https:\/\/uwin-shop.com\/wp-content\/uploads\/2025\/05\/ed173a915cfdf8bc70d19fbd2e13ee0-400x400.jpg 400w, https:\/\/uwin-shop.com\/wp-content\/uploads\/2025\/05\/ed173a915cfdf8bc70d19fbd2e13ee0-800x800.jpg 800w, https:\/\/uwin-shop.com\/wp-content\/uploads\/2025\/05\/ed173a915cfdf8bc70d19fbd2e13ee0-280x280.jpg 280w, https:\/\/uwin-shop.com\/wp-content\/uploads\/2025\/05\/ed173a915cfdf8bc70d19fbd2e13ee0-768x768.jpg 768w, https:\/\/uwin-shop.com\/wp-content\/uploads\/2025\/05\/ed173a915cfdf8bc70d19fbd2e13ee0-12x12.jpg 12w, https:\/\/uwin-shop.com\/wp-content\/uploads\/2025\/05\/ed173a915cfdf8bc70d19fbd2e13ee0-60x60.jpg 60w, https:\/\/uwin-shop.com\/wp-content\/uploads\/2025\/05\/ed173a915cfdf8bc70d19fbd2e13ee0-100x100.jpg 100w, https:\/\/uwin-shop.com\/wp-content\/uploads\/2025\/05\/ed173a915cfdf8bc70d19fbd2e13ee0.jpg 1200w\" sizes=\"auto, (max-width: 400px) 100vw, 400px\" \/><\/a><\/p>\n<h3><strong>Perch\u00e9 scegliere UWIN Vape?<\/strong><\/h3>\n<p>Quando si sceglie di acquistare da <strong>uwin-shop.com<\/strong>si ottiene l'accesso a una serie di vantaggi:<\/p>\n<p>Alto livello estetico - cattura l'attenzione a prima vista: Guscio di cristallo, ritmo leggero, design alla moda, amato dai giovani!<br \/>\n\u2705 Alta capacit\u00e0 - super potenza: da 10.000 a 35.000 porte, per soddisfare le esigenze dei diversi clienti, un solo acquisto, un pompaggio di lunga durata!<br \/>\nGusto elevato - Tecnologia Core: La nuova generazione di nucleo atomizzatore, con grande volume e gusto stabile, la soddisfazione dei fumatori supera i 90%+!<br \/>\n\u2705 Molteplici opzioni di concentrazione (da 0% a 5%): Per soddisfare un'ampia gamma di clienti, dagli amanti dei gusti leggeri ai fumatori pi\u00f9 accaniti!<\/p>\n<h2><strong>\ud83c\udfc6 Elevate la vostra attivit\u00e0 con Uwin Shisha Crystal 20000 Puff<\/strong><\/h2>\n<p>Il <strong>Uwin Shisha Crystal 20000 boccate di vapore monouso<\/strong> \u00e8 perfetto per i grossisti alla ricerca di un prodotto affidabile e di alta qualit\u00e0 che soddisfi la crescente domanda di vapes monouso di qualit\u00e0 superiore. Che siate proprietari di un vape shop, di un minimarket o semplicemente vogliate rifornirvi di un prodotto popolare all'ingrosso, questa svapata \u00e8 una delle pi\u00f9 vendute. L'eccellente gamma di aromi, le opzioni di nicotina regolabili e le prestazioni di lunga durata ne fanno una scelta interessante.<\/p>\n<p><a href=\"https:\/\/uwin-shop.com\/wp-content\/uploads\/2025\/05\/39948ca286284486a3d10e94e64a3f3.jpg\"><img loading=\"lazy\" decoding=\"async\" class=\"alignnone size-medium wp-image-1773\" src=\"https:\/\/uwin-shop.com\/wp-content\/uploads\/2025\/05\/39948ca286284486a3d10e94e64a3f3-400x400.jpg\" alt=\"\" width=\"400\" height=\"400\" srcset=\"https:\/\/uwin-shop.com\/wp-content\/uploads\/2025\/05\/39948ca286284486a3d10e94e64a3f3-400x400.jpg 400w, https:\/\/uwin-shop.com\/wp-content\/uploads\/2025\/05\/39948ca286284486a3d10e94e64a3f3-800x800.jpg 800w, https:\/\/uwin-shop.com\/wp-content\/uploads\/2025\/05\/39948ca286284486a3d10e94e64a3f3-280x280.jpg 280w, https:\/\/uwin-shop.com\/wp-content\/uploads\/2025\/05\/39948ca286284486a3d10e94e64a3f3-768x768.jpg 768w, https:\/\/uwin-shop.com\/wp-content\/uploads\/2025\/05\/39948ca286284486a3d10e94e64a3f3-12x12.jpg 12w, https:\/\/uwin-shop.com\/wp-content\/uploads\/2025\/05\/39948ca286284486a3d10e94e64a3f3-60x60.jpg 60w, https:\/\/uwin-shop.com\/wp-content\/uploads\/2025\/05\/39948ca286284486a3d10e94e64a3f3-100x100.jpg 100w, https:\/\/uwin-shop.com\/wp-content\/uploads\/2025\/05\/39948ca286284486a3d10e94e64a3f3.jpg 1200w\" sizes=\"auto, (max-width: 400px) 100vw, 400px\" \/><\/a><\/p>\n<h3><strong>\ud83d\udd25 Caratteristiche chiave per massimizzare la vostra offerta<\/strong><\/h3>\n<ul>\n<li><strong>Economicamente vantaggioso<\/strong>: Gli acquisti in blocco riducono il costo complessivo per unit\u00e0, rendendolo una scelta ideale per i rivenditori.<\/li>\n<li><strong>Soddisfazione del cliente<\/strong>: Con 15 aromi e livelli di nicotina personalizzabili, \u00e8 possibile soddisfare un'ampia variet\u00e0 di preferenze dei clienti.<\/li>\n<li><strong>Fiducia nel marchio<\/strong>: Uwin Shisha \u00e8 nota per la sua qualit\u00e0 superiore, che garantisce la fedelt\u00e0 dei clienti e la ripetizione degli acquisti.<\/li>\n<\/ul>\n<h2><strong>Siete pronti a migliorare la vostra linea di prodotti?<\/strong><\/h2>\n<p>Il <strong>Uwin Shisha Crystal 20000 boccate di vapore monouso<\/strong> \u00e8 disponibile per l'acquisto all'ingrosso presso <strong>uwin-shop.com<\/strong>. Elevate la vostra attivit\u00e0 di vape offrendo ai vostri clienti le ultime novit\u00e0 in fatto di tecnologia del vaping e di aromi. Visitate il sito <strong>uwin-shop.com<\/strong>\u00a0e fate il vostro ordine oggi stesso!<\/p>\n<\/div>","protected":false},"excerpt":{"rendered":"<ul>\n<li data-start=\"180\" data-end=\"216\"><span style=\"color: #ff6600;\"><strong>Tutti i prezzi sono indicati per pezzo<\/strong><\/span><\/li>\n<li data-start=\"217\" data-end=\"257\">\n<p data-start=\"219\" data-end=\"257\"><span style=\"color: #ff6600;\"><strong>Quantit\u00e0 minima ordinabile: 3 pezzi<\/strong><\/span><\/p>\n<\/li>\n<\/ul>\n<p data-start=\"329\" data-end=\"466\"><strong><span style=\"color: #000000;\">\ud83d\ude9a Questa politica ci aiuta a offrire prezzi migliori e spedizioni pi\u00f9 rapide.<\/span><\/strong><br data-start=\"394\" data-end=\"397\" \/><strong><span style=\"color: #000000;\">\ud83d\udcac Domande? Siamo felici di aiutarvi!<\/span><\/strong><br data-start=\"431\" data-end=\"434\" \/><strong><span style=\"color: #000000;\">\ud83d\udcf2 WhatsApp: <a style=\"color: #000000;\" href=\"https:\/\/wa.me\/+64204871919\" target=\"_blank\" rel=\"noreferrer noopener\">+64 20 487 1919<\/a><\/span><\/strong><\/p>","protected":false},"featured_media":531,"template":"","meta":[],"product_brand":[],"product_cat":[86],"product_tag":[],"class_list":{"0":"post-1308","1":"product","2":"type-product","3":"status-publish","4":"has-post-thumbnail","6":"product_cat-uwin","8":"first","9":"instock","10":"shipping-taxable","11":"purchasable","12":"product-type-variable","13":"has-default-attributes"},"tiered_pricing_type":"fixed","tiered_pricing_fixed_rules":[],"tiered_pricing_product_settings":{"layout":"default","base_unit_name":{"singular":null,"plural":null},"default_variation":null},"tiered_pricing_minimum_quantity":null,"tiered_pricing_roles_data":[],"tiered_pricing_percentage_rules":[],"tiered_pricing_maximum_quantity":null,"tiered_pricing_quantity_step":null,"_links":{"self":[{"href":"https:\/\/uwin-shop.com\/it\/wp-json\/wp\/v2\/product\/1308","targetHints":{"allow":["GET"]}}],"collection":[{"href":"https:\/\/uwin-shop.com\/it\/wp-json\/wp\/v2\/product"}],"about":[{"href":"https:\/\/uwin-shop.com\/it\/wp-json\/wp\/v2\/types\/product"}],"wp:featuredmedia":[{"embeddable":true,"href":"https:\/\/uwin-shop.com\/it\/wp-json\/wp\/v2\/media\/531"}],"wp:attachment":[{"href":"https:\/\/uwin-shop.com\/it\/wp-json\/wp\/v2\/media?parent=1308"}],"wp:term":[{"taxonomy":"product_brand","embeddable":true,"href":"https:\/\/uwin-shop.com\/it\/wp-json\/wp\/v2\/product_brand?post=1308"},{"taxonomy":"product_cat","embeddable":true,"href":"https:\/\/uwin-shop.com\/it\/wp-json\/wp\/v2\/product_cat?post=1308"},{"taxonomy":"product_tag","embeddable":true,"href":"https:\/\/uwin-shop.com\/it\/wp-json\/wp\/v2\/product_tag?post=1308"}],"curies":[{"name":"wp","href":"https:\/\/api.w.org\/{rel}","templated":true}]}}