{"id":1495,"date":"2025-05-15T09:17:47","date_gmt":"2025-05-15T01:17:47","guid":{"rendered":"https:\/\/uwin-shop.com\/?post_type=product&#038;p=1495"},"modified":"2025-07-02T17:10:35","modified_gmt":"2025-07-02T09:10:35","slug":"uwin-crystal-10000-puffs","status":"publish","type":"product","link":"https:\/\/uwin-shop.com\/it\/prodotto\/uwin-crystal-10000-puffs\/","title":{"rendered":"Uwin Crystal 10000 Puffs (30 gusti)"},"content":{"rendered":"<h1><strong><span style=\"font-size: 25.92px; color: #333333;\">Provate l'Uwin Crystal 10000 Puffs: La soluzione di vaping definitiva<\/span><\/strong><\/h1>\n<p><a href=\"https:\/\/uwin-shop.com\/wp-content\/uploads\/2025\/05\/\u6d77\u62a51.jpg\"><img loading=\"lazy\" decoding=\"async\" class=\"alignnone size-medium wp-image-1764\" src=\"https:\/\/uwin-shop.com\/wp-content\/uploads\/2025\/05\/\u6d77\u62a51-281x400.jpg\" alt=\"\" width=\"281\" height=\"400\" srcset=\"https:\/\/uwin-shop.com\/wp-content\/uploads\/2025\/05\/\u6d77\u62a51-281x400.jpg 281w, https:\/\/uwin-shop.com\/wp-content\/uploads\/2025\/05\/\u6d77\u62a51-563x800.jpg 563w, https:\/\/uwin-shop.com\/wp-content\/uploads\/2025\/05\/\u6d77\u62a51-768x1091.jpg 768w, https:\/\/uwin-shop.com\/wp-content\/uploads\/2025\/05\/\u6d77\u62a51-8x12.jpg 8w, https:\/\/uwin-shop.com\/wp-content\/uploads\/2025\/05\/\u6d77\u62a51-60x85.jpg 60w, https:\/\/uwin-shop.com\/wp-content\/uploads\/2025\/05\/\u6d77\u62a51-800x1137.jpg 800w, https:\/\/uwin-shop.com\/wp-content\/uploads\/2025\/05\/\u6d77\u62a51.jpg 912w\" sizes=\"auto, (max-width: 281px) 100vw, 281px\" \/><\/a><\/p>\n<section class=\"relative\">\n<div class=\"product-desc-item-content mce-content\">\n<h2><strong>\ud83d\udca1 Scopri il Vape usa e getta Uwin Crystal 10000 Puffs<\/strong><\/h2>\n<p>Introduzione al <strong>Uwin Crystal 10000 boccate di vapore monouso<\/strong>-Progettato per offrire prestazioni elevate e soddisfazione ad ogni boccata. Disponibile all'ingrosso presso <strong>UWINCAPES<\/strong>Questa penna da svapo monouso, elegante e di alta qualit\u00e0, \u00e8 perfetta sia per i vapers esperti che per i principianti. Grazie alle sue capacit\u00e0 di lunga durata, alle vivaci luci RGB e alla variet\u00e0 di opzioni di nicotina, Uwin Crystal 10000 Puffs stabilisce un nuovo standard nel mondo dei vapers usa e getta.<\/p>\n<p><a href=\"https:\/\/uwin-shop.com\/wp-content\/uploads\/2025\/05\/AA-2.jpg\"><img loading=\"lazy\" decoding=\"async\" class=\"alignnone size-medium wp-image-1740\" src=\"https:\/\/uwin-shop.com\/wp-content\/uploads\/2025\/05\/AA-2-400x400.jpg\" alt=\"\" width=\"400\" height=\"400\" srcset=\"https:\/\/uwin-shop.com\/wp-content\/uploads\/2025\/05\/AA-2-400x400.jpg 400w, https:\/\/uwin-shop.com\/wp-content\/uploads\/2025\/05\/AA-2-800x800.jpg 800w, https:\/\/uwin-shop.com\/wp-content\/uploads\/2025\/05\/AA-2-280x280.jpg 280w, https:\/\/uwin-shop.com\/wp-content\/uploads\/2025\/05\/AA-2-768x768.jpg 768w, https:\/\/uwin-shop.com\/wp-content\/uploads\/2025\/05\/AA-2-12x12.jpg 12w, https:\/\/uwin-shop.com\/wp-content\/uploads\/2025\/05\/AA-2-60x60.jpg 60w, https:\/\/uwin-shop.com\/wp-content\/uploads\/2025\/05\/AA-2-100x100.jpg 100w, https:\/\/uwin-shop.com\/wp-content\/uploads\/2025\/05\/AA-2.jpg 1200w\" sizes=\"auto, (max-width: 400px) 100vw, 400px\" \/><\/a><\/p>\n<h2><strong>\ud83d\udd01 Caratteristiche impressionanti per prestazioni ineguagliabili<\/strong><\/h2>\n<p>Il <strong>Uwin Crystal 10000<\/strong> \u00e8 un vero e proprio cambiamento di gioco, che offre un'impressionante <strong>10.000 soffi<\/strong> per dispositivo. Questa penna a vapore \u00e8 dotata di una batteria ricaricabile. <strong>Batteria da 650 mAh<\/strong>, assicurando un uso prolungato senza il fastidio di una ricarica continua. Grazie alla sua <strong>Porta di ricarica Type-C<\/strong>Il dispositivo pu\u00f2 essere ricaricato rapidamente, consentendo di continuare a godere di un'esperienza di vaping senza problemi. Con un <strong>Capacit\u00e0 di 18 ml di e-liquid<\/strong>Questa svapata riduce notevolmente la necessit\u00e0 di ricariche, rendendola ideale per i vapers in movimento.<\/p>\n<p><a href=\"https:\/\/uwin-shop.com\/wp-content\/uploads\/2025\/05\/Uwin-crystal-10000-poster-2-scaled.jpg\"><img loading=\"lazy\" decoding=\"async\" class=\"alignnone size-medium wp-image-1754\" src=\"https:\/\/uwin-shop.com\/wp-content\/uploads\/2025\/05\/Uwin-crystal-10000-poster-2-640x400.jpg\" alt=\"\" width=\"640\" height=\"400\" srcset=\"https:\/\/uwin-shop.com\/wp-content\/uploads\/2025\/05\/Uwin-crystal-10000-poster-2-640x400.jpg 640w, https:\/\/uwin-shop.com\/wp-content\/uploads\/2025\/05\/Uwin-crystal-10000-poster-2-1280x800.jpg 1280w, https:\/\/uwin-shop.com\/wp-content\/uploads\/2025\/05\/Uwin-crystal-10000-poster-2-768x480.jpg 768w, https:\/\/uwin-shop.com\/wp-content\/uploads\/2025\/05\/Uwin-crystal-10000-poster-2-1536x960.jpg 1536w, https:\/\/uwin-shop.com\/wp-content\/uploads\/2025\/05\/Uwin-crystal-10000-poster-2-2048x1280.jpg 2048w, https:\/\/uwin-shop.com\/wp-content\/uploads\/2025\/05\/Uwin-crystal-10000-poster-2-18x12.jpg 18w, https:\/\/uwin-shop.com\/wp-content\/uploads\/2025\/05\/Uwin-crystal-10000-poster-2-60x38.jpg 60w, https:\/\/uwin-shop.com\/wp-content\/uploads\/2025\/05\/Uwin-crystal-10000-poster-2-800x500.jpg 800w\" sizes=\"auto, (max-width: 640px) 100vw, 640px\" \/><\/a><\/p>\n<h3><strong>\u2699\ufe0fCutting Tecnologia della bobina a spigoli vivi<\/strong><\/h3>\n<p>Ci\u00f2 che distingue l'Uwin Crystal \u00e8 il suo avanzato <strong>Tecnologia della bobina a rete da 0,8 ohm<\/strong>che migliora sia l'aroma che la produzione di vapore. Sia che preferiate <strong>0%<\/strong>, <strong>2%<\/strong>, <strong>3%<\/strong>, o <strong>5%<\/strong> Questa penna da svapo \u00e8 in grado di soddisfare una vasta gamma di preferenze, consentendo agli utenti di personalizzare la propria esperienza. Inoltre, la vivace <strong>Luci RGB<\/strong> aggiungono un tocco di modernit\u00e0, rendendolo visivamente accattivante mentre si svapa. Leggero e portatile, questo prodotto \u00e8 stato progettato per i vapers che apprezzano sia lo stile che la convenienza.<\/p>\n<h3><strong><span style=\"font-size: 23.04px; color: #333333;\">Il paradiso del gusto vi aspetta \ud83c\udfa8A<\/span><\/strong><\/h3>\n<p><a href=\"https:\/\/uwin-shop.com\/wp-content\/uploads\/2025\/05\/Uwin-crystal-10000-poster-9-\u62f7\u8d1d-scaled.png\"><img loading=\"lazy\" decoding=\"async\" class=\"alignnone size-medium wp-image-1761\" src=\"https:\/\/uwin-shop.com\/wp-content\/uploads\/2025\/05\/Uwin-crystal-10000-poster-9-\u62f7\u8d1d-546x400.png\" alt=\"\" width=\"546\" height=\"400\" srcset=\"https:\/\/uwin-shop.com\/wp-content\/uploads\/2025\/05\/Uwin-crystal-10000-poster-9-\u62f7\u8d1d-546x400.png 546w, https:\/\/uwin-shop.com\/wp-content\/uploads\/2025\/05\/Uwin-crystal-10000-poster-9-\u62f7\u8d1d-1093x800.png 1093w, https:\/\/uwin-shop.com\/wp-content\/uploads\/2025\/05\/Uwin-crystal-10000-poster-9-\u62f7\u8d1d-768x562.png 768w, https:\/\/uwin-shop.com\/wp-content\/uploads\/2025\/05\/Uwin-crystal-10000-poster-9-\u62f7\u8d1d-1536x1124.png 1536w, https:\/\/uwin-shop.com\/wp-content\/uploads\/2025\/05\/Uwin-crystal-10000-poster-9-\u62f7\u8d1d-2048x1499.png 2048w, https:\/\/uwin-shop.com\/wp-content\/uploads\/2025\/05\/Uwin-crystal-10000-poster-9-\u62f7\u8d1d-16x12.png 16w, https:\/\/uwin-shop.com\/wp-content\/uploads\/2025\/05\/Uwin-crystal-10000-poster-9-\u62f7\u8d1d-60x44.png 60w, https:\/\/uwin-shop.com\/wp-content\/uploads\/2025\/05\/Uwin-crystal-10000-poster-9-\u62f7\u8d1d-800x586.png 800w\" sizes=\"auto, (max-width: 546px) 100vw, 546px\" \/><\/a><\/p>\n<p>Il <strong>Uwin Cristallo 10000 Bign\u00e8<\/strong> offre una straordinaria gamma di <strong>15 deliziosi sapori<\/strong>, ognuno realizzato alla perfezione per offrire un'esperienza unica e soddisfacente a ogni boccata. Ecco una panoramica di alcuni degli entusiasmanti sapori che potrete assaporare:<\/p>\n<ul>\n<li><strong>\ud83e\uded0\ud83c\udf53 Mirtillo lampone<\/strong>: Un mix stuzzicante di mirtilli dolci e lamponi piccanti per una delizia fruttata ed equilibrata.<\/li>\n<li><strong>\ud83c\udf47\u2744\ufe0fGrape ghiaccio<\/strong>: Sperimenta un ricco e succoso sapore di uva con un fresco finale ghiacciato per una svapata rinfrescante.<\/li>\n<li><strong>\ud83c\udf53\ud83c\udf49Anguria al mirtillo<\/strong>: Le dolci fragole si fondono perfettamente con il gusto fresco dell'anguria, creando un delizioso mix di frutta.<\/li>\n<li><strong>\ud83e\uded0\u2744\ufe0fBlueberry sul ghiaccio<\/strong>: Un tocco gelido di mirtilli maturi, che offre una sensazione rinfrescante e fresca.<\/li>\n<li><strong>\ud83c\udf49\u2744\ufe0fWatermelon ghiaccio<\/strong>: Godetevi una dolce esplosione di anguria seguita da una fresca espirazione, perfetta per le giornate calde.<\/li>\n<\/ul>\n<h3><strong>\ud83c\udf08Maggiori opzioni di gusto da esplorare<\/strong><\/h3>\n<p>Oltre a questi preferiti dai fan, l'Uwin Crystal offre altri gusti interessanti:<\/p>\n<ul>\n<li><strong>\ud83c\udf52\u2744\ufe0fCherry ghiaccio<\/strong>: Un succulento sapore di ciliegia miscelato con una finitura ghiacciata per una svapata liscia e soddisfacente.<\/li>\n<li><strong>\ud83c\udf53\ud83c\udf47\ud83c\udf52Fragola Lampone Ciliegia<\/strong>: Un trio di frutti di bosco che combina fragole dolci, lamponi aspri e ciliegie succose.<\/li>\n<li><strong>\ud83e\udd5d\ud83c\udf48\ud83c\udf51Kiwi Frutto della Passione Guava<\/strong>: Una fusione tropicale di kiwi piccante, frutto della passione esotico e guava dolce per una vacanza in una svapata.<\/li>\n<li><strong>\ud83c\udf53\u2744\ufe0fStrawberry ghiaccio<\/strong>: Classico sapore di fragola con un tocco di mentolo per un'esperienza frizzante e rinfrescante.<\/li>\n<li><strong>\ud83c\udf51\u2744\ufe0fPeach ghiaccio<\/strong>: Pesca dolce e succosa abbinata a una finitura ghiacciata per una svapata perfettamente equilibrata.<\/li>\n<\/ul>\n<h2><strong>\ud83e\udd1d Opportunit\u00e0 e vantaggi della vendita all'ingrosso<\/strong><\/h2>\n<p>Il <strong>Uwin Crystal 10000<\/strong> non \u00e8 solo ideale per l'uso personale, ma \u00e8 anche disponibile per acquisti all'ingrosso. I rivenditori e i distributori possono stoccare questo prodotto innovativo in quantit\u00e0 maggiori, offrendo ai clienti un'esperienza di vaping di qualit\u00e0 superiore che li rende soddisfatti.<\/p>\n<p><a href=\"https:\/\/uwin-shop.com\/wp-content\/uploads\/2025\/05\/Uwin-crystal-10000-poster-6-\u62f7\u8d1d-scaled.png\"><img loading=\"lazy\" decoding=\"async\" class=\"alignnone size-medium wp-image-1758\" src=\"https:\/\/uwin-shop.com\/wp-content\/uploads\/2025\/05\/Uwin-crystal-10000-poster-6-\u62f7\u8d1d-533x400.png\" alt=\"\" width=\"533\" height=\"400\" srcset=\"https:\/\/uwin-shop.com\/wp-content\/uploads\/2025\/05\/Uwin-crystal-10000-poster-6-\u62f7\u8d1d-533x400.png 533w, https:\/\/uwin-shop.com\/wp-content\/uploads\/2025\/05\/Uwin-crystal-10000-poster-6-\u62f7\u8d1d-1066x800.png 1066w, https:\/\/uwin-shop.com\/wp-content\/uploads\/2025\/05\/Uwin-crystal-10000-poster-6-\u62f7\u8d1d-768x577.png 768w, https:\/\/uwin-shop.com\/wp-content\/uploads\/2025\/05\/Uwin-crystal-10000-poster-6-\u62f7\u8d1d-1536x1153.png 1536w, https:\/\/uwin-shop.com\/wp-content\/uploads\/2025\/05\/Uwin-crystal-10000-poster-6-\u62f7\u8d1d-2048x1537.png 2048w, https:\/\/uwin-shop.com\/wp-content\/uploads\/2025\/05\/Uwin-crystal-10000-poster-6-\u62f7\u8d1d-16x12.png 16w, https:\/\/uwin-shop.com\/wp-content\/uploads\/2025\/05\/Uwin-crystal-10000-poster-6-\u62f7\u8d1d-60x45.png 60w, https:\/\/uwin-shop.com\/wp-content\/uploads\/2025\/05\/Uwin-crystal-10000-poster-6-\u62f7\u8d1d-800x601.png 800w\" sizes=\"auto, (max-width: 533px) 100vw, 533px\" \/><\/a><\/p>\n<\/div>\n<\/section>\n<section class=\"relative\">\n<div class=\"product-desc-item-content mce-content\">\n<h3><strong>\ud83d\udc8ePerch\u00e9 scegliere Uwin\u00a0<\/strong><strong>Vape<\/strong><strong>?<\/strong><\/h3>\n<p><strong>Forte marchio, qualit\u00e0 garantita<\/strong><br \/>\nUWIN si attiene a processi produttivi di alto livello, seleziona con cura le materie prime e conduce rigorosi controlli di qualit\u00e0. Garantisce <strong>qualit\u00e0 stabile, gusto autentico ed elevata soddisfazione dell'utente,<\/strong> con l'obiettivo di costruire un marchio professionale affidabile di sigarette elettroniche.<\/p>\n<p><strong>Tecnologia all'avanguardia, esperienza superiore<\/strong><br \/>\nL'applicazione di un nucleo di atomizzazione in ceramica\/rete di nuova generazione garantisce un'atomizzazione uniforme e una consistenza fine.<\/p>\n<p>Supporti <strong>concentrazioni multiple di nicotina ( 2%, 5%),<\/strong> adatto a diversi gruppi di persone<\/p>\n<p>Design ad alto numero di porte (10.000 porte, 35.000 porte, ecc.), batteria di lunga durata e sostituzione poco frequente<\/p>\n<p><strong>\u2705 UWIN, non solo sigarette elettroniche<\/strong><br \/>\nHa un sapore migliore, un livello di aspetto pi\u00f9 elevato e una qualit\u00e0 pi\u00f9 stabile.<br \/>\n\u00c8 anche un ottimo trampolino di lancio per far decollare la vostra carriera!<\/p>\n<p><a href=\"https:\/\/uwin-shop.com\/wp-content\/uploads\/2025\/05\/Uwin-crystal-10000-poster-5\u62f7\u8d1d.png\"><img loading=\"lazy\" decoding=\"async\" class=\"alignnone size-medium wp-image-1757\" src=\"https:\/\/uwin-shop.com\/wp-content\/uploads\/2025\/05\/Uwin-crystal-10000-poster-5\u62f7\u8d1d-604x400.png\" alt=\"\" width=\"604\" height=\"400\" srcset=\"https:\/\/uwin-shop.com\/wp-content\/uploads\/2025\/05\/Uwin-crystal-10000-poster-5\u62f7\u8d1d-604x400.png 604w, https:\/\/uwin-shop.com\/wp-content\/uploads\/2025\/05\/Uwin-crystal-10000-poster-5\u62f7\u8d1d-1209x800.png 1209w, https:\/\/uwin-shop.com\/wp-content\/uploads\/2025\/05\/Uwin-crystal-10000-poster-5\u62f7\u8d1d-768x508.png 768w, https:\/\/uwin-shop.com\/wp-content\/uploads\/2025\/05\/Uwin-crystal-10000-poster-5\u62f7\u8d1d-1536x1017.png 1536w, https:\/\/uwin-shop.com\/wp-content\/uploads\/2025\/05\/Uwin-crystal-10000-poster-5\u62f7\u8d1d-18x12.png 18w, https:\/\/uwin-shop.com\/wp-content\/uploads\/2025\/05\/Uwin-crystal-10000-poster-5\u62f7\u8d1d-60x40.png 60w, https:\/\/uwin-shop.com\/wp-content\/uploads\/2025\/05\/Uwin-crystal-10000-poster-5\u62f7\u8d1d-800x530.png 800w, https:\/\/uwin-shop.com\/wp-content\/uploads\/2025\/05\/Uwin-crystal-10000-poster-5\u62f7\u8d1d.png 1970w\" sizes=\"auto, (max-width: 604px) 100vw, 604px\" \/><\/a><\/p>\n<h2><strong>\ud83d\udcbc Elevate il vostro business con Uwin Crystal 10000 Puffs<\/strong><\/h2>\n<p>Il <strong>Uwin Crystal 10000 boccate di vapore monouso<\/strong> \u00e8 perfetto per i grossisti che cercano un prodotto affidabile e di alta qualit\u00e0 per soddisfare la crescente domanda di vapes monouso di qualit\u00e0 superiore. Che siate proprietari di un vape shop, di un minimarket o semplicemente vogliate rifornirvi di un prodotto popolare all'ingrosso, questa svapata \u00e8 una delle pi\u00f9 vendute grazie alla sua eccellente qualit\u00e0. <strong>gamma di aromi, opzioni di nicotina regolabili<\/strong>e prestazioni di lunga durata.<\/p>\n<h3><strong>\ud83d\udd11 Caratteristiche chiave per massimizzare la vostra offerta<\/strong><\/h3>\n<p><a href=\"https:\/\/uwin-shop.com\/wp-content\/uploads\/2025\/05\/\u6d77\u62a54.jpg\"><img loading=\"lazy\" decoding=\"async\" class=\"alignnone size-medium wp-image-1765\" src=\"https:\/\/uwin-shop.com\/wp-content\/uploads\/2025\/05\/\u6d77\u62a54-563x400.jpg\" alt=\"\" width=\"563\" height=\"400\" srcset=\"https:\/\/uwin-shop.com\/wp-content\/uploads\/2025\/05\/\u6d77\u62a54-563x400.jpg 563w, https:\/\/uwin-shop.com\/wp-content\/uploads\/2025\/05\/\u6d77\u62a54-1125x800.jpg 1125w, https:\/\/uwin-shop.com\/wp-content\/uploads\/2025\/05\/\u6d77\u62a54-768x546.jpg 768w, https:\/\/uwin-shop.com\/wp-content\/uploads\/2025\/05\/\u6d77\u62a54-1536x1092.jpg 1536w, https:\/\/uwin-shop.com\/wp-content\/uploads\/2025\/05\/\u6d77\u62a54-18x12.jpg 18w, https:\/\/uwin-shop.com\/wp-content\/uploads\/2025\/05\/\u6d77\u62a54-60x43.jpg 60w, https:\/\/uwin-shop.com\/wp-content\/uploads\/2025\/05\/\u6d77\u62a54-800x569.jpg 800w, https:\/\/uwin-shop.com\/wp-content\/uploads\/2025\/05\/\u6d77\u62a54.jpg 1800w\" sizes=\"auto, (max-width: 563px) 100vw, 563px\" \/><\/a><\/p>\n<ul>\n<li><strong>Economicamente vantaggioso<\/strong>: Gli acquisti in blocco riducono il costo complessivo per unit\u00e0, rendendolo una scelta ideale per i rivenditori.<\/li>\n<li><strong>Soddisfazione del cliente<\/strong>: Con 30 aromi e livelli di nicotina personalizzabili, \u00e8 possibile soddisfare un'ampia variet\u00e0 di preferenze dei clienti.<\/li>\n<li><strong>Fiducia nel marchio<\/strong>: Uwin Crystal \u00e8 noto per la sua qualit\u00e0 superiore, che garantisce la fedelt\u00e0 dei clienti e la ripetizione degli acquisti.<\/li>\n<\/ul>\n<h2><strong>\ud83d\udd25 Siete pronti a migliorare la vostra linea di prodotti?<\/strong><\/h2>\n<p>Il <strong>Uwin Crystal 10000 boccate di vapore monouso<\/strong> \u00e8 disponibile per l'acquisto all'ingrosso presso <strong>uwin-shop.com<\/strong>. Elevate la vostra attivit\u00e0 di vape offrendo ai vostri clienti le ultime novit\u00e0 in fatto di tecnologia del vaping e di aromi. Visitate il sito <strong>uwin-shop.com\u00a0<\/strong>e fate il vostro ordine oggi stesso!<\/p>\n<\/div>\n<\/section>\n<p>&nbsp;<\/p>","protected":false},"excerpt":{"rendered":"<ul>\n<li data-start=\"180\" data-end=\"216\"><span style=\"color: #ff6600;\"><strong>Tutti i prezzi sono indicati per pezzo<\/strong><\/span><\/li>\n<li data-start=\"217\" data-end=\"257\">\n<p data-start=\"219\" data-end=\"257\"><span style=\"color: #ff6600;\"><strong>Quantit\u00e0 minima ordinabile: 3 pezzi<\/strong><\/span><\/p>\n<\/li>\n<\/ul>\n<p data-start=\"329\" data-end=\"466\"><strong><span style=\"color: #000000;\">\ud83d\ude9a Questa politica ci aiuta a offrire prezzi migliori e spedizioni pi\u00f9 rapide.<\/span><\/strong><br data-start=\"394\" data-end=\"397\" \/><strong><span style=\"color: #000000;\">\ud83d\udcac Domande? Siamo felici di aiutarvi!<\/span><\/strong><br data-start=\"431\" data-end=\"434\" \/><strong><span style=\"color: #000000;\">\ud83d\udcf2 WhatsApp: <a style=\"color: #000000;\" href=\"https:\/\/wa.me\/+64204871919\" target=\"_blank\" rel=\"noreferrer noopener\">+64 20 487 1919<\/a><\/span><\/strong><\/p>","protected":false},"featured_media":1701,"template":"","meta":[],"product_brand":[],"product_cat":[86],"product_tag":[],"class_list":{"0":"post-1495","1":"product","2":"type-product","3":"status-publish","4":"has-post-thumbnail","6":"product_cat-uwin","8":"first","9":"instock","10":"shipping-taxable","11":"purchasable","12":"product-type-variable","13":"has-default-attributes"},"tiered_pricing_type":"fixed","tiered_pricing_fixed_rules":[],"tiered_pricing_product_settings":{"layout":"default","base_unit_name":{"singular":null,"plural":null},"default_variation":null},"tiered_pricing_minimum_quantity":null,"tiered_pricing_roles_data":[],"tiered_pricing_percentage_rules":[],"tiered_pricing_maximum_quantity":null,"tiered_pricing_quantity_step":null,"_links":{"self":[{"href":"https:\/\/uwin-shop.com\/it\/wp-json\/wp\/v2\/product\/1495","targetHints":{"allow":["GET"]}}],"collection":[{"href":"https:\/\/uwin-shop.com\/it\/wp-json\/wp\/v2\/product"}],"about":[{"href":"https:\/\/uwin-shop.com\/it\/wp-json\/wp\/v2\/types\/product"}],"wp:featuredmedia":[{"embeddable":true,"href":"https:\/\/uwin-shop.com\/it\/wp-json\/wp\/v2\/media\/1701"}],"wp:attachment":[{"href":"https:\/\/uwin-shop.com\/it\/wp-json\/wp\/v2\/media?parent=1495"}],"wp:term":[{"taxonomy":"product_brand","embeddable":true,"href":"https:\/\/uwin-shop.com\/it\/wp-json\/wp\/v2\/product_brand?post=1495"},{"taxonomy":"product_cat","embeddable":true,"href":"https:\/\/uwin-shop.com\/it\/wp-json\/wp\/v2\/product_cat?post=1495"},{"taxonomy":"product_tag","embeddable":true,"href":"https:\/\/uwin-shop.com\/it\/wp-json\/wp\/v2\/product_tag?post=1495"}],"curies":[{"name":"wp","href":"https:\/\/api.w.org\/{rel}","templated":true}]}}