{"id":1649,"date":"2025-05-15T16:13:13","date_gmt":"2025-05-15T08:13:13","guid":{"rendered":"https:\/\/uwin-shop.com\/?post_type=product&#038;p=1649"},"modified":"2025-07-02T17:09:46","modified_gmt":"2025-07-02T09:09:46","slug":"randm-uwin-tornado-music-35k-puffs%ef%bc%88bottom-button%ef%bc%89","status":"publish","type":"product","link":"https:\/\/uwin-shop.com\/it\/prodotto\/randm-uwin-tornado-music-35k-puffs%ef%bc%88bottom-button%ef%bc%89\/","title":{"rendered":"RandM UWIN Tornado Music 35000 Puffs\uff08Pulsante inferiore\uff09"},"content":{"rendered":"<h1><strong>\ud83c\udf1f UWIN 35.000-puffi sigaretta elettronica - Smart Rhythm, uno \u00e8 a casa!<\/strong><\/h1>\n<p><a href=\"https:\/\/uwin-shop.com\/wp-content\/uploads\/2025\/05\/4-1.webp\"><img loading=\"lazy\" decoding=\"async\" class=\"alignnone size-medium wp-image-1711\" src=\"https:\/\/uwin-shop.com\/wp-content\/uploads\/2025\/05\/4-1-600x400.webp\" alt=\"\" width=\"600\" height=\"400\" srcset=\"https:\/\/uwin-shop.com\/wp-content\/uploads\/2025\/05\/4-1-600x400.webp 600w, https:\/\/uwin-shop.com\/wp-content\/uploads\/2025\/05\/4-1-1200x800.webp 1200w, https:\/\/uwin-shop.com\/wp-content\/uploads\/2025\/05\/4-1-768x512.webp 768w, https:\/\/uwin-shop.com\/wp-content\/uploads\/2025\/05\/4-1-1536x1024.webp 1536w, https:\/\/uwin-shop.com\/wp-content\/uploads\/2025\/05\/4-1-18x12.webp 18w, https:\/\/uwin-shop.com\/wp-content\/uploads\/2025\/05\/4-1-60x40.webp 60w, https:\/\/uwin-shop.com\/wp-content\/uploads\/2025\/05\/4-1-800x533.webp 800w, https:\/\/uwin-shop.com\/wp-content\/uploads\/2025\/05\/4-1.webp 1800w\" sizes=\"auto, (max-width: 600px) 100vw, 600px\" \/><\/a><\/p>\n<h2><strong>\ud83d\ude80 batteria di lunghissima durata,<\/strong><strong>\u00a035.000 bocconi<\/strong><strong>\u00a0capacit\u00e0 super grande<\/strong><\/h2>\n<h4>Una UWIN equivale a pi\u00f9 sigarette elettroniche normali! Con una batteria di lunghissima durata\u00a0<strong>35.000 Bign\u00e8<\/strong>Non solo dura pi\u00f9 a lungo, ma consente anche di risparmiare molto, diventando cos\u00ec la scelta ideale per gli utenti pi\u00f9 esigenti.<\/h4>\n<h2><strong>\ud83c\udfb5 Le luci si muovono a ritmo di musica, l'esclusivo dispositivo d'atmosfera dei trend setter<\/strong><\/h2>\n<h4>Basta premere il pulsante inferiore per attivare il <strong>modalit\u00e0 effetto luce abbagliante<\/strong>. Con il chip di rilevamento audio integrato, <strong>le luci danzeranno al ritmo della musica<\/strong>facendo impazzire l'intero locale!<\/h4>\n<h4>Che sia a una festa, in un bar o per strada di notte, <strong>le luci danzano a ritmo, sono fresche al punto giusto e voi siete il fulcro dell'intera scena!<\/strong><\/h4>\n<p><a href=\"https:\/\/uwin-shop.com\/wp-content\/uploads\/2025\/05\/5-1.webp\"><img loading=\"lazy\" decoding=\"async\" class=\"alignnone size-medium wp-image-1712\" src=\"https:\/\/uwin-shop.com\/wp-content\/uploads\/2025\/05\/5-1-400x400.webp\" alt=\"\" width=\"400\" height=\"400\" srcset=\"https:\/\/uwin-shop.com\/wp-content\/uploads\/2025\/05\/5-1-400x400.webp 400w, https:\/\/uwin-shop.com\/wp-content\/uploads\/2025\/05\/5-1-280x280.webp 280w, https:\/\/uwin-shop.com\/wp-content\/uploads\/2025\/05\/5-1-768x768.webp 768w, https:\/\/uwin-shop.com\/wp-content\/uploads\/2025\/05\/5-1-12x12.webp 12w, https:\/\/uwin-shop.com\/wp-content\/uploads\/2025\/05\/5-1-60x60.webp 60w, https:\/\/uwin-shop.com\/wp-content\/uploads\/2025\/05\/5-1-100x100.webp 100w, https:\/\/uwin-shop.com\/wp-content\/uploads\/2025\/05\/5-1.webp 800w\" sizes=\"auto, (max-width: 400px) 100vw, 400px\" \/><\/a><\/p>\n<h2><strong>\ud83d\udd18 I pulsanti di raffreddamento nella parte inferiore sono facili da controllare<\/strong><\/h2>\n<h4>Dotato di un sistema indipendente\u00a0<strong>pulsante inferiore multifunzionale<\/strong>\u00c8 facile cambiare la modalit\u00e0 dell'effetto luminoso, attivare il dispositivo o controllarne lo stato, offrendo una doppia esperienza di tecnologia e controllo.<\/h4>\n<h2><strong>\ud83d\udca8 Alto volume di fumo, rinfrescante per i polmoni<\/strong><\/h2>\n<h4>Adotta un design a grande emissione di fumo, soddisfacendo gli elevati standard dei fumatori di lunga data per un<strong>\u00a0\"Una vera esperienza di fumo\"<\/strong>, offrendo una sensazione rinfrescante che arriva fino in fondo alla gola!<\/h4>\n<h2><strong>\ud83d\udd0b Carica rapida Type-C, una carica per pi\u00f9 giorni<\/strong><\/h2>\n<h4>Dotato di\u00a0<strong>Interfaccia di ricarica rapida ad alta velocit\u00e0 Type-C<\/strong>La velocit\u00e0 di ricarica \u00e8 pi\u00f9 rapida e la batteria da 850 mAh mantiene l'autonomia per lungo tempo!<\/h4>\n<p><a href=\"https:\/\/uwin-shop.com\/wp-content\/uploads\/2025\/05\/%E6%A8%AA%E5%B9%85.jpg\"><img loading=\"lazy\" decoding=\"async\" class=\"alignnone size-medium wp-image-1652\" src=\"https:\/\/uwin-shop.com\/wp-content\/uploads\/2025\/05\/%E6%A8%AA%E5%B9%85-732x400.jpg\" sizes=\"auto, (max-width: 732px) 100vw, 732px\" srcset=\"https:\/\/uwin-shop.com\/wp-content\/uploads\/2025\/05\/\u6a2a\u5e45-732x400.jpg 732w, https:\/\/uwin-shop.com\/wp-content\/uploads\/2025\/05\/\u6a2a\u5e45-768x420.jpg 768w, https:\/\/uwin-shop.com\/wp-content\/uploads\/2025\/05\/\u6a2a\u5e45-18x10.jpg 18w, https:\/\/uwin-shop.com\/wp-content\/uploads\/2025\/05\/\u6a2a\u5e45-60x33.jpg 60w, https:\/\/uwin-shop.com\/wp-content\/uploads\/2025\/05\/\u6a2a\u5e45-800x437.jpg 800w, https:\/\/uwin-shop.com\/wp-content\/uploads\/2025\/05\/\u6a2a\u5e45.jpg 1330w\" alt=\"\" width=\"732\" height=\"400\" \/><\/a><\/p>\n<h2><strong>\ud83e\uddeaUWIN\u00a0<\/strong><strong>35.000 Bign\u00e8\u00a0<\/strong><strong>Sigaretta elettronica - Selezione del contenuto di nicotina<\/strong><\/h2>\n<h4>La sigaretta elettronica UWIN da 35.000 puffe adotta materiali di alta qualit\u00e0 e una tecnologia di atomizzazione avanzata per offrire agli utenti un'esperienza di fumo duratura e fluida. In base alle esigenze dei diversi utenti, UWIN offre le seguenti opzioni di contenuto di nicotina:<\/h4>\n<h3><strong>\ud83d\udfe1 2% nicotina (nicotina leggera)<\/strong><br \/>\nAdatto a: Utenti che desiderano ridurre l'assunzione di nicotina e controllare la loro dipendenza dal fumo.<\/h3>\n<h4>Caratteristiche: Leggera soddisfazione, adatta alla riduzione graduale<\/h4>\n<h4>Esperienza: Liscio senza soffocare, adatto per un uso quotidiano leggero<\/h4>\n<h3><strong>\ud83d\udd34 5% nicotina (alta nicotina)<\/strong><br \/>\nAdatto a: fumatori accaniti o con un elevato fabbisogno di nicotina<\/h3>\n<h4>Caratteristiche: Sensazione di forte impatto sulla gola, alta soddisfazione<\/h4>\n<h4>Esperienza: Un'esperienza vicina a quella delle sigarette tradizionali, che allevia rapidamente il desiderio di sigarette.<\/h4>\n<h2><strong>\ud83c\udfa8 \u00c8 disponibile una variet\u00e0 di gusti popolari per la selezione<\/strong><\/h2>\n<h4>Mirtillo Lampone Estate Pesca Ghiaccio Ciliegia Ghiaccio Kiwi Frutto della Passione Guava Frutti di bosco misti......<\/h4>\n<h4>Ogni boccone \u00e8 fantastico e i sapori non sono mai gli stessi!<\/h4>\n<h4>Ogni sorso \u00e8 come bere un succo di frutta, con un gusto vero e autentico che permane nel palato.<\/h4>\n<p><a href=\"https:\/\/uwin-shop.com\/wp-content\/uploads\/2025\/05\/%E5%8F%A3%E5%91%B3%E6%B5%B7%E6%8A%A5-1-scaled.jpg\"><img loading=\"lazy\" decoding=\"async\" class=\"alignnone size-medium wp-image-1663\" src=\"https:\/\/uwin-shop.com\/wp-content\/uploads\/2025\/05\/%E5%8F%A3%E5%91%B3%E6%B5%B7%E6%8A%A5-1-500x400.jpg\" sizes=\"auto, (max-width: 500px) 100vw, 500px\" srcset=\"https:\/\/uwin-shop.com\/wp-content\/uploads\/2025\/05\/\u53e3\u5473\u6d77\u62a5-1-500x400.jpg 500w, https:\/\/uwin-shop.com\/wp-content\/uploads\/2025\/05\/\u53e3\u5473\u6d77\u62a5-1-1000x800.jpg 1000w, https:\/\/uwin-shop.com\/wp-content\/uploads\/2025\/05\/\u53e3\u5473\u6d77\u62a5-1-768x614.jpg 768w, https:\/\/uwin-shop.com\/wp-content\/uploads\/2025\/05\/\u53e3\u5473\u6d77\u62a5-1-1536x1228.jpg 1536w, https:\/\/uwin-shop.com\/wp-content\/uploads\/2025\/05\/\u53e3\u5473\u6d77\u62a5-1-2048x1638.jpg 2048w, https:\/\/uwin-shop.com\/wp-content\/uploads\/2025\/05\/\u53e3\u5473\u6d77\u62a5-1-15x12.jpg 15w, https:\/\/uwin-shop.com\/wp-content\/uploads\/2025\/05\/\u53e3\u5473\u6d77\u62a5-1-60x48.jpg 60w, https:\/\/uwin-shop.com\/wp-content\/uploads\/2025\/05\/\u53e3\u5473\u6d77\u62a5-1-800x640.jpg 800w\" alt=\"\" width=\"500\" height=\"400\" \/><\/a><\/p>\n<h2><strong>Caratteristiche principali della musica di 35000 bign\u00e8 di cristallo di Uwin<\/strong><\/h2>\n<h4><strong>Capacit\u00e0 di soffio:<\/strong>\u00a0Fino a 30.000 soffi, per un uso prolungato.<br \/>\n<strong>Opzioni di nicotina:<\/strong>\u00a0Disponibile nelle concentrazioni di nicotina 0%, 2%, 3% e 5% per soddisfare le diverse preferenze.<br \/>\n<strong>Batteria ricaricabile:\u00a0<\/strong>Batteria da 600 mAh che pu\u00f2 essere ricaricata tramite una porta Type-C per la ricarica rapida.<br \/>\n<strong>Bobina a rete:\u00a0<\/strong>Bobina a resistenza da 1,0\u03a9 per un sapore superiore e una produzione di vapore omogenea.<br \/>\n<strong>Luci LED sincronizzate con la musica:<\/strong>\u00a0Luci che cambiano colore e modello con la musica per un'esperienza di vaping visivamente emozionante.<br \/>\n<strong>Variet\u00e0 di sapore:\u00a0<\/strong>Disponibile in 30 deliziosi gusti per soddisfare ogni palato.<br \/>\n<strong>Leggero e portatile:<\/strong>\u00a0Facile da trasportare, \u00e8 una scelta eccellente per il vaping in movimento.<\/h4>\n<p><a href=\"https:\/\/uwin-shop.com\/wp-content\/uploads\/2025\/05\/7-1.webp\"><img loading=\"lazy\" decoding=\"async\" class=\"alignnone size-medium wp-image-1713\" src=\"https:\/\/uwin-shop.com\/wp-content\/uploads\/2025\/05\/7-1-400x400.webp\" alt=\"\" width=\"400\" height=\"400\" srcset=\"https:\/\/uwin-shop.com\/wp-content\/uploads\/2025\/05\/7-1-400x400.webp 400w, https:\/\/uwin-shop.com\/wp-content\/uploads\/2025\/05\/7-1-280x280.webp 280w, https:\/\/uwin-shop.com\/wp-content\/uploads\/2025\/05\/7-1-768x768.webp 768w, https:\/\/uwin-shop.com\/wp-content\/uploads\/2025\/05\/7-1-12x12.webp 12w, https:\/\/uwin-shop.com\/wp-content\/uploads\/2025\/05\/7-1-60x60.webp 60w, https:\/\/uwin-shop.com\/wp-content\/uploads\/2025\/05\/7-1-100x100.webp 100w, https:\/\/uwin-shop.com\/wp-content\/uploads\/2025\/05\/7-1.webp 800w\" sizes=\"auto, (max-width: 400px) 100vw, 400px\" \/><\/a><\/p>\n<h2><strong>\ud83d\udd25 UWIN 35.000 Puffs E-sigaretta, VALE per voi?<\/strong><\/h2>\n<h4>\u2705 Amate la tecnologia di tendenza?<br \/>\nVolete una batteria di lunghissima durata?<br \/>\n\u2705 Amate le atmosfere leggere e le esperienze uniche?<br \/>\nAllora dovete avere un\u00a0<strong>UWIN<\/strong>!<\/h4>\n<h4>Il <strong>Uwin Tornado 35K Musica monouso Vape<\/strong> \u00e8 disponibile per l'acquisto all'ingrosso presso <strong>uwin-shop.com<\/strong>. Elevate la vostra attivit\u00e0 di vape offrendo ai vostri clienti le ultime novit\u00e0 in fatto di tecnologia del vaping e di aromi. Visitate <strong>uwin-shop.com<\/strong>\u00a0oggi stesso per effettuare il vostro ordine ed esplorare la nostra gamma completa di prodotti!<\/h4>","protected":false},"excerpt":{"rendered":"<ul>\n<li data-start=\"180\" data-end=\"216\"><span style=\"color: #ff6600;\"><strong>Tutti i prezzi sono indicati per pezzo<\/strong><\/span><\/li>\n<li data-start=\"217\" data-end=\"257\">\n<p data-start=\"219\" data-end=\"257\"><span style=\"color: #ff6600;\"><strong>Quantit\u00e0 minima ordinabile: 3 pezzi<\/strong><\/span><\/p>\n<\/li>\n<\/ul>\n<p data-start=\"329\" data-end=\"466\"><strong><span style=\"color: #000000;\">\ud83d\ude9a Questa politica ci aiuta a offrire prezzi migliori e spedizioni pi\u00f9 rapide.<\/span><\/strong><br data-start=\"394\" data-end=\"397\" \/><strong><span style=\"color: #000000;\">\ud83d\udcac Domande? Siamo felici di aiutarvi!<\/span><\/strong><br data-start=\"431\" data-end=\"434\" \/><strong><span style=\"color: #000000;\">\ud83d\udcf2 WhatsApp: <a style=\"color: #000000;\" href=\"https:\/\/wa.me\/+64204871919\" target=\"_blank\" rel=\"noreferrer noopener\">+64 20 487 1919<\/a><\/span><\/strong><\/p>","protected":false},"featured_media":1650,"template":"","meta":[],"product_brand":[],"product_cat":[86],"product_tag":[],"class_list":{"0":"post-1649","1":"product","2":"type-product","3":"status-publish","4":"has-post-thumbnail","6":"product_cat-uwin","8":"first","9":"instock","10":"shipping-taxable","11":"purchasable","12":"product-type-variable","13":"has-default-attributes"},"tiered_pricing_type":"fixed","tiered_pricing_fixed_rules":[],"tiered_pricing_product_settings":{"layout":"default","base_unit_name":{"singular":null,"plural":null},"default_variation":null},"tiered_pricing_minimum_quantity":null,"tiered_pricing_roles_data":[],"tiered_pricing_percentage_rules":[],"tiered_pricing_maximum_quantity":null,"tiered_pricing_quantity_step":null,"_links":{"self":[{"href":"https:\/\/uwin-shop.com\/it\/wp-json\/wp\/v2\/product\/1649","targetHints":{"allow":["GET"]}}],"collection":[{"href":"https:\/\/uwin-shop.com\/it\/wp-json\/wp\/v2\/product"}],"about":[{"href":"https:\/\/uwin-shop.com\/it\/wp-json\/wp\/v2\/types\/product"}],"wp:featuredmedia":[{"embeddable":true,"href":"https:\/\/uwin-shop.com\/it\/wp-json\/wp\/v2\/media\/1650"}],"wp:attachment":[{"href":"https:\/\/uwin-shop.com\/it\/wp-json\/wp\/v2\/media?parent=1649"}],"wp:term":[{"taxonomy":"product_brand","embeddable":true,"href":"https:\/\/uwin-shop.com\/it\/wp-json\/wp\/v2\/product_brand?post=1649"},{"taxonomy":"product_cat","embeddable":true,"href":"https:\/\/uwin-shop.com\/it\/wp-json\/wp\/v2\/product_cat?post=1649"},{"taxonomy":"product_tag","embeddable":true,"href":"https:\/\/uwin-shop.com\/it\/wp-json\/wp\/v2\/product_tag?post=1649"}],"curies":[{"name":"wp","href":"https:\/\/api.w.org\/{rel}","templated":true}]}}