{"id":2554,"date":"2025-07-16T12:46:23","date_gmt":"2025-07-16T04:46:23","guid":{"rendered":"https:\/\/uwin-shop.com\/?post_type=product&#038;p=2554"},"modified":"2025-08-21T04:48:18","modified_gmt":"2025-08-20T20:48:18","slug":"randm-uwin-tornado-music-35000-puffs%ef%bc%88shipping-from-poland%ef%bc%89-1","status":"publish","type":"product","link":"https:\/\/uwin-shop.com\/it\/prodotto\/randm-uwin-tornado-music-35000-puffs%ef%bc%88shipping-from-poland%ef%bc%89-1\/","title":{"rendered":"RandM UWIN Tornado Music 35000 Puffs\uff08Spedizione dalla Polonia\uff09."},"content":{"rendered":"<div id=\"tab-description\" class=\"woocommerce-Tabs-panel woocommerce-Tabs-panel--description panel entry-content active\" role=\"tabpanel\" aria-labelledby=\"tab-title-description\">\n<h1><strong>\ud83c\udf1f Sigaretta elettronica UWIN da 35.000 pasticche - Smart Rhythm. uno \u00e8 a casa!<\/strong><\/h1>\n<h2><strong>\ud83d\ude80 batteria di lunghissima durata.<\/strong><strong>\u00a035.000 soffi<\/strong><strong>\u00a0capacit\u00e0 super grande<\/strong><\/h2>\n<h4>Una UWIN equivale a pi\u00f9 sigarette elettroniche normali! Con una batteria di lunghissima durata\u00a0<strong>35.000 Bign\u00e8<\/strong>. non solo dura pi\u00f9 a lungo, ma consente anche di risparmiare molto.<\/h4>\n<h2><strong>\ud83c\udfb5 Le luci si muovono a ritmo di musica. dispositivo d'atmosfera esclusivo per i trend setter<\/strong><\/h2>\n<h4>Basta premere il pulsante inferiore per attivare il\u00a0<strong>modalit\u00e0 effetto luce abbagliante<\/strong>. Con il chip di rilevamento audio integrato.\u00a0<strong>le luci danzeranno al ritmo della musica<\/strong>. facendo impazzire l'intero locale!<\/h4>\n<h4>Che sia a una festa, in un bar o per strada di notte.\u00a0<strong>le luci danzano al ritmo. il fresco al massimo. e voi siete il fulcro dell'intera scena!<\/strong><\/h4>\n<h2><strong>\ud83d\udd18 I pulsanti di raffreddamento nella parte inferiore sono facili da controllare<\/strong><\/h2>\n<h4>Dotato di un sistema indipendente\u00a0<strong>pulsante inferiore multifunzionale<\/strong>. \u00e8 facile cambiare la modalit\u00e0 dell'effetto luminoso, attivare il dispositivo o controllarne lo stato, offrendo una doppia esperienza di tecnologia e controllo.<\/h4>\n<h2><strong>\ud83d\udca8 Elevato volume di fumo. rinfrescante per i polmoni<\/strong><\/h2>\n<h4>Adotta un design a grande emissione di fumo, soddisfacendo gli elevati standard dei fumatori di lungo corso per un<strong>\u00a0\"Una vera esperienza di fumo\"<\/strong>. che offre una sensazione rinfrescante che arriva fino in fondo alla gola!<\/h4>\n<h2><strong>\ud83d\udd0b Carica rapida di tipo-C. Una carica per pi\u00f9 giorni<\/strong><\/h2>\n<h4>Dotato di\u00a0<strong>Interfaccia di ricarica rapida ad alta velocit\u00e0 Type-C<\/strong>. la velocit\u00e0 di ricarica \u00e8 pi\u00f9 rapida. e la batteria da 850 mAh mantiene l'autonomia per lungo tempo!<\/h4>\n<h2><strong>\ud83e\uddeaUWIN\u00a0<\/strong><strong>35.000 Bign\u00e8\u00a0<\/strong><strong>Sigaretta elettronica - Selezione del contenuto di nicotina<\/strong><\/h2>\n<h4>La sigaretta elettronica UWIN da 35.000 puffe adotta materiali di alta qualit\u00e0 e una tecnologia di atomizzazione avanzata per offrire agli utenti un'esperienza di fumo duratura e fluida. In base alle esigenze dei diversi utenti. UWIN offre le seguenti opzioni di contenuto di nicotina:<\/h4>\n<h3><strong>\ud83d\udfe1 2% nicotina (nicotina leggera)<\/strong><br \/>\nAdatto a: Utenti che desiderano ridurre l'assunzione di nicotina e controllare la loro dipendenza dal fumo.<\/h3>\n<h4>Caratteristiche: Leggera soddisfazione. adatto alla riduzione graduale<\/h4>\n<h4>Esperienza: Liscio senza soffocare. adatto ad un uso quotidiano leggero.<\/h4>\n<h3><strong>\ud83d\udd34 5% nicotina (alta nicotina)<\/strong><br \/>\nAdatto a: fumatori accaniti o con un elevato fabbisogno di nicotina<\/h3>\n<h4>Caratteristiche: Sensazione di forte impatto sulla gola. alta soddisfazione<\/h4>\n<h4>Esperienza: Un'esperienza che si avvicina a quella delle sigarette tradizionali.<\/h4>\n<h2><strong>\ud83c\udfa8 \u00c8 disponibile una variet\u00e0 di gusti popolari per la selezione<\/strong><\/h2>\n<h4>Mirtillo Lampone Estate Pesca Ghiaccio Ciliegia Ghiaccio Kiwi Frutto della Passione Guava Frutti di bosco misti......<\/h4>\n<h4>Ogni boccone \u00e8 fantastico e i sapori non sono mai gli stessi!<\/h4>\n<h4>Ogni sorso \u00e8 come bere un succo di frutta, con un gusto vero e autentico che permane nel palato.<\/h4>\n<h2><strong>Caratteristiche principali della musica di 35000 bign\u00e8 di cristallo di Uwin<\/strong><\/h2>\n<h4><strong>Capacit\u00e0 di soffio:<\/strong>\u00a0Fino a 30.000 soffi, per un uso prolungato.<br \/>\n<strong>Opzioni di nicotina:<\/strong>\u00a0Disponibile in 0%. 2%. 3%. e 5% per soddisfare le diverse preferenze.<br \/>\n<strong>Batteria ricaricabile:\u00a0<\/strong>Batteria da 600 mAh che pu\u00f2 essere ricaricata tramite una porta Type-C per la ricarica rapida.<br \/>\n<strong>Bobina a rete:\u00a0<\/strong>Bobina a resistenza da 1,0\u03a9 per un sapore superiore e una produzione di vapore omogenea.<br \/>\n<strong>Luci LED sincronizzate con la musica:<\/strong>\u00a0Luci che cambiano colore e modello con la musica per un'esperienza di vaping visivamente emozionante.<br \/>\n<strong>Variet\u00e0 di sapore:\u00a0<\/strong>Disponibile in 30 deliziosi gusti per soddisfare ogni palato.<br \/>\n<strong>Leggero e portatile:<\/strong>\u00a0Facile da trasportare, \u00e8 una scelta eccellente per il vaping in movimento.<\/h4>\n<h2><strong>\ud83d\udd25 Sigaretta elettronica UWIN 35.000 puff. Sar\u00e0 adatta a te?<\/strong><\/h2>\n<h4>\u2705 Amate la tecnologia di tendenza?<br \/>\nVolete una batteria di lunghissima durata?<br \/>\n\u2705 Amate le atmosfere leggere e le esperienze uniche?<br \/>\nAllora dovete avere un\u00a0<strong>UWIN<\/strong>!<\/h4>\n<h4>Il\u00a0<strong>Uwin Tornado 35K Musica monouso Vape<\/strong>\u00a0\u00e8 disponibile per l'acquisto all'ingrosso presso\u00a0<strong>uwin-vape.com<\/strong>. Elevate la vostra attivit\u00e0 di vape offrendo ai vostri clienti le ultime novit\u00e0 in fatto di tecnologia del vaping e di aromi. Visitate\u00a0<strong>uwin-vape.com<\/strong>\u00a0oggi stesso per effettuare il vostro ordine ed esplorare la nostra gamma completa di prodotti!<\/h4>\n<\/div>","protected":false},"excerpt":{"rendered":"<ul>\n<li data-start=\"180\" data-end=\"216\"><span style=\"color: #ff6600;\"><strong>Tutti i prezzi sono indicati per pezzo<\/strong><\/span><\/li>\n<li data-start=\"217\" data-end=\"257\">\n<p data-start=\"219\" data-end=\"257\"><span style=\"color: #ff6600;\"><strong>Quantit\u00e0 minima ordinabile: 3 pezzi<\/strong><\/span><\/p>\n<\/li>\n<\/ul>\n<p data-start=\"329\" data-end=\"466\"><strong><span style=\"color: #000000;\">\ud83d\ude9a Questa politica ci aiuta a offrire prezzi migliori e spedizioni pi\u00f9 rapide.<\/span><\/strong><br data-start=\"394\" data-end=\"397\" \/><strong><span style=\"color: #000000;\">\ud83d\udcac Domande? Siamo felici di aiutarvi!<\/span><\/strong><br data-start=\"431\" data-end=\"434\" \/><strong><span style=\"color: #000000;\">\ud83d\udcf2 WhatsApp: <a style=\"color: #000000;\" href=\"https:\/\/wa.me\/+64204871919\" target=\"_blank\" rel=\"noreferrer noopener\">+64 20 487 1919<\/a><\/span><\/strong><\/p>","protected":false},"featured_media":2312,"template":"","meta":[],"product_brand":[],"product_cat":[15],"product_tag":[],"class_list":{"0":"post-2554","1":"product","2":"type-product","3":"status-publish","4":"has-post-thumbnail","6":"product_cat-uncategorized","8":"first","9":"instock","10":"shipping-taxable","11":"purchasable","12":"product-type-variable","13":"has-default-attributes"},"tiered_pricing_type":"fixed","tiered_pricing_fixed_rules":[],"tiered_pricing_product_settings":{"layout":"default","base_unit_name":{"singular":null,"plural":null},"default_variation":null},"tiered_pricing_minimum_quantity":null,"tiered_pricing_roles_data":[],"tiered_pricing_percentage_rules":[],"tiered_pricing_maximum_quantity":null,"tiered_pricing_quantity_step":null,"_links":{"self":[{"href":"https:\/\/uwin-shop.com\/it\/wp-json\/wp\/v2\/product\/2554","targetHints":{"allow":["GET"]}}],"collection":[{"href":"https:\/\/uwin-shop.com\/it\/wp-json\/wp\/v2\/product"}],"about":[{"href":"https:\/\/uwin-shop.com\/it\/wp-json\/wp\/v2\/types\/product"}],"wp:featuredmedia":[{"embeddable":true,"href":"https:\/\/uwin-shop.com\/it\/wp-json\/wp\/v2\/media\/2312"}],"wp:attachment":[{"href":"https:\/\/uwin-shop.com\/it\/wp-json\/wp\/v2\/media?parent=2554"}],"wp:term":[{"taxonomy":"product_brand","embeddable":true,"href":"https:\/\/uwin-shop.com\/it\/wp-json\/wp\/v2\/product_brand?post=2554"},{"taxonomy":"product_cat","embeddable":true,"href":"https:\/\/uwin-shop.com\/it\/wp-json\/wp\/v2\/product_cat?post=2554"},{"taxonomy":"product_tag","embeddable":true,"href":"https:\/\/uwin-shop.com\/it\/wp-json\/wp\/v2\/product_tag?post=2554"}],"curies":[{"name":"wp","href":"https:\/\/api.w.org\/{rel}","templated":true}]}}